{"id":958,"date":"2018-08-22T21:26:49","date_gmt":"2018-08-22T20:26:49","guid":{"rendered":"http:\/\/reisen.dipas.ch\/?page_id=958"},"modified":"2022-03-14T21:05:55","modified_gmt":"2022-03-14T20:05:55","slug":"norwegen-2016","status":"publish","type":"page","link":"https:\/\/reisen.dipas.ch\/?page_id=958","title":{"rendered":"Norwegen 2016"},"content":{"rendered":"<p>Alleine auf der Fahrt, mit dem Toyota Avensis 2.2D, von Basel nach L\u00fcbeck, dann \u00fcber die \u00ad\u00d8resund-Br\u00fccke nach Malm\u00f6, weiter nach G\u00f6teborg und Trollh\u00e4ttan. Am dritten Tag Besuch des SAAB Museums und Weiterfahrt nach Oslo. Danach mit Renata, die ich am Flughafen Oslo abholte, im s\u00fcdlichen Norwegen die gemeinsame Rundreise w\u00e4hrend zwei Wochen unterwegs.&nbsp; \u00dcbernachtet wird in Zelten und H\u00fctten.<\/p>\n<p>Von 14. September 2016 bis 2. Oktober 2016<\/p>\n\n\n<div class=\"map_wrapper\" id=\"map_wrapper_2252\">\n<div class=\"map_box\" style=\"max-width:2200px\">\n<div class=\"map_aspect_ratio\" style=\"padding-top:56%\" data-padding-top=\"56%\" data-padding-top-mobile=\"\">\n<div class=\"map_container\">\n<div class=\"map_render map_loading\" id=\"map_2252\"><\/div>\n<\/div>\n<\/div>\n<\/div>\n<\/div>\n\n\n\n<p>1. Tag &#8211; Nach L\u00fcbeck<br>2. Tag &#8211; Malm\u00f6, G\u00f6teborg, Trollh\u00e4ttan<br>3. Tag &#8211; SAAB Museum, nach Oslo<br>4. Tag &#8211; Flughafen Oslo, Tyrillfjorden See, Bis Svenkerud<br>5. Tag &#8211; Stabkirche Borgund<br>6. Tag &#8211; <br>7. Tag &#8211;<br>8. Tag &#8211;<br>9. Tag &#8211;<br>10. Tag &#8211;<br>11. Tag &#8211;<br>12. Tag &#8211;<br>13. Tag &#8211;<br>14. Tag &#8211;<br>15. Tag &#8211; Linda&#8217;s H\u00fctte <br>16. Tag &#8211; Linda&#8217;s H\u00fctte<br>17. Tag &#8211; Liinda&#8217;s H\u00fctte<br>18. Tag &#8211; Flughafen Oslo, Bis L\u00fcneburger Heide<br>19. Tag &#8211; Nach Hause <br><\/p>\n","protected":false},"excerpt":{"rendered":"<p>Alleine auf der Fahrt, mit dem Toyota Avensis 2.2D, von Basel nach L\u00fcbeck, dann \u00fcber die \u00ad\u00d8resund-Br\u00fccke nach Malm\u00f6, weiter nach G\u00f6teborg und Trollh\u00e4ttan. Am<\/p>\n<p><a href=\"https:\/\/reisen.dipas.ch\/?page_id=958\" class=\"more-link\">Continue reading<span class=\"screen-reader-text\">Norwegen 2016<\/span><\/a><\/p>\n","protected":false},"author":1,"featured_media":0,"parent":0,"menu_order":0,"comment_status":"closed","ping_status":"closed","template":"","meta":{"ngg_post_thumbnail":0,"footnotes":""},"class_list":["post-958","page","type-page","status-publish","hentry"],"_links":{"self":[{"href":"https:\/\/reisen.dipas.ch\/index.php?rest_route=\/wp\/v2\/pages\/958","targetHints":{"allow":["GET"]}}],"collection":[{"href":"https:\/\/reisen.dipas.ch\/index.php?rest_route=\/wp\/v2\/pages"}],"about":[{"href":"https:\/\/reisen.dipas.ch\/index.php?rest_route=\/wp\/v2\/types\/page"}],"author":[{"embeddable":true,"href":"https:\/\/reisen.dipas.ch\/index.php?rest_route=\/wp\/v2\/users\/1"}],"replies":[{"embeddable":true,"href":"https:\/\/reisen.dipas.ch\/index.php?rest_route=%2Fwp%2Fv2%2Fcomments&post=958"}],"version-history":[{"count":7,"href":"https:\/\/reisen.dipas.ch\/index.php?rest_route=\/wp\/v2\/pages\/958\/revisions"}],"predecessor-version":[{"id":5054,"href":"https:\/\/reisen.dipas.ch\/index.php?rest_route=\/wp\/v2\/pages\/958\/revisions\/5054"}],"wp:attachment":[{"href":"https:\/\/reisen.dipas.ch\/index.php?rest_route=%2Fwp%2Fv2%2Fmedia&parent=958"}],"curies":[{"name":"wp","href":"https:\/\/api.w.org\/{rel}","templated":true}]}}