{"id":940,"date":"2018-08-20T21:45:58","date_gmt":"2018-08-20T20:45:58","guid":{"rendered":"http:\/\/reisen.dipas.ch\/?page_id=940"},"modified":"2021-02-09T23:02:57","modified_gmt":"2021-02-09T22:02:57","slug":"3-tag-zu-guter-letzt","status":"publish","type":"page","link":"https:\/\/reisen.dipas.ch\/?page_id=940","title":{"rendered":"Istanbul 2018 3. Tag Zu guter Letzt"},"content":{"rendered":"\n<p><a href=\"https:\/\/reisen.dipas.ch\/?page_id=933\">Zur\u00fcck 3. Tag Topkapi Palast weitere Geb\u00e4ude<\/a><\/p>\n\n\n\n<figure class=\"wp-block-image alignnone size-large\"><img loading=\"lazy\" decoding=\"async\" width=\"1493\" height=\"1120\" src=\"https:\/\/reisen.dipas.ch\/wp-content\/uploads\/2021\/02\/Istanbul_20180328_0933-1493x1120.jpg\" alt=\"\" class=\"wp-image-4183\" srcset=\"https:\/\/reisen.dipas.ch\/wp-content\/uploads\/2021\/02\/Istanbul_20180328_0933-1493x1120.jpg 1493w, https:\/\/reisen.dipas.ch\/wp-content\/uploads\/2021\/02\/Istanbul_20180328_0933-700x525.jpg 700w, https:\/\/reisen.dipas.ch\/wp-content\/uploads\/2021\/02\/Istanbul_20180328_0933-768x576.jpg 768w, https:\/\/reisen.dipas.ch\/wp-content\/uploads\/2021\/02\/Istanbul_20180328_0933-1536x1152.jpg 1536w, https:\/\/reisen.dipas.ch\/wp-content\/uploads\/2021\/02\/Istanbul_20180328_0933-440x330.jpg 440w, https:\/\/reisen.dipas.ch\/wp-content\/uploads\/2021\/02\/Istanbul_20180328_0933.jpg 1680w\" sizes=\"auto, (max-width: 1493px) 100vw, 1493px\" \/><figcaption>Wer nicht kommt zur rechten Zeit &#8211; den straft die Masse. Unglaublich viele Menschen die in Gruppen anreisen um den Palast zu besuchen.<\/figcaption><\/figure>\n\n\n\n<figure class=\"wp-block-image alignnone size-large\"><img loading=\"lazy\" decoding=\"async\" width=\"1493\" height=\"1120\" src=\"https:\/\/reisen.dipas.ch\/wp-content\/uploads\/2021\/02\/Istanbul_20180328_0934-1493x1120.jpg\" alt=\"\" class=\"wp-image-4184\" srcset=\"https:\/\/reisen.dipas.ch\/wp-content\/uploads\/2021\/02\/Istanbul_20180328_0934-1493x1120.jpg 1493w, https:\/\/reisen.dipas.ch\/wp-content\/uploads\/2021\/02\/Istanbul_20180328_0934-700x525.jpg 700w, https:\/\/reisen.dipas.ch\/wp-content\/uploads\/2021\/02\/Istanbul_20180328_0934-768x576.jpg 768w, https:\/\/reisen.dipas.ch\/wp-content\/uploads\/2021\/02\/Istanbul_20180328_0934-1536x1152.jpg 1536w, https:\/\/reisen.dipas.ch\/wp-content\/uploads\/2021\/02\/Istanbul_20180328_0934-440x330.jpg 440w, https:\/\/reisen.dipas.ch\/wp-content\/uploads\/2021\/02\/Istanbul_20180328_0934.jpg 1680w\" sizes=\"auto, (max-width: 1493px) 100vw, 1493px\" \/><figcaption>Nochmals einen Blick auf das Vorbild der Hagia Sophia.<\/figcaption><\/figure>\n\n\n\n<figure class=\"wp-block-image alignnone size-full\"><img loading=\"lazy\" decoding=\"async\" width=\"1260\" height=\"1680\" src=\"https:\/\/reisen.dipas.ch\/wp-content\/uploads\/2021\/02\/Istanbul_20180328_0935.jpg\" alt=\"\" class=\"wp-image-4185\" srcset=\"https:\/\/reisen.dipas.ch\/wp-content\/uploads\/2021\/02\/Istanbul_20180328_0935.jpg 1260w, https:\/\/reisen.dipas.ch\/wp-content\/uploads\/2021\/02\/Istanbul_20180328_0935-394x525.jpg 394w, https:\/\/reisen.dipas.ch\/wp-content\/uploads\/2021\/02\/Istanbul_20180328_0935-840x1120.jpg 840w, https:\/\/reisen.dipas.ch\/wp-content\/uploads\/2021\/02\/Istanbul_20180328_0935-768x1024.jpg 768w, https:\/\/reisen.dipas.ch\/wp-content\/uploads\/2021\/02\/Istanbul_20180328_0935-1152x1536.jpg 1152w\" sizes=\"auto, (max-width: 1260px) 100vw, 1260px\" \/><figcaption>Der grosse Bazar mit vielen G\u00e4ngen kreuz und quer. Auch um den Bazar herrscht gesch\u00e4ftiges Treiben. Wie das wohl in fr\u00fcheren Jahrhunderten hier war?<\/figcaption><\/figure>\n\n\n\n<figure class=\"wp-block-image size-full\"><img loading=\"lazy\" decoding=\"async\" width=\"1260\" height=\"1680\" src=\"https:\/\/reisen.dipas.ch\/wp-content\/uploads\/2021\/02\/Istanbul_20180330_5486.jpg\" alt=\"\" class=\"wp-image-4217\" srcset=\"https:\/\/reisen.dipas.ch\/wp-content\/uploads\/2021\/02\/Istanbul_20180330_5486.jpg 1260w, https:\/\/reisen.dipas.ch\/wp-content\/uploads\/2021\/02\/Istanbul_20180330_5486-394x525.jpg 394w, https:\/\/reisen.dipas.ch\/wp-content\/uploads\/2021\/02\/Istanbul_20180330_5486-840x1120.jpg 840w, https:\/\/reisen.dipas.ch\/wp-content\/uploads\/2021\/02\/Istanbul_20180330_5486-768x1024.jpg 768w, https:\/\/reisen.dipas.ch\/wp-content\/uploads\/2021\/02\/Istanbul_20180330_5486-1152x1536.jpg 1152w\" sizes=\"auto, (max-width: 1260px) 100vw, 1260px\" \/><\/figure>\n\n\n\n<figure class=\"wp-block-image alignnone size-large\"><img loading=\"lazy\" decoding=\"async\" width=\"1493\" height=\"1120\" src=\"https:\/\/reisen.dipas.ch\/wp-content\/uploads\/2021\/02\/Istanbul_20180330_5490-1493x1120.jpg\" alt=\"\" class=\"wp-image-4218\" srcset=\"https:\/\/reisen.dipas.ch\/wp-content\/uploads\/2021\/02\/Istanbul_20180330_5490-1493x1120.jpg 1493w, https:\/\/reisen.dipas.ch\/wp-content\/uploads\/2021\/02\/Istanbul_20180330_5490-700x525.jpg 700w, https:\/\/reisen.dipas.ch\/wp-content\/uploads\/2021\/02\/Istanbul_20180330_5490-768x576.jpg 768w, https:\/\/reisen.dipas.ch\/wp-content\/uploads\/2021\/02\/Istanbul_20180330_5490-1536x1152.jpg 1536w, https:\/\/reisen.dipas.ch\/wp-content\/uploads\/2021\/02\/Istanbul_20180330_5490-440x330.jpg 440w, https:\/\/reisen.dipas.ch\/wp-content\/uploads\/2021\/02\/Istanbul_20180330_5490.jpg 1680w\" sizes=\"auto, (max-width: 1493px) 100vw, 1493px\" \/><figcaption>Mmmh, feiner Fisch!<\/figcaption><\/figure>\n\n\n\n<figure class=\"wp-block-image alignnone size-large\"><img loading=\"lazy\" decoding=\"async\" width=\"1493\" height=\"1120\" src=\"https:\/\/reisen.dipas.ch\/wp-content\/uploads\/2021\/02\/Istanbul_20180330_5492-1493x1120.jpg\" alt=\"\" class=\"wp-image-4219\" srcset=\"https:\/\/reisen.dipas.ch\/wp-content\/uploads\/2021\/02\/Istanbul_20180330_5492-1493x1120.jpg 1493w, https:\/\/reisen.dipas.ch\/wp-content\/uploads\/2021\/02\/Istanbul_20180330_5492-700x525.jpg 700w, https:\/\/reisen.dipas.ch\/wp-content\/uploads\/2021\/02\/Istanbul_20180330_5492-768x576.jpg 768w, https:\/\/reisen.dipas.ch\/wp-content\/uploads\/2021\/02\/Istanbul_20180330_5492-1536x1152.jpg 1536w, https:\/\/reisen.dipas.ch\/wp-content\/uploads\/2021\/02\/Istanbul_20180330_5492-440x330.jpg 440w, https:\/\/reisen.dipas.ch\/wp-content\/uploads\/2021\/02\/Istanbul_20180330_5492.jpg 1680w\" sizes=\"auto, (max-width: 1493px) 100vw, 1493px\" \/><figcaption>N\u00fcsse, S\u00fcssigkeiten und mehr.<\/figcaption><\/figure>\n\n\n\n<figure class=\"wp-block-image alignnone size-full\"><img loading=\"lazy\" decoding=\"async\" width=\"1260\" height=\"1680\" src=\"https:\/\/reisen.dipas.ch\/wp-content\/uploads\/2021\/02\/Istanbul_20180330_5496.jpg\" alt=\"\" class=\"wp-image-4220\" srcset=\"https:\/\/reisen.dipas.ch\/wp-content\/uploads\/2021\/02\/Istanbul_20180330_5496.jpg 1260w, https:\/\/reisen.dipas.ch\/wp-content\/uploads\/2021\/02\/Istanbul_20180330_5496-394x525.jpg 394w, https:\/\/reisen.dipas.ch\/wp-content\/uploads\/2021\/02\/Istanbul_20180330_5496-840x1120.jpg 840w, https:\/\/reisen.dipas.ch\/wp-content\/uploads\/2021\/02\/Istanbul_20180330_5496-768x1024.jpg 768w, https:\/\/reisen.dipas.ch\/wp-content\/uploads\/2021\/02\/Istanbul_20180330_5496-1152x1536.jpg 1152w\" sizes=\"auto, (max-width: 1260px) 100vw, 1260px\" \/><figcaption>Welche Oliven sind hier wohl die besten?<\/figcaption><\/figure>\n\n\n\n<figure class=\"wp-block-image alignnone size-full\"><img loading=\"lazy\" decoding=\"async\" width=\"1260\" height=\"1680\" src=\"https:\/\/reisen.dipas.ch\/wp-content\/uploads\/2021\/02\/Istanbul_20180330_5497.jpg\" alt=\"\" class=\"wp-image-4221\" srcset=\"https:\/\/reisen.dipas.ch\/wp-content\/uploads\/2021\/02\/Istanbul_20180330_5497.jpg 1260w, https:\/\/reisen.dipas.ch\/wp-content\/uploads\/2021\/02\/Istanbul_20180330_5497-394x525.jpg 394w, https:\/\/reisen.dipas.ch\/wp-content\/uploads\/2021\/02\/Istanbul_20180330_5497-840x1120.jpg 840w, https:\/\/reisen.dipas.ch\/wp-content\/uploads\/2021\/02\/Istanbul_20180330_5497-768x1024.jpg 768w, https:\/\/reisen.dipas.ch\/wp-content\/uploads\/2021\/02\/Istanbul_20180330_5497-1152x1536.jpg 1152w\" sizes=\"auto, (max-width: 1260px) 100vw, 1260px\" \/><figcaption>So ein K\u00e4se &#8211; der macht mich nicht so an. Ich mag zwar Schimmelk\u00e4se aber haarig muss er nun wirklich nicht sein. \ud83d\ude09<\/figcaption><\/figure>\n\n\n\n<p><a href=\"https:\/\/reisen.dipas.ch\/?page_id=826\">Zum Start am Flughafen Z\u00fcrich<\/a><\/p>\n","protected":false},"excerpt":{"rendered":"<p>Zur\u00fcck 3. Tag Topkapi Palast weitere Geb\u00e4ude Zum Start am Flughafen Z\u00fcrich<\/p>\n","protected":false},"author":1,"featured_media":0,"parent":19,"menu_order":0,"comment_status":"closed","ping_status":"closed","template":"","meta":{"ngg_post_thumbnail":0,"footnotes":""},"class_list":["post-940","page","type-page","status-publish","hentry"],"_links":{"self":[{"href":"https:\/\/reisen.dipas.ch\/index.php?rest_route=\/wp\/v2\/pages\/940","targetHints":{"allow":["GET"]}}],"collection":[{"href":"https:\/\/reisen.dipas.ch\/index.php?rest_route=\/wp\/v2\/pages"}],"about":[{"href":"https:\/\/reisen.dipas.ch\/index.php?rest_route=\/wp\/v2\/types\/page"}],"author":[{"embeddable":true,"href":"https:\/\/reisen.dipas.ch\/index.php?rest_route=\/wp\/v2\/users\/1"}],"replies":[{"embeddable":true,"href":"https:\/\/reisen.dipas.ch\/index.php?rest_route=%2Fwp%2Fv2%2Fcomments&post=940"}],"version-history":[{"count":7,"href":"https:\/\/reisen.dipas.ch\/index.php?rest_route=\/wp\/v2\/pages\/940\/revisions"}],"predecessor-version":[{"id":4222,"href":"https:\/\/reisen.dipas.ch\/index.php?rest_route=\/wp\/v2\/pages\/940\/revisions\/4222"}],"up":[{"embeddable":true,"href":"https:\/\/reisen.dipas.ch\/index.php?rest_route=\/wp\/v2\/pages\/19"}],"wp:attachment":[{"href":"https:\/\/reisen.dipas.ch\/index.php?rest_route=%2Fwp%2Fv2%2Fmedia&parent=940"}],"curies":[{"name":"wp","href":"https:\/\/api.w.org\/{rel}","templated":true}]}}