{"id":886,"date":"2018-08-19T16:52:51","date_gmt":"2018-08-19T15:52:51","guid":{"rendered":"http:\/\/reisen.dipas.ch\/?page_id=886"},"modified":"2021-02-09T21:45:36","modified_gmt":"2021-02-09T20:45:36","slug":"istanbul-2018-2-tag-oestliches-istanbul","status":"publish","type":"page","link":"https:\/\/reisen.dipas.ch\/?page_id=886","title":{"rendered":"Istanbul 2018 2. Tag \u00d6stliches Istanbul"},"content":{"rendered":"\n<p><a href=\"https:\/\/reisen.dipas.ch\/?page_id=884\">Zur\u00fcck 2. Tag Stadtmauer<\/a><\/p>\n\n\n\n<figure class=\"wp-block-image alignnone size-large\"><img loading=\"lazy\" decoding=\"async\" width=\"1680\" height=\"1120\" src=\"https:\/\/reisen.dipas.ch\/wp-content\/uploads\/2021\/02\/Istanbul_20180327_1308-1680x1120.jpg\" alt=\"\" class=\"wp-image-4115\" srcset=\"https:\/\/reisen.dipas.ch\/wp-content\/uploads\/2021\/02\/Istanbul_20180327_1308.jpg 1680w, https:\/\/reisen.dipas.ch\/wp-content\/uploads\/2021\/02\/Istanbul_20180327_1308-700x467.jpg 700w, https:\/\/reisen.dipas.ch\/wp-content\/uploads\/2021\/02\/Istanbul_20180327_1308-168x112.jpg 168w, https:\/\/reisen.dipas.ch\/wp-content\/uploads\/2021\/02\/Istanbul_20180327_1308-768x512.jpg 768w, https:\/\/reisen.dipas.ch\/wp-content\/uploads\/2021\/02\/Istanbul_20180327_1308-1536x1024.jpg 1536w\" sizes=\"auto, (max-width: 1680px) 100vw, 1680px\" \/><figcaption>Was wurde hier passend gemacht? Die F\u00e4hre oder die Br\u00fccke? Oder beides? Der F\u00e4hrverkehr um Istanbul \u00fcbertrifft alles was ich bisher an F\u00e4hrverkehr gesehen habe.<\/figcaption><\/figure>\n\n\n\n<figure class=\"wp-block-image alignnone size-large\"><img loading=\"lazy\" decoding=\"async\" width=\"1680\" height=\"1120\" src=\"https:\/\/reisen.dipas.ch\/wp-content\/uploads\/2021\/02\/Istanbul_20180327_1308_2-1680x1120.jpg\" alt=\"\" class=\"wp-image-4116\" srcset=\"https:\/\/reisen.dipas.ch\/wp-content\/uploads\/2021\/02\/Istanbul_20180327_1308_2.jpg 1680w, https:\/\/reisen.dipas.ch\/wp-content\/uploads\/2021\/02\/Istanbul_20180327_1308_2-700x467.jpg 700w, https:\/\/reisen.dipas.ch\/wp-content\/uploads\/2021\/02\/Istanbul_20180327_1308_2-168x112.jpg 168w, https:\/\/reisen.dipas.ch\/wp-content\/uploads\/2021\/02\/Istanbul_20180327_1308_2-768x512.jpg 768w, https:\/\/reisen.dipas.ch\/wp-content\/uploads\/2021\/02\/Istanbul_20180327_1308_2-1536x1024.jpg 1536w\" sizes=\"auto, (max-width: 1680px) 100vw, 1680px\" \/><figcaption>Blick zum Galata Turm , Karak\u00f6y.<\/figcaption><\/figure>\n\n\n\n<figure class=\"wp-block-image alignnone size-large\"><img loading=\"lazy\" decoding=\"async\" width=\"1680\" height=\"1120\" src=\"https:\/\/reisen.dipas.ch\/wp-content\/uploads\/2021\/02\/Istanbul_20180327_1312-1680x1120.jpg\" alt=\"\" class=\"wp-image-4117\" srcset=\"https:\/\/reisen.dipas.ch\/wp-content\/uploads\/2021\/02\/Istanbul_20180327_1312.jpg 1680w, https:\/\/reisen.dipas.ch\/wp-content\/uploads\/2021\/02\/Istanbul_20180327_1312-700x467.jpg 700w, https:\/\/reisen.dipas.ch\/wp-content\/uploads\/2021\/02\/Istanbul_20180327_1312-168x112.jpg 168w, https:\/\/reisen.dipas.ch\/wp-content\/uploads\/2021\/02\/Istanbul_20180327_1312-768x512.jpg 768w, https:\/\/reisen.dipas.ch\/wp-content\/uploads\/2021\/02\/Istanbul_20180327_1312-1536x1024.jpg 1536w\" sizes=\"auto, (max-width: 1680px) 100vw, 1680px\" \/><figcaption>Die Skyline der n\u00f6rdlichen Stadt (europ\u00e4ischer Teil).<\/figcaption><\/figure>\n\n\n\n<figure class=\"wp-block-image alignnone size-large\"><img loading=\"lazy\" decoding=\"async\" width=\"1680\" height=\"1120\" src=\"https:\/\/reisen.dipas.ch\/wp-content\/uploads\/2021\/02\/Istanbul_20180327_1315-1680x1120.jpg\" alt=\"\" class=\"wp-image-4118\" srcset=\"https:\/\/reisen.dipas.ch\/wp-content\/uploads\/2021\/02\/Istanbul_20180327_1315.jpg 1680w, https:\/\/reisen.dipas.ch\/wp-content\/uploads\/2021\/02\/Istanbul_20180327_1315-700x467.jpg 700w, https:\/\/reisen.dipas.ch\/wp-content\/uploads\/2021\/02\/Istanbul_20180327_1315-168x112.jpg 168w, https:\/\/reisen.dipas.ch\/wp-content\/uploads\/2021\/02\/Istanbul_20180327_1315-768x512.jpg 768w, https:\/\/reisen.dipas.ch\/wp-content\/uploads\/2021\/02\/Istanbul_20180327_1315-1536x1024.jpg 1536w\" sizes=\"auto, (max-width: 1680px) 100vw, 1680px\" \/><figcaption>Durch den Bosporus verkehren auch Tanker, Frachtschiffe und Kreuzfahrtschiffe. Vom oder zum Schwarzen Meer.<\/figcaption><\/figure>\n\n\n\n<figure class=\"wp-block-image alignnone size-large\"><img loading=\"lazy\" decoding=\"async\" width=\"1680\" height=\"1120\" src=\"https:\/\/reisen.dipas.ch\/wp-content\/uploads\/2021\/02\/Istanbul_20180327_1318-1680x1120.jpg\" alt=\"\" class=\"wp-image-4119\" srcset=\"https:\/\/reisen.dipas.ch\/wp-content\/uploads\/2021\/02\/Istanbul_20180327_1318.jpg 1680w, https:\/\/reisen.dipas.ch\/wp-content\/uploads\/2021\/02\/Istanbul_20180327_1318-700x467.jpg 700w, https:\/\/reisen.dipas.ch\/wp-content\/uploads\/2021\/02\/Istanbul_20180327_1318-168x112.jpg 168w, https:\/\/reisen.dipas.ch\/wp-content\/uploads\/2021\/02\/Istanbul_20180327_1318-768x512.jpg 768w, https:\/\/reisen.dipas.ch\/wp-content\/uploads\/2021\/02\/Istanbul_20180327_1318-1536x1024.jpg 1536w\" sizes=\"auto, (max-width: 1680px) 100vw, 1680px\" \/><figcaption>Eine der Autobahnbr\u00fccken die den europ\u00e4ischen und asiatischen Teil der T\u00fcrkei verbinden.<\/figcaption><\/figure>\n\n\n\n<figure class=\"wp-block-image alignnone size-large\"><img loading=\"lazy\" decoding=\"async\" width=\"1680\" height=\"1120\" src=\"https:\/\/reisen.dipas.ch\/wp-content\/uploads\/2021\/02\/Istanbul_20180327_1319-1680x1120.jpg\" alt=\"\" class=\"wp-image-4120\" srcset=\"https:\/\/reisen.dipas.ch\/wp-content\/uploads\/2021\/02\/Istanbul_20180327_1319.jpg 1680w, https:\/\/reisen.dipas.ch\/wp-content\/uploads\/2021\/02\/Istanbul_20180327_1319-700x467.jpg 700w, https:\/\/reisen.dipas.ch\/wp-content\/uploads\/2021\/02\/Istanbul_20180327_1319-168x112.jpg 168w, https:\/\/reisen.dipas.ch\/wp-content\/uploads\/2021\/02\/Istanbul_20180327_1319-768x512.jpg 768w, https:\/\/reisen.dipas.ch\/wp-content\/uploads\/2021\/02\/Istanbul_20180327_1319-1536x1024.jpg 1536w\" sizes=\"auto, (max-width: 1680px) 100vw, 1680px\" \/><figcaption>Klar doch, bei der Anlegestelle gleich wieder eine Moschee.<\/figcaption><\/figure>\n\n\n\n<figure class=\"wp-block-image alignnone size-large\"><img loading=\"lazy\" decoding=\"async\" width=\"1680\" height=\"1120\" src=\"https:\/\/reisen.dipas.ch\/wp-content\/uploads\/2021\/02\/Istanbul_20180327_1341-1680x1120.jpg\" alt=\"\" class=\"wp-image-4121\" srcset=\"https:\/\/reisen.dipas.ch\/wp-content\/uploads\/2021\/02\/Istanbul_20180327_1341.jpg 1680w, https:\/\/reisen.dipas.ch\/wp-content\/uploads\/2021\/02\/Istanbul_20180327_1341-700x467.jpg 700w, https:\/\/reisen.dipas.ch\/wp-content\/uploads\/2021\/02\/Istanbul_20180327_1341-168x112.jpg 168w, https:\/\/reisen.dipas.ch\/wp-content\/uploads\/2021\/02\/Istanbul_20180327_1341-768x512.jpg 768w, https:\/\/reisen.dipas.ch\/wp-content\/uploads\/2021\/02\/Istanbul_20180327_1341-1536x1024.jpg 1536w\" sizes=\"auto, (max-width: 1680px) 100vw, 1680px\" \/><figcaption>Ganz viele Quallen am Ufer.<\/figcaption><\/figure>\n\n\n\n<figure class=\"wp-block-image alignnone size-large\"><img loading=\"lazy\" decoding=\"async\" width=\"1680\" height=\"1120\" src=\"https:\/\/reisen.dipas.ch\/wp-content\/uploads\/2021\/02\/Istanbul_20180327_1422-1680x1120.jpg\" alt=\"\" class=\"wp-image-4122\" srcset=\"https:\/\/reisen.dipas.ch\/wp-content\/uploads\/2021\/02\/Istanbul_20180327_1422.jpg 1680w, https:\/\/reisen.dipas.ch\/wp-content\/uploads\/2021\/02\/Istanbul_20180327_1422-700x467.jpg 700w, https:\/\/reisen.dipas.ch\/wp-content\/uploads\/2021\/02\/Istanbul_20180327_1422-168x112.jpg 168w, https:\/\/reisen.dipas.ch\/wp-content\/uploads\/2021\/02\/Istanbul_20180327_1422-768x512.jpg 768w, https:\/\/reisen.dipas.ch\/wp-content\/uploads\/2021\/02\/Istanbul_20180327_1422-1536x1024.jpg 1536w\" sizes=\"auto, (max-width: 1680px) 100vw, 1680px\" \/><figcaption>Dieses Sujet ist typisch. Im Hintergrund die Hagia Sophia und die blaue Moschee. Im Vordergrund der Leanderturm.<\/figcaption><\/figure>\n\n\n\n<figure class=\"wp-block-image alignnone size-large\"><img loading=\"lazy\" decoding=\"async\" width=\"1680\" height=\"1120\" src=\"https:\/\/reisen.dipas.ch\/wp-content\/uploads\/2021\/02\/Istanbul_20180327_1424-1680x1120.jpg\" alt=\"\" class=\"wp-image-4123\" srcset=\"https:\/\/reisen.dipas.ch\/wp-content\/uploads\/2021\/02\/Istanbul_20180327_1424.jpg 1680w, https:\/\/reisen.dipas.ch\/wp-content\/uploads\/2021\/02\/Istanbul_20180327_1424-700x467.jpg 700w, https:\/\/reisen.dipas.ch\/wp-content\/uploads\/2021\/02\/Istanbul_20180327_1424-168x112.jpg 168w, https:\/\/reisen.dipas.ch\/wp-content\/uploads\/2021\/02\/Istanbul_20180327_1424-768x512.jpg 768w, https:\/\/reisen.dipas.ch\/wp-content\/uploads\/2021\/02\/Istanbul_20180327_1424-1536x1024.jpg 1536w\" sizes=\"auto, (max-width: 1680px) 100vw, 1680px\" \/><figcaption>Die Riviera? Hier sitzen T\u00fcrken und Touristen gem\u00fctlich bei Kaffee oder Tee und vielleicht mit einem Sesambretzel.<\/figcaption><\/figure>\n\n\n\n<figure class=\"wp-block-image alignnone size-large\"><img loading=\"lazy\" decoding=\"async\" width=\"1680\" height=\"1120\" src=\"https:\/\/reisen.dipas.ch\/wp-content\/uploads\/2021\/02\/Istanbul_20180327_1432-1680x1120.jpg\" alt=\"\" class=\"wp-image-4124\" srcset=\"https:\/\/reisen.dipas.ch\/wp-content\/uploads\/2021\/02\/Istanbul_20180327_1432.jpg 1680w, https:\/\/reisen.dipas.ch\/wp-content\/uploads\/2021\/02\/Istanbul_20180327_1432-700x467.jpg 700w, https:\/\/reisen.dipas.ch\/wp-content\/uploads\/2021\/02\/Istanbul_20180327_1432-168x112.jpg 168w, https:\/\/reisen.dipas.ch\/wp-content\/uploads\/2021\/02\/Istanbul_20180327_1432-768x512.jpg 768w, https:\/\/reisen.dipas.ch\/wp-content\/uploads\/2021\/02\/Istanbul_20180327_1432-1536x1024.jpg 1536w\" sizes=\"auto, (max-width: 1680px) 100vw, 1680px\" \/><figcaption>Bei der R\u00fcckfahrt, kurz vor dem Gewitter, ist die Autobahnbr\u00fccke besser sichtbar.<\/figcaption><\/figure>\n\n\n\n<figure class=\"wp-block-image alignnone size-large\"><img loading=\"lazy\" decoding=\"async\" width=\"1680\" height=\"1120\" src=\"https:\/\/reisen.dipas.ch\/wp-content\/uploads\/2021\/02\/Istanbul_20180327_1523-1680x1120.jpg\" alt=\"\" class=\"wp-image-4125\" srcset=\"https:\/\/reisen.dipas.ch\/wp-content\/uploads\/2021\/02\/Istanbul_20180327_1523.jpg 1680w, https:\/\/reisen.dipas.ch\/wp-content\/uploads\/2021\/02\/Istanbul_20180327_1523-700x467.jpg 700w, https:\/\/reisen.dipas.ch\/wp-content\/uploads\/2021\/02\/Istanbul_20180327_1523-168x112.jpg 168w, https:\/\/reisen.dipas.ch\/wp-content\/uploads\/2021\/02\/Istanbul_20180327_1523-768x512.jpg 768w, https:\/\/reisen.dipas.ch\/wp-content\/uploads\/2021\/02\/Istanbul_20180327_1523-1536x1024.jpg 1536w\" sizes=\"auto, (max-width: 1680px) 100vw, 1680px\" \/><figcaption>Zur\u00fcck in Emin\u00f6n\u00fc mit Blick zur S\u00fcleymaniye-Moschee.<\/figcaption><\/figure>\n\n\n\n<p><a href=\"https:\/\/reisen.dipas.ch\/?page_id=901\">3. Tag Topkapi Palast Harem<\/a><\/p>\n","protected":false},"excerpt":{"rendered":"<p>Zur\u00fcck 2. Tag Stadtmauer 3. Tag Topkapi Palast Harem<\/p>\n","protected":false},"author":1,"featured_media":0,"parent":19,"menu_order":0,"comment_status":"closed","ping_status":"closed","template":"","meta":{"ngg_post_thumbnail":0,"footnotes":""},"class_list":["post-886","page","type-page","status-publish","hentry"],"_links":{"self":[{"href":"https:\/\/reisen.dipas.ch\/index.php?rest_route=\/wp\/v2\/pages\/886","targetHints":{"allow":["GET"]}}],"collection":[{"href":"https:\/\/reisen.dipas.ch\/index.php?rest_route=\/wp\/v2\/pages"}],"about":[{"href":"https:\/\/reisen.dipas.ch\/index.php?rest_route=\/wp\/v2\/types\/page"}],"author":[{"embeddable":true,"href":"https:\/\/reisen.dipas.ch\/index.php?rest_route=\/wp\/v2\/users\/1"}],"replies":[{"embeddable":true,"href":"https:\/\/reisen.dipas.ch\/index.php?rest_route=%2Fwp%2Fv2%2Fcomments&post=886"}],"version-history":[{"count":7,"href":"https:\/\/reisen.dipas.ch\/index.php?rest_route=\/wp\/v2\/pages\/886\/revisions"}],"predecessor-version":[{"id":4207,"href":"https:\/\/reisen.dipas.ch\/index.php?rest_route=\/wp\/v2\/pages\/886\/revisions\/4207"}],"up":[{"embeddable":true,"href":"https:\/\/reisen.dipas.ch\/index.php?rest_route=\/wp\/v2\/pages\/19"}],"wp:attachment":[{"href":"https:\/\/reisen.dipas.ch\/index.php?rest_route=%2Fwp%2Fv2%2Fmedia&parent=886"}],"curies":[{"name":"wp","href":"https:\/\/api.w.org\/{rel}","templated":true}]}}