{"id":868,"date":"2018-08-19T11:21:15","date_gmt":"2018-08-19T10:21:15","guid":{"rendered":"http:\/\/reisen.dipas.ch\/?page_id=868"},"modified":"2021-02-08T20:53:39","modified_gmt":"2021-02-08T19:53:39","slug":"istanbul-2018-1-tag-galata-turm","status":"publish","type":"page","link":"https:\/\/reisen.dipas.ch\/?page_id=868","title":{"rendered":"Istanbul 2018 1. Tag Galata Turm"},"content":{"rendered":"\n<p><a href=\"https:\/\/reisen.dipas.ch\/?page_id=866\">Zur\u00fcck Karak\u00f6y<\/a><\/p>\n\n\n\n<figure class=\"wp-block-image size-full\"><img loading=\"lazy\" decoding=\"async\" width=\"1120\" height=\"1680\" src=\"https:\/\/reisen.dipas.ch\/wp-content\/uploads\/2021\/02\/Istanbul_20180326_1604.jpg\" alt=\"\" class=\"wp-image-4060\" srcset=\"https:\/\/reisen.dipas.ch\/wp-content\/uploads\/2021\/02\/Istanbul_20180326_1604.jpg 1120w, https:\/\/reisen.dipas.ch\/wp-content\/uploads\/2021\/02\/Istanbul_20180326_1604-350x525.jpg 350w, https:\/\/reisen.dipas.ch\/wp-content\/uploads\/2021\/02\/Istanbul_20180326_1604-747x1120.jpg 747w, https:\/\/reisen.dipas.ch\/wp-content\/uploads\/2021\/02\/Istanbul_20180326_1604-768x1152.jpg 768w, https:\/\/reisen.dipas.ch\/wp-content\/uploads\/2021\/02\/Istanbul_20180326_1604-1024x1536.jpg 1024w\" sizes=\"auto, (max-width: 1120px) 100vw, 1120px\" \/><\/figure>\n\n\n\n<figure class=\"wp-block-image size-large\"><img loading=\"lazy\" decoding=\"async\" width=\"1680\" height=\"1120\" src=\"https:\/\/reisen.dipas.ch\/wp-content\/uploads\/2021\/02\/Istanbul_20180326_1640-1680x1120.jpg\" alt=\"\" class=\"wp-image-4061\" srcset=\"https:\/\/reisen.dipas.ch\/wp-content\/uploads\/2021\/02\/Istanbul_20180326_1640.jpg 1680w, https:\/\/reisen.dipas.ch\/wp-content\/uploads\/2021\/02\/Istanbul_20180326_1640-700x467.jpg 700w, https:\/\/reisen.dipas.ch\/wp-content\/uploads\/2021\/02\/Istanbul_20180326_1640-168x112.jpg 168w, https:\/\/reisen.dipas.ch\/wp-content\/uploads\/2021\/02\/Istanbul_20180326_1640-768x512.jpg 768w, https:\/\/reisen.dipas.ch\/wp-content\/uploads\/2021\/02\/Istanbul_20180326_1640-1536x1024.jpg 1536w\" sizes=\"auto, (max-width: 1680px) 100vw, 1680px\" \/><\/figure>\n\n\n\n<figure class=\"wp-block-image size-large\"><img loading=\"lazy\" decoding=\"async\" width=\"1680\" height=\"1120\" src=\"https:\/\/reisen.dipas.ch\/wp-content\/uploads\/2021\/02\/Istanbul_20180326_1642-1680x1120.jpg\" alt=\"\" class=\"wp-image-4062\" srcset=\"https:\/\/reisen.dipas.ch\/wp-content\/uploads\/2021\/02\/Istanbul_20180326_1642.jpg 1680w, https:\/\/reisen.dipas.ch\/wp-content\/uploads\/2021\/02\/Istanbul_20180326_1642-700x467.jpg 700w, https:\/\/reisen.dipas.ch\/wp-content\/uploads\/2021\/02\/Istanbul_20180326_1642-168x112.jpg 168w, https:\/\/reisen.dipas.ch\/wp-content\/uploads\/2021\/02\/Istanbul_20180326_1642-768x512.jpg 768w, https:\/\/reisen.dipas.ch\/wp-content\/uploads\/2021\/02\/Istanbul_20180326_1642-1536x1024.jpg 1536w\" sizes=\"auto, (max-width: 1680px) 100vw, 1680px\" \/><\/figure>\n\n\n\n<figure class=\"wp-block-image size-large\"><img loading=\"lazy\" decoding=\"async\" width=\"1680\" height=\"1120\" src=\"https:\/\/reisen.dipas.ch\/wp-content\/uploads\/2021\/02\/Istanbul_20180326_1644-1680x1120.jpg\" alt=\"\" class=\"wp-image-4063\" srcset=\"https:\/\/reisen.dipas.ch\/wp-content\/uploads\/2021\/02\/Istanbul_20180326_1644.jpg 1680w, https:\/\/reisen.dipas.ch\/wp-content\/uploads\/2021\/02\/Istanbul_20180326_1644-700x467.jpg 700w, https:\/\/reisen.dipas.ch\/wp-content\/uploads\/2021\/02\/Istanbul_20180326_1644-168x112.jpg 168w, https:\/\/reisen.dipas.ch\/wp-content\/uploads\/2021\/02\/Istanbul_20180326_1644-768x512.jpg 768w, https:\/\/reisen.dipas.ch\/wp-content\/uploads\/2021\/02\/Istanbul_20180326_1644-1536x1024.jpg 1536w\" sizes=\"auto, (max-width: 1680px) 100vw, 1680px\" \/><\/figure>\n\n\n\n<figure class=\"wp-block-image size-full\"><img loading=\"lazy\" decoding=\"async\" width=\"1120\" height=\"1680\" src=\"https:\/\/reisen.dipas.ch\/wp-content\/uploads\/2021\/02\/Istanbul_20180326_1650.jpg\" alt=\"\" class=\"wp-image-4064\" srcset=\"https:\/\/reisen.dipas.ch\/wp-content\/uploads\/2021\/02\/Istanbul_20180326_1650.jpg 1120w, https:\/\/reisen.dipas.ch\/wp-content\/uploads\/2021\/02\/Istanbul_20180326_1650-350x525.jpg 350w, https:\/\/reisen.dipas.ch\/wp-content\/uploads\/2021\/02\/Istanbul_20180326_1650-747x1120.jpg 747w, https:\/\/reisen.dipas.ch\/wp-content\/uploads\/2021\/02\/Istanbul_20180326_1650-768x1152.jpg 768w, https:\/\/reisen.dipas.ch\/wp-content\/uploads\/2021\/02\/Istanbul_20180326_1650-1024x1536.jpg 1024w\" sizes=\"auto, (max-width: 1120px) 100vw, 1120px\" \/><\/figure>\n\n\n\n<figure class=\"wp-block-image size-full\"><img loading=\"lazy\" decoding=\"async\" width=\"1260\" height=\"1680\" src=\"https:\/\/reisen.dipas.ch\/wp-content\/uploads\/2021\/02\/Istanbul_20180326_1656.jpg\" alt=\"\" class=\"wp-image-4065\" srcset=\"https:\/\/reisen.dipas.ch\/wp-content\/uploads\/2021\/02\/Istanbul_20180326_1656.jpg 1260w, https:\/\/reisen.dipas.ch\/wp-content\/uploads\/2021\/02\/Istanbul_20180326_1656-394x525.jpg 394w, https:\/\/reisen.dipas.ch\/wp-content\/uploads\/2021\/02\/Istanbul_20180326_1656-840x1120.jpg 840w, https:\/\/reisen.dipas.ch\/wp-content\/uploads\/2021\/02\/Istanbul_20180326_1656-768x1024.jpg 768w, https:\/\/reisen.dipas.ch\/wp-content\/uploads\/2021\/02\/Istanbul_20180326_1656-1152x1536.jpg 1152w\" sizes=\"auto, (max-width: 1260px) 100vw, 1260px\" \/><\/figure>\n\n\n\n<figure class=\"wp-block-image size-large\"><img loading=\"lazy\" decoding=\"async\" width=\"1680\" height=\"1120\" src=\"https:\/\/reisen.dipas.ch\/wp-content\/uploads\/2021\/02\/Istanbul_20180326_1719-1680x1120.jpg\" alt=\"\" class=\"wp-image-4066\" srcset=\"https:\/\/reisen.dipas.ch\/wp-content\/uploads\/2021\/02\/Istanbul_20180326_1719.jpg 1680w, https:\/\/reisen.dipas.ch\/wp-content\/uploads\/2021\/02\/Istanbul_20180326_1719-700x467.jpg 700w, https:\/\/reisen.dipas.ch\/wp-content\/uploads\/2021\/02\/Istanbul_20180326_1719-168x112.jpg 168w, https:\/\/reisen.dipas.ch\/wp-content\/uploads\/2021\/02\/Istanbul_20180326_1719-768x512.jpg 768w, https:\/\/reisen.dipas.ch\/wp-content\/uploads\/2021\/02\/Istanbul_20180326_1719-1536x1024.jpg 1536w\" sizes=\"auto, (max-width: 1680px) 100vw, 1680px\" \/><\/figure>\n\n\n\n<figure class=\"wp-block-image size-large\"><img loading=\"lazy\" decoding=\"async\" width=\"1680\" height=\"1120\" src=\"https:\/\/reisen.dipas.ch\/wp-content\/uploads\/2021\/02\/Istanbul_20180326_1724-1680x1120.jpg\" alt=\"\" class=\"wp-image-4067\" srcset=\"https:\/\/reisen.dipas.ch\/wp-content\/uploads\/2021\/02\/Istanbul_20180326_1724.jpg 1680w, https:\/\/reisen.dipas.ch\/wp-content\/uploads\/2021\/02\/Istanbul_20180326_1724-700x467.jpg 700w, https:\/\/reisen.dipas.ch\/wp-content\/uploads\/2021\/02\/Istanbul_20180326_1724-168x112.jpg 168w, https:\/\/reisen.dipas.ch\/wp-content\/uploads\/2021\/02\/Istanbul_20180326_1724-768x512.jpg 768w, https:\/\/reisen.dipas.ch\/wp-content\/uploads\/2021\/02\/Istanbul_20180326_1724-1536x1024.jpg 1536w\" sizes=\"auto, (max-width: 1680px) 100vw, 1680px\" \/><\/figure>\n\n\n\n<p><a href=\"https:\/\/reisen.dipas.ch\/?page_id=878\">1. Tag Emin\u00f6n\u00fc<\/a><\/p>\n","protected":false},"excerpt":{"rendered":"<p>Zur\u00fcck Karak\u00f6y 1. Tag Emin\u00f6n\u00fc<\/p>\n","protected":false},"author":1,"featured_media":0,"parent":19,"menu_order":0,"comment_status":"closed","ping_status":"closed","template":"","meta":{"ngg_post_thumbnail":0,"footnotes":""},"class_list":["post-868","page","type-page","status-publish","hentry"],"_links":{"self":[{"href":"https:\/\/reisen.dipas.ch\/index.php?rest_route=\/wp\/v2\/pages\/868","targetHints":{"allow":["GET"]}}],"collection":[{"href":"https:\/\/reisen.dipas.ch\/index.php?rest_route=\/wp\/v2\/pages"}],"about":[{"href":"https:\/\/reisen.dipas.ch\/index.php?rest_route=\/wp\/v2\/types\/page"}],"author":[{"embeddable":true,"href":"https:\/\/reisen.dipas.ch\/index.php?rest_route=\/wp\/v2\/users\/1"}],"replies":[{"embeddable":true,"href":"https:\/\/reisen.dipas.ch\/index.php?rest_route=%2Fwp%2Fv2%2Fcomments&post=868"}],"version-history":[{"count":5,"href":"https:\/\/reisen.dipas.ch\/index.php?rest_route=\/wp\/v2\/pages\/868\/revisions"}],"predecessor-version":[{"id":4197,"href":"https:\/\/reisen.dipas.ch\/index.php?rest_route=\/wp\/v2\/pages\/868\/revisions\/4197"}],"up":[{"embeddable":true,"href":"https:\/\/reisen.dipas.ch\/index.php?rest_route=\/wp\/v2\/pages\/19"}],"wp:attachment":[{"href":"https:\/\/reisen.dipas.ch\/index.php?rest_route=%2Fwp%2Fv2%2Fmedia&parent=868"}],"curies":[{"name":"wp","href":"https:\/\/api.w.org\/{rel}","templated":true}]}}