{"id":866,"date":"2018-08-19T11:19:59","date_gmt":"2018-08-19T10:19:59","guid":{"rendered":"http:\/\/reisen.dipas.ch\/?page_id=866"},"modified":"2021-02-08T21:03:04","modified_gmt":"2021-02-08T20:03:04","slug":"istanbul-2018-1-tag-karakoey","status":"publish","type":"page","link":"https:\/\/reisen.dipas.ch\/?page_id=866","title":{"rendered":"Istanbul 2018 1. Tag Karak\u00f6y"},"content":{"rendered":"\n<p>In Karak\u00f6y gibt es diese Strasse mit dem alten Tram, vielen Gesch\u00e4ften, oftmals teure Gesch\u00e4fte und ab und an ein Historisches Geb\u00e4ude.<br>Diese ist mit der Bahnhofstrasse in Z\u00fcrich vergleichbar, gesch\u00e4ftig, teuer und viele Leute.<\/p>\n\n\n\n<p><a href=\"https:\/\/reisen.dipas.ch\/?page_id=864\">Zur\u00fcck 1.Tag zum n\u00f6rdlichen Stadtteil Karak\u00f6y<\/a><\/p>\n\n\n\n<figure class=\"wp-block-image alignnone size-full\"><img loading=\"lazy\" decoding=\"async\" width=\"1260\" height=\"1680\" src=\"https:\/\/reisen.dipas.ch\/wp-content\/uploads\/2021\/02\/Istanbul_20180326_1301.jpg\" alt=\"\" class=\"wp-image-4038\" srcset=\"https:\/\/reisen.dipas.ch\/wp-content\/uploads\/2021\/02\/Istanbul_20180326_1301.jpg 1260w, https:\/\/reisen.dipas.ch\/wp-content\/uploads\/2021\/02\/Istanbul_20180326_1301-394x525.jpg 394w, https:\/\/reisen.dipas.ch\/wp-content\/uploads\/2021\/02\/Istanbul_20180326_1301-840x1120.jpg 840w, https:\/\/reisen.dipas.ch\/wp-content\/uploads\/2021\/02\/Istanbul_20180326_1301-768x1024.jpg 768w, https:\/\/reisen.dipas.ch\/wp-content\/uploads\/2021\/02\/Istanbul_20180326_1301-1152x1536.jpg 1152w\" sizes=\"auto, (max-width: 1260px) 100vw, 1260px\" \/><figcaption>Beginnen wir mit einem historischen Geb\u00e4ude, einer reich verzierten Kirche.<\/figcaption><\/figure>\n\n\n\n<figure class=\"wp-block-image alignnone size-large\"><img loading=\"lazy\" decoding=\"async\" width=\"1493\" height=\"1120\" src=\"https:\/\/reisen.dipas.ch\/wp-content\/uploads\/2021\/02\/Istanbul_20180326_1303-1493x1120.jpg\" alt=\"\" class=\"wp-image-4039\" srcset=\"https:\/\/reisen.dipas.ch\/wp-content\/uploads\/2021\/02\/Istanbul_20180326_1303-1493x1120.jpg 1493w, https:\/\/reisen.dipas.ch\/wp-content\/uploads\/2021\/02\/Istanbul_20180326_1303-700x525.jpg 700w, https:\/\/reisen.dipas.ch\/wp-content\/uploads\/2021\/02\/Istanbul_20180326_1303-768x576.jpg 768w, https:\/\/reisen.dipas.ch\/wp-content\/uploads\/2021\/02\/Istanbul_20180326_1303-1536x1152.jpg 1536w, https:\/\/reisen.dipas.ch\/wp-content\/uploads\/2021\/02\/Istanbul_20180326_1303-440x330.jpg 440w, https:\/\/reisen.dipas.ch\/wp-content\/uploads\/2021\/02\/Istanbul_20180326_1303.jpg 1680w\" sizes=\"auto, (max-width: 1493px) 100vw, 1493px\" \/><figcaption>Katholische Kirche Sankta Maria Draperis<\/figcaption><\/figure>\n\n\n\n<figure class=\"wp-block-image alignnone size-full\"><img loading=\"lazy\" decoding=\"async\" width=\"1260\" height=\"1680\" src=\"https:\/\/reisen.dipas.ch\/wp-content\/uploads\/2021\/02\/Istanbul_20180326_1304.jpg\" alt=\"\" class=\"wp-image-4040\" srcset=\"https:\/\/reisen.dipas.ch\/wp-content\/uploads\/2021\/02\/Istanbul_20180326_1304.jpg 1260w, https:\/\/reisen.dipas.ch\/wp-content\/uploads\/2021\/02\/Istanbul_20180326_1304-394x525.jpg 394w, https:\/\/reisen.dipas.ch\/wp-content\/uploads\/2021\/02\/Istanbul_20180326_1304-840x1120.jpg 840w, https:\/\/reisen.dipas.ch\/wp-content\/uploads\/2021\/02\/Istanbul_20180326_1304-768x1024.jpg 768w, https:\/\/reisen.dipas.ch\/wp-content\/uploads\/2021\/02\/Istanbul_20180326_1304-1152x1536.jpg 1152w\" sizes=\"auto, (max-width: 1260px) 100vw, 1260px\" \/><figcaption>Einige Bl\u00f6cke weiter, die n\u00e4chste Katholische Kirche, die Basilika St. Antonius<\/figcaption><\/figure>\n\n\n\n<figure class=\"wp-block-image size-full\"><img loading=\"lazy\" decoding=\"async\" width=\"1260\" height=\"1680\" src=\"https:\/\/reisen.dipas.ch\/wp-content\/uploads\/2021\/02\/Istanbul_20180326_1306.jpg\" alt=\"\" class=\"wp-image-4041\" srcset=\"https:\/\/reisen.dipas.ch\/wp-content\/uploads\/2021\/02\/Istanbul_20180326_1306.jpg 1260w, https:\/\/reisen.dipas.ch\/wp-content\/uploads\/2021\/02\/Istanbul_20180326_1306-394x525.jpg 394w, https:\/\/reisen.dipas.ch\/wp-content\/uploads\/2021\/02\/Istanbul_20180326_1306-840x1120.jpg 840w, https:\/\/reisen.dipas.ch\/wp-content\/uploads\/2021\/02\/Istanbul_20180326_1306-768x1024.jpg 768w, https:\/\/reisen.dipas.ch\/wp-content\/uploads\/2021\/02\/Istanbul_20180326_1306-1152x1536.jpg 1152w\" sizes=\"auto, (max-width: 1260px) 100vw, 1260px\" \/><\/figure>\n\n\n\n<figure class=\"wp-block-image alignnone size-full\"><img loading=\"lazy\" decoding=\"async\" width=\"1260\" height=\"1680\" src=\"https:\/\/reisen.dipas.ch\/wp-content\/uploads\/2021\/02\/Istanbul_20180326_1308.jpg\" alt=\"\" class=\"wp-image-4042\" srcset=\"https:\/\/reisen.dipas.ch\/wp-content\/uploads\/2021\/02\/Istanbul_20180326_1308.jpg 1260w, https:\/\/reisen.dipas.ch\/wp-content\/uploads\/2021\/02\/Istanbul_20180326_1308-394x525.jpg 394w, https:\/\/reisen.dipas.ch\/wp-content\/uploads\/2021\/02\/Istanbul_20180326_1308-840x1120.jpg 840w, https:\/\/reisen.dipas.ch\/wp-content\/uploads\/2021\/02\/Istanbul_20180326_1308-768x1024.jpg 768w, https:\/\/reisen.dipas.ch\/wp-content\/uploads\/2021\/02\/Istanbul_20180326_1308-1152x1536.jpg 1152w\" sizes=\"auto, (max-width: 1260px) 100vw, 1260px\" \/><figcaption>Ci\u00e7ek Pasaji. Ein Gesch\u00e4ftsgeb\u00e4ude mit Restaurants und stilistisch irgendwo in Anfang des letzten Jahrhunderts.<\/figcaption><\/figure>\n\n\n\n<figure class=\"wp-block-image alignnone size-full\"><img loading=\"lazy\" decoding=\"async\" width=\"1260\" height=\"1680\" src=\"https:\/\/reisen.dipas.ch\/wp-content\/uploads\/2021\/02\/Istanbul_20180326_1311.jpg\" alt=\"\" class=\"wp-image-4043\" srcset=\"https:\/\/reisen.dipas.ch\/wp-content\/uploads\/2021\/02\/Istanbul_20180326_1311.jpg 1260w, https:\/\/reisen.dipas.ch\/wp-content\/uploads\/2021\/02\/Istanbul_20180326_1311-394x525.jpg 394w, https:\/\/reisen.dipas.ch\/wp-content\/uploads\/2021\/02\/Istanbul_20180326_1311-840x1120.jpg 840w, https:\/\/reisen.dipas.ch\/wp-content\/uploads\/2021\/02\/Istanbul_20180326_1311-768x1024.jpg 768w, https:\/\/reisen.dipas.ch\/wp-content\/uploads\/2021\/02\/Istanbul_20180326_1311-1152x1536.jpg 1152w\" sizes=\"auto, (max-width: 1260px) 100vw, 1260px\" \/><figcaption>In der Ci\u00e7ek Pasaji.<\/figcaption><\/figure>\n\n\n\n<figure class=\"wp-block-image alignnone size-large\"><img loading=\"lazy\" decoding=\"async\" width=\"1493\" height=\"1120\" src=\"https:\/\/reisen.dipas.ch\/wp-content\/uploads\/2021\/02\/Istanbul_20180326_1400-1493x1120.jpg\" alt=\"\" class=\"wp-image-4044\" srcset=\"https:\/\/reisen.dipas.ch\/wp-content\/uploads\/2021\/02\/Istanbul_20180326_1400-1493x1120.jpg 1493w, https:\/\/reisen.dipas.ch\/wp-content\/uploads\/2021\/02\/Istanbul_20180326_1400-700x525.jpg 700w, https:\/\/reisen.dipas.ch\/wp-content\/uploads\/2021\/02\/Istanbul_20180326_1400-768x576.jpg 768w, https:\/\/reisen.dipas.ch\/wp-content\/uploads\/2021\/02\/Istanbul_20180326_1400-1536x1152.jpg 1536w, https:\/\/reisen.dipas.ch\/wp-content\/uploads\/2021\/02\/Istanbul_20180326_1400-440x330.jpg 440w, https:\/\/reisen.dipas.ch\/wp-content\/uploads\/2021\/02\/Istanbul_20180326_1400.jpg 1680w\" sizes=\"auto, (max-width: 1493px) 100vw, 1493px\" \/><figcaption>Schon fast am Taksim Platz. Da zieht es uns magisch zu diesem Gesch\u00e4ft. S\u00fcssigkeiten und Schokolade in Perfektion.<\/figcaption><\/figure>\n\n\n\n<figure class=\"wp-block-image alignnone size-large\"><img loading=\"lazy\" decoding=\"async\" width=\"1680\" height=\"1120\" src=\"https:\/\/reisen.dipas.ch\/wp-content\/uploads\/2021\/02\/Istanbul_20180326_1400_2-1680x1120.jpg\" alt=\"\" class=\"wp-image-4045\" srcset=\"https:\/\/reisen.dipas.ch\/wp-content\/uploads\/2021\/02\/Istanbul_20180326_1400_2.jpg 1680w, https:\/\/reisen.dipas.ch\/wp-content\/uploads\/2021\/02\/Istanbul_20180326_1400_2-700x467.jpg 700w, https:\/\/reisen.dipas.ch\/wp-content\/uploads\/2021\/02\/Istanbul_20180326_1400_2-168x112.jpg 168w, https:\/\/reisen.dipas.ch\/wp-content\/uploads\/2021\/02\/Istanbul_20180326_1400_2-768x512.jpg 768w, https:\/\/reisen.dipas.ch\/wp-content\/uploads\/2021\/02\/Istanbul_20180326_1400_2-1536x1024.jpg 1536w\" sizes=\"auto, (max-width: 1680px) 100vw, 1680px\" \/><figcaption>Vielleicht kein L\u00e4derach und kein Spr\u00fcngli aber doch sehr gehoben. Wir hatten es uns verkniffen etwas zu kaufen. Jdoch h\u00e4tten wir trotzdem etwas kaufen sollen, nur es hatte so viele Leute.<\/figcaption><\/figure>\n\n\n\n<figure class=\"wp-block-image alignnone size-full\"><img loading=\"lazy\" decoding=\"async\" width=\"1120\" height=\"1680\" src=\"https:\/\/reisen.dipas.ch\/wp-content\/uploads\/2021\/02\/Istanbul_20180326_1402.jpg\" alt=\"\" class=\"wp-image-4046\" srcset=\"https:\/\/reisen.dipas.ch\/wp-content\/uploads\/2021\/02\/Istanbul_20180326_1402.jpg 1120w, https:\/\/reisen.dipas.ch\/wp-content\/uploads\/2021\/02\/Istanbul_20180326_1402-350x525.jpg 350w, https:\/\/reisen.dipas.ch\/wp-content\/uploads\/2021\/02\/Istanbul_20180326_1402-747x1120.jpg 747w, https:\/\/reisen.dipas.ch\/wp-content\/uploads\/2021\/02\/Istanbul_20180326_1402-768x1152.jpg 768w, https:\/\/reisen.dipas.ch\/wp-content\/uploads\/2021\/02\/Istanbul_20180326_1402-1024x1536.jpg 1024w\" sizes=\"auto, (max-width: 1120px) 100vw, 1120px\" \/><figcaption>Der Taksim Platz. In aller Welt bekannt durch die Demonstration in 2013 die mit aller H\u00e4rte nieder gerungen wurde.<\/figcaption><\/figure>\n\n\n\n<figure class=\"wp-block-image size-full\"><img loading=\"lazy\" decoding=\"async\" width=\"1120\" height=\"1680\" src=\"https:\/\/reisen.dipas.ch\/wp-content\/uploads\/2021\/02\/Istanbul_20180326_1403.jpg\" alt=\"\" class=\"wp-image-4047\" srcset=\"https:\/\/reisen.dipas.ch\/wp-content\/uploads\/2021\/02\/Istanbul_20180326_1403.jpg 1120w, https:\/\/reisen.dipas.ch\/wp-content\/uploads\/2021\/02\/Istanbul_20180326_1403-350x525.jpg 350w, https:\/\/reisen.dipas.ch\/wp-content\/uploads\/2021\/02\/Istanbul_20180326_1403-747x1120.jpg 747w, https:\/\/reisen.dipas.ch\/wp-content\/uploads\/2021\/02\/Istanbul_20180326_1403-768x1152.jpg 768w, https:\/\/reisen.dipas.ch\/wp-content\/uploads\/2021\/02\/Istanbul_20180326_1403-1024x1536.jpg 1024w\" sizes=\"auto, (max-width: 1120px) 100vw, 1120px\" \/><\/figure>\n\n\n\n<figure class=\"wp-block-image alignnone size-large\"><img loading=\"lazy\" decoding=\"async\" width=\"1680\" height=\"1120\" src=\"https:\/\/reisen.dipas.ch\/wp-content\/uploads\/2021\/02\/Istanbul_20180326_1405-1680x1120.jpg\" alt=\"\" class=\"wp-image-4048\" srcset=\"https:\/\/reisen.dipas.ch\/wp-content\/uploads\/2021\/02\/Istanbul_20180326_1405.jpg 1680w, https:\/\/reisen.dipas.ch\/wp-content\/uploads\/2021\/02\/Istanbul_20180326_1405-700x467.jpg 700w, https:\/\/reisen.dipas.ch\/wp-content\/uploads\/2021\/02\/Istanbul_20180326_1405-168x112.jpg 168w, https:\/\/reisen.dipas.ch\/wp-content\/uploads\/2021\/02\/Istanbul_20180326_1405-768x512.jpg 768w, https:\/\/reisen.dipas.ch\/wp-content\/uploads\/2021\/02\/Istanbul_20180326_1405-1536x1024.jpg 1536w\" sizes=\"auto, (max-width: 1680px) 100vw, 1680px\" \/><figcaption>Der Blick zur Basilika St. Antonius.<\/figcaption><\/figure>\n\n\n\n<figure class=\"wp-block-image alignnone size-large\"><img loading=\"lazy\" decoding=\"async\" width=\"1493\" height=\"1120\" src=\"https:\/\/reisen.dipas.ch\/wp-content\/uploads\/2021\/02\/Istanbul_20180326_1408-1493x1120.jpg\" alt=\"\" class=\"wp-image-4049\" srcset=\"https:\/\/reisen.dipas.ch\/wp-content\/uploads\/2021\/02\/Istanbul_20180326_1408-1493x1120.jpg 1493w, https:\/\/reisen.dipas.ch\/wp-content\/uploads\/2021\/02\/Istanbul_20180326_1408-700x525.jpg 700w, https:\/\/reisen.dipas.ch\/wp-content\/uploads\/2021\/02\/Istanbul_20180326_1408-768x576.jpg 768w, https:\/\/reisen.dipas.ch\/wp-content\/uploads\/2021\/02\/Istanbul_20180326_1408-1536x1152.jpg 1536w, https:\/\/reisen.dipas.ch\/wp-content\/uploads\/2021\/02\/Istanbul_20180326_1408-440x330.jpg 440w, https:\/\/reisen.dipas.ch\/wp-content\/uploads\/2021\/02\/Istanbul_20180326_1408.jpg 1680w\" sizes=\"auto, (max-width: 1493px) 100vw, 1493px\" \/><figcaption>Ein &#8218;gepanzertes&#8216; Fahrzeug. Die Diensthabenden Sicherheitsleute wollten mir weiss machen, dass dies ein in der T\u00fcrkei hergestelltes Fahrzeug sei. Ich widersprach h\u00f6flich und meinte dass dies ein Land Rover 110 aus England sei und lediglich technisch modifiziert sei. Klar erkennbar an den Kotfl\u00fcgeln mit den Lichtern vorne und hinten.<\/figcaption><\/figure>\n\n\n\n<figure class=\"wp-block-image alignnone size-large\"><img loading=\"lazy\" decoding=\"async\" width=\"1120\" height=\"1120\" src=\"https:\/\/reisen.dipas.ch\/wp-content\/uploads\/2021\/02\/Istanbul_20180326_1409-1120x1120.jpg\" alt=\"\" class=\"wp-image-4050\" srcset=\"https:\/\/reisen.dipas.ch\/wp-content\/uploads\/2021\/02\/Istanbul_20180326_1409-1120x1120.jpg 1120w, https:\/\/reisen.dipas.ch\/wp-content\/uploads\/2021\/02\/Istanbul_20180326_1409-525x525.jpg 525w, https:\/\/reisen.dipas.ch\/wp-content\/uploads\/2021\/02\/Istanbul_20180326_1409-768x768.jpg 768w, https:\/\/reisen.dipas.ch\/wp-content\/uploads\/2021\/02\/Istanbul_20180326_1409-1536x1536.jpg 1536w, https:\/\/reisen.dipas.ch\/wp-content\/uploads\/2021\/02\/Istanbul_20180326_1409-666x666.jpg 666w, https:\/\/reisen.dipas.ch\/wp-content\/uploads\/2021\/02\/Istanbul_20180326_1409.jpg 1680w\" sizes=\"auto, (max-width: 1120px) 100vw, 1120px\" \/><figcaption>Ganz klar ein Land Rover 110 modifiziert durch Otokar. Ein t\u00fcrkisches Unternehmen, das neben Bussen und LKWs auch Milit\u00e4rische Fahrzeuge herstellt.<\/figcaption><\/figure>\n\n\n\n<figure class=\"wp-block-image alignnone size-full\"><img loading=\"lazy\" decoding=\"async\" width=\"1260\" height=\"1680\" src=\"https:\/\/reisen.dipas.ch\/wp-content\/uploads\/2021\/02\/Istanbul_20180326_1410.jpg\" alt=\"\" class=\"wp-image-4051\" srcset=\"https:\/\/reisen.dipas.ch\/wp-content\/uploads\/2021\/02\/Istanbul_20180326_1410.jpg 1260w, https:\/\/reisen.dipas.ch\/wp-content\/uploads\/2021\/02\/Istanbul_20180326_1410-394x525.jpg 394w, https:\/\/reisen.dipas.ch\/wp-content\/uploads\/2021\/02\/Istanbul_20180326_1410-840x1120.jpg 840w, https:\/\/reisen.dipas.ch\/wp-content\/uploads\/2021\/02\/Istanbul_20180326_1410-768x1024.jpg 768w, https:\/\/reisen.dipas.ch\/wp-content\/uploads\/2021\/02\/Istanbul_20180326_1410-1152x1536.jpg 1152w\" sizes=\"auto, (max-width: 1260px) 100vw, 1260px\" \/><figcaption>Zur\u00fcck zu Kulinarischem. Tafelschokolade &#8211; reihenweise. Mmmmh!<\/figcaption><\/figure>\n\n\n\n<figure class=\"wp-block-image alignnone size-full\"><img loading=\"lazy\" decoding=\"async\" width=\"1260\" height=\"1680\" src=\"https:\/\/reisen.dipas.ch\/wp-content\/uploads\/2021\/02\/Istanbul_20180326_1420.jpg\" alt=\"\" class=\"wp-image-4052\" srcset=\"https:\/\/reisen.dipas.ch\/wp-content\/uploads\/2021\/02\/Istanbul_20180326_1420.jpg 1260w, https:\/\/reisen.dipas.ch\/wp-content\/uploads\/2021\/02\/Istanbul_20180326_1420-394x525.jpg 394w, https:\/\/reisen.dipas.ch\/wp-content\/uploads\/2021\/02\/Istanbul_20180326_1420-840x1120.jpg 840w, https:\/\/reisen.dipas.ch\/wp-content\/uploads\/2021\/02\/Istanbul_20180326_1420-768x1024.jpg 768w, https:\/\/reisen.dipas.ch\/wp-content\/uploads\/2021\/02\/Istanbul_20180326_1420-1152x1536.jpg 1152w\" sizes=\"auto, (max-width: 1260px) 100vw, 1260px\" \/><figcaption>Beim Kaffee trinken im 1. Stock nochmals das alte Tram aus den 20er Jahren aufgenommen. Gut zu sehen, dass auch sehr viele Leute, vorallem T\u00fcrken auf dieser Strasse gehen.<\/figcaption><\/figure>\n\n\n\n<figure class=\"wp-block-image alignnone size-full\"><img loading=\"lazy\" decoding=\"async\" width=\"1120\" height=\"1680\" src=\"https:\/\/reisen.dipas.ch\/wp-content\/uploads\/2021\/02\/Istanbul_20180326_1430.jpg\" alt=\"\" class=\"wp-image-4053\" srcset=\"https:\/\/reisen.dipas.ch\/wp-content\/uploads\/2021\/02\/Istanbul_20180326_1430.jpg 1120w, https:\/\/reisen.dipas.ch\/wp-content\/uploads\/2021\/02\/Istanbul_20180326_1430-350x525.jpg 350w, https:\/\/reisen.dipas.ch\/wp-content\/uploads\/2021\/02\/Istanbul_20180326_1430-747x1120.jpg 747w, https:\/\/reisen.dipas.ch\/wp-content\/uploads\/2021\/02\/Istanbul_20180326_1430-768x1152.jpg 768w, https:\/\/reisen.dipas.ch\/wp-content\/uploads\/2021\/02\/Istanbul_20180326_1430-1024x1536.jpg 1024w\" sizes=\"auto, (max-width: 1120px) 100vw, 1120px\" \/><figcaption>Technik der 20er Jahre, jedoch in den 50ern in Deutschland gebaut. Alle Mal sch\u00f6n anzuschauen.<\/figcaption><\/figure>\n\n\n\n<figure class=\"wp-block-image alignnone size-large\"><img loading=\"lazy\" decoding=\"async\" width=\"1680\" height=\"1120\" src=\"https:\/\/reisen.dipas.ch\/wp-content\/uploads\/2021\/02\/Istanbul_20180326_1435-1680x1120.jpg\" alt=\"\" class=\"wp-image-4054\" srcset=\"https:\/\/reisen.dipas.ch\/wp-content\/uploads\/2021\/02\/Istanbul_20180326_1435-1680x1120.jpg 1680w, https:\/\/reisen.dipas.ch\/wp-content\/uploads\/2021\/02\/Istanbul_20180326_1435-700x467.jpg 700w, https:\/\/reisen.dipas.ch\/wp-content\/uploads\/2021\/02\/Istanbul_20180326_1435-168x112.jpg 168w, https:\/\/reisen.dipas.ch\/wp-content\/uploads\/2021\/02\/Istanbul_20180326_1435-768x512.jpg 768w, https:\/\/reisen.dipas.ch\/wp-content\/uploads\/2021\/02\/Istanbul_20180326_1435-1536x1024.jpg 1536w, https:\/\/reisen.dipas.ch\/wp-content\/uploads\/2021\/02\/Istanbul_20180326_1435-2048x1366.jpg 2048w\" sizes=\"auto, (max-width: 1680px) 100vw, 1680px\" \/><figcaption>Statt der &#8218;T\u00fcnel&#8216;-Bahn geht es zu Fuss runter. Ein toller Fruchtstand der gute S\u00e4fte zubereitet.<\/figcaption><\/figure>\n\n\n\n<figure class=\"wp-block-image alignnone size-large\"><img loading=\"lazy\" decoding=\"async\" width=\"1493\" height=\"1120\" src=\"https:\/\/reisen.dipas.ch\/wp-content\/uploads\/2021\/02\/Istanbul_20180326_1445-1493x1120.jpg\" alt=\"\" class=\"wp-image-4055\" srcset=\"https:\/\/reisen.dipas.ch\/wp-content\/uploads\/2021\/02\/Istanbul_20180326_1445-1493x1120.jpg 1493w, https:\/\/reisen.dipas.ch\/wp-content\/uploads\/2021\/02\/Istanbul_20180326_1445-700x525.jpg 700w, https:\/\/reisen.dipas.ch\/wp-content\/uploads\/2021\/02\/Istanbul_20180326_1445-768x576.jpg 768w, https:\/\/reisen.dipas.ch\/wp-content\/uploads\/2021\/02\/Istanbul_20180326_1445-1536x1152.jpg 1536w, https:\/\/reisen.dipas.ch\/wp-content\/uploads\/2021\/02\/Istanbul_20180326_1445-440x330.jpg 440w, https:\/\/reisen.dipas.ch\/wp-content\/uploads\/2021\/02\/Istanbul_20180326_1445.jpg 1680w\" sizes=\"auto, (max-width: 1493px) 100vw, 1493px\" \/><figcaption>Migros? Nein das ist nicht der orangene Riese aus der Schweiz, jedoch hat sich ein \u00e4hnliches Gesch\u00e4ftsmodel in den 60er Jahren entwickelt und es kn\u00fcpft nach wie vor an das Gesch\u00e4ftsmodell der Migros Genossenschaft. Hierzu auch die Notiz in Kasachstan unter Ramstore lesen.<\/figcaption><\/figure>\n\n\n\n<figure class=\"wp-block-image alignnone size-full\"><img loading=\"lazy\" decoding=\"async\" width=\"1920\" height=\"2560\" src=\"https:\/\/reisen.dipas.ch\/wp-content\/uploads\/2021\/02\/Istanbul_20180326_1447-scaled.jpg\" alt=\"\" class=\"wp-image-4056\" srcset=\"https:\/\/reisen.dipas.ch\/wp-content\/uploads\/2021\/02\/Istanbul_20180326_1447-scaled.jpg 1920w, https:\/\/reisen.dipas.ch\/wp-content\/uploads\/2021\/02\/Istanbul_20180326_1447-394x525.jpg 394w, https:\/\/reisen.dipas.ch\/wp-content\/uploads\/2021\/02\/Istanbul_20180326_1447-840x1120.jpg 840w, https:\/\/reisen.dipas.ch\/wp-content\/uploads\/2021\/02\/Istanbul_20180326_1447-768x1024.jpg 768w, https:\/\/reisen.dipas.ch\/wp-content\/uploads\/2021\/02\/Istanbul_20180326_1447-1152x1536.jpg 1152w, https:\/\/reisen.dipas.ch\/wp-content\/uploads\/2021\/02\/Istanbul_20180326_1447-1536x2048.jpg 1536w\" sizes=\"auto, (max-width: 1920px) 100vw, 1920px\" \/><figcaption>Das Logo ist klar anders als in der Schweiz.<\/figcaption><\/figure>\n\n\n\n<figure class=\"wp-block-image alignnone size-full\"><img loading=\"lazy\" decoding=\"async\" width=\"1260\" height=\"1680\" src=\"https:\/\/reisen.dipas.ch\/wp-content\/uploads\/2021\/02\/Istanbul_20180326_1448.jpg\" alt=\"\" class=\"wp-image-4058\" srcset=\"https:\/\/reisen.dipas.ch\/wp-content\/uploads\/2021\/02\/Istanbul_20180326_1448.jpg 1260w, https:\/\/reisen.dipas.ch\/wp-content\/uploads\/2021\/02\/Istanbul_20180326_1448-394x525.jpg 394w, https:\/\/reisen.dipas.ch\/wp-content\/uploads\/2021\/02\/Istanbul_20180326_1448-840x1120.jpg 840w, https:\/\/reisen.dipas.ch\/wp-content\/uploads\/2021\/02\/Istanbul_20180326_1448-768x1024.jpg 768w, https:\/\/reisen.dipas.ch\/wp-content\/uploads\/2021\/02\/Istanbul_20180326_1448-1152x1536.jpg 1152w\" sizes=\"auto, (max-width: 1260px) 100vw, 1260px\" \/><figcaption>Wenn das Logo anders w\u00e4re&#8230;<\/figcaption><\/figure>\n\n\n\n<figure class=\"wp-block-image alignnone size-large\"><img loading=\"lazy\" decoding=\"async\" width=\"1680\" height=\"1120\" src=\"https:\/\/reisen.dipas.ch\/wp-content\/uploads\/2021\/02\/Istanbul_20180326_1451-1680x1120.jpg\" alt=\"\" class=\"wp-image-4059\" srcset=\"https:\/\/reisen.dipas.ch\/wp-content\/uploads\/2021\/02\/Istanbul_20180326_1451.jpg 1680w, https:\/\/reisen.dipas.ch\/wp-content\/uploads\/2021\/02\/Istanbul_20180326_1451-700x467.jpg 700w, https:\/\/reisen.dipas.ch\/wp-content\/uploads\/2021\/02\/Istanbul_20180326_1451-168x112.jpg 168w, https:\/\/reisen.dipas.ch\/wp-content\/uploads\/2021\/02\/Istanbul_20180326_1451-768x512.jpg 768w, https:\/\/reisen.dipas.ch\/wp-content\/uploads\/2021\/02\/Istanbul_20180326_1451-1536x1024.jpg 1536w\" sizes=\"auto, (max-width: 1680px) 100vw, 1680px\" \/><figcaption>Gegen\u00fcber ein Gesch\u00e4ft das sich ans Eingemachte macht&#8230; Alles m\u00f6gliche ist diesen Gl\u00e4sern konserviert. Keine Ahnung wie das schmeckt, ich denke jedoch dass die T\u00fcrken schon wissen was gut schmeckt.<\/figcaption><\/figure>\n\n\n\n<p><a href=\"https:\/\/reisen.dipas.ch\/?page_id=868\">Galata Turm<\/a><\/p>\n","protected":false},"excerpt":{"rendered":"<p>In Karak\u00f6y gibt es diese Strasse mit dem alten Tram, vielen Gesch\u00e4ften, oftmals teure Gesch\u00e4fte und ab und an ein Historisches Geb\u00e4ude.Diese ist mit der<\/p>\n<p><a href=\"https:\/\/reisen.dipas.ch\/?page_id=866\" class=\"more-link\">Continue reading<span class=\"screen-reader-text\">Istanbul 2018 1. Tag Karak\u00f6y<\/span><\/a><\/p>\n","protected":false},"author":1,"featured_media":0,"parent":19,"menu_order":0,"comment_status":"closed","ping_status":"closed","template":"","meta":{"ngg_post_thumbnail":0,"footnotes":""},"class_list":["post-866","page","type-page","status-publish","hentry"],"_links":{"self":[{"href":"https:\/\/reisen.dipas.ch\/index.php?rest_route=\/wp\/v2\/pages\/866","targetHints":{"allow":["GET"]}}],"collection":[{"href":"https:\/\/reisen.dipas.ch\/index.php?rest_route=\/wp\/v2\/pages"}],"about":[{"href":"https:\/\/reisen.dipas.ch\/index.php?rest_route=\/wp\/v2\/types\/page"}],"author":[{"embeddable":true,"href":"https:\/\/reisen.dipas.ch\/index.php?rest_route=\/wp\/v2\/users\/1"}],"replies":[{"embeddable":true,"href":"https:\/\/reisen.dipas.ch\/index.php?rest_route=%2Fwp%2Fv2%2Fcomments&post=866"}],"version-history":[{"count":7,"href":"https:\/\/reisen.dipas.ch\/index.php?rest_route=\/wp\/v2\/pages\/866\/revisions"}],"predecessor-version":[{"id":4201,"href":"https:\/\/reisen.dipas.ch\/index.php?rest_route=\/wp\/v2\/pages\/866\/revisions\/4201"}],"up":[{"embeddable":true,"href":"https:\/\/reisen.dipas.ch\/index.php?rest_route=\/wp\/v2\/pages\/19"}],"wp:attachment":[{"href":"https:\/\/reisen.dipas.ch\/index.php?rest_route=%2Fwp%2Fv2%2Fmedia&parent=866"}],"curies":[{"name":"wp","href":"https:\/\/api.w.org\/{rel}","templated":true}]}}