{"id":842,"date":"2018-08-19T09:58:18","date_gmt":"2018-08-19T08:58:18","guid":{"rendered":"http:\/\/reisen.dipas.ch\/?page_id=842"},"modified":"2021-02-08T20:57:40","modified_gmt":"2021-02-08T19:57:40","slug":"istanbul-2018-1-tag-grosse-zisterne-faehrhafen-und-noerdlicher-standteil","status":"publish","type":"page","link":"https:\/\/reisen.dipas.ch\/?page_id=842","title":{"rendered":"Istanbul 2018 1. Tag grosse Zisterne"},"content":{"rendered":"\n<p>Die Zisterne (Cisterna Basilika)&nbsp;im Berg&nbsp;westlich der Hagia Sophia&nbsp;ist unvorstellbar gross und&nbsp;versorgte den Palast&nbsp;mit gutem Wasser aus dem Hinterland. Sie wurde im 6 Jahrhundert erbaut.<\/p>\n\n\n\n<p><a href=\"https:\/\/reisen.dipas.ch\/?page_id=833\">Zur\u00fcck zu 1.Tag Bei den Moscheen.<\/a><\/p>\n\n\n\n<figure class=\"wp-block-image alignnone size-full\"><img loading=\"lazy\" decoding=\"async\" width=\"1260\" height=\"1680\" src=\"https:\/\/reisen.dipas.ch\/wp-content\/uploads\/2021\/02\/Istanbul_20180326_1032.jpg\" alt=\"\" class=\"wp-image-4012\" srcset=\"https:\/\/reisen.dipas.ch\/wp-content\/uploads\/2021\/02\/Istanbul_20180326_1032.jpg 1260w, https:\/\/reisen.dipas.ch\/wp-content\/uploads\/2021\/02\/Istanbul_20180326_1032-394x525.jpg 394w, https:\/\/reisen.dipas.ch\/wp-content\/uploads\/2021\/02\/Istanbul_20180326_1032-840x1120.jpg 840w, https:\/\/reisen.dipas.ch\/wp-content\/uploads\/2021\/02\/Istanbul_20180326_1032-768x1024.jpg 768w, https:\/\/reisen.dipas.ch\/wp-content\/uploads\/2021\/02\/Istanbul_20180326_1032-1152x1536.jpg 1152w\" sizes=\"auto, (max-width: 1260px) 100vw, 1260px\" \/><figcaption>Das Tram in der Stadt ist sehr modern, mit einem nicht ganz einfachen Ticketsystem und kreuzende Tramlinien mit Stationen, die manchmal einige hundert Meter auseinander liegen.<\/figcaption><\/figure>\n\n\n\n<figure class=\"wp-block-image alignnone size-large\"><img loading=\"lazy\" decoding=\"async\" width=\"1493\" height=\"1120\" src=\"https:\/\/reisen.dipas.ch\/wp-content\/uploads\/2021\/02\/Istanbul_20180326_1039-1493x1120.jpg\" alt=\"\" class=\"wp-image-4013\" srcset=\"https:\/\/reisen.dipas.ch\/wp-content\/uploads\/2021\/02\/Istanbul_20180326_1039-1493x1120.jpg 1493w, https:\/\/reisen.dipas.ch\/wp-content\/uploads\/2021\/02\/Istanbul_20180326_1039-700x525.jpg 700w, https:\/\/reisen.dipas.ch\/wp-content\/uploads\/2021\/02\/Istanbul_20180326_1039-768x576.jpg 768w, https:\/\/reisen.dipas.ch\/wp-content\/uploads\/2021\/02\/Istanbul_20180326_1039-1536x1152.jpg 1536w, https:\/\/reisen.dipas.ch\/wp-content\/uploads\/2021\/02\/Istanbul_20180326_1039-440x330.jpg 440w, https:\/\/reisen.dipas.ch\/wp-content\/uploads\/2021\/02\/Istanbul_20180326_1039.jpg 1680w\" sizes=\"auto, (max-width: 1493px) 100vw, 1493px\" \/><figcaption>Schon auf der Treppe nach unten, der Klang im Raum zeigt wie riesig diese Anlage ist.<\/figcaption><\/figure>\n\n\n\n<figure class=\"wp-block-image alignnone size-full\"><img loading=\"lazy\" decoding=\"async\" width=\"1260\" height=\"1680\" src=\"https:\/\/reisen.dipas.ch\/wp-content\/uploads\/2021\/02\/Istanbul_20180326_1046.jpg\" alt=\"\" class=\"wp-image-4014\" srcset=\"https:\/\/reisen.dipas.ch\/wp-content\/uploads\/2021\/02\/Istanbul_20180326_1046.jpg 1260w, https:\/\/reisen.dipas.ch\/wp-content\/uploads\/2021\/02\/Istanbul_20180326_1046-394x525.jpg 394w, https:\/\/reisen.dipas.ch\/wp-content\/uploads\/2021\/02\/Istanbul_20180326_1046-840x1120.jpg 840w, https:\/\/reisen.dipas.ch\/wp-content\/uploads\/2021\/02\/Istanbul_20180326_1046-768x1024.jpg 768w, https:\/\/reisen.dipas.ch\/wp-content\/uploads\/2021\/02\/Istanbul_20180326_1046-1152x1536.jpg 1152w\" sizes=\"auto, (max-width: 1260px) 100vw, 1260px\" \/><figcaption>Die tr\u00e4nende S\u00e4ule.<\/figcaption><\/figure>\n\n\n\n<figure class=\"wp-block-image alignnone size-full\"><img loading=\"lazy\" decoding=\"async\" width=\"1260\" height=\"1680\" src=\"https:\/\/reisen.dipas.ch\/wp-content\/uploads\/2021\/02\/Istanbul_20180326_1048.jpg\" alt=\"\" class=\"wp-image-4015\" srcset=\"https:\/\/reisen.dipas.ch\/wp-content\/uploads\/2021\/02\/Istanbul_20180326_1048.jpg 1260w, https:\/\/reisen.dipas.ch\/wp-content\/uploads\/2021\/02\/Istanbul_20180326_1048-394x525.jpg 394w, https:\/\/reisen.dipas.ch\/wp-content\/uploads\/2021\/02\/Istanbul_20180326_1048-840x1120.jpg 840w, https:\/\/reisen.dipas.ch\/wp-content\/uploads\/2021\/02\/Istanbul_20180326_1048-768x1024.jpg 768w, https:\/\/reisen.dipas.ch\/wp-content\/uploads\/2021\/02\/Istanbul_20180326_1048-1152x1536.jpg 1152w\" sizes=\"auto, (max-width: 1260px) 100vw, 1260px\" \/><figcaption>Medusa<\/figcaption><\/figure>\n\n\n\n<figure class=\"wp-block-image alignnone size-large\"><img loading=\"lazy\" decoding=\"async\" width=\"1493\" height=\"1120\" src=\"https:\/\/reisen.dipas.ch\/wp-content\/uploads\/2021\/02\/Istanbul_20180326_1049-1493x1120.jpg\" alt=\"\" class=\"wp-image-4016\" srcset=\"https:\/\/reisen.dipas.ch\/wp-content\/uploads\/2021\/02\/Istanbul_20180326_1049-1493x1120.jpg 1493w, https:\/\/reisen.dipas.ch\/wp-content\/uploads\/2021\/02\/Istanbul_20180326_1049-700x525.jpg 700w, https:\/\/reisen.dipas.ch\/wp-content\/uploads\/2021\/02\/Istanbul_20180326_1049-768x576.jpg 768w, https:\/\/reisen.dipas.ch\/wp-content\/uploads\/2021\/02\/Istanbul_20180326_1049-1536x1152.jpg 1536w, https:\/\/reisen.dipas.ch\/wp-content\/uploads\/2021\/02\/Istanbul_20180326_1049-440x330.jpg 440w, https:\/\/reisen.dipas.ch\/wp-content\/uploads\/2021\/02\/Istanbul_20180326_1049.jpg 1680w\" sizes=\"auto, (max-width: 1493px) 100vw, 1493px\" \/><figcaption>S\u00e4ulen aus verschiedenen Steinen. Die Decken immer aus Ziegel mit Kalkm\u00f6rtel. Dass das \u00fcber die lange Zeit nicht einst\u00fcrzte?<\/figcaption><\/figure>\n\n\n\n<figure class=\"wp-block-image size-full\"><img loading=\"lazy\" decoding=\"async\" width=\"1260\" height=\"1680\" src=\"https:\/\/reisen.dipas.ch\/wp-content\/uploads\/2021\/02\/Istanbul_20180326_1059.jpg\" alt=\"\" class=\"wp-image-4017\" srcset=\"https:\/\/reisen.dipas.ch\/wp-content\/uploads\/2021\/02\/Istanbul_20180326_1059.jpg 1260w, https:\/\/reisen.dipas.ch\/wp-content\/uploads\/2021\/02\/Istanbul_20180326_1059-394x525.jpg 394w, https:\/\/reisen.dipas.ch\/wp-content\/uploads\/2021\/02\/Istanbul_20180326_1059-840x1120.jpg 840w, https:\/\/reisen.dipas.ch\/wp-content\/uploads\/2021\/02\/Istanbul_20180326_1059-768x1024.jpg 768w, https:\/\/reisen.dipas.ch\/wp-content\/uploads\/2021\/02\/Istanbul_20180326_1059-1152x1536.jpg 1152w\" sizes=\"auto, (max-width: 1260px) 100vw, 1260px\" \/><\/figure>\n\n\n\n<figure class=\"wp-block-image alignnone size-large\"><img loading=\"lazy\" decoding=\"async\" width=\"1680\" height=\"1120\" src=\"https:\/\/reisen.dipas.ch\/wp-content\/uploads\/2021\/02\/Istanbul_20180326_1100-1680x1120.jpg\" alt=\"\" class=\"wp-image-4018\" srcset=\"https:\/\/reisen.dipas.ch\/wp-content\/uploads\/2021\/02\/Istanbul_20180326_1100.jpg 1680w, https:\/\/reisen.dipas.ch\/wp-content\/uploads\/2021\/02\/Istanbul_20180326_1100-700x467.jpg 700w, https:\/\/reisen.dipas.ch\/wp-content\/uploads\/2021\/02\/Istanbul_20180326_1100-168x112.jpg 168w, https:\/\/reisen.dipas.ch\/wp-content\/uploads\/2021\/02\/Istanbul_20180326_1100-768x512.jpg 768w, https:\/\/reisen.dipas.ch\/wp-content\/uploads\/2021\/02\/Istanbul_20180326_1100-1536x1024.jpg 1536w\" sizes=\"auto, (max-width: 1680px) 100vw, 1680px\" \/><figcaption>\u00dcber den Kapitel wurden Eisenstangen eingebracht. Ob das schon immer so war? Die Gegend ist ja seit jeher Erdbeben gef\u00e4hrdet.<\/figcaption><\/figure>\n\n\n\n<figure class=\"wp-block-image alignnone size-full\"><img loading=\"lazy\" decoding=\"async\" width=\"1120\" height=\"1680\" src=\"https:\/\/reisen.dipas.ch\/wp-content\/uploads\/2021\/02\/Istanbul_20180326_1103.jpg\" alt=\"\" class=\"wp-image-4019\" srcset=\"https:\/\/reisen.dipas.ch\/wp-content\/uploads\/2021\/02\/Istanbul_20180326_1103.jpg 1120w, https:\/\/reisen.dipas.ch\/wp-content\/uploads\/2021\/02\/Istanbul_20180326_1103-350x525.jpg 350w, https:\/\/reisen.dipas.ch\/wp-content\/uploads\/2021\/02\/Istanbul_20180326_1103-747x1120.jpg 747w, https:\/\/reisen.dipas.ch\/wp-content\/uploads\/2021\/02\/Istanbul_20180326_1103-768x1152.jpg 768w, https:\/\/reisen.dipas.ch\/wp-content\/uploads\/2021\/02\/Istanbul_20180326_1103-1024x1536.jpg 1024w\" sizes=\"auto, (max-width: 1120px) 100vw, 1120px\" \/><figcaption>Da haben 80 Millionen Liter Wasser Platz und das war nur f\u00fcr den Sultanspalast!<\/figcaption><\/figure>\n\n\n\n<figure class=\"wp-block-image alignnone size-large\"><img loading=\"lazy\" decoding=\"async\" width=\"1680\" height=\"1120\" src=\"https:\/\/reisen.dipas.ch\/wp-content\/uploads\/2021\/02\/Istanbul_20180326_1107-1680x1120.jpg\" alt=\"\" class=\"wp-image-4020\" srcset=\"https:\/\/reisen.dipas.ch\/wp-content\/uploads\/2021\/02\/Istanbul_20180326_1107.jpg 1680w, https:\/\/reisen.dipas.ch\/wp-content\/uploads\/2021\/02\/Istanbul_20180326_1107-700x467.jpg 700w, https:\/\/reisen.dipas.ch\/wp-content\/uploads\/2021\/02\/Istanbul_20180326_1107-168x112.jpg 168w, https:\/\/reisen.dipas.ch\/wp-content\/uploads\/2021\/02\/Istanbul_20180326_1107-768x512.jpg 768w, https:\/\/reisen.dipas.ch\/wp-content\/uploads\/2021\/02\/Istanbul_20180326_1107-1536x1024.jpg 1536w\" sizes=\"auto, (max-width: 1680px) 100vw, 1680px\" \/><figcaption>Es sind, wie bei allen historischen Geb\u00e4uden, Restaurationen im Gange.<\/figcaption><\/figure>\n\n\n\n<figure class=\"wp-block-image alignnone size-large\"><img loading=\"lazy\" decoding=\"async\" width=\"1680\" height=\"1120\" src=\"https:\/\/reisen.dipas.ch\/wp-content\/uploads\/2021\/02\/Istanbul_20180326_1135-1680x1120.jpg\" alt=\"\" class=\"wp-image-4021\" srcset=\"https:\/\/reisen.dipas.ch\/wp-content\/uploads\/2021\/02\/Istanbul_20180326_1135.jpg 1680w, https:\/\/reisen.dipas.ch\/wp-content\/uploads\/2021\/02\/Istanbul_20180326_1135-700x467.jpg 700w, https:\/\/reisen.dipas.ch\/wp-content\/uploads\/2021\/02\/Istanbul_20180326_1135-168x112.jpg 168w, https:\/\/reisen.dipas.ch\/wp-content\/uploads\/2021\/02\/Istanbul_20180326_1135-768x512.jpg 768w, https:\/\/reisen.dipas.ch\/wp-content\/uploads\/2021\/02\/Istanbul_20180326_1135-1536x1024.jpg 1536w\" sizes=\"auto, (max-width: 1680px) 100vw, 1680px\" \/><figcaption>Gartenanlage im nordwestlichen Aussenbereich des Sultanspalates (\u00f6ffentlich, ohne Eintrittsgeb\u00fchren).<\/figcaption><\/figure>\n\n\n\n<figure class=\"wp-block-image alignnone size-full\"><img loading=\"lazy\" decoding=\"async\" width=\"1260\" height=\"1680\" src=\"https:\/\/reisen.dipas.ch\/wp-content\/uploads\/2021\/02\/Istanbul_20180326_1136.jpg\" alt=\"\" class=\"wp-image-4022\" srcset=\"https:\/\/reisen.dipas.ch\/wp-content\/uploads\/2021\/02\/Istanbul_20180326_1136.jpg 1260w, https:\/\/reisen.dipas.ch\/wp-content\/uploads\/2021\/02\/Istanbul_20180326_1136-394x525.jpg 394w, https:\/\/reisen.dipas.ch\/wp-content\/uploads\/2021\/02\/Istanbul_20180326_1136-840x1120.jpg 840w, https:\/\/reisen.dipas.ch\/wp-content\/uploads\/2021\/02\/Istanbul_20180326_1136-768x1024.jpg 768w, https:\/\/reisen.dipas.ch\/wp-content\/uploads\/2021\/02\/Istanbul_20180326_1136-1152x1536.jpg 1152w\" sizes=\"auto, (max-width: 1260px) 100vw, 1260px\" \/><figcaption>Ein Kiosk wie in alten Zeiten. Ich erinnere mich, dass wir in Basel fr\u00fcher auch Kioskh\u00e4uschen hatten, jedoch nicht so \u00fcppig verziert.<\/figcaption><\/figure>\n\n\n\n<p><a href=\"https:\/\/reisen.dipas.ch\/?page_id=848\">1. Tag Bahnhof<\/a><\/p>\n","protected":false},"excerpt":{"rendered":"<p>Die Zisterne (Cisterna Basilika)&nbsp;im Berg&nbsp;westlich der Hagia Sophia&nbsp;ist unvorstellbar gross und&nbsp;versorgte den Palast&nbsp;mit gutem Wasser aus dem Hinterland. Sie wurde im 6 Jahrhundert erbaut. Zur\u00fcck<\/p>\n<p><a href=\"https:\/\/reisen.dipas.ch\/?page_id=842\" class=\"more-link\">Continue reading<span class=\"screen-reader-text\">Istanbul 2018 1. Tag grosse Zisterne<\/span><\/a><\/p>\n","protected":false},"author":1,"featured_media":0,"parent":19,"menu_order":0,"comment_status":"closed","ping_status":"closed","template":"","meta":{"ngg_post_thumbnail":0,"footnotes":""},"class_list":["post-842","page","type-page","status-publish","hentry"],"_links":{"self":[{"href":"https:\/\/reisen.dipas.ch\/index.php?rest_route=\/wp\/v2\/pages\/842","targetHints":{"allow":["GET"]}}],"collection":[{"href":"https:\/\/reisen.dipas.ch\/index.php?rest_route=\/wp\/v2\/pages"}],"about":[{"href":"https:\/\/reisen.dipas.ch\/index.php?rest_route=\/wp\/v2\/types\/page"}],"author":[{"embeddable":true,"href":"https:\/\/reisen.dipas.ch\/index.php?rest_route=\/wp\/v2\/users\/1"}],"replies":[{"embeddable":true,"href":"https:\/\/reisen.dipas.ch\/index.php?rest_route=%2Fwp%2Fv2%2Fcomments&post=842"}],"version-history":[{"count":12,"href":"https:\/\/reisen.dipas.ch\/index.php?rest_route=\/wp\/v2\/pages\/842\/revisions"}],"predecessor-version":[{"id":4199,"href":"https:\/\/reisen.dipas.ch\/index.php?rest_route=\/wp\/v2\/pages\/842\/revisions\/4199"}],"up":[{"embeddable":true,"href":"https:\/\/reisen.dipas.ch\/index.php?rest_route=\/wp\/v2\/pages\/19"}],"wp:attachment":[{"href":"https:\/\/reisen.dipas.ch\/index.php?rest_route=%2Fwp%2Fv2%2Fmedia&parent=842"}],"curies":[{"name":"wp","href":"https:\/\/api.w.org\/{rel}","templated":true}]}}