{"id":826,"date":"2018-08-18T20:05:40","date_gmt":"2018-08-18T19:05:40","guid":{"rendered":"http:\/\/reisen.dipas.ch\/?page_id=826"},"modified":"2021-02-08T19:04:09","modified_gmt":"2021-02-08T18:04:09","slug":"istanbul-2018-flughafen-zuerich","status":"publish","type":"page","link":"https:\/\/reisen.dipas.ch\/?page_id=826","title":{"rendered":"Istanbul 2018 Flughafen Z\u00fcrich"},"content":{"rendered":"\n<p>Vor der Abreise einige Flugzeuge vom Zuschauerbalkon aus fotografiert. Piste 16 und Blick nach Westen, im Hintergrund ist Regensberg zu sehen.<\/p>\n\n\n\n<p><a href=\"https:\/\/reisen.dipas.ch\/?page_id=19\">Hauptseite Istanbul 2018<\/a><\/p>\n\n\n\n<figure class=\"wp-block-image alignnone size-large\"><img loading=\"lazy\" decoding=\"async\" width=\"1680\" height=\"1120\" src=\"https:\/\/reisen.dipas.ch\/wp-content\/uploads\/2021\/02\/Istanbul_20180325_1330-1680x1120.jpg\" alt=\"\" class=\"wp-image-3976\" srcset=\"https:\/\/reisen.dipas.ch\/wp-content\/uploads\/2021\/02\/Istanbul_20180325_1330.jpg 1680w, https:\/\/reisen.dipas.ch\/wp-content\/uploads\/2021\/02\/Istanbul_20180325_1330-700x467.jpg 700w, https:\/\/reisen.dipas.ch\/wp-content\/uploads\/2021\/02\/Istanbul_20180325_1330-168x112.jpg 168w, https:\/\/reisen.dipas.ch\/wp-content\/uploads\/2021\/02\/Istanbul_20180325_1330-768x512.jpg 768w, https:\/\/reisen.dipas.ch\/wp-content\/uploads\/2021\/02\/Istanbul_20180325_1330-1536x1024.jpg 1536w\" sizes=\"auto, (max-width: 1680px) 100vw, 1680px\" \/><figcaption>Helvetic, eine Tochtergesellschaft der Swiss, die wiederum der Lufthansagruppe angeh\u00f6rt. Neben Helvetic geh\u00f6rt auch Edelweiss zur Swiss.<\/figcaption><\/figure>\n\n\n\n<figure class=\"wp-block-image alignnone size-large\"><img loading=\"lazy\" decoding=\"async\" width=\"1680\" height=\"1120\" src=\"https:\/\/reisen.dipas.ch\/wp-content\/uploads\/2021\/02\/Istanbul_20180325_1330_2-1680x1120.jpg\" alt=\"\" class=\"wp-image-3977\" srcset=\"https:\/\/reisen.dipas.ch\/wp-content\/uploads\/2021\/02\/Istanbul_20180325_1330_2.jpg 1680w, https:\/\/reisen.dipas.ch\/wp-content\/uploads\/2021\/02\/Istanbul_20180325_1330_2-700x467.jpg 700w, https:\/\/reisen.dipas.ch\/wp-content\/uploads\/2021\/02\/Istanbul_20180325_1330_2-168x112.jpg 168w, https:\/\/reisen.dipas.ch\/wp-content\/uploads\/2021\/02\/Istanbul_20180325_1330_2-768x512.jpg 768w, https:\/\/reisen.dipas.ch\/wp-content\/uploads\/2021\/02\/Istanbul_20180325_1330_2-1536x1024.jpg 1536w\" sizes=\"auto, (max-width: 1680px) 100vw, 1680px\" \/><figcaption>A380 der Emirates. Die A380 ist aktuell das gr\u00f6sste Flugzeug, dass t\u00e4glich den Flughafen Z\u00fcrich ansteuert.<\/figcaption><\/figure>\n\n\n\n<figure class=\"wp-block-image size-large\"><img loading=\"lazy\" decoding=\"async\" width=\"1680\" height=\"1120\" src=\"https:\/\/reisen.dipas.ch\/wp-content\/uploads\/2021\/02\/Istanbul_20180325_1332-1680x1120.jpg\" alt=\"\" class=\"wp-image-3978\" srcset=\"https:\/\/reisen.dipas.ch\/wp-content\/uploads\/2021\/02\/Istanbul_20180325_1332.jpg 1680w, https:\/\/reisen.dipas.ch\/wp-content\/uploads\/2021\/02\/Istanbul_20180325_1332-700x467.jpg 700w, https:\/\/reisen.dipas.ch\/wp-content\/uploads\/2021\/02\/Istanbul_20180325_1332-168x112.jpg 168w, https:\/\/reisen.dipas.ch\/wp-content\/uploads\/2021\/02\/Istanbul_20180325_1332-768x512.jpg 768w, https:\/\/reisen.dipas.ch\/wp-content\/uploads\/2021\/02\/Istanbul_20180325_1332-1536x1024.jpg 1536w\" sizes=\"auto, (max-width: 1680px) 100vw, 1680px\" \/><\/figure>\n\n\n\n<figure class=\"wp-block-image size-large\"><img loading=\"lazy\" decoding=\"async\" width=\"1680\" height=\"1120\" src=\"https:\/\/reisen.dipas.ch\/wp-content\/uploads\/2021\/02\/Istanbul_20180325_1332_2-1680x1120.jpg\" alt=\"\" class=\"wp-image-3979\" srcset=\"https:\/\/reisen.dipas.ch\/wp-content\/uploads\/2021\/02\/Istanbul_20180325_1332_2.jpg 1680w, https:\/\/reisen.dipas.ch\/wp-content\/uploads\/2021\/02\/Istanbul_20180325_1332_2-700x467.jpg 700w, https:\/\/reisen.dipas.ch\/wp-content\/uploads\/2021\/02\/Istanbul_20180325_1332_2-168x112.jpg 168w, https:\/\/reisen.dipas.ch\/wp-content\/uploads\/2021\/02\/Istanbul_20180325_1332_2-768x512.jpg 768w, https:\/\/reisen.dipas.ch\/wp-content\/uploads\/2021\/02\/Istanbul_20180325_1332_2-1536x1024.jpg 1536w\" sizes=\"auto, (max-width: 1680px) 100vw, 1680px\" \/><\/figure>\n\n\n\n<figure class=\"wp-block-image alignnone size-large\"><img loading=\"lazy\" decoding=\"async\" width=\"1680\" height=\"1120\" src=\"https:\/\/reisen.dipas.ch\/wp-content\/uploads\/2021\/02\/Istanbul_20180325_1335-1680x1120.jpg\" alt=\"\" class=\"wp-image-3980\" srcset=\"https:\/\/reisen.dipas.ch\/wp-content\/uploads\/2021\/02\/Istanbul_20180325_1335.jpg 1680w, https:\/\/reisen.dipas.ch\/wp-content\/uploads\/2021\/02\/Istanbul_20180325_1335-700x467.jpg 700w, https:\/\/reisen.dipas.ch\/wp-content\/uploads\/2021\/02\/Istanbul_20180325_1335-168x112.jpg 168w, https:\/\/reisen.dipas.ch\/wp-content\/uploads\/2021\/02\/Istanbul_20180325_1335-768x512.jpg 768w, https:\/\/reisen.dipas.ch\/wp-content\/uploads\/2021\/02\/Istanbul_20180325_1335-1536x1024.jpg 1536w\" sizes=\"auto, (max-width: 1680px) 100vw, 1680px\" \/><figcaption>Piste 16 mit Blick auf den spot place an der Piste, der nur mit der Flughafenrundfahrt erreicht werden kann.<\/figcaption><\/figure>\n\n\n\n<figure class=\"wp-block-image size-large\"><img loading=\"lazy\" decoding=\"async\" width=\"1680\" height=\"1120\" src=\"https:\/\/reisen.dipas.ch\/wp-content\/uploads\/2021\/02\/Istanbul_20180325_1335_2-1680x1120.jpg\" alt=\"\" class=\"wp-image-4186\" srcset=\"https:\/\/reisen.dipas.ch\/wp-content\/uploads\/2021\/02\/Istanbul_20180325_1335_2.jpg 1680w, https:\/\/reisen.dipas.ch\/wp-content\/uploads\/2021\/02\/Istanbul_20180325_1335_2-700x467.jpg 700w, https:\/\/reisen.dipas.ch\/wp-content\/uploads\/2021\/02\/Istanbul_20180325_1335_2-168x112.jpg 168w, https:\/\/reisen.dipas.ch\/wp-content\/uploads\/2021\/02\/Istanbul_20180325_1335_2-768x512.jpg 768w, https:\/\/reisen.dipas.ch\/wp-content\/uploads\/2021\/02\/Istanbul_20180325_1335_2-1536x1024.jpg 1536w\" sizes=\"auto, (max-width: 1680px) 100vw, 1680px\" \/><\/figure>\n\n\n\n<figure class=\"wp-block-image alignnone size-large\"><img loading=\"lazy\" decoding=\"async\" width=\"1680\" height=\"1120\" src=\"https:\/\/reisen.dipas.ch\/wp-content\/uploads\/2021\/02\/Istanbul_20180325_1335_3-1680x1120.jpg\" alt=\"\" class=\"wp-image-4187\" srcset=\"https:\/\/reisen.dipas.ch\/wp-content\/uploads\/2021\/02\/Istanbul_20180325_1335_3.jpg 1680w, https:\/\/reisen.dipas.ch\/wp-content\/uploads\/2021\/02\/Istanbul_20180325_1335_3-700x467.jpg 700w, https:\/\/reisen.dipas.ch\/wp-content\/uploads\/2021\/02\/Istanbul_20180325_1335_3-168x112.jpg 168w, https:\/\/reisen.dipas.ch\/wp-content\/uploads\/2021\/02\/Istanbul_20180325_1335_3-768x512.jpg 768w, https:\/\/reisen.dipas.ch\/wp-content\/uploads\/2021\/02\/Istanbul_20180325_1335_3-1536x1024.jpg 1536w\" sizes=\"auto, (max-width: 1680px) 100vw, 1680px\" \/><figcaption>Neben der Airbus A340-313 der Swiss ist im Hintergrund Regensberg zu sehen. Ein Besuch des mitteralterlichen St\u00e4dtchens lohnt sich.<\/figcaption><\/figure>\n\n\n\n<figure class=\"wp-block-image alignnone size-large\"><img loading=\"lazy\" decoding=\"async\" width=\"1680\" height=\"1120\" src=\"https:\/\/reisen.dipas.ch\/wp-content\/uploads\/2021\/02\/Istanbul_20180325_1348-1680x1120.jpg\" alt=\"\" class=\"wp-image-4188\" srcset=\"https:\/\/reisen.dipas.ch\/wp-content\/uploads\/2021\/02\/Istanbul_20180325_1348.jpg 1680w, https:\/\/reisen.dipas.ch\/wp-content\/uploads\/2021\/02\/Istanbul_20180325_1348-700x467.jpg 700w, https:\/\/reisen.dipas.ch\/wp-content\/uploads\/2021\/02\/Istanbul_20180325_1348-168x112.jpg 168w, https:\/\/reisen.dipas.ch\/wp-content\/uploads\/2021\/02\/Istanbul_20180325_1348-768x512.jpg 768w, https:\/\/reisen.dipas.ch\/wp-content\/uploads\/2021\/02\/Istanbul_20180325_1348-1536x1024.jpg 1536w\" sizes=\"auto, (max-width: 1680px) 100vw, 1680px\" \/><figcaption>Die Boeing 777-3AL der Thai Airways fliegt wohl nach Bangkok.<\/figcaption><\/figure>\n\n\n\n<figure class=\"wp-block-image size-large\"><img loading=\"lazy\" decoding=\"async\" width=\"1680\" height=\"1120\" src=\"https:\/\/reisen.dipas.ch\/wp-content\/uploads\/2021\/02\/Istanbul_20180325_1348_2-1680x1120.jpg\" alt=\"\" class=\"wp-image-3981\" srcset=\"https:\/\/reisen.dipas.ch\/wp-content\/uploads\/2021\/02\/Istanbul_20180325_1348_2.jpg 1680w, https:\/\/reisen.dipas.ch\/wp-content\/uploads\/2021\/02\/Istanbul_20180325_1348_2-700x467.jpg 700w, https:\/\/reisen.dipas.ch\/wp-content\/uploads\/2021\/02\/Istanbul_20180325_1348_2-168x112.jpg 168w, https:\/\/reisen.dipas.ch\/wp-content\/uploads\/2021\/02\/Istanbul_20180325_1348_2-768x512.jpg 768w, https:\/\/reisen.dipas.ch\/wp-content\/uploads\/2021\/02\/Istanbul_20180325_1348_2-1536x1024.jpg 1536w\" sizes=\"auto, (max-width: 1680px) 100vw, 1680px\" \/><\/figure>\n\n\n\n<p><a href=\"https:\/\/reisen.dipas.ch\/?page_id=833\">1. Tag Bei den Moscheen<\/a><\/p>\n","protected":false},"excerpt":{"rendered":"<p>Vor der Abreise einige Flugzeuge vom Zuschauerbalkon aus fotografiert. Piste 16 und Blick nach Westen, im Hintergrund ist Regensberg zu sehen. Hauptseite Istanbul 2018 1.<\/p>\n<p><a href=\"https:\/\/reisen.dipas.ch\/?page_id=826\" class=\"more-link\">Continue reading<span class=\"screen-reader-text\">Istanbul 2018 Flughafen Z\u00fcrich<\/span><\/a><\/p>\n","protected":false},"author":1,"featured_media":0,"parent":19,"menu_order":0,"comment_status":"closed","ping_status":"closed","template":"","meta":{"ngg_post_thumbnail":0,"footnotes":""},"class_list":["post-826","page","type-page","status-publish","hentry"],"_links":{"self":[{"href":"https:\/\/reisen.dipas.ch\/index.php?rest_route=\/wp\/v2\/pages\/826","targetHints":{"allow":["GET"]}}],"collection":[{"href":"https:\/\/reisen.dipas.ch\/index.php?rest_route=\/wp\/v2\/pages"}],"about":[{"href":"https:\/\/reisen.dipas.ch\/index.php?rest_route=\/wp\/v2\/types\/page"}],"author":[{"embeddable":true,"href":"https:\/\/reisen.dipas.ch\/index.php?rest_route=\/wp\/v2\/users\/1"}],"replies":[{"embeddable":true,"href":"https:\/\/reisen.dipas.ch\/index.php?rest_route=%2Fwp%2Fv2%2Fcomments&post=826"}],"version-history":[{"count":8,"href":"https:\/\/reisen.dipas.ch\/index.php?rest_route=\/wp\/v2\/pages\/826\/revisions"}],"predecessor-version":[{"id":4189,"href":"https:\/\/reisen.dipas.ch\/index.php?rest_route=\/wp\/v2\/pages\/826\/revisions\/4189"}],"up":[{"embeddable":true,"href":"https:\/\/reisen.dipas.ch\/index.php?rest_route=\/wp\/v2\/pages\/19"}],"wp:attachment":[{"href":"https:\/\/reisen.dipas.ch\/index.php?rest_route=%2Fwp%2Fv2%2Fmedia&parent=826"}],"curies":[{"name":"wp","href":"https:\/\/api.w.org\/{rel}","templated":true}]}}