{"id":5417,"date":"2025-11-02T23:25:22","date_gmt":"2025-11-02T22:25:22","guid":{"rendered":"https:\/\/reisen.dipas.ch\/?page_id=5417"},"modified":"2025-11-03T00:03:03","modified_gmt":"2025-11-02T23:03:03","slug":"suedtirol-2021-2-tag","status":"publish","type":"page","link":"https:\/\/reisen.dipas.ch\/?page_id=5417","title":{"rendered":"S\u00fcdtirol 2021, 2. Tag"},"content":{"rendered":"\n<figure class=\"wp-block-image size-full\"><img loading=\"lazy\" decoding=\"async\" width=\"1680\" height=\"756\" src=\"https:\/\/reisen.dipas.ch\/wp-content\/uploads\/2025\/11\/IMG_20211009_095617_FX.jpg\" alt=\"\" class=\"wp-image-5444\" srcset=\"https:\/\/reisen.dipas.ch\/wp-content\/uploads\/2025\/11\/IMG_20211009_095617_FX.jpg 1680w, https:\/\/reisen.dipas.ch\/wp-content\/uploads\/2025\/11\/IMG_20211009_095617_FX-700x315.jpg 700w, https:\/\/reisen.dipas.ch\/wp-content\/uploads\/2025\/11\/IMG_20211009_095617_FX-768x346.jpg 768w, https:\/\/reisen.dipas.ch\/wp-content\/uploads\/2025\/11\/IMG_20211009_095617_FX-1536x691.jpg 1536w\" sizes=\"auto, (max-width: 1680px) 100vw, 1680px\" \/><\/figure>\n\n\n\n<figure class=\"wp-block-image size-large\"><img loading=\"lazy\" decoding=\"async\" width=\"504\" height=\"1120\" src=\"https:\/\/reisen.dipas.ch\/wp-content\/uploads\/2025\/11\/IMG_20211009_105159_FX-504x1120.jpg\" alt=\"\" class=\"wp-image-5445\" srcset=\"https:\/\/reisen.dipas.ch\/wp-content\/uploads\/2025\/11\/IMG_20211009_105159_FX-504x1120.jpg 504w, https:\/\/reisen.dipas.ch\/wp-content\/uploads\/2025\/11\/IMG_20211009_105159_FX-236x525.jpg 236w, https:\/\/reisen.dipas.ch\/wp-content\/uploads\/2025\/11\/IMG_20211009_105159_FX-691x1536.jpg 691w, https:\/\/reisen.dipas.ch\/wp-content\/uploads\/2025\/11\/IMG_20211009_105159_FX.jpg 756w\" sizes=\"auto, (max-width: 504px) 100vw, 504px\" \/><\/figure>\n\n\n\n<figure class=\"wp-block-image size-full\"><img loading=\"lazy\" decoding=\"async\" width=\"1680\" height=\"756\" src=\"https:\/\/reisen.dipas.ch\/wp-content\/uploads\/2025\/11\/IMG_20211009_105709_FX.jpg\" alt=\"\" class=\"wp-image-5447\" srcset=\"https:\/\/reisen.dipas.ch\/wp-content\/uploads\/2025\/11\/IMG_20211009_105709_FX.jpg 1680w, https:\/\/reisen.dipas.ch\/wp-content\/uploads\/2025\/11\/IMG_20211009_105709_FX-700x315.jpg 700w, https:\/\/reisen.dipas.ch\/wp-content\/uploads\/2025\/11\/IMG_20211009_105709_FX-768x346.jpg 768w, https:\/\/reisen.dipas.ch\/wp-content\/uploads\/2025\/11\/IMG_20211009_105709_FX-1536x691.jpg 1536w\" sizes=\"auto, (max-width: 1680px) 100vw, 1680px\" \/><\/figure>\n\n\n\n<figure class=\"wp-block-image size-large\"><img loading=\"lazy\" decoding=\"async\" width=\"504\" height=\"1120\" src=\"https:\/\/reisen.dipas.ch\/wp-content\/uploads\/2025\/11\/IMG_20211009_110046_FX-504x1120.jpg\" alt=\"\" class=\"wp-image-5448\" srcset=\"https:\/\/reisen.dipas.ch\/wp-content\/uploads\/2025\/11\/IMG_20211009_110046_FX-504x1120.jpg 504w, https:\/\/reisen.dipas.ch\/wp-content\/uploads\/2025\/11\/IMG_20211009_110046_FX-236x525.jpg 236w, https:\/\/reisen.dipas.ch\/wp-content\/uploads\/2025\/11\/IMG_20211009_110046_FX-691x1536.jpg 691w, https:\/\/reisen.dipas.ch\/wp-content\/uploads\/2025\/11\/IMG_20211009_110046_FX.jpg 756w\" sizes=\"auto, (max-width: 504px) 100vw, 504px\" \/><\/figure>\n\n\n\n<figure class=\"wp-block-image size-large\"><img loading=\"lazy\" decoding=\"async\" width=\"504\" height=\"1120\" src=\"https:\/\/reisen.dipas.ch\/wp-content\/uploads\/2025\/11\/IMG_20211009_105538_FX-504x1120.jpg\" alt=\"\" class=\"wp-image-5446\" srcset=\"https:\/\/reisen.dipas.ch\/wp-content\/uploads\/2025\/11\/IMG_20211009_105538_FX-504x1120.jpg 504w, https:\/\/reisen.dipas.ch\/wp-content\/uploads\/2025\/11\/IMG_20211009_105538_FX-236x525.jpg 236w, https:\/\/reisen.dipas.ch\/wp-content\/uploads\/2025\/11\/IMG_20211009_105538_FX-691x1536.jpg 691w, https:\/\/reisen.dipas.ch\/wp-content\/uploads\/2025\/11\/IMG_20211009_105538_FX.jpg 756w\" sizes=\"auto, (max-width: 504px) 100vw, 504px\" \/><\/figure>\n\n\n\n<figure class=\"wp-block-image size-large\"><img loading=\"lazy\" decoding=\"async\" width=\"504\" height=\"1120\" src=\"https:\/\/reisen.dipas.ch\/wp-content\/uploads\/2025\/11\/IMG_20211009_110140_FX-504x1120.jpg\" alt=\"\" class=\"wp-image-5449\" srcset=\"https:\/\/reisen.dipas.ch\/wp-content\/uploads\/2025\/11\/IMG_20211009_110140_FX-504x1120.jpg 504w, https:\/\/reisen.dipas.ch\/wp-content\/uploads\/2025\/11\/IMG_20211009_110140_FX-236x525.jpg 236w, https:\/\/reisen.dipas.ch\/wp-content\/uploads\/2025\/11\/IMG_20211009_110140_FX-691x1536.jpg 691w, https:\/\/reisen.dipas.ch\/wp-content\/uploads\/2025\/11\/IMG_20211009_110140_FX.jpg 756w\" sizes=\"auto, (max-width: 504px) 100vw, 504px\" \/><\/figure>\n\n\n\n<figure class=\"wp-block-image size-full\"><img loading=\"lazy\" decoding=\"async\" width=\"1680\" height=\"756\" src=\"https:\/\/reisen.dipas.ch\/wp-content\/uploads\/2025\/11\/IMG_20211009_110504_FX.jpg\" alt=\"\" class=\"wp-image-5450\" srcset=\"https:\/\/reisen.dipas.ch\/wp-content\/uploads\/2025\/11\/IMG_20211009_110504_FX.jpg 1680w, https:\/\/reisen.dipas.ch\/wp-content\/uploads\/2025\/11\/IMG_20211009_110504_FX-700x315.jpg 700w, https:\/\/reisen.dipas.ch\/wp-content\/uploads\/2025\/11\/IMG_20211009_110504_FX-768x346.jpg 768w, https:\/\/reisen.dipas.ch\/wp-content\/uploads\/2025\/11\/IMG_20211009_110504_FX-1536x691.jpg 1536w\" sizes=\"auto, (max-width: 1680px) 100vw, 1680px\" \/><\/figure>\n\n\n\n<figure class=\"wp-block-image size-full\"><img loading=\"lazy\" decoding=\"async\" width=\"1680\" height=\"756\" src=\"https:\/\/reisen.dipas.ch\/wp-content\/uploads\/2025\/11\/IMG_20211009_110614_FX.jpg\" alt=\"\" class=\"wp-image-5451\" srcset=\"https:\/\/reisen.dipas.ch\/wp-content\/uploads\/2025\/11\/IMG_20211009_110614_FX.jpg 1680w, https:\/\/reisen.dipas.ch\/wp-content\/uploads\/2025\/11\/IMG_20211009_110614_FX-700x315.jpg 700w, https:\/\/reisen.dipas.ch\/wp-content\/uploads\/2025\/11\/IMG_20211009_110614_FX-768x346.jpg 768w, https:\/\/reisen.dipas.ch\/wp-content\/uploads\/2025\/11\/IMG_20211009_110614_FX-1536x691.jpg 1536w\" sizes=\"auto, (max-width: 1680px) 100vw, 1680px\" \/><\/figure>\n\n\n\n<figure class=\"wp-block-image size-large\"><img loading=\"lazy\" decoding=\"async\" width=\"504\" height=\"1120\" src=\"https:\/\/reisen.dipas.ch\/wp-content\/uploads\/2025\/11\/IMG_20211009_131733_FX-504x1120.jpg\" alt=\"\" class=\"wp-image-5454\" srcset=\"https:\/\/reisen.dipas.ch\/wp-content\/uploads\/2025\/11\/IMG_20211009_131733_FX-504x1120.jpg 504w, https:\/\/reisen.dipas.ch\/wp-content\/uploads\/2025\/11\/IMG_20211009_131733_FX-236x525.jpg 236w, https:\/\/reisen.dipas.ch\/wp-content\/uploads\/2025\/11\/IMG_20211009_131733_FX-691x1536.jpg 691w, https:\/\/reisen.dipas.ch\/wp-content\/uploads\/2025\/11\/IMG_20211009_131733_FX.jpg 756w\" sizes=\"auto, (max-width: 504px) 100vw, 504px\" \/><\/figure>\n\n\n\n<figure class=\"wp-block-image size-full\"><img loading=\"lazy\" decoding=\"async\" width=\"1680\" height=\"756\" src=\"https:\/\/reisen.dipas.ch\/wp-content\/uploads\/2025\/11\/IMG_20211009_145405_FX.jpg\" alt=\"\" class=\"wp-image-5455\" srcset=\"https:\/\/reisen.dipas.ch\/wp-content\/uploads\/2025\/11\/IMG_20211009_145405_FX.jpg 1680w, https:\/\/reisen.dipas.ch\/wp-content\/uploads\/2025\/11\/IMG_20211009_145405_FX-700x315.jpg 700w, https:\/\/reisen.dipas.ch\/wp-content\/uploads\/2025\/11\/IMG_20211009_145405_FX-768x346.jpg 768w, https:\/\/reisen.dipas.ch\/wp-content\/uploads\/2025\/11\/IMG_20211009_145405_FX-1536x691.jpg 1536w\" sizes=\"auto, (max-width: 1680px) 100vw, 1680px\" \/><\/figure>\n\n\n\n<figure class=\"wp-block-image size-large\"><img loading=\"lazy\" decoding=\"async\" width=\"665\" height=\"1120\" src=\"https:\/\/reisen.dipas.ch\/wp-content\/uploads\/2025\/11\/20211009_130133_FX-665x1120.jpg\" alt=\"\" class=\"wp-image-5442\" srcset=\"https:\/\/reisen.dipas.ch\/wp-content\/uploads\/2025\/11\/20211009_130133_FX-665x1120.jpg 665w, https:\/\/reisen.dipas.ch\/wp-content\/uploads\/2025\/11\/20211009_130133_FX-312x525.jpg 312w, https:\/\/reisen.dipas.ch\/wp-content\/uploads\/2025\/11\/20211009_130133_FX-768x1294.jpg 768w, https:\/\/reisen.dipas.ch\/wp-content\/uploads\/2025\/11\/20211009_130133_FX-912x1536.jpg 912w, https:\/\/reisen.dipas.ch\/wp-content\/uploads\/2025\/11\/20211009_130133_FX.jpg 997w\" sizes=\"auto, (max-width: 665px) 100vw, 665px\" \/><\/figure>\n\n\n\n<figure class=\"wp-block-image size-large\"><img loading=\"lazy\" decoding=\"async\" width=\"631\" height=\"1120\" src=\"https:\/\/reisen.dipas.ch\/wp-content\/uploads\/2025\/11\/20211009_131906_FX-631x1120.jpg\" alt=\"\" class=\"wp-image-5443\" srcset=\"https:\/\/reisen.dipas.ch\/wp-content\/uploads\/2025\/11\/20211009_131906_FX-631x1120.jpg 631w, https:\/\/reisen.dipas.ch\/wp-content\/uploads\/2025\/11\/20211009_131906_FX-296x525.jpg 296w, https:\/\/reisen.dipas.ch\/wp-content\/uploads\/2025\/11\/20211009_131906_FX-768x1364.jpg 768w, https:\/\/reisen.dipas.ch\/wp-content\/uploads\/2025\/11\/20211009_131906_FX-865x1536.jpg 865w, https:\/\/reisen.dipas.ch\/wp-content\/uploads\/2025\/11\/20211009_131906_FX.jpg 946w\" sizes=\"auto, (max-width: 631px) 100vw, 631px\" \/><\/figure>\n\n\n\n<figure class=\"wp-block-image size-large\"><img loading=\"lazy\" decoding=\"async\" width=\"504\" height=\"1120\" src=\"https:\/\/reisen.dipas.ch\/wp-content\/uploads\/2025\/11\/IMG_20211009_130321_FX-504x1120.jpg\" alt=\"\" class=\"wp-image-5452\" srcset=\"https:\/\/reisen.dipas.ch\/wp-content\/uploads\/2025\/11\/IMG_20211009_130321_FX-504x1120.jpg 504w, https:\/\/reisen.dipas.ch\/wp-content\/uploads\/2025\/11\/IMG_20211009_130321_FX-236x525.jpg 236w, https:\/\/reisen.dipas.ch\/wp-content\/uploads\/2025\/11\/IMG_20211009_130321_FX-691x1536.jpg 691w, https:\/\/reisen.dipas.ch\/wp-content\/uploads\/2025\/11\/IMG_20211009_130321_FX.jpg 756w\" sizes=\"auto, (max-width: 504px) 100vw, 504px\" \/><\/figure>\n\n\n\n<figure class=\"wp-block-image size-large\"><img loading=\"lazy\" decoding=\"async\" width=\"504\" height=\"1120\" src=\"https:\/\/reisen.dipas.ch\/wp-content\/uploads\/2025\/11\/IMG_20211009_130819_FX-504x1120.jpg\" alt=\"\" class=\"wp-image-5453\" srcset=\"https:\/\/reisen.dipas.ch\/wp-content\/uploads\/2025\/11\/IMG_20211009_130819_FX-504x1120.jpg 504w, https:\/\/reisen.dipas.ch\/wp-content\/uploads\/2025\/11\/IMG_20211009_130819_FX-236x525.jpg 236w, https:\/\/reisen.dipas.ch\/wp-content\/uploads\/2025\/11\/IMG_20211009_130819_FX-691x1536.jpg 691w, https:\/\/reisen.dipas.ch\/wp-content\/uploads\/2025\/11\/IMG_20211009_130819_FX.jpg 756w\" sizes=\"auto, (max-width: 504px) 100vw, 504px\" \/><\/figure>\n\n\n\n<figure class=\"wp-block-image size-full\"><img loading=\"lazy\" decoding=\"async\" width=\"1680\" height=\"756\" src=\"https:\/\/reisen.dipas.ch\/wp-content\/uploads\/2025\/11\/IMG_20211009_155529_FX.jpg\" alt=\"\" class=\"wp-image-5457\" srcset=\"https:\/\/reisen.dipas.ch\/wp-content\/uploads\/2025\/11\/IMG_20211009_155529_FX.jpg 1680w, https:\/\/reisen.dipas.ch\/wp-content\/uploads\/2025\/11\/IMG_20211009_155529_FX-700x315.jpg 700w, https:\/\/reisen.dipas.ch\/wp-content\/uploads\/2025\/11\/IMG_20211009_155529_FX-768x346.jpg 768w, https:\/\/reisen.dipas.ch\/wp-content\/uploads\/2025\/11\/IMG_20211009_155529_FX-1536x691.jpg 1536w\" sizes=\"auto, (max-width: 1680px) 100vw, 1680px\" \/><\/figure>\n\n\n\n<figure class=\"wp-block-image size-full\"><img loading=\"lazy\" decoding=\"async\" width=\"1680\" height=\"756\" src=\"https:\/\/reisen.dipas.ch\/wp-content\/uploads\/2025\/11\/IMG_20211009_155631_FX.jpg\" alt=\"\" class=\"wp-image-5458\" srcset=\"https:\/\/reisen.dipas.ch\/wp-content\/uploads\/2025\/11\/IMG_20211009_155631_FX.jpg 1680w, https:\/\/reisen.dipas.ch\/wp-content\/uploads\/2025\/11\/IMG_20211009_155631_FX-700x315.jpg 700w, https:\/\/reisen.dipas.ch\/wp-content\/uploads\/2025\/11\/IMG_20211009_155631_FX-768x346.jpg 768w, https:\/\/reisen.dipas.ch\/wp-content\/uploads\/2025\/11\/IMG_20211009_155631_FX-1536x691.jpg 1536w\" sizes=\"auto, (max-width: 1680px) 100vw, 1680px\" \/><\/figure>\n\n\n\n<figure class=\"wp-block-image size-full\"><img loading=\"lazy\" decoding=\"async\" width=\"1680\" height=\"756\" src=\"https:\/\/reisen.dipas.ch\/wp-content\/uploads\/2025\/11\/IMG_20211009_162442_FX.jpg\" alt=\"\" class=\"wp-image-5459\" srcset=\"https:\/\/reisen.dipas.ch\/wp-content\/uploads\/2025\/11\/IMG_20211009_162442_FX.jpg 1680w, https:\/\/reisen.dipas.ch\/wp-content\/uploads\/2025\/11\/IMG_20211009_162442_FX-700x315.jpg 700w, https:\/\/reisen.dipas.ch\/wp-content\/uploads\/2025\/11\/IMG_20211009_162442_FX-768x346.jpg 768w, https:\/\/reisen.dipas.ch\/wp-content\/uploads\/2025\/11\/IMG_20211009_162442_FX-1536x691.jpg 1536w\" sizes=\"auto, (max-width: 1680px) 100vw, 1680px\" \/><\/figure>\n\n\n\n<figure class=\"wp-block-image size-large\"><img loading=\"lazy\" decoding=\"async\" width=\"504\" height=\"1120\" src=\"https:\/\/reisen.dipas.ch\/wp-content\/uploads\/2025\/11\/IMG_20211009_155305_FX-504x1120.jpg\" alt=\"\" class=\"wp-image-5456\" srcset=\"https:\/\/reisen.dipas.ch\/wp-content\/uploads\/2025\/11\/IMG_20211009_155305_FX-504x1120.jpg 504w, https:\/\/reisen.dipas.ch\/wp-content\/uploads\/2025\/11\/IMG_20211009_155305_FX-236x525.jpg 236w, https:\/\/reisen.dipas.ch\/wp-content\/uploads\/2025\/11\/IMG_20211009_155305_FX-691x1536.jpg 691w, https:\/\/reisen.dipas.ch\/wp-content\/uploads\/2025\/11\/IMG_20211009_155305_FX.jpg 756w\" sizes=\"auto, (max-width: 504px) 100vw, 504px\" \/><\/figure>\n\n\n\n<figure class=\"wp-block-image size-full\"><img loading=\"lazy\" decoding=\"async\" width=\"1680\" height=\"756\" src=\"https:\/\/reisen.dipas.ch\/wp-content\/uploads\/2025\/11\/IMG_20211009_173545_FX.jpg\" alt=\"\" class=\"wp-image-5441\" srcset=\"https:\/\/reisen.dipas.ch\/wp-content\/uploads\/2025\/11\/IMG_20211009_173545_FX.jpg 1680w, https:\/\/reisen.dipas.ch\/wp-content\/uploads\/2025\/11\/IMG_20211009_173545_FX-700x315.jpg 700w, https:\/\/reisen.dipas.ch\/wp-content\/uploads\/2025\/11\/IMG_20211009_173545_FX-768x346.jpg 768w, https:\/\/reisen.dipas.ch\/wp-content\/uploads\/2025\/11\/IMG_20211009_173545_FX-1536x691.jpg 1536w\" sizes=\"auto, (max-width: 1680px) 100vw, 1680px\" \/><\/figure>\n\n\n\n<div class=\"wp-block-columns is-layout-flex wp-container-core-columns-is-layout-9d6595d7 wp-block-columns-is-layout-flex\">\n<div class=\"wp-block-column is-layout-flow wp-block-column-is-layout-flow\">\n<p><a href=\"https:\/\/reisen.dipas.ch\/?page_id=5398\">Zur\u00fcck zu S\u00fcdtirol 2021, 1. Tag<\/a><\/p>\n<\/div>\n\n\n\n<div class=\"wp-block-column is-layout-flow wp-block-column-is-layout-flow\">\n<p class=\"has-text-align-right\"><a href=\"https:\/\/reisen.dipas.ch\/?page_id=5422\">Weiter zu S\u00fcdtirol 2021, 3. Tag<\/a><\/p>\n<\/div>\n<\/div>\n","protected":false},"excerpt":{"rendered":"<p>Zur\u00fcck zu S\u00fcdtirol 2021, 1. Tag Weiter zu S\u00fcdtirol 2021, 3. Tag<\/p>\n","protected":false},"author":1,"featured_media":0,"parent":0,"menu_order":0,"comment_status":"closed","ping_status":"closed","template":"","meta":{"ngg_post_thumbnail":0,"footnotes":""},"class_list":["post-5417","page","type-page","status-publish","hentry"],"_links":{"self":[{"href":"https:\/\/reisen.dipas.ch\/index.php?rest_route=\/wp\/v2\/pages\/5417","targetHints":{"allow":["GET"]}}],"collection":[{"href":"https:\/\/reisen.dipas.ch\/index.php?rest_route=\/wp\/v2\/pages"}],"about":[{"href":"https:\/\/reisen.dipas.ch\/index.php?rest_route=\/wp\/v2\/types\/page"}],"author":[{"embeddable":true,"href":"https:\/\/reisen.dipas.ch\/index.php?rest_route=\/wp\/v2\/users\/1"}],"replies":[{"embeddable":true,"href":"https:\/\/reisen.dipas.ch\/index.php?rest_route=%2Fwp%2Fv2%2Fcomments&post=5417"}],"version-history":[{"count":6,"href":"https:\/\/reisen.dipas.ch\/index.php?rest_route=\/wp\/v2\/pages\/5417\/revisions"}],"predecessor-version":[{"id":5463,"href":"https:\/\/reisen.dipas.ch\/index.php?rest_route=\/wp\/v2\/pages\/5417\/revisions\/5463"}],"wp:attachment":[{"href":"https:\/\/reisen.dipas.ch\/index.php?rest_route=%2Fwp%2Fv2%2Fmedia&parent=5417"}],"curies":[{"name":"wp","href":"https:\/\/api.w.org\/{rel}","templated":true}]}}