{"id":5398,"date":"2025-11-02T23:11:48","date_gmt":"2025-11-02T22:11:48","guid":{"rendered":"https:\/\/reisen.dipas.ch\/?page_id=5398"},"modified":"2025-11-02T23:56:46","modified_gmt":"2025-11-02T22:56:46","slug":"suedtirol-2021-1-tag","status":"publish","type":"page","link":"https:\/\/reisen.dipas.ch\/?page_id=5398","title":{"rendered":"S\u00fcdtirol 2021 1. Tag"},"content":{"rendered":"\n<p>Fahrt auf den Fl\u00fcelapass und Wanderung zu den J\u00f6riseen.<\/p>\n\n\n\n<figure class=\"wp-block-image size-full\"><img loading=\"lazy\" decoding=\"async\" width=\"1680\" height=\"756\" src=\"https:\/\/reisen.dipas.ch\/wp-content\/uploads\/2025\/11\/IMG_20211008_112412_FX.jpg\" alt=\"\" class=\"wp-image-5407\" srcset=\"https:\/\/reisen.dipas.ch\/wp-content\/uploads\/2025\/11\/IMG_20211008_112412_FX.jpg 1680w, https:\/\/reisen.dipas.ch\/wp-content\/uploads\/2025\/11\/IMG_20211008_112412_FX-700x315.jpg 700w, https:\/\/reisen.dipas.ch\/wp-content\/uploads\/2025\/11\/IMG_20211008_112412_FX-768x346.jpg 768w, https:\/\/reisen.dipas.ch\/wp-content\/uploads\/2025\/11\/IMG_20211008_112412_FX-1536x691.jpg 1536w\" sizes=\"auto, (max-width: 1680px) 100vw, 1680px\" \/><\/figure>\n\n\n\n<figure class=\"wp-block-image size-full\"><img loading=\"lazy\" decoding=\"async\" width=\"1680\" height=\"756\" src=\"https:\/\/reisen.dipas.ch\/wp-content\/uploads\/2025\/11\/IMG_20211008_130207_FX.jpg\" alt=\"\" class=\"wp-image-5409\" srcset=\"https:\/\/reisen.dipas.ch\/wp-content\/uploads\/2025\/11\/IMG_20211008_130207_FX.jpg 1680w, https:\/\/reisen.dipas.ch\/wp-content\/uploads\/2025\/11\/IMG_20211008_130207_FX-700x315.jpg 700w, https:\/\/reisen.dipas.ch\/wp-content\/uploads\/2025\/11\/IMG_20211008_130207_FX-768x346.jpg 768w, https:\/\/reisen.dipas.ch\/wp-content\/uploads\/2025\/11\/IMG_20211008_130207_FX-1536x691.jpg 1536w\" sizes=\"auto, (max-width: 1680px) 100vw, 1680px\" \/><\/figure>\n\n\n\n<figure class=\"wp-block-image size-full\"><img loading=\"lazy\" decoding=\"async\" width=\"1680\" height=\"756\" src=\"https:\/\/reisen.dipas.ch\/wp-content\/uploads\/2025\/11\/IMG_20211008_112136_FX.jpg\" alt=\"\" class=\"wp-image-5406\" srcset=\"https:\/\/reisen.dipas.ch\/wp-content\/uploads\/2025\/11\/IMG_20211008_112136_FX.jpg 1680w, https:\/\/reisen.dipas.ch\/wp-content\/uploads\/2025\/11\/IMG_20211008_112136_FX-700x315.jpg 700w, https:\/\/reisen.dipas.ch\/wp-content\/uploads\/2025\/11\/IMG_20211008_112136_FX-768x346.jpg 768w, https:\/\/reisen.dipas.ch\/wp-content\/uploads\/2025\/11\/IMG_20211008_112136_FX-1536x691.jpg 1536w\" sizes=\"auto, (max-width: 1680px) 100vw, 1680px\" \/><\/figure>\n\n\n\n<figure class=\"wp-block-image size-full\"><img loading=\"lazy\" decoding=\"async\" width=\"1680\" height=\"756\" src=\"https:\/\/reisen.dipas.ch\/wp-content\/uploads\/2025\/11\/IMG_20211008_120638_FX.jpg\" alt=\"\" class=\"wp-image-5408\" srcset=\"https:\/\/reisen.dipas.ch\/wp-content\/uploads\/2025\/11\/IMG_20211008_120638_FX.jpg 1680w, https:\/\/reisen.dipas.ch\/wp-content\/uploads\/2025\/11\/IMG_20211008_120638_FX-700x315.jpg 700w, https:\/\/reisen.dipas.ch\/wp-content\/uploads\/2025\/11\/IMG_20211008_120638_FX-768x346.jpg 768w, https:\/\/reisen.dipas.ch\/wp-content\/uploads\/2025\/11\/IMG_20211008_120638_FX-1536x691.jpg 1536w\" sizes=\"auto, (max-width: 1680px) 100vw, 1680px\" \/><\/figure>\n\n\n\n<figure class=\"wp-block-image size-full\"><img loading=\"lazy\" decoding=\"async\" width=\"1680\" height=\"756\" src=\"https:\/\/reisen.dipas.ch\/wp-content\/uploads\/2025\/11\/IMG_20211008_132241_FX.jpg\" alt=\"\" class=\"wp-image-5411\" srcset=\"https:\/\/reisen.dipas.ch\/wp-content\/uploads\/2025\/11\/IMG_20211008_132241_FX.jpg 1680w, https:\/\/reisen.dipas.ch\/wp-content\/uploads\/2025\/11\/IMG_20211008_132241_FX-700x315.jpg 700w, https:\/\/reisen.dipas.ch\/wp-content\/uploads\/2025\/11\/IMG_20211008_132241_FX-768x346.jpg 768w, https:\/\/reisen.dipas.ch\/wp-content\/uploads\/2025\/11\/IMG_20211008_132241_FX-1536x691.jpg 1536w\" sizes=\"auto, (max-width: 1680px) 100vw, 1680px\" \/><\/figure>\n\n\n\n<figure class=\"wp-block-image size-full\"><img loading=\"lazy\" decoding=\"async\" width=\"1680\" height=\"756\" src=\"https:\/\/reisen.dipas.ch\/wp-content\/uploads\/2025\/11\/IMG_20211008_131554_FX.jpg\" alt=\"\" class=\"wp-image-5410\" srcset=\"https:\/\/reisen.dipas.ch\/wp-content\/uploads\/2025\/11\/IMG_20211008_131554_FX.jpg 1680w, https:\/\/reisen.dipas.ch\/wp-content\/uploads\/2025\/11\/IMG_20211008_131554_FX-700x315.jpg 700w, https:\/\/reisen.dipas.ch\/wp-content\/uploads\/2025\/11\/IMG_20211008_131554_FX-768x346.jpg 768w, https:\/\/reisen.dipas.ch\/wp-content\/uploads\/2025\/11\/IMG_20211008_131554_FX-1536x691.jpg 1536w\" sizes=\"auto, (max-width: 1680px) 100vw, 1680px\" \/><\/figure>\n\n\n\n<figure class=\"wp-block-image size-full\"><img loading=\"lazy\" decoding=\"async\" width=\"1680\" height=\"756\" src=\"https:\/\/reisen.dipas.ch\/wp-content\/uploads\/2025\/11\/IMG_20211008_151135_FX.jpg\" alt=\"\" class=\"wp-image-5403\" srcset=\"https:\/\/reisen.dipas.ch\/wp-content\/uploads\/2025\/11\/IMG_20211008_151135_FX.jpg 1680w, https:\/\/reisen.dipas.ch\/wp-content\/uploads\/2025\/11\/IMG_20211008_151135_FX-700x315.jpg 700w, https:\/\/reisen.dipas.ch\/wp-content\/uploads\/2025\/11\/IMG_20211008_151135_FX-768x346.jpg 768w, https:\/\/reisen.dipas.ch\/wp-content\/uploads\/2025\/11\/IMG_20211008_151135_FX-1536x691.jpg 1536w\" sizes=\"auto, (max-width: 1680px) 100vw, 1680px\" \/><\/figure>\n\n\n\n<figure class=\"wp-block-image size-full\"><img loading=\"lazy\" decoding=\"async\" width=\"1680\" height=\"756\" src=\"https:\/\/reisen.dipas.ch\/wp-content\/uploads\/2025\/11\/IMG_20211008_140909_FX.jpg\" alt=\"\" class=\"wp-image-5412\" srcset=\"https:\/\/reisen.dipas.ch\/wp-content\/uploads\/2025\/11\/IMG_20211008_140909_FX.jpg 1680w, https:\/\/reisen.dipas.ch\/wp-content\/uploads\/2025\/11\/IMG_20211008_140909_FX-700x315.jpg 700w, https:\/\/reisen.dipas.ch\/wp-content\/uploads\/2025\/11\/IMG_20211008_140909_FX-768x346.jpg 768w, https:\/\/reisen.dipas.ch\/wp-content\/uploads\/2025\/11\/IMG_20211008_140909_FX-1536x691.jpg 1536w\" sizes=\"auto, (max-width: 1680px) 100vw, 1680px\" \/><\/figure>\n\n\n\n<figure class=\"wp-block-image size-full\"><img loading=\"lazy\" decoding=\"async\" width=\"1680\" height=\"756\" src=\"https:\/\/reisen.dipas.ch\/wp-content\/uploads\/2025\/11\/IMG_20211008_153215_FX.jpg\" alt=\"\" class=\"wp-image-5404\" srcset=\"https:\/\/reisen.dipas.ch\/wp-content\/uploads\/2025\/11\/IMG_20211008_153215_FX.jpg 1680w, https:\/\/reisen.dipas.ch\/wp-content\/uploads\/2025\/11\/IMG_20211008_153215_FX-700x315.jpg 700w, https:\/\/reisen.dipas.ch\/wp-content\/uploads\/2025\/11\/IMG_20211008_153215_FX-768x346.jpg 768w, https:\/\/reisen.dipas.ch\/wp-content\/uploads\/2025\/11\/IMG_20211008_153215_FX-1536x691.jpg 1536w\" sizes=\"auto, (max-width: 1680px) 100vw, 1680px\" \/><\/figure>\n\n\n\n<figure class=\"wp-block-image size-full\"><img loading=\"lazy\" decoding=\"async\" width=\"1680\" height=\"946\" src=\"https:\/\/reisen.dipas.ch\/wp-content\/uploads\/2025\/11\/20211008_165432_105410_FX.jpg\" alt=\"\" class=\"wp-image-5440\" srcset=\"https:\/\/reisen.dipas.ch\/wp-content\/uploads\/2025\/11\/20211008_165432_105410_FX.jpg 1680w, https:\/\/reisen.dipas.ch\/wp-content\/uploads\/2025\/11\/20211008_165432_105410_FX-700x394.jpg 700w, https:\/\/reisen.dipas.ch\/wp-content\/uploads\/2025\/11\/20211008_165432_105410_FX-768x432.jpg 768w, https:\/\/reisen.dipas.ch\/wp-content\/uploads\/2025\/11\/20211008_165432_105410_FX-1536x865.jpg 1536w\" sizes=\"auto, (max-width: 1680px) 100vw, 1680px\" \/><\/figure>\n\n\n\n<figure class=\"wp-block-image size-large is-style-default\"><img loading=\"lazy\" decoding=\"async\" width=\"504\" height=\"1120\" src=\"https:\/\/reisen.dipas.ch\/wp-content\/uploads\/2025\/11\/IMG_20211008_165807_FX-504x1120.jpg\" alt=\"\" class=\"wp-image-5405\" style=\"object-fit:cover\" srcset=\"https:\/\/reisen.dipas.ch\/wp-content\/uploads\/2025\/11\/IMG_20211008_165807_FX-504x1120.jpg 504w, https:\/\/reisen.dipas.ch\/wp-content\/uploads\/2025\/11\/IMG_20211008_165807_FX-236x525.jpg 236w, https:\/\/reisen.dipas.ch\/wp-content\/uploads\/2025\/11\/IMG_20211008_165807_FX-691x1536.jpg 691w, https:\/\/reisen.dipas.ch\/wp-content\/uploads\/2025\/11\/IMG_20211008_165807_FX.jpg 756w\" sizes=\"auto, (max-width: 504px) 100vw, 504px\" \/><\/figure>\n\n\n\n<figure class=\"wp-block-image size-full\"><img loading=\"lazy\" decoding=\"async\" width=\"1680\" height=\"756\" src=\"https:\/\/reisen.dipas.ch\/wp-content\/uploads\/2025\/11\/IMG_20211008_150615_FX.jpg\" alt=\"\" class=\"wp-image-5402\" srcset=\"https:\/\/reisen.dipas.ch\/wp-content\/uploads\/2025\/11\/IMG_20211008_150615_FX.jpg 1680w, https:\/\/reisen.dipas.ch\/wp-content\/uploads\/2025\/11\/IMG_20211008_150615_FX-700x315.jpg 700w, https:\/\/reisen.dipas.ch\/wp-content\/uploads\/2025\/11\/IMG_20211008_150615_FX-768x346.jpg 768w, https:\/\/reisen.dipas.ch\/wp-content\/uploads\/2025\/11\/IMG_20211008_150615_FX-1536x691.jpg 1536w\" sizes=\"auto, (max-width: 1680px) 100vw, 1680px\" \/><\/figure>\n\n\n\n<div class=\"wp-block-columns is-layout-flex wp-container-core-columns-is-layout-9d6595d7 wp-block-columns-is-layout-flex\">\n<div class=\"wp-block-column is-layout-flow wp-block-column-is-layout-flow\">\n<p><a href=\"https:\/\/reisen.dipas.ch\/?page_id=5417\">Zur\u00fcck zu S\u00fcdtirol 2021<\/a><\/p>\n<\/div>\n\n\n\n<div class=\"wp-block-column is-layout-flow wp-block-column-is-layout-flow\">\n<p class=\"has-text-align-right\"><a href=\"https:\/\/reisen.dipas.ch\/?page_id=5417\">Weiter zu S\u00fcdtirol 2021 2. Tag<\/a><\/p>\n<\/div>\n<\/div>\n\n\n\n<p><\/p>\n","protected":false},"excerpt":{"rendered":"<p>Fahrt auf den Fl\u00fcelapass und Wanderung zu den J\u00f6riseen. Zur\u00fcck zu S\u00fcdtirol 2021 Weiter zu S\u00fcdtirol 2021 2. Tag<\/p>\n","protected":false},"author":1,"featured_media":0,"parent":0,"menu_order":0,"comment_status":"closed","ping_status":"closed","template":"","meta":{"ngg_post_thumbnail":0,"footnotes":""},"class_list":["post-5398","page","type-page","status-publish","hentry"],"_links":{"self":[{"href":"https:\/\/reisen.dipas.ch\/index.php?rest_route=\/wp\/v2\/pages\/5398","targetHints":{"allow":["GET"]}}],"collection":[{"href":"https:\/\/reisen.dipas.ch\/index.php?rest_route=\/wp\/v2\/pages"}],"about":[{"href":"https:\/\/reisen.dipas.ch\/index.php?rest_route=\/wp\/v2\/types\/page"}],"author":[{"embeddable":true,"href":"https:\/\/reisen.dipas.ch\/index.php?rest_route=\/wp\/v2\/users\/1"}],"replies":[{"embeddable":true,"href":"https:\/\/reisen.dipas.ch\/index.php?rest_route=%2Fwp%2Fv2%2Fcomments&post=5398"}],"version-history":[{"count":8,"href":"https:\/\/reisen.dipas.ch\/index.php?rest_route=\/wp\/v2\/pages\/5398\/revisions"}],"predecessor-version":[{"id":5460,"href":"https:\/\/reisen.dipas.ch\/index.php?rest_route=\/wp\/v2\/pages\/5398\/revisions\/5460"}],"wp:attachment":[{"href":"https:\/\/reisen.dipas.ch\/index.php?rest_route=%2Fwp%2Fv2%2Fmedia&parent=5398"}],"curies":[{"name":"wp","href":"https:\/\/api.w.org\/{rel}","templated":true}]}}