{"id":5391,"date":"2025-10-28T23:28:12","date_gmt":"2025-10-28T22:28:12","guid":{"rendered":"https:\/\/reisen.dipas.ch\/?page_id=5391"},"modified":"2025-11-02T23:32:07","modified_gmt":"2025-11-02T22:32:07","slug":"suedtirol-2021","status":"publish","type":"page","link":"https:\/\/reisen.dipas.ch\/?page_id=5391","title":{"rendered":"S\u00fcdtirol 2021"},"content":{"rendered":"\n<p>Kurztrip ins westliche S\u00fcdtirol um Meran.<br><\/p>\n\n\n\n<p>8. bis 12. Oktober 2021<\/p>\n\n\n\n<div class=\"wp-block-columns is-layout-flex wp-container-core-columns-is-layout-9d6595d7 wp-block-columns-is-layout-flex\">\n<div class=\"wp-block-column is-layout-flow wp-block-column-is-layout-flow\" style=\"flex-basis:100%\">\n<ol class=\"wp-block-list\">\n<li><a href=\"https:\/\/reisen.dipas.ch\/?page_id=5398\" data-type=\"page\" data-id=\"5398\">Tag Fahrt auf den Fl\u00fcelapass und Wanderung zu J\u00f6riseen, weiter \u00fcber den Ofenpass nach Taufers ins Hotel Cavalatasch.<\/a><\/li>\n\n\n\n<li><a href=\"https:\/\/reisen.dipas.ch\/?page_id=5417\">Tag Besuch von Glurns, kleine befestigter Ort, Fahrt nach Algund, Hotel M\u00fchlbacherhof.<\/a><\/li>\n\n\n\n<li><a href=\"https:\/\/reisen.dipas.ch\/?page_id=5422\">Tag Busfahrt nach Partschins Wasserfall, Wanderung Meraner H\u00f6henweg.<\/a><\/li>\n\n\n\n<li><a href=\"https:\/\/reisen.dipas.ch\/?page_id=5425\">Tag Mit Seilbahn nach Aschbach, weiter \u00fcber das Stilfserjoch, danach durch das Poschiavo ins Engadin, \u00dcbernachtung im Hotel Bernina, Samedan.<\/a><\/li>\n\n\n\n<li><a href=\"https:\/\/reisen.dipas.ch\/?page_id=5428\">Tag Fahrt \u00fcber den Albulapass, Spaziergang am Palpuognasee. Heimfahrt.<\/a><\/li>\n<\/ol>\n<\/div>\n<\/div>\n\n\n\n<p><\/p>\n","protected":false},"excerpt":{"rendered":"<p>Kurztrip ins westliche S\u00fcdtirol um Meran. 8. bis 12. Oktober 2021<\/p>\n","protected":false},"author":1,"featured_media":0,"parent":0,"menu_order":0,"comment_status":"closed","ping_status":"closed","template":"","meta":{"ngg_post_thumbnail":0,"footnotes":""},"class_list":["post-5391","page","type-page","status-publish","hentry"],"_links":{"self":[{"href":"https:\/\/reisen.dipas.ch\/index.php?rest_route=\/wp\/v2\/pages\/5391","targetHints":{"allow":["GET"]}}],"collection":[{"href":"https:\/\/reisen.dipas.ch\/index.php?rest_route=\/wp\/v2\/pages"}],"about":[{"href":"https:\/\/reisen.dipas.ch\/index.php?rest_route=\/wp\/v2\/types\/page"}],"author":[{"embeddable":true,"href":"https:\/\/reisen.dipas.ch\/index.php?rest_route=\/wp\/v2\/users\/1"}],"replies":[{"embeddable":true,"href":"https:\/\/reisen.dipas.ch\/index.php?rest_route=%2Fwp%2Fv2%2Fcomments&post=5391"}],"version-history":[{"count":6,"href":"https:\/\/reisen.dipas.ch\/index.php?rest_route=\/wp\/v2\/pages\/5391\/revisions"}],"predecessor-version":[{"id":5430,"href":"https:\/\/reisen.dipas.ch\/index.php?rest_route=\/wp\/v2\/pages\/5391\/revisions\/5430"}],"wp:attachment":[{"href":"https:\/\/reisen.dipas.ch\/index.php?rest_route=%2Fwp%2Fv2%2Fmedia&parent=5391"}],"curies":[{"name":"wp","href":"https:\/\/api.w.org\/{rel}","templated":true}]}}