{"id":5368,"date":"2024-06-12T22:07:05","date_gmt":"2024-06-12T21:07:05","guid":{"rendered":"https:\/\/reisen.dipas.ch\/?page_id=5368"},"modified":"2024-06-12T22:14:58","modified_gmt":"2024-06-12T21:14:58","slug":"svalbard-helsinki-tallinn-2024","status":"publish","type":"page","link":"https:\/\/reisen.dipas.ch\/?page_id=5368","title":{"rendered":"Svalbard, Helsinki, Tallinn 2024"},"content":{"rendered":"\n<p>Von Basel nach Helsinki, von dort weiter mit Charterflug nach Longyearbyen auf Svalbard bzw. Spitzbergen (Norwegen). <br>Einige Tage auf einem Expeditionsschiff um Svalbard reisen und immer wieder mal anlanden, Tiere beobachten und Landschaften erkunden. Die Reisenden hoffen dabei auf gute Sichtungen von Eisb\u00e4ren, Walrossen, Rentiere, Hasen und Polarf\u00fcchsen sowie weiteren Meerestiere aber auch V\u00f6gel. Ebenso spannend d\u00fcrften die verbleibenden Gletscher und deren Kalbung und Farbspiel, die schroffe Landschaft und Sch\u00e4reninseln sein, denn auch hier wurde die Steinformationen durch die Gletscher der Eiszeiten stark erodiert.<br>Es sind Naturwissenschaftler, die Vortr\u00e4ge halten, und ein Profifotograf, der die Reisenden bei Fotosessions unterst\u00fctzt, an Bord. <br>Danach geht es wieder zur\u00fcck nach Helsinki und von dort mit der F\u00e4hre nach Tallinn, die Stadt weiter erkunden, die uns diese letztes Jahr so gefallen hat. <br>Am Tag darauf wieder mit der F\u00e4hre nach Helsinki und von dort den R\u00fcckflug \u00fcber Frankfurt nach Basel antreten.<\/p>\n\n\n\n<p>9. Juli &#8211; 26. Juli 2024<\/p>\n\n\n\n<ol class=\"wp-block-list\">\n<li>Tag &#8211; Flug Basel-Frankfurt-Helsinki. Etwas durch Helsinki.<\/li>\n\n\n\n<li>Tag &#8211; Helsinki, Hotel wechseln.<\/li>\n\n\n\n<li>Tag &#8211; Flug Helsinki &#8211; Longyearbyen, Transfer auf das Schiff <\/li>\n\n\n\n<li>Tag &#8211; Auf See<\/li>\n\n\n\n<li>Tag &#8211; Auf See \/ Anlandung mittels Zodiacs<\/li>\n\n\n\n<li>Tag &#8211; Auf See \/ Anlandung mittels Zodiacs<\/li>\n\n\n\n<li>Tag &#8211; Auf See \/ Anlandung mittels Zodiacs<\/li>\n\n\n\n<li>Tag &#8211; Auf See \/ Anlandung mittels Zodiacs<\/li>\n\n\n\n<li>Tag &#8211; Auf See \/ Anlandung mittels Zodiacs<\/li>\n\n\n\n<li>Tag &#8211; Auf See \/ Anlandung mittels Zodiacs<\/li>\n\n\n\n<li>Tag &#8211; Auf See \/ Anlandung mittels Zodiacs<\/li>\n\n\n\n<li>Tag &#8211; Auf See \/ Anlandung mittels Zodiacs<\/li>\n\n\n\n<li>Tag &#8211; Auf See \/ Anlandung mittels Zodiacs<\/li>\n\n\n\n<li>Tag &#8211; Auf See \/ Anlandung mittels Zodiacs<\/li>\n\n\n\n<li>Tag &#8211; R\u00fcckfahrt nach Longyearbyen und R\u00fcckflug nach Helsinki<\/li>\n\n\n\n<li>Tag &#8211; F\u00e4hrfahrt nach Tallinn, Stadt erkunden<\/li>\n\n\n\n<li>Tag &#8211; Tallinn erkunden und F\u00e4hrfahrt zur\u00fcck nach Helsinki<\/li>\n\n\n\n<li>Tag &#8211; R\u00fcckflug \u00fcber Frankfurt nach Basel<\/li>\n<\/ol>\n","protected":false},"excerpt":{"rendered":"<p>Von Basel nach Helsinki, von dort weiter mit Charterflug nach Longyearbyen auf Svalbard bzw. Spitzbergen (Norwegen). Einige Tage auf einem Expeditionsschiff um Svalbard reisen und<\/p>\n<p><a href=\"https:\/\/reisen.dipas.ch\/?page_id=5368\" class=\"more-link\">Continue reading<span class=\"screen-reader-text\">Svalbard, Helsinki, Tallinn 2024<\/span><\/a><\/p>\n","protected":false},"author":1,"featured_media":0,"parent":0,"menu_order":0,"comment_status":"closed","ping_status":"closed","template":"","meta":{"ngg_post_thumbnail":0,"footnotes":""},"class_list":["post-5368","page","type-page","status-publish","hentry"],"_links":{"self":[{"href":"https:\/\/reisen.dipas.ch\/index.php?rest_route=\/wp\/v2\/pages\/5368","targetHints":{"allow":["GET"]}}],"collection":[{"href":"https:\/\/reisen.dipas.ch\/index.php?rest_route=\/wp\/v2\/pages"}],"about":[{"href":"https:\/\/reisen.dipas.ch\/index.php?rest_route=\/wp\/v2\/types\/page"}],"author":[{"embeddable":true,"href":"https:\/\/reisen.dipas.ch\/index.php?rest_route=\/wp\/v2\/users\/1"}],"replies":[{"embeddable":true,"href":"https:\/\/reisen.dipas.ch\/index.php?rest_route=%2Fwp%2Fv2%2Fcomments&post=5368"}],"version-history":[{"count":3,"href":"https:\/\/reisen.dipas.ch\/index.php?rest_route=\/wp\/v2\/pages\/5368\/revisions"}],"predecessor-version":[{"id":5373,"href":"https:\/\/reisen.dipas.ch\/index.php?rest_route=\/wp\/v2\/pages\/5368\/revisions\/5373"}],"wp:attachment":[{"href":"https:\/\/reisen.dipas.ch\/index.php?rest_route=%2Fwp%2Fv2%2Fmedia&parent=5368"}],"curies":[{"name":"wp","href":"https:\/\/api.w.org\/{rel}","templated":true}]}}