{"id":5362,"date":"2024-06-12T21:42:45","date_gmt":"2024-06-12T20:42:45","guid":{"rendered":"https:\/\/reisen.dipas.ch\/?page_id=5362"},"modified":"2024-06-12T22:17:13","modified_gmt":"2024-06-12T21:17:13","slug":"teneriffa-la-gomera-2024","status":"publish","type":"page","link":"https:\/\/reisen.dipas.ch\/?page_id=5362","title":{"rendered":"Teneriffa &#038; La Gomera 2024"},"content":{"rendered":"\n<p>Miete einer Wohnung in Las Americas im S\u00fcdosten der Insel und mit einem Toyota Yaris Hybrid die Insel und Nachbarinsel erkunden.<br>Es gibt eine Autobahn von Santa Cruz bis in den S\u00fcden und S\u00fcd-Westen die sehr angenehm zu fahren ist, die Hauptstrassen sind gut ausgebaut, Nebenstrassen und Zufahrten zu besonderen Orten sind manchmal eng, sehr kurvig und un\u00fcbersichtlich aber machbar.<br>Essen in Los Christianos und Las Americas kann man getrost vergessen, besser ausserhalb der Touristenhochburgen, in kleinen Ortschaften ein lokales Restaurant aufsuchen und geniessen.<br>Der Vulkan Teide ist ein Highlight dieser Reise, aber auch die h\u00fcgeligen bzw. gebirgigen Regionen des Nordens und S\u00fcd-Westens. Der eint\u00e4tige Ausflug auf La Gomera ist auch sehr sch\u00f6n da im Gebirge ein sehr sch\u00f6ner Wald mit viel Flechten, Moos und Symbionten an den B\u00e4umen.<br>Auch bietet sich an, eine g\u00fcnstige Bootsausfahrt zu unternehmen und mit etwas Gl\u00fcck, Grindwale und grosse T\u00fcmmler beobachten zu k\u00f6nnen.<br><br>30. Mai &#8211; 6. Juni 2024<\/p>\n\n\n\n<ol class=\"wp-block-list\">\n<li>Tag Ankunft am S\u00fcdflughafen, Mietfahrzeug, Wohnung.<\/li>\n\n\n\n<li>Tag Ostk\u00fcste Lava Dome, nat\u00fcrliche Br\u00fccken erkunden, Santa Cruz im Stadtpark.<\/li>\n\n\n\n<li>Tag Bootsausfahrt (Grindwale\/T\u00fcmmler), S\u00fcd-Westen erkunden.<\/li>\n\n\n\n<li>Tag Norden erkunden.<\/li>\n\n\n\n<li>Tag Gipfelwanderung am Teide und Wandern auf H\u00f6he der Bergstation.<\/li>\n\n\n\n<li>Tag Westen erkunden, \u00e4ltester Drachenbaum, schwarzen Strand, nochmals Teide Plateau, Sonnenuntergang, Nachthimmel.<\/li>\n\n\n\n<li>Tag La Gomera erkunden.<\/li>\n\n\n\n<li>Tag Santa Cruz am Markt, R\u00fcckflug.<\/li>\n<\/ol>\n","protected":false},"excerpt":{"rendered":"<p>Miete einer Wohnung in Las Americas im S\u00fcdosten der Insel und mit einem Toyota Yaris Hybrid die Insel und Nachbarinsel erkunden.Es gibt eine Autobahn von<\/p>\n<p><a href=\"https:\/\/reisen.dipas.ch\/?page_id=5362\" class=\"more-link\">Continue reading<span class=\"screen-reader-text\">Teneriffa &#038; La Gomera 2024<\/span><\/a><\/p>\n","protected":false},"author":1,"featured_media":0,"parent":0,"menu_order":0,"comment_status":"closed","ping_status":"closed","template":"","meta":{"ngg_post_thumbnail":0,"footnotes":""},"class_list":["post-5362","page","type-page","status-publish","hentry"],"_links":{"self":[{"href":"https:\/\/reisen.dipas.ch\/index.php?rest_route=\/wp\/v2\/pages\/5362","targetHints":{"allow":["GET"]}}],"collection":[{"href":"https:\/\/reisen.dipas.ch\/index.php?rest_route=\/wp\/v2\/pages"}],"about":[{"href":"https:\/\/reisen.dipas.ch\/index.php?rest_route=\/wp\/v2\/types\/page"}],"author":[{"embeddable":true,"href":"https:\/\/reisen.dipas.ch\/index.php?rest_route=\/wp\/v2\/users\/1"}],"replies":[{"embeddable":true,"href":"https:\/\/reisen.dipas.ch\/index.php?rest_route=%2Fwp%2Fv2%2Fcomments&post=5362"}],"version-history":[{"count":3,"href":"https:\/\/reisen.dipas.ch\/index.php?rest_route=\/wp\/v2\/pages\/5362\/revisions"}],"predecessor-version":[{"id":5375,"href":"https:\/\/reisen.dipas.ch\/index.php?rest_route=\/wp\/v2\/pages\/5362\/revisions\/5375"}],"wp:attachment":[{"href":"https:\/\/reisen.dipas.ch\/index.php?rest_route=%2Fwp%2Fv2%2Fmedia&parent=5362"}],"curies":[{"name":"wp","href":"https:\/\/api.w.org\/{rel}","templated":true}]}}