{"id":5275,"date":"2023-08-01T23:01:12","date_gmt":"2023-08-01T22:01:12","guid":{"rendered":"https:\/\/reisen.dipas.ch\/?page_id=5275"},"modified":"2023-08-01T23:08:13","modified_gmt":"2023-08-01T22:08:13","slug":"ostseerundreise-2023-4-tag-18-juli-2023","status":"publish","type":"page","link":"https:\/\/reisen.dipas.ch\/?page_id=5275","title":{"rendered":"Ostseerundreise 2023, 4. Tag, 18. Juli"},"content":{"rendered":"\n<p>Mit der Bahn nach Warschau. Nach Bezug der Hotelzimmer eintauchen in die Stadt.<br>Es ist die gr\u00f6sste Stadt dieser Reise mit \u00fcber 1.6 Mio. Einwohnern.<br><br><a href=\"https:\/\/reisen.dipas.ch\/?page_id=5271\" data-type=\"page\" data-id=\"5271\">Zur\u00fcck zu Ostseerundreise 2023 3. Tag<\/a><\/p>\n\n\n\n<p><a href=\"https:\/\/reisen.dipas.ch\/?page_id=5283\" data-type=\"URL\" data-id=\"https:\/\/reisen.dipas.ch\/?page_id=5283\">Weiter zu Ostseerundreise 2023 5. Tag<\/a><\/p>\n","protected":false},"excerpt":{"rendered":"<p>Mit der Bahn nach Warschau. Nach Bezug der Hotelzimmer eintauchen in die Stadt.Es ist die gr\u00f6sste Stadt dieser Reise mit \u00fcber 1.6 Mio. Einwohnern. Zur\u00fcck<\/p>\n<p><a href=\"https:\/\/reisen.dipas.ch\/?page_id=5275\" class=\"more-link\">Continue reading<span class=\"screen-reader-text\">Ostseerundreise 2023, 4. Tag, 18. Juli<\/span><\/a><\/p>\n","protected":false},"author":1,"featured_media":0,"parent":0,"menu_order":0,"comment_status":"closed","ping_status":"closed","template":"","meta":{"ngg_post_thumbnail":0,"footnotes":""},"class_list":["post-5275","page","type-page","status-publish","hentry"],"_links":{"self":[{"href":"https:\/\/reisen.dipas.ch\/index.php?rest_route=\/wp\/v2\/pages\/5275","targetHints":{"allow":["GET"]}}],"collection":[{"href":"https:\/\/reisen.dipas.ch\/index.php?rest_route=\/wp\/v2\/pages"}],"about":[{"href":"https:\/\/reisen.dipas.ch\/index.php?rest_route=\/wp\/v2\/types\/page"}],"author":[{"embeddable":true,"href":"https:\/\/reisen.dipas.ch\/index.php?rest_route=\/wp\/v2\/users\/1"}],"replies":[{"embeddable":true,"href":"https:\/\/reisen.dipas.ch\/index.php?rest_route=%2Fwp%2Fv2%2Fcomments&post=5275"}],"version-history":[{"count":4,"href":"https:\/\/reisen.dipas.ch\/index.php?rest_route=\/wp\/v2\/pages\/5275\/revisions"}],"predecessor-version":[{"id":5285,"href":"https:\/\/reisen.dipas.ch\/index.php?rest_route=\/wp\/v2\/pages\/5275\/revisions\/5285"}],"wp:attachment":[{"href":"https:\/\/reisen.dipas.ch\/index.php?rest_route=%2Fwp%2Fv2%2Fmedia&parent=5275"}],"curies":[{"name":"wp","href":"https:\/\/api.w.org\/{rel}","templated":true}]}}