{"id":5271,"date":"2023-08-01T22:41:11","date_gmt":"2023-08-01T21:41:11","guid":{"rendered":"https:\/\/reisen.dipas.ch\/?page_id=5271"},"modified":"2024-06-12T22:19:37","modified_gmt":"2024-06-12T21:19:37","slug":"ostseerundreise-2023-3-tag-17-juli-2023","status":"publish","type":"page","link":"https:\/\/reisen.dipas.ch\/?page_id=5271","title":{"rendered":"Ostseerundreise 2023, 3. Tag, 17. Juli"},"content":{"rendered":"\n<p>Den ganzen Tag in Danzig, Bernsteine und Co.<br>Abends dann ein delizi\u00f6ses Abendmahl im <a href=\"https:\/\/restauracjefino.pl\/fino-gdansk\/\" data-type=\"URL\" data-id=\"https:\/\/restauracjefino.pl\/fino-gdansk\/\">Restauracja Fino Gda\u0144sk<\/a> . <br>Auch wenn es teuer ist, das sechsg\u00e4ngige Men\u00fc, mit den passenden Weinen, k\u00f6nnen wir vorbehaltslos empfehlen.<\/p>\n\n\n\n<p><a href=\"https:\/\/reisen.dipas.ch\/?page_id=5260\" data-type=\"URL\" data-id=\"https:\/\/reisen.dipas.ch\/?page_id=5260\">Zur\u00fcck zu Ostseerundreise 2023, 2. Tag<\/a><\/p>\n\n\n\n<p><a href=\"https:\/\/reisen.dipas.ch\/?page_id=5275\" data-type=\"URL\" data-id=\"https:\/\/reisen.dipas.ch\/?page_id=5275\">Weiter zu Ostseerundreise 2023, 4. Tag<\/a><\/p>\n","protected":false},"excerpt":{"rendered":"<p>Den ganzen Tag in Danzig, Bernsteine und Co.Abends dann ein delizi\u00f6ses Abendmahl im Restauracja Fino Gda\u0144sk . Auch wenn es teuer ist, das sechsg\u00e4ngige Men\u00fc,<\/p>\n<p><a href=\"https:\/\/reisen.dipas.ch\/?page_id=5271\" class=\"more-link\">Continue reading<span class=\"screen-reader-text\">Ostseerundreise 2023, 3. Tag, 17. Juli<\/span><\/a><\/p>\n","protected":false},"author":1,"featured_media":0,"parent":0,"menu_order":0,"comment_status":"closed","ping_status":"closed","template":"","meta":{"ngg_post_thumbnail":0,"footnotes":""},"class_list":["post-5271","page","type-page","status-publish","hentry"],"_links":{"self":[{"href":"https:\/\/reisen.dipas.ch\/index.php?rest_route=\/wp\/v2\/pages\/5271","targetHints":{"allow":["GET"]}}],"collection":[{"href":"https:\/\/reisen.dipas.ch\/index.php?rest_route=\/wp\/v2\/pages"}],"about":[{"href":"https:\/\/reisen.dipas.ch\/index.php?rest_route=\/wp\/v2\/types\/page"}],"author":[{"embeddable":true,"href":"https:\/\/reisen.dipas.ch\/index.php?rest_route=\/wp\/v2\/users\/1"}],"replies":[{"embeddable":true,"href":"https:\/\/reisen.dipas.ch\/index.php?rest_route=%2Fwp%2Fv2%2Fcomments&post=5271"}],"version-history":[{"count":3,"href":"https:\/\/reisen.dipas.ch\/index.php?rest_route=\/wp\/v2\/pages\/5271\/revisions"}],"predecessor-version":[{"id":5376,"href":"https:\/\/reisen.dipas.ch\/index.php?rest_route=\/wp\/v2\/pages\/5271\/revisions\/5376"}],"wp:attachment":[{"href":"https:\/\/reisen.dipas.ch\/index.php?rest_route=%2Fwp%2Fv2%2Fmedia&parent=5271"}],"curies":[{"name":"wp","href":"https:\/\/api.w.org\/{rel}","templated":true}]}}