{"id":5256,"date":"2023-08-01T22:14:32","date_gmt":"2023-08-01T21:14:32","guid":{"rendered":"https:\/\/reisen.dipas.ch\/?page_id=5256"},"modified":"2023-08-01T23:10:33","modified_gmt":"2023-08-01T22:10:33","slug":"ostseerundreise-2023-1-tag-15-juli-2023","status":"publish","type":"page","link":"https:\/\/reisen.dipas.ch\/?page_id=5256","title":{"rendered":"Ostseerundreise 2023, 1. Tag, 15. Juli"},"content":{"rendered":"\n<p>Fr\u00fch morgens ab Badischem Bahnhof nach Frankfurt. Der ICE hat, wie so oft, ein technisches Problem. Es dauert \u00fcber 45 Minuten bis wir abfahren k\u00f6nnen.<br>In Frankfurt treffen wir das befreundete Paar, mit dem wir in Porto (Portugal) im Mai bereits zusammen etwas unternahmen.<br>Von Frankfurt geht gemeinsam mit der Bahn nach Berlin, Angerm\u00fcnde und von dort mit dem Ersatzbus nach Stettin. Klar der Zug von Berlin nach Angerm\u00fcnde hat wiederum \u00fcber eine halbe Stunde Versp\u00e4tung, wenigstens wartet der Ersatzbus auf den Zug.<br><br>Stettin ist im Bereich des Bahnhofes eine riesige Baustelle. Ein Durchkommen mit den Koffern ist sehr m\u00fchsam. <br><br>Noch ein wenig durch die Stadt schlendern und dann im Hotel etwas essen. Mich erstaunte das sehr gute Essen im Hotelrestaurant, was nicht selbstverst\u00e4ndlich ist.<br><br><a href=\"https:\/\/reisen.dipas.ch\/?page_id=5251\" data-type=\"URL\" data-id=\"https:\/\/reisen.dipas.ch\/?page_id=5251\">Zur\u00fcck zu Ostseerundreise 2023<\/a><\/p>\n\n\n\n<p><a href=\"https:\/\/reisen.dipas.ch\/?page_id=5260\" data-type=\"URL\" data-id=\"https:\/\/reisen.dipas.ch\/?page_id=5260\">Weiter zu Ostseerundreise 2023, 2. Tag<\/a><\/p>\n","protected":false},"excerpt":{"rendered":"<p>Fr\u00fch morgens ab Badischem Bahnhof nach Frankfurt. Der ICE hat, wie so oft, ein technisches Problem. Es dauert \u00fcber 45 Minuten bis wir abfahren k\u00f6nnen.In<\/p>\n<p><a href=\"https:\/\/reisen.dipas.ch\/?page_id=5256\" class=\"more-link\">Continue reading<span class=\"screen-reader-text\">Ostseerundreise 2023, 1. Tag, 15. Juli<\/span><\/a><\/p>\n","protected":false},"author":1,"featured_media":0,"parent":0,"menu_order":0,"comment_status":"closed","ping_status":"closed","template":"","meta":{"ngg_post_thumbnail":0,"footnotes":""},"class_list":["post-5256","page","type-page","status-publish","hentry"],"_links":{"self":[{"href":"https:\/\/reisen.dipas.ch\/index.php?rest_route=\/wp\/v2\/pages\/5256","targetHints":{"allow":["GET"]}}],"collection":[{"href":"https:\/\/reisen.dipas.ch\/index.php?rest_route=\/wp\/v2\/pages"}],"about":[{"href":"https:\/\/reisen.dipas.ch\/index.php?rest_route=\/wp\/v2\/types\/page"}],"author":[{"embeddable":true,"href":"https:\/\/reisen.dipas.ch\/index.php?rest_route=\/wp\/v2\/users\/1"}],"replies":[{"embeddable":true,"href":"https:\/\/reisen.dipas.ch\/index.php?rest_route=%2Fwp%2Fv2%2Fcomments&post=5256"}],"version-history":[{"count":5,"href":"https:\/\/reisen.dipas.ch\/index.php?rest_route=\/wp\/v2\/pages\/5256\/revisions"}],"predecessor-version":[{"id":5290,"href":"https:\/\/reisen.dipas.ch\/index.php?rest_route=\/wp\/v2\/pages\/5256\/revisions\/5290"}],"wp:attachment":[{"href":"https:\/\/reisen.dipas.ch\/index.php?rest_route=%2Fwp%2Fv2%2Fmedia&parent=5256"}],"curies":[{"name":"wp","href":"https:\/\/api.w.org\/{rel}","templated":true}]}}