{"id":5251,"date":"2023-08-01T12:51:28","date_gmt":"2023-08-01T11:51:28","guid":{"rendered":"https:\/\/reisen.dipas.ch\/?page_id=5251"},"modified":"2023-08-01T23:35:14","modified_gmt":"2023-08-01T22:35:14","slug":"ostseerundreise-2023","status":"publish","type":"page","link":"https:\/\/reisen.dipas.ch\/?page_id=5251","title":{"rendered":"Ostseerundreise 2023"},"content":{"rendered":"\n<p>Mit dem befreundeten Paar das wir bereits im Mai in Porto trafen, reisen wir rund um die Ostsee. <br>Dieses Mal nicht mit einem meiner Fahrzeuge oder einem Mietwagen, sondern mit \u00d6V.<br>Auch wenn \u00d6V in den meisten F\u00e4llen, ausser Fliegen, umweltschonender ist so war es f\u00fcr meine Nerven sehr aufreibend. Versp\u00e4tungen, durch DB vergessen gegangene Sitzreservation, Abends Schliessung von Metrostationen in Kopenhagen oder schlecht bel\u00fcftete F\u00e4hre mit einer Horde Touristen, die sich nicht zu benehmen wissen und noch mehr.<br>Genug gel\u00e4stert.<br>Die St\u00e4dte in Polen und dem Baltikum, Litauen, Lettland und Estland konnten begeistern und luden zum Verweilen ein. Helsinki und Oslo waren erwartungsgem\u00e4ss nicht so besonders attraktiv.<br>Stockholm und Kopenhagen waren \u00fcberflutet mit Touristen. Ehm ja, wir sind auch Touristen. Die Rundreise war sehr intensiv. <br><br>Vom 15. Juli 2023 bis 31. Juli 2023.<\/p>\n\n\n<div class=\"map_wrapper\" id=\"map_wrapper_5254\">\n<div class=\"map_box\" style=\"max-width:2000px\">\n<div class=\"map_aspect_ratio\" style=\"padding-top:56%\" data-padding-top=\"56%\" data-padding-top-mobile=\"0%\">\n<div class=\"map_container\">\n<div class=\"map_render map_loading\" id=\"map_5254\"><\/div>\n<\/div>\n<\/div>\n<\/div>\n<\/div>\n\n\n\n<ol class=\"wp-block-list\">\n<li><a href=\"http:\/\/reisen.dipas.ch\/?page_id=5256\" data-type=\"URL\" data-id=\"http:\/\/reisen.dipas.ch\/?page_id=5256\">Tag &#8211; Basel nach Stettin<\/a><\/li>\n\n\n\n<li><a href=\"https:\/\/reisen.dipas.ch\/?page_id=5260\" data-type=\"URL\" data-id=\"https:\/\/reisen.dipas.ch\/?page_id=5260\">Tag &#8211;<\/a> <a href=\"https:\/\/reisen.dipas.ch\/?page_id=5260\" data-type=\"URL\" data-id=\"https:\/\/reisen.dipas.ch\/?page_id=5260\">Stettin und Weiterfahrt nach Danzig<\/a><\/li>\n\n\n\n<li><a href=\"http:\/\/reisen.dipas.ch\/?page_id=5271\" data-type=\"URL\" data-id=\"http:\/\/reisen.dipas.ch\/?page_id=5271\">Tag &#8211; Danzig<\/a><\/li>\n\n\n\n<li><a href=\"http:\/\/reisen.dipas.ch\/?page_id=5275\" data-type=\"URL\" data-id=\"reisen.dipas.ch\/?page_id=5275\">Tag &#8211; Mit Zug nach Warschau, Stadtrundgang<\/a><\/li>\n\n\n\n<li><a href=\"https:\/\/reisen.dipas.ch\/?page_id=5283\" data-type=\"URL\" data-id=\"https:\/\/reisen.dipas.ch\/?page_id=5283\">Tag &#8211; Warschau<\/a><\/li>\n\n\n\n<li><a href=\"https:\/\/reisen.dipas.ch\/?page_id=5291\" data-type=\"URL\" data-id=\"https:\/\/reisen.dipas.ch\/?page_id=5291\">Tag &#8211; Warschau, Ausstellung Juden in Polen, Flug nach Vilnius<\/a><\/li>\n\n\n\n<li><a href=\"https:\/\/reisen.dipas.ch\/?page_id=5294\" data-type=\"URL\" data-id=\"https:\/\/reisen.dipas.ch\/?page_id=5294\">Tag &#8211; Vilnius, Busfahrt nach Riga<\/a><\/li>\n\n\n\n<li><a href=\"https:\/\/reisen.dipas.ch\/?page_id=5298\" data-type=\"URL\" data-id=\"https:\/\/reisen.dipas.ch\/?page_id=5298\">Tag &#8211; Riga, Busfahrt nach Tallinn<\/a><\/li>\n\n\n\n<li><a href=\"https:\/\/reisen.dipas.ch\/?page_id=5301\" data-type=\"URL\" data-id=\"https:\/\/reisen.dipas.ch\/?page_id=5301\">Tag &#8211; Tallinn<\/a><\/li>\n\n\n\n<li><a href=\"https:\/\/reisen.dipas.ch\/?page_id=5304\" data-type=\"URL\" data-id=\"https:\/\/reisen.dipas.ch\/?page_id=5304\">Tag &#8211; F\u00e4hre nach Helsinki, Stadtrundgang, F\u00e4hre nach Stockholm<\/a><\/li>\n\n\n\n<li><a href=\"https:\/\/reisen.dipas.ch\/?page_id=5307\" data-type=\"URL\" data-id=\"https:\/\/reisen.dipas.ch\/?page_id=5307\">Tag &#8211; Stockholm, Stadtrundgang<\/a><\/li>\n\n\n\n<li><a href=\"https:\/\/reisen.dipas.ch\/?page_id=5310\" data-type=\"URL\" data-id=\"https:\/\/reisen.dipas.ch\/?page_id=5310\">Tag &#8211; Stockholm<\/a><\/li>\n\n\n\n<li><a href=\"https:\/\/reisen.dipas.ch\/?page_id=5313\" data-type=\"URL\" data-id=\"https:\/\/reisen.dipas.ch\/?page_id=5313\">Tag &#8211; Mit Zug bis G\u00f6teborg und weiter mit Bus nach Oslo<\/a><\/li>\n\n\n\n<li><a href=\"https:\/\/reisen.dipas.ch\/?page_id=5316\" data-type=\"URL\" data-id=\"https:\/\/reisen.dipas.ch\/?page_id=5316\">Tag &#8211; Stadtrundgang, weiter mit F\u00e4hre nach Kopenhagen<\/a><\/li>\n\n\n\n<li><a href=\"https:\/\/reisen.dipas.ch\/?page_id=5319\" data-type=\"URL\" data-id=\"https:\/\/reisen.dipas.ch\/?page_id=5319\">Tag &#8211; Kopenhagen, Stadtrundgang<\/a><\/li>\n\n\n\n<li><a href=\"https:\/\/reisen.dipas.ch\/?page_id=5322\" data-type=\"URL\" data-id=\"https:\/\/reisen.dipas.ch\/?page_id=5322\">Tag &#8211; Kopenhagen<\/a><\/li>\n\n\n\n<li><a href=\"https:\/\/reisen.dipas.ch\/?page_id=5277\" data-type=\"URL\" data-id=\"https:\/\/reisen.dipas.ch\/?page_id=5277\">Tag &#8211; Shopping, R\u00fcckreise.<\/a><\/li>\n<\/ol>\n","protected":false},"excerpt":{"rendered":"<p>Mit dem befreundeten Paar das wir bereits im Mai in Porto trafen, reisen wir rund um die Ostsee. Dieses Mal nicht mit einem meiner Fahrzeuge<\/p>\n<p><a href=\"https:\/\/reisen.dipas.ch\/?page_id=5251\" class=\"more-link\">Continue reading<span class=\"screen-reader-text\">Ostseerundreise 2023<\/span><\/a><\/p>\n","protected":false},"author":1,"featured_media":0,"parent":0,"menu_order":0,"comment_status":"closed","ping_status":"closed","template":"","meta":{"ngg_post_thumbnail":0,"footnotes":""},"class_list":["post-5251","page","type-page","status-publish","hentry"],"_links":{"self":[{"href":"https:\/\/reisen.dipas.ch\/index.php?rest_route=\/wp\/v2\/pages\/5251","targetHints":{"allow":["GET"]}}],"collection":[{"href":"https:\/\/reisen.dipas.ch\/index.php?rest_route=\/wp\/v2\/pages"}],"about":[{"href":"https:\/\/reisen.dipas.ch\/index.php?rest_route=\/wp\/v2\/types\/page"}],"author":[{"embeddable":true,"href":"https:\/\/reisen.dipas.ch\/index.php?rest_route=\/wp\/v2\/users\/1"}],"replies":[{"embeddable":true,"href":"https:\/\/reisen.dipas.ch\/index.php?rest_route=%2Fwp%2Fv2%2Fcomments&post=5251"}],"version-history":[{"count":18,"href":"https:\/\/reisen.dipas.ch\/index.php?rest_route=\/wp\/v2\/pages\/5251\/revisions"}],"predecessor-version":[{"id":5340,"href":"https:\/\/reisen.dipas.ch\/index.php?rest_route=\/wp\/v2\/pages\/5251\/revisions\/5340"}],"wp:attachment":[{"href":"https:\/\/reisen.dipas.ch\/index.php?rest_route=%2Fwp%2Fv2%2Fmedia&parent=5251"}],"curies":[{"name":"wp","href":"https:\/\/api.w.org\/{rel}","templated":true}]}}