{"id":5245,"date":"2023-05-22T23:25:38","date_gmt":"2023-05-22T22:25:38","guid":{"rendered":"https:\/\/reisen.dipas.ch\/?page_id=5245"},"modified":"2023-05-22T23:25:38","modified_gmt":"2023-05-22T22:25:38","slug":"madeira-porto-2023-10-tag","status":"publish","type":"page","link":"https:\/\/reisen.dipas.ch\/?page_id=5245","title":{"rendered":"Madeira\/Porto 2023, 10. Tag"},"content":{"rendered":"\n<p>Nach dem die Koffer gepackt und im Auto von Paulo verstaut sind, gehen wir zu dem befreundeten Paar und bestellen das Taxi und fahren mit ihnen zu Metro Station Trindate und geben dort deren Koffer zur Aufbewahrung auf. Danach geht es nochmals etwas durch die Stadt und wir wollten noch in ein gutes Restaurant um etwas typisch portugiesisches essen zu gehen. Das war leider nicht m\u00f6glich, da all diese Restaurant am Samstag vollst\u00e4ndig besetzt waren, so mussten wir uns mit einem Imbiss begn\u00fcgen und verabschiedeten uns danach bevor es wieder zum Flughafen ging. <br>Schon sind wieder 10 Tage Ferien um, viel zu schnell.<\/p>\n\n\n\n<p><a href=\"https:\/\/reisen.dipas.ch\/?page_id=5243\">Zur\u00fcck zu Madeira\/Porto 2023 9.Tag<\/a><\/p>\n\n\n\n<p><a href=\"https:\/\/reisen.dipas.ch\/?page_id=5216\">Weiter zu Madeira\/Porto 2023<\/a><\/p>\n","protected":false},"excerpt":{"rendered":"<p>Nach dem die Koffer gepackt und im Auto von Paulo verstaut sind, gehen wir zu dem befreundeten Paar und bestellen das Taxi und fahren mit<\/p>\n<p><a href=\"https:\/\/reisen.dipas.ch\/?page_id=5245\" class=\"more-link\">Continue reading<span class=\"screen-reader-text\">Madeira\/Porto 2023, 10. Tag<\/span><\/a><\/p>\n","protected":false},"author":1,"featured_media":0,"parent":0,"menu_order":0,"comment_status":"closed","ping_status":"closed","template":"","meta":{"ngg_post_thumbnail":0,"footnotes":""},"class_list":["post-5245","page","type-page","status-publish","hentry"],"_links":{"self":[{"href":"https:\/\/reisen.dipas.ch\/index.php?rest_route=\/wp\/v2\/pages\/5245","targetHints":{"allow":["GET"]}}],"collection":[{"href":"https:\/\/reisen.dipas.ch\/index.php?rest_route=\/wp\/v2\/pages"}],"about":[{"href":"https:\/\/reisen.dipas.ch\/index.php?rest_route=\/wp\/v2\/types\/page"}],"author":[{"embeddable":true,"href":"https:\/\/reisen.dipas.ch\/index.php?rest_route=\/wp\/v2\/users\/1"}],"replies":[{"embeddable":true,"href":"https:\/\/reisen.dipas.ch\/index.php?rest_route=%2Fwp%2Fv2%2Fcomments&post=5245"}],"version-history":[{"count":1,"href":"https:\/\/reisen.dipas.ch\/index.php?rest_route=\/wp\/v2\/pages\/5245\/revisions"}],"predecessor-version":[{"id":5247,"href":"https:\/\/reisen.dipas.ch\/index.php?rest_route=\/wp\/v2\/pages\/5245\/revisions\/5247"}],"wp:attachment":[{"href":"https:\/\/reisen.dipas.ch\/index.php?rest_route=%2Fwp%2Fv2%2Fmedia&parent=5245"}],"curies":[{"name":"wp","href":"https:\/\/api.w.org\/{rel}","templated":true}]}}