{"id":5243,"date":"2023-05-22T23:25:02","date_gmt":"2023-05-22T22:25:02","guid":{"rendered":"https:\/\/reisen.dipas.ch\/?page_id=5243"},"modified":"2023-05-22T23:25:02","modified_gmt":"2023-05-22T22:25:02","slug":"madeira-porto-2023-9-tag","status":"publish","type":"page","link":"https:\/\/reisen.dipas.ch\/?page_id=5243","title":{"rendered":"Madeira\/Porto 2023, 9. Tag"},"content":{"rendered":"\n<p>Zusammen mit dem befreundeten Paar fahren wir mit dem Tram Nr. 1 zur K\u00fcste. Die Warteschlange an der Endstation Infante ist lange und beim dritten Tram k\u00f6nnen wir einsteigen und haben gl\u00fccklicherweise Sitzpl\u00e4tze. An der K\u00fcste gehen wir im Chalet Suissa etwas trinken. Danach f\u00e4hrt uns das Taxi auf die andere Flussseite zu Sandemann. Wir haben Gl\u00fcck und k\u00f6nnen ohne Reservation an einer F\u00fchrung und Degustation auf Englisch teilnehmen. Etwas unter Zeitdruck fahren wir mit dem n\u00e4chsten Taxi zum Hafen. Eine vorausgebuchte Schifffahrt auf dem Douro erwartet uns, mit dabei ist noch eine kleine Gruppe aus Deutschland. Die Fahrt dauert etwa zwei Stunden, es gibt Tee und etwas Portwein.<br>Die Fahrt auf dem Fluss wird etwas behindert durch das Marinefestival von Porto. Die zwei Helikopter der Marine zeigen bei einer Show ihr k\u00f6nnen und die Schiffe m\u00fcssen dabei warten bis die Show vor\u00fcber ist. Leider konnten wir dadurch nicht mehr an der alten Eisenbr\u00fccke (von Gustave Eiffel) durchfahren und mussten vorher wieder zur\u00fcckkehren.<br>Abends haben wir im Palacio do Bolsa im Restaurant O Comerciale reserviert und gehen zusammen mit dem befreundeten Paar essen.<\/p>\n\n\n\n<p><a href=\"https:\/\/reisen.dipas.ch\/?page_id=5241\">Zur\u00fcck zu Madeira\/Porto 2023 8.Tag<\/a><\/p>\n\n\n\n<p><a href=\"https:\/\/reisen.dipas.ch\/?page_id=5245\">Weiter zu Madeira\/Porto 2023 10.Tag<\/a><\/p>\n","protected":false},"excerpt":{"rendered":"<p>Zusammen mit dem befreundeten Paar fahren wir mit dem Tram Nr. 1 zur K\u00fcste. Die Warteschlange an der Endstation Infante ist lange und beim dritten<\/p>\n<p><a href=\"https:\/\/reisen.dipas.ch\/?page_id=5243\" class=\"more-link\">Continue reading<span class=\"screen-reader-text\">Madeira\/Porto 2023, 9. Tag<\/span><\/a><\/p>\n","protected":false},"author":1,"featured_media":0,"parent":0,"menu_order":0,"comment_status":"closed","ping_status":"closed","template":"","meta":{"ngg_post_thumbnail":0,"footnotes":""},"class_list":["post-5243","page","type-page","status-publish","hentry"],"_links":{"self":[{"href":"https:\/\/reisen.dipas.ch\/index.php?rest_route=\/wp\/v2\/pages\/5243","targetHints":{"allow":["GET"]}}],"collection":[{"href":"https:\/\/reisen.dipas.ch\/index.php?rest_route=\/wp\/v2\/pages"}],"about":[{"href":"https:\/\/reisen.dipas.ch\/index.php?rest_route=\/wp\/v2\/types\/page"}],"author":[{"embeddable":true,"href":"https:\/\/reisen.dipas.ch\/index.php?rest_route=\/wp\/v2\/users\/1"}],"replies":[{"embeddable":true,"href":"https:\/\/reisen.dipas.ch\/index.php?rest_route=%2Fwp%2Fv2%2Fcomments&post=5243"}],"version-history":[{"count":1,"href":"https:\/\/reisen.dipas.ch\/index.php?rest_route=\/wp\/v2\/pages\/5243\/revisions"}],"predecessor-version":[{"id":5246,"href":"https:\/\/reisen.dipas.ch\/index.php?rest_route=\/wp\/v2\/pages\/5243\/revisions\/5246"}],"wp:attachment":[{"href":"https:\/\/reisen.dipas.ch\/index.php?rest_route=%2Fwp%2Fv2%2Fmedia&parent=5243"}],"curies":[{"name":"wp","href":"https:\/\/api.w.org\/{rel}","templated":true}]}}