{"id":5241,"date":"2023-05-22T23:18:11","date_gmt":"2023-05-22T22:18:11","guid":{"rendered":"https:\/\/reisen.dipas.ch\/?page_id=5241"},"modified":"2023-05-22T23:18:11","modified_gmt":"2023-05-22T22:18:11","slug":"madeira-porto-2023-8-tag","status":"publish","type":"page","link":"https:\/\/reisen.dipas.ch\/?page_id=5241","title":{"rendered":"Madeira\/Porto 2023, 8. Tag"},"content":{"rendered":"\n<p>Das Wetter ist immer noch leicht unbest\u00e4ndig, sollte aber am Nachmittag besser werden. Wir fahren hoch zum Parkplatz beim Start der Wanderung zum Pico Ruivo. Obschon dichter Nebel herrscht sind bereits viele Fahrzeuge dort. Es wandern unglaublich viele Leute auf diesem mit Steinplatten gepfl\u00e4sterten Weg. Als wir dann auf dem Pico Ruivo sind, wird das Wetter besser und der Nebel l\u00f6st sich auf, jedoch ziehen immer wieder Wolkenschwaden, die durch starken Wind von der K\u00fcste hochgetrieben werden, vorbei und verdecken die Sicht auf den Pico Ruivo.<br>Am Ende der Wanderung ist dann fast pl\u00f6tzlich das ganze Gebirge zu sehen. Toll!<br>Wir fahren wieder Richtung Flughafen, tanken noch unterwegs und geben dann den Mietwagen wieder unversehrt zur\u00fcck. Leider ist der Abflug Richtung Porto eine gute Stunde sp\u00e4ter.<\/p>\n\n\n\n<p><a href=\"https:\/\/reisen.dipas.ch\/?page_id=5239\">Zur\u00fcck zu Madeira\/Porto 2023 7.Tag<\/a><\/p>\n\n\n\n<p><a href=\"https:\/\/reisen.dipas.ch\/?page_id=5243\">Weiter zu Madeira\/Porto 2023 9.Tag<\/a><\/p>\n","protected":false},"excerpt":{"rendered":"<p>Das Wetter ist immer noch leicht unbest\u00e4ndig, sollte aber am Nachmittag besser werden. Wir fahren hoch zum Parkplatz beim Start der Wanderung zum Pico Ruivo.<\/p>\n<p><a href=\"https:\/\/reisen.dipas.ch\/?page_id=5241\" class=\"more-link\">Continue reading<span class=\"screen-reader-text\">Madeira\/Porto 2023, 8. Tag<\/span><\/a><\/p>\n","protected":false},"author":1,"featured_media":0,"parent":0,"menu_order":0,"comment_status":"closed","ping_status":"closed","template":"","meta":{"ngg_post_thumbnail":0,"footnotes":""},"class_list":["post-5241","page","type-page","status-publish","hentry"],"_links":{"self":[{"href":"https:\/\/reisen.dipas.ch\/index.php?rest_route=\/wp\/v2\/pages\/5241","targetHints":{"allow":["GET"]}}],"collection":[{"href":"https:\/\/reisen.dipas.ch\/index.php?rest_route=\/wp\/v2\/pages"}],"about":[{"href":"https:\/\/reisen.dipas.ch\/index.php?rest_route=\/wp\/v2\/types\/page"}],"author":[{"embeddable":true,"href":"https:\/\/reisen.dipas.ch\/index.php?rest_route=\/wp\/v2\/users\/1"}],"replies":[{"embeddable":true,"href":"https:\/\/reisen.dipas.ch\/index.php?rest_route=%2Fwp%2Fv2%2Fcomments&post=5241"}],"version-history":[{"count":1,"href":"https:\/\/reisen.dipas.ch\/index.php?rest_route=\/wp\/v2\/pages\/5241\/revisions"}],"predecessor-version":[{"id":5244,"href":"https:\/\/reisen.dipas.ch\/index.php?rest_route=\/wp\/v2\/pages\/5241\/revisions\/5244"}],"wp:attachment":[{"href":"https:\/\/reisen.dipas.ch\/index.php?rest_route=%2Fwp%2Fv2%2Fmedia&parent=5241"}],"curies":[{"name":"wp","href":"https:\/\/api.w.org\/{rel}","templated":true}]}}