{"id":5239,"date":"2023-05-22T23:06:51","date_gmt":"2023-05-22T22:06:51","guid":{"rendered":"https:\/\/reisen.dipas.ch\/?page_id=5239"},"modified":"2023-05-22T23:06:51","modified_gmt":"2023-05-22T22:06:51","slug":"madeira-porto-2023-7-tag","status":"publish","type":"page","link":"https:\/\/reisen.dipas.ch\/?page_id=5239","title":{"rendered":"Madeira\/Porto 2023, 7. Tag"},"content":{"rendered":"\n<p>Das Wetter ist noch immer unbest\u00e4ndig und so unternehmen wir die Wanderung zum Pico Ruivo erst am n\u00e4chsten Tag.<br>Westlich von Funchal befindet sich die wohl h\u00f6chste Klippe Europas. Wieso eigentlich Europa?<br>Madeira und die kanarischen Inseln geh\u00f6ren geografisch ja eigentlich zu Afrika, geh\u00f6ren aber zu Portugal bzw. Spanien. Es hat viele Leute welche die Plattform \u00fcber der Klippe, deren Besuch 2\u20ac pro Person kostet, besuchen wollen. Danach fahren wir zur Seilbahn, die etwas unterhalb liegt und, f\u00fcr 10\u20ac pro Person, zur K\u00fcste runterf\u00e4hrt.<br>Wir lassen das mit der Seilbahn, da diese kurz darauf eine lange Mittagpause hat und wir uns zu lange unten an der K\u00fcste aufhalten w\u00fcrden. <br>Es geht wieder in den Norden nach S\u00e3o Vicente, diesmal durch den Tunnel. Wir wollen die Lavah\u00f6hle besuchen, die aber leider schon l\u00e4nger geschlossen ist und in absehbarer Zeit nicht wieder ge\u00f6ffnet wird. Wir fahren diesmal Richtung Osten, nach Santana und Faial. Dort geniessen wir Espresso, den wir etwas rasch trinken m\u00fcssen damit wir vor dem heftigen Regen fl\u00fcchten k\u00f6nnen. <br>F\u00fcr den Abend haben wir im Restaurant do Forte reserviert und geniessen dort einen gem\u00fctlichen Abend bei ausgezeichneten Speisen, etwas Schaumwein und Wein.<\/p>\n\n\n\n<p><a href=\"https:\/\/reisen.dipas.ch\/?page_id=5237\">Zur\u00fcck zu Madeira\/Porto 2023 6.Tag<\/a><\/p>\n\n\n\n<p><a href=\"https:\/\/reisen.dipas.ch\/?page_id=5241\">Weiter zu Madeira\/Porto 2023 8.Tag<\/a><\/p>\n","protected":false},"excerpt":{"rendered":"<p>Das Wetter ist noch immer unbest\u00e4ndig und so unternehmen wir die Wanderung zum Pico Ruivo erst am n\u00e4chsten Tag.Westlich von Funchal befindet sich die wohl<\/p>\n<p><a href=\"https:\/\/reisen.dipas.ch\/?page_id=5239\" class=\"more-link\">Continue reading<span class=\"screen-reader-text\">Madeira\/Porto 2023, 7. Tag<\/span><\/a><\/p>\n","protected":false},"author":1,"featured_media":0,"parent":0,"menu_order":0,"comment_status":"closed","ping_status":"closed","template":"","meta":{"ngg_post_thumbnail":0,"footnotes":""},"class_list":["post-5239","page","type-page","status-publish","hentry"],"_links":{"self":[{"href":"https:\/\/reisen.dipas.ch\/index.php?rest_route=\/wp\/v2\/pages\/5239","targetHints":{"allow":["GET"]}}],"collection":[{"href":"https:\/\/reisen.dipas.ch\/index.php?rest_route=\/wp\/v2\/pages"}],"about":[{"href":"https:\/\/reisen.dipas.ch\/index.php?rest_route=\/wp\/v2\/types\/page"}],"author":[{"embeddable":true,"href":"https:\/\/reisen.dipas.ch\/index.php?rest_route=\/wp\/v2\/users\/1"}],"replies":[{"embeddable":true,"href":"https:\/\/reisen.dipas.ch\/index.php?rest_route=%2Fwp%2Fv2%2Fcomments&post=5239"}],"version-history":[{"count":1,"href":"https:\/\/reisen.dipas.ch\/index.php?rest_route=\/wp\/v2\/pages\/5239\/revisions"}],"predecessor-version":[{"id":5242,"href":"https:\/\/reisen.dipas.ch\/index.php?rest_route=\/wp\/v2\/pages\/5239\/revisions\/5242"}],"wp:attachment":[{"href":"https:\/\/reisen.dipas.ch\/index.php?rest_route=%2Fwp%2Fv2%2Fmedia&parent=5239"}],"curies":[{"name":"wp","href":"https:\/\/api.w.org\/{rel}","templated":true}]}}