{"id":5235,"date":"2023-05-22T22:46:43","date_gmt":"2023-05-22T21:46:43","guid":{"rendered":"https:\/\/reisen.dipas.ch\/?page_id=5235"},"modified":"2023-05-22T22:46:43","modified_gmt":"2023-05-22T21:46:43","slug":"madeira-porto-2023-5-tag","status":"publish","type":"page","link":"https:\/\/reisen.dipas.ch\/?page_id=5235","title":{"rendered":"Madeira\/Porto 2023, 5. Tag"},"content":{"rendered":"\n<p>Wir fahren hoch zum Parkplatz bei der Berg-\/Radarstation des Pico Areeiro. Von dort wandern wird einen Teil des Weges Richtung Pico Ruivo. Der Weg ist zwar mit Steinplatten belegt, aber durch die vielen und unregelm\u00e4ssigen Stufen m\u00fchsam zu gehen. <br>Danach gehen wir im Restaurant Arigo do Poiso feinen Tintenfischsalat und Meeresfruchteintopf essen (Der Eintopf ist schlicht zu viel und wir lassen uns den Rest f\u00fcr Take away einpacken). Wir fahren etwas weiter den Berg runter und wandern nochmals kurz durch sch\u00f6ne dichte und gesunde W\u00e4lder mit F\u00f6hren, Buchen und vielen einheimischen Gew\u00e4chsen.<\/p>\n\n\n\n<p><a href=\"https:\/\/reisen.dipas.ch\/?page_id=5233\">Zur\u00fcck zu Madeira\/Porto 2023 4.Tag<\/a><\/p>\n\n\n\n<p><a href=\"https:\/\/reisen.dipas.ch\/?page_id=5237\">Zur\u00fcck zu Madeira\/Porto 2023 6.Tag<\/a><\/p>\n","protected":false},"excerpt":{"rendered":"<p>Wir fahren hoch zum Parkplatz bei der Berg-\/Radarstation des Pico Areeiro. Von dort wandern wird einen Teil des Weges Richtung Pico Ruivo. Der Weg ist<\/p>\n<p><a href=\"https:\/\/reisen.dipas.ch\/?page_id=5235\" class=\"more-link\">Continue reading<span class=\"screen-reader-text\">Madeira\/Porto 2023, 5. Tag<\/span><\/a><\/p>\n","protected":false},"author":1,"featured_media":0,"parent":0,"menu_order":0,"comment_status":"closed","ping_status":"closed","template":"","meta":{"ngg_post_thumbnail":0,"footnotes":""},"class_list":["post-5235","page","type-page","status-publish","hentry"],"_links":{"self":[{"href":"https:\/\/reisen.dipas.ch\/index.php?rest_route=\/wp\/v2\/pages\/5235","targetHints":{"allow":["GET"]}}],"collection":[{"href":"https:\/\/reisen.dipas.ch\/index.php?rest_route=\/wp\/v2\/pages"}],"about":[{"href":"https:\/\/reisen.dipas.ch\/index.php?rest_route=\/wp\/v2\/types\/page"}],"author":[{"embeddable":true,"href":"https:\/\/reisen.dipas.ch\/index.php?rest_route=\/wp\/v2\/users\/1"}],"replies":[{"embeddable":true,"href":"https:\/\/reisen.dipas.ch\/index.php?rest_route=%2Fwp%2Fv2%2Fcomments&post=5235"}],"version-history":[{"count":1,"href":"https:\/\/reisen.dipas.ch\/index.php?rest_route=\/wp\/v2\/pages\/5235\/revisions"}],"predecessor-version":[{"id":5238,"href":"https:\/\/reisen.dipas.ch\/index.php?rest_route=\/wp\/v2\/pages\/5235\/revisions\/5238"}],"wp:attachment":[{"href":"https:\/\/reisen.dipas.ch\/index.php?rest_route=%2Fwp%2Fv2%2Fmedia&parent=5235"}],"curies":[{"name":"wp","href":"https:\/\/api.w.org\/{rel}","templated":true}]}}