{"id":5233,"date":"2023-05-22T22:42:07","date_gmt":"2023-05-22T21:42:07","guid":{"rendered":"https:\/\/reisen.dipas.ch\/?page_id=5233"},"modified":"2023-05-22T22:42:07","modified_gmt":"2023-05-22T21:42:07","slug":"madeira-porto-2023-4-tag","status":"publish","type":"page","link":"https:\/\/reisen.dipas.ch\/?page_id=5233","title":{"rendered":"Madeira\/Porto 2023, 4. Tag"},"content":{"rendered":"\n<p>Nach dem Fr\u00fchst\u00fcck fahren wir mit dem Bus zum Flughafen und holen das Mietfahrzeug (Nissan Qashqai &#8211; eigentlich wollte ich einen kleineren SUV bekamen aber ein Upgrade). Danach fuhren wir ganz in den Osten und gingen soweit es ging den Wanderweg bis zum \u00f6stlichsten Punkt der Insel. Abends gingen wir mexikanisch essen, da andere Restaurant v\u00f6llig ausgebucht waren. Dabei zeigte sich, was die Person bei der Fahrzeugvermietung meinte, es h\u00e4tte viele Touristen auf der Insel.<\/p>\n\n\n\n<p><a href=\"https:\/\/reisen.dipas.ch\/?page_id=5229\">Zur\u00fcck zu Madeira\/Porto 2023 3.Tag<\/a><\/p>\n\n\n\n<p><a href=\"https:\/\/reisen.dipas.ch\/?page_id=5235\">Weiter zu Madeira\/Porto 2023 5.Tag<\/a><\/p>\n","protected":false},"excerpt":{"rendered":"<p>Nach dem Fr\u00fchst\u00fcck fahren wir mit dem Bus zum Flughafen und holen das Mietfahrzeug (Nissan Qashqai &#8211; eigentlich wollte ich einen kleineren SUV bekamen aber<\/p>\n<p><a href=\"https:\/\/reisen.dipas.ch\/?page_id=5233\" class=\"more-link\">Continue reading<span class=\"screen-reader-text\">Madeira\/Porto 2023, 4. Tag<\/span><\/a><\/p>\n","protected":false},"author":1,"featured_media":0,"parent":0,"menu_order":0,"comment_status":"closed","ping_status":"closed","template":"","meta":{"ngg_post_thumbnail":0,"footnotes":""},"class_list":["post-5233","page","type-page","status-publish","hentry"],"_links":{"self":[{"href":"https:\/\/reisen.dipas.ch\/index.php?rest_route=\/wp\/v2\/pages\/5233","targetHints":{"allow":["GET"]}}],"collection":[{"href":"https:\/\/reisen.dipas.ch\/index.php?rest_route=\/wp\/v2\/pages"}],"about":[{"href":"https:\/\/reisen.dipas.ch\/index.php?rest_route=\/wp\/v2\/types\/page"}],"author":[{"embeddable":true,"href":"https:\/\/reisen.dipas.ch\/index.php?rest_route=\/wp\/v2\/users\/1"}],"replies":[{"embeddable":true,"href":"https:\/\/reisen.dipas.ch\/index.php?rest_route=%2Fwp%2Fv2%2Fcomments&post=5233"}],"version-history":[{"count":1,"href":"https:\/\/reisen.dipas.ch\/index.php?rest_route=\/wp\/v2\/pages\/5233\/revisions"}],"predecessor-version":[{"id":5236,"href":"https:\/\/reisen.dipas.ch\/index.php?rest_route=\/wp\/v2\/pages\/5233\/revisions\/5236"}],"wp:attachment":[{"href":"https:\/\/reisen.dipas.ch\/index.php?rest_route=%2Fwp%2Fv2%2Fmedia&parent=5233"}],"curies":[{"name":"wp","href":"https:\/\/api.w.org\/{rel}","templated":true}]}}