{"id":5229,"date":"2023-05-22T22:23:13","date_gmt":"2023-05-22T21:23:13","guid":{"rendered":"https:\/\/reisen.dipas.ch\/?page_id=5229"},"modified":"2023-05-22T22:35:43","modified_gmt":"2023-05-22T21:35:43","slug":"madeira-porto-2023-3-tag","status":"publish","type":"page","link":"https:\/\/reisen.dipas.ch\/?page_id=5229","title":{"rendered":"Madeira\/Porto 2023, 3. Tag"},"content":{"rendered":"\n<p>Mit der Seilbahn, die an der K\u00fcste beginnt, fahren wir hoch zu &#8218;Monte&#8216; und besuchen dort den botanischen Garten. Bei einem der in der N\u00e4he der Bergbahn befindlichen Restaurant gehen wir essen. Das Restaurant war sehr ausgelastet. Zu unserer \u00dcberraschung passte alles und die Speisen waren ausgezeichnet.<\/p>\n\n\n\n<p><a href=\"https:\/\/reisen.dipas.ch\/?page_id=5227\">Zur\u00fcck zu Madeira\/Porto 2023 2.Tag<\/a><\/p>\n\n\n\n<p><a href=\"https:\/\/reisen.dipas.ch\/?page_id=5233\">Weiter zu Madeira\/Porto 2023 4.Tag<\/a><\/p>\n","protected":false},"excerpt":{"rendered":"<p>Mit der Seilbahn, die an der K\u00fcste beginnt, fahren wir hoch zu &#8218;Monte&#8216; und besuchen dort den botanischen Garten. Bei einem der in der N\u00e4he<\/p>\n<p><a href=\"https:\/\/reisen.dipas.ch\/?page_id=5229\" class=\"more-link\">Continue reading<span class=\"screen-reader-text\">Madeira\/Porto 2023, 3. Tag<\/span><\/a><\/p>\n","protected":false},"author":1,"featured_media":0,"parent":0,"menu_order":0,"comment_status":"closed","ping_status":"closed","template":"","meta":{"ngg_post_thumbnail":0,"footnotes":""},"class_list":["post-5229","page","type-page","status-publish","hentry"],"_links":{"self":[{"href":"https:\/\/reisen.dipas.ch\/index.php?rest_route=\/wp\/v2\/pages\/5229","targetHints":{"allow":["GET"]}}],"collection":[{"href":"https:\/\/reisen.dipas.ch\/index.php?rest_route=\/wp\/v2\/pages"}],"about":[{"href":"https:\/\/reisen.dipas.ch\/index.php?rest_route=\/wp\/v2\/types\/page"}],"author":[{"embeddable":true,"href":"https:\/\/reisen.dipas.ch\/index.php?rest_route=\/wp\/v2\/users\/1"}],"replies":[{"embeddable":true,"href":"https:\/\/reisen.dipas.ch\/index.php?rest_route=%2Fwp%2Fv2%2Fcomments&post=5229"}],"version-history":[{"count":3,"href":"https:\/\/reisen.dipas.ch\/index.php?rest_route=\/wp\/v2\/pages\/5229\/revisions"}],"predecessor-version":[{"id":5234,"href":"https:\/\/reisen.dipas.ch\/index.php?rest_route=\/wp\/v2\/pages\/5229\/revisions\/5234"}],"wp:attachment":[{"href":"https:\/\/reisen.dipas.ch\/index.php?rest_route=%2Fwp%2Fv2%2Fmedia&parent=5229"}],"curies":[{"name":"wp","href":"https:\/\/api.w.org\/{rel}","templated":true}]}}