{"id":5186,"date":"2022-10-18T22:08:55","date_gmt":"2022-10-18T21:08:55","guid":{"rendered":"https:\/\/reisen.dipas.ch\/?page_id=5186"},"modified":"2023-04-24T21:57:56","modified_gmt":"2023-04-24T20:57:56","slug":"dolomiten-2022","status":"publish","type":"page","link":"https:\/\/reisen.dipas.ch\/?page_id=5186","title":{"rendered":"Dolomiten 2022"},"content":{"rendered":"\n<p>Von zu Hause nach \u00d6sterreich \u00fcber den Brenner zuerst einen Abstecher nach St. Maddalena und dann weiter nach St.Ulrich. Wanderung entlang Plattkofel und Langkofel. Dann auf der anderen Seite nach Seceda. Weiterfahrt nach Innichen. Von dort aus mehrere Spazierg\u00e4nge  ( Pragser Wildsee) und Wanderungen (Talschlussh\u00fctte bis Zsigmondy H\u00fctte, D\u00fcrensee).<br>Danach um die Drei Zinnen und beim Lago d&#8217;Antorno \u00fcbernachten. Am n\u00e4chsten Tag Kurzwanderung Richtung Lado Sorapis danach etwas durch Cortina d&#8217;Ampezzo schlendern. \u00dcbernachtung am Pocol, weiter \u00fcber den Passo di Giau und sp\u00e4ter dem Passo Falzarego und dann nach Hause.<br><br>Vom 8. Oktober 2022 bis 15. Oktober 2022.<\/p>\n","protected":false},"excerpt":{"rendered":"<p>Von zu Hause nach \u00d6sterreich \u00fcber den Brenner zuerst einen Abstecher nach St. Maddalena und dann weiter nach St.Ulrich. Wanderung entlang Plattkofel und Langkofel. Dann<\/p>\n<p><a href=\"https:\/\/reisen.dipas.ch\/?page_id=5186\" class=\"more-link\">Continue reading<span class=\"screen-reader-text\">Dolomiten 2022<\/span><\/a><\/p>\n","protected":false},"author":1,"featured_media":0,"parent":0,"menu_order":0,"comment_status":"closed","ping_status":"closed","template":"","meta":{"ngg_post_thumbnail":0,"footnotes":""},"class_list":["post-5186","page","type-page","status-publish","hentry"],"_links":{"self":[{"href":"https:\/\/reisen.dipas.ch\/index.php?rest_route=\/wp\/v2\/pages\/5186","targetHints":{"allow":["GET"]}}],"collection":[{"href":"https:\/\/reisen.dipas.ch\/index.php?rest_route=\/wp\/v2\/pages"}],"about":[{"href":"https:\/\/reisen.dipas.ch\/index.php?rest_route=\/wp\/v2\/types\/page"}],"author":[{"embeddable":true,"href":"https:\/\/reisen.dipas.ch\/index.php?rest_route=\/wp\/v2\/users\/1"}],"replies":[{"embeddable":true,"href":"https:\/\/reisen.dipas.ch\/index.php?rest_route=%2Fwp%2Fv2%2Fcomments&post=5186"}],"version-history":[{"count":2,"href":"https:\/\/reisen.dipas.ch\/index.php?rest_route=\/wp\/v2\/pages\/5186\/revisions"}],"predecessor-version":[{"id":5201,"href":"https:\/\/reisen.dipas.ch\/index.php?rest_route=\/wp\/v2\/pages\/5186\/revisions\/5201"}],"wp:attachment":[{"href":"https:\/\/reisen.dipas.ch\/index.php?rest_route=%2Fwp%2Fv2%2Fmedia&parent=5186"}],"curies":[{"name":"wp","href":"https:\/\/api.w.org\/{rel}","templated":true}]}}