{"id":5152,"date":"2022-06-27T18:21:02","date_gmt":"2022-06-27T17:21:02","guid":{"rendered":"https:\/\/reisen.dipas.ch\/?page_id=5152"},"modified":"2022-06-27T18:27:31","modified_gmt":"2022-06-27T17:27:31","slug":"marokko-2022-15-tag-rueckreise","status":"publish","type":"page","link":"https:\/\/reisen.dipas.ch\/?page_id=5152","title":{"rendered":"Marokko 2022, 15. Tag R\u00fcckreise"},"content":{"rendered":"\n<p>Wiederum sp\u00e4t Fr\u00fchst\u00fccken, rumliegen, und nach dem Check-Out rumh\u00e4ngen im Hotel. Das Taxi holt uns fr\u00fch ab, gl\u00fccklicherweise mussten wir am Flughafen nirgends lang in Schlangen stehen. Mit den restlichen Dirham kauften wir uns belegte Brote und Getr\u00e4nke. <br>Auf dem Flug war die Sicht immer etwas tr\u00fcbe ab Mitte Spanien dann auch viel Bew\u00f6lkung.<\/p>\n\n\n\n<p><a href=\"https:\/\/reisen.dipas.ch\/?page_id=5146\">Zur\u00fcck zu Marokko 2022, 14. Tag<\/a><\/p>\n\n\n\n<p><a href=\"https:\/\/reisen.dipas.ch\/?page_id=5088\">Zur\u00fcck zu Marokko 2022<\/a><\/p>\n","protected":false},"excerpt":{"rendered":"<p>Wiederum sp\u00e4t Fr\u00fchst\u00fccken, rumliegen, und nach dem Check-Out rumh\u00e4ngen im Hotel. Das Taxi holt uns fr\u00fch ab, gl\u00fccklicherweise mussten wir am Flughafen nirgends lang in<\/p>\n<p><a href=\"https:\/\/reisen.dipas.ch\/?page_id=5152\" class=\"more-link\">Continue reading<span class=\"screen-reader-text\">Marokko 2022, 15. Tag R\u00fcckreise<\/span><\/a><\/p>\n","protected":false},"author":1,"featured_media":0,"parent":0,"menu_order":0,"comment_status":"closed","ping_status":"closed","template":"","meta":{"ngg_post_thumbnail":0,"footnotes":""},"class_list":["post-5152","page","type-page","status-publish","hentry"],"_links":{"self":[{"href":"https:\/\/reisen.dipas.ch\/index.php?rest_route=\/wp\/v2\/pages\/5152","targetHints":{"allow":["GET"]}}],"collection":[{"href":"https:\/\/reisen.dipas.ch\/index.php?rest_route=\/wp\/v2\/pages"}],"about":[{"href":"https:\/\/reisen.dipas.ch\/index.php?rest_route=\/wp\/v2\/types\/page"}],"author":[{"embeddable":true,"href":"https:\/\/reisen.dipas.ch\/index.php?rest_route=\/wp\/v2\/users\/1"}],"replies":[{"embeddable":true,"href":"https:\/\/reisen.dipas.ch\/index.php?rest_route=%2Fwp%2Fv2%2Fcomments&post=5152"}],"version-history":[{"count":4,"href":"https:\/\/reisen.dipas.ch\/index.php?rest_route=\/wp\/v2\/pages\/5152\/revisions"}],"predecessor-version":[{"id":5160,"href":"https:\/\/reisen.dipas.ch\/index.php?rest_route=\/wp\/v2\/pages\/5152\/revisions\/5160"}],"wp:attachment":[{"href":"https:\/\/reisen.dipas.ch\/index.php?rest_route=%2Fwp%2Fv2%2Fmedia&parent=5152"}],"curies":[{"name":"wp","href":"https:\/\/api.w.org\/{rel}","templated":true}]}}