{"id":5146,"date":"2022-06-27T18:18:13","date_gmt":"2022-06-27T17:18:13","guid":{"rendered":"https:\/\/reisen.dipas.ch\/?page_id=5146"},"modified":"2022-06-27T18:23:20","modified_gmt":"2022-06-27T17:23:20","slug":"marokko-2022-14-tag-5-querung-des-atlas","status":"publish","type":"page","link":"https:\/\/reisen.dipas.ch\/?page_id=5146","title":{"rendered":"Marokko 2022, 14. Tag Rumh\u00e4ngen"},"content":{"rendered":"\n<p>Sp\u00e4t Fr\u00fchst\u00fccken, am Strand spazieren und abends wieder Meeresfr\u00fcchte essen. <\/p>\n\n\n\n<p><a href=\"https:\/\/reisen.dipas.ch\/?page_id=5141\">Zur\u00fcck zu Marokko 2022, 13. Tag<\/a><\/p>\n\n\n\n<p><a href=\"https:\/\/reisen.dipas.ch\/?page_id=5152\">Weiter zu Marokko 2022, 15. Tag<\/a><\/p>\n","protected":false},"excerpt":{"rendered":"<p>Sp\u00e4t Fr\u00fchst\u00fccken, am Strand spazieren und abends wieder Meeresfr\u00fcchte essen. Zur\u00fcck zu Marokko 2022, 13. Tag Weiter zu Marokko 2022, 15. Tag<\/p>\n","protected":false},"author":1,"featured_media":0,"parent":0,"menu_order":0,"comment_status":"closed","ping_status":"closed","template":"","meta":{"ngg_post_thumbnail":0,"footnotes":""},"class_list":["post-5146","page","type-page","status-publish","hentry"],"_links":{"self":[{"href":"https:\/\/reisen.dipas.ch\/index.php?rest_route=\/wp\/v2\/pages\/5146","targetHints":{"allow":["GET"]}}],"collection":[{"href":"https:\/\/reisen.dipas.ch\/index.php?rest_route=\/wp\/v2\/pages"}],"about":[{"href":"https:\/\/reisen.dipas.ch\/index.php?rest_route=\/wp\/v2\/types\/page"}],"author":[{"embeddable":true,"href":"https:\/\/reisen.dipas.ch\/index.php?rest_route=\/wp\/v2\/users\/1"}],"replies":[{"embeddable":true,"href":"https:\/\/reisen.dipas.ch\/index.php?rest_route=%2Fwp%2Fv2%2Fcomments&post=5146"}],"version-history":[{"count":6,"href":"https:\/\/reisen.dipas.ch\/index.php?rest_route=\/wp\/v2\/pages\/5146\/revisions"}],"predecessor-version":[{"id":5158,"href":"https:\/\/reisen.dipas.ch\/index.php?rest_route=\/wp\/v2\/pages\/5146\/revisions\/5158"}],"wp:attachment":[{"href":"https:\/\/reisen.dipas.ch\/index.php?rest_route=%2Fwp%2Fv2%2Fmedia&parent=5146"}],"curies":[{"name":"wp","href":"https:\/\/api.w.org\/{rel}","templated":true}]}}