{"id":5141,"date":"2022-06-27T18:16:37","date_gmt":"2022-06-27T17:16:37","guid":{"rendered":"https:\/\/reisen.dipas.ch\/?page_id=5141"},"modified":"2022-06-29T20:42:08","modified_gmt":"2022-06-29T19:42:08","slug":"marokko-2022-13-tag","status":"publish","type":"page","link":"https:\/\/reisen.dipas.ch\/?page_id=5141","title":{"rendered":"Marokko 2022, 13. Tag 5. Pass \/ Agadir"},"content":{"rendered":"\n<p>Wir hatten vor eine kleine Rundwanderung in Richtung Toupkal zu unternehmen, das endete damit dass ich mit einem &#8217;sogenannten&#8216; F\u00fchrer Streit hatte, weil wir doch tats\u00e4chlich f\u00fcr diese kleine Rundwanderung uns bei der Parkpolizei h\u00e4tten eintragen , einen F\u00fchrer nehmen und mitten auf der Wanderung nochmals an einem Posten h\u00e4tten melden m\u00fcssen. Ich mochte schon gar nicht wissen was dieser Bl\u00f6dsinn gekostet h\u00e4tte. Wir sind dann weitergefahren.<br><br>Es nach dem Tanken zuerst an einen Stausee, der sch\u00f6n gelegen war und an dem sich viele Einheimische aufhielten. Danach stieg die Strasse stetig an und wir querten zum 5. Mal den Atlas. Nach dem Pass zum Dadestal ist dies auch ein sehr sch\u00f6ner Pass. Besonders beeindruckend war die Ostseite die den Blick auf die weite Ebene des Antiatlas freigab, in dem sehr viel Obst kultiviert wird. In der Ebene ist die Strasse bis Agadir eher langweilig.<\/p>\n\n\n\n<p><a href=\"https:\/\/reisen.dipas.ch\/?page_id=5137\">Zur\u00fcck zu Marokko 2022, 12. Tag<\/a><\/p>\n\n\n\n<p><a href=\"https:\/\/reisen.dipas.ch\/?page_id=5146\">Weiter zu Marokko 2022, 14. Tag<\/a><\/p>\n","protected":false},"excerpt":{"rendered":"<p>Wir hatten vor eine kleine Rundwanderung in Richtung Toupkal zu unternehmen, das endete damit dass ich mit einem &#8217;sogenannten&#8216; F\u00fchrer Streit hatte, weil wir doch<\/p>\n<p><a href=\"https:\/\/reisen.dipas.ch\/?page_id=5141\" class=\"more-link\">Continue reading<span class=\"screen-reader-text\">Marokko 2022, 13. Tag 5. Pass \/ Agadir<\/span><\/a><\/p>\n","protected":false},"author":1,"featured_media":0,"parent":0,"menu_order":0,"comment_status":"closed","ping_status":"closed","template":"","meta":{"ngg_post_thumbnail":0,"footnotes":""},"class_list":["post-5141","page","type-page","status-publish","hentry"],"_links":{"self":[{"href":"https:\/\/reisen.dipas.ch\/index.php?rest_route=\/wp\/v2\/pages\/5141","targetHints":{"allow":["GET"]}}],"collection":[{"href":"https:\/\/reisen.dipas.ch\/index.php?rest_route=\/wp\/v2\/pages"}],"about":[{"href":"https:\/\/reisen.dipas.ch\/index.php?rest_route=\/wp\/v2\/types\/page"}],"author":[{"embeddable":true,"href":"https:\/\/reisen.dipas.ch\/index.php?rest_route=\/wp\/v2\/users\/1"}],"replies":[{"embeddable":true,"href":"https:\/\/reisen.dipas.ch\/index.php?rest_route=%2Fwp%2Fv2%2Fcomments&post=5141"}],"version-history":[{"count":4,"href":"https:\/\/reisen.dipas.ch\/index.php?rest_route=\/wp\/v2\/pages\/5141\/revisions"}],"predecessor-version":[{"id":5182,"href":"https:\/\/reisen.dipas.ch\/index.php?rest_route=\/wp\/v2\/pages\/5141\/revisions\/5182"}],"wp:attachment":[{"href":"https:\/\/reisen.dipas.ch\/index.php?rest_route=%2Fwp%2Fv2%2Fmedia&parent=5141"}],"curies":[{"name":"wp","href":"https:\/\/api.w.org\/{rel}","templated":true}]}}