{"id":5137,"date":"2022-06-27T18:15:23","date_gmt":"2022-06-27T17:15:23","guid":{"rendered":"https:\/\/reisen.dipas.ch\/?page_id=5137"},"modified":"2022-06-29T20:31:29","modified_gmt":"2022-06-29T19:31:29","slug":"marokko-2022-12-tag-imlil","status":"publish","type":"page","link":"https:\/\/reisen.dipas.ch\/?page_id=5137","title":{"rendered":"Marokko 2022, 12. Tag Imlil"},"content":{"rendered":"\n<p>Weitere Querung des Atlasgebirge nach Imlil (Zermatt von Marokko). Die Fahrt war \u00fcbers\u00e4ht von kleineren bis grossen Baustellen, was die Fahrt erschwerte. In Imlil ist alles eng und voller Touristen, Tr\u00e4ger, Taxi usw. Nach einer kleinen Wanderung zu einem vermeintlichen Wasserfall zur\u00fcck ins Hotel, heimische K\u00fcche (Tajine) danach den Sonnenuntergang in den Bergen, mit Blick auf den h\u00f6chsten Berg Toupkal, genossen.<\/p>\n\n\n\n<p><a href=\"https:\/\/reisen.dipas.ch\/?page_id=5132\">Zur\u00fcck zu Marokko 2022, 11. Tag<\/a><\/p>\n\n\n\n<p><a href=\"https:\/\/reisen.dipas.ch\/?page_id=5141\">Weiter zu Marokko 2022, 13. Tag<\/a><\/p>\n","protected":false},"excerpt":{"rendered":"<p>Weitere Querung des Atlasgebirge nach Imlil (Zermatt von Marokko). Die Fahrt war \u00fcbers\u00e4ht von kleineren bis grossen Baustellen, was die Fahrt erschwerte. In Imlil ist<\/p>\n<p><a href=\"https:\/\/reisen.dipas.ch\/?page_id=5137\" class=\"more-link\">Continue reading<span class=\"screen-reader-text\">Marokko 2022, 12. Tag Imlil<\/span><\/a><\/p>\n","protected":false},"author":1,"featured_media":0,"parent":0,"menu_order":0,"comment_status":"closed","ping_status":"closed","template":"","meta":{"ngg_post_thumbnail":0,"footnotes":""},"class_list":["post-5137","page","type-page","status-publish","hentry"],"_links":{"self":[{"href":"https:\/\/reisen.dipas.ch\/index.php?rest_route=\/wp\/v2\/pages\/5137","targetHints":{"allow":["GET"]}}],"collection":[{"href":"https:\/\/reisen.dipas.ch\/index.php?rest_route=\/wp\/v2\/pages"}],"about":[{"href":"https:\/\/reisen.dipas.ch\/index.php?rest_route=\/wp\/v2\/types\/page"}],"author":[{"embeddable":true,"href":"https:\/\/reisen.dipas.ch\/index.php?rest_route=\/wp\/v2\/users\/1"}],"replies":[{"embeddable":true,"href":"https:\/\/reisen.dipas.ch\/index.php?rest_route=%2Fwp%2Fv2%2Fcomments&post=5137"}],"version-history":[{"count":3,"href":"https:\/\/reisen.dipas.ch\/index.php?rest_route=\/wp\/v2\/pages\/5137\/revisions"}],"predecessor-version":[{"id":5178,"href":"https:\/\/reisen.dipas.ch\/index.php?rest_route=\/wp\/v2\/pages\/5137\/revisions\/5178"}],"wp:attachment":[{"href":"https:\/\/reisen.dipas.ch\/index.php?rest_route=%2Fwp%2Fv2%2Fmedia&parent=5137"}],"curies":[{"name":"wp","href":"https:\/\/api.w.org\/{rel}","templated":true}]}}