{"id":5129,"date":"2022-06-27T18:09:56","date_gmt":"2022-06-27T17:09:56","guid":{"rendered":"https:\/\/reisen.dipas.ch\/?page_id=5129"},"modified":"2022-06-27T18:53:27","modified_gmt":"2022-06-27T17:53:27","slug":"marokko-2022-10-tag-tinghir-agoudal","status":"publish","type":"page","link":"https:\/\/reisen.dipas.ch\/?page_id=5129","title":{"rendered":"Marokko 2022, 10. Tag Tinghir \/ Agoudal"},"content":{"rendered":"\n<p>Nach der \u00dcbernachtung im viel zu heissen Zelt R\u00fcckfahrt mit 4&#215;4 zum Ausgangspunkt. Weiterfahrt Richtung Tinghir, bei Rissani einen Zwischenstopp eingelegt und den lokalen Markt besucht. Danach musste ich einen M\u00f6chtegern Parkplatzaufpasser zurechtweisen, weil er auf den \u00f6ffentlichen Parkpl\u00e4tzen entlang der Strasse, gr\u00fcnweisse Markierung am Strassenrand, eine Geb\u00fchr einkassieren wollte.<br><br>Weiter Richtung Tinghir, Besichtigung der Schlucht, leider ist diese durch H\u00e4ndler und eine unh\u00f6fliche Gruppe j\u00fcdischer Touristen mit dicken SUVs \u00fcbers\u00e4t gewesen.<br>Abgesehen davon ist das Wasser dort sehr klar und scheint trinkbar zu sein, da es dort aus einer Quelle kommt und ob dieser Quelle keine Menschen leben. Auch tummeln sich viele V\u00f6gel in der Schlucht, die ideale Nischen und Pl\u00e4tze bietet.<br>Danach ging es weiter durchs Gebirge und einer sch\u00f6nen Passfahrt nach Agoudal.<br>Die Unterkunft war einfach, das Essen sehr fein, wenn auch immer wieder dieselbe Eintopfgericht. Der Mitarbeiter der Vermietung brachte uns dazu eine Dorfbesichtigung mitzumachen, dabei fielen mir die aufdringlich bettelnden Kinder und Jugendlichen auf.<br>Er verlangte letztlich 40 Dirham was etwa 4\u20ac entspricht. Ich habe ihn bezahlt, auch wenn der Rundgang nicht wirklich besonders spannend oder sch\u00f6n war.<\/p>\n\n\n\n<p><a href=\"https:\/\/reisen.dipas.ch\/?page_id=5121\">Zur\u00fcck zu Marokko 2022, 9. Tag<\/a><\/p>\n\n\n\n<p><a href=\"https:\/\/reisen.dipas.ch\/?page_id=5132\">Weiter zu Marokko 2022, 11. Tag<\/a><\/p>\n","protected":false},"excerpt":{"rendered":"<p>Nach der \u00dcbernachtung im viel zu heissen Zelt R\u00fcckfahrt mit 4&#215;4 zum Ausgangspunkt. Weiterfahrt Richtung Tinghir, bei Rissani einen Zwischenstopp eingelegt und den lokalen Markt<\/p>\n<p><a href=\"https:\/\/reisen.dipas.ch\/?page_id=5129\" class=\"more-link\">Continue reading<span class=\"screen-reader-text\">Marokko 2022, 10. Tag Tinghir \/ Agoudal<\/span><\/a><\/p>\n","protected":false},"author":1,"featured_media":0,"parent":0,"menu_order":0,"comment_status":"closed","ping_status":"closed","template":"","meta":{"ngg_post_thumbnail":0,"footnotes":""},"class_list":["post-5129","page","type-page","status-publish","hentry"],"_links":{"self":[{"href":"https:\/\/reisen.dipas.ch\/index.php?rest_route=\/wp\/v2\/pages\/5129","targetHints":{"allow":["GET"]}}],"collection":[{"href":"https:\/\/reisen.dipas.ch\/index.php?rest_route=\/wp\/v2\/pages"}],"about":[{"href":"https:\/\/reisen.dipas.ch\/index.php?rest_route=\/wp\/v2\/types\/page"}],"author":[{"embeddable":true,"href":"https:\/\/reisen.dipas.ch\/index.php?rest_route=\/wp\/v2\/users\/1"}],"replies":[{"embeddable":true,"href":"https:\/\/reisen.dipas.ch\/index.php?rest_route=%2Fwp%2Fv2%2Fcomments&post=5129"}],"version-history":[{"count":4,"href":"https:\/\/reisen.dipas.ch\/index.php?rest_route=\/wp\/v2\/pages\/5129\/revisions"}],"predecessor-version":[{"id":5173,"href":"https:\/\/reisen.dipas.ch\/index.php?rest_route=\/wp\/v2\/pages\/5129\/revisions\/5173"}],"wp:attachment":[{"href":"https:\/\/reisen.dipas.ch\/index.php?rest_route=%2Fwp%2Fv2%2Fmedia&parent=5129"}],"curies":[{"name":"wp","href":"https:\/\/api.w.org\/{rel}","templated":true}]}}