{"id":5105,"date":"2022-06-26T13:07:57","date_gmt":"2022-06-26T12:07:57","guid":{"rendered":"https:\/\/reisen.dipas.ch\/?page_id=5105"},"modified":"2022-06-26T14:34:28","modified_gmt":"2022-06-26T13:34:28","slug":"marokko-2022-4-tag-moschee-hassan-ii-rabat","status":"publish","type":"page","link":"https:\/\/reisen.dipas.ch\/?page_id=5105","title":{"rendered":"Marokko 2022, 4. Tag Moschee Hassan II, Rabat"},"content":{"rendered":"\n<p>Heute steht der Besuch der Moschee Hassan II an. Das quadratische Minarett ist das zweith\u00f6chste der Welt. Der Bau ist aussen und auch innen sehr eindr\u00fccklich. Nur edle Materialien wurden verwendet. Der Bau kostete Unsummen und war im Land umstritten und f\u00fchrte auch zu Auseinandersetzungen und Toten. <br>Danach geht es auf der Autobahn weiter nach Rabat, der Hauptstadt. Wir wollten dort den alten, unvollendeten Turm Hassan besuchen &#8211; abgeschlossen, bewacht und wir wurden falsche informiert, dass auf dem Areal der Moschee Ruine Zugang zu diesem Turm w\u00e4re, alles verbarrikadiert. Solche Situationen werden wir auf unserer Reise noch mehrmals erleben. Leider ist der Tourismus auf diesem Ast recht schwach, schade.<br>Noch etwas durch die Medina schlendern und dann in einem komischen Restaurant essen.<\/p>\n\n\n\n<p><a href=\"https:\/\/reisen.dipas.ch\/?page_id=5101\">Zur\u00fcck zu Marokko 2022, 3. Tag<\/a><\/p>\n\n\n\n<p><a href=\"https:\/\/reisen.dipas.ch\/?page_id=5108\">Weiter zu Marokko 2022, 5. Tag<\/a><\/p>\n","protected":false},"excerpt":{"rendered":"<p>Heute steht der Besuch der Moschee Hassan II an. Das quadratische Minarett ist das zweith\u00f6chste der Welt. Der Bau ist aussen und auch innen sehr<\/p>\n<p><a href=\"https:\/\/reisen.dipas.ch\/?page_id=5105\" class=\"more-link\">Continue reading<span class=\"screen-reader-text\">Marokko 2022, 4. Tag Moschee Hassan II, Rabat<\/span><\/a><\/p>\n","protected":false},"author":1,"featured_media":0,"parent":0,"menu_order":0,"comment_status":"closed","ping_status":"closed","template":"","meta":{"ngg_post_thumbnail":0,"footnotes":""},"class_list":["post-5105","page","type-page","status-publish","hentry"],"_links":{"self":[{"href":"https:\/\/reisen.dipas.ch\/index.php?rest_route=\/wp\/v2\/pages\/5105","targetHints":{"allow":["GET"]}}],"collection":[{"href":"https:\/\/reisen.dipas.ch\/index.php?rest_route=\/wp\/v2\/pages"}],"about":[{"href":"https:\/\/reisen.dipas.ch\/index.php?rest_route=\/wp\/v2\/types\/page"}],"author":[{"embeddable":true,"href":"https:\/\/reisen.dipas.ch\/index.php?rest_route=\/wp\/v2\/users\/1"}],"replies":[{"embeddable":true,"href":"https:\/\/reisen.dipas.ch\/index.php?rest_route=%2Fwp%2Fv2%2Fcomments&post=5105"}],"version-history":[{"count":3,"href":"https:\/\/reisen.dipas.ch\/index.php?rest_route=\/wp\/v2\/pages\/5105\/revisions"}],"predecessor-version":[{"id":5120,"href":"https:\/\/reisen.dipas.ch\/index.php?rest_route=\/wp\/v2\/pages\/5105\/revisions\/5120"}],"wp:attachment":[{"href":"https:\/\/reisen.dipas.ch\/index.php?rest_route=%2Fwp%2Fv2%2Fmedia&parent=5105"}],"curies":[{"name":"wp","href":"https:\/\/api.w.org\/{rel}","templated":true}]}}