{"id":5097,"date":"2022-06-26T12:21:53","date_gmt":"2022-06-26T11:21:53","guid":{"rendered":"https:\/\/reisen.dipas.ch\/?page_id=5097"},"modified":"2022-06-27T18:33:07","modified_gmt":"2022-06-27T17:33:07","slug":"marokko-2022-2-tag-marrakesch","status":"publish","type":"page","link":"https:\/\/reisen.dipas.ch\/?page_id=5097","title":{"rendered":"Marokko 2022, 2. Tag Marrakesch"},"content":{"rendered":"\n<p>Besuch des sehr sch\u00f6n angelegten und recht gut gepflegten Jardin Majorelle im Norden von Marrakesch, dubiose Hilfe die sich als F\u00fchrer entpuppte und uns zu einem angeblich nur alle zwei Wochen stattfindenden Berbermarktes im Norden der Stadt &#8218;abseits&#8216; des Tourismus.<br>Die versuchten alle Tricks, gut dass Huan kommentarlos das Geb\u00e4ude verlies und ich den F\u00fchrer und den H\u00e4ndler abwimmelte, trotz Angebot des Tee Trinkens und den &#8218;tollen&#8216; Produkten an welchen ich keinerlei Interesse h\u00e4tte. Sie waren beleidigt, was mir egal war, ob der unversch\u00e4mten Art die sehr verbreitet ist in Marokko &#8211; einer der gr\u00f6ssten St\u00f6rfaktoren dieser Reise. <\/p>\n\n\n\n<p><a href=\"https:\/\/reisen.dipas.ch\/?page_id=5095\">Zur\u00fcck zu Marokko 2022, 1. Tag<\/a><\/p>\n\n\n\n<p><a href=\"https:\/\/reisen.dipas.ch\/?page_id=5101\">Weiter zu Marokko 2022, 3. Tag<\/a><\/p>\n","protected":false},"excerpt":{"rendered":"<p>Besuch des sehr sch\u00f6n angelegten und recht gut gepflegten Jardin Majorelle im Norden von Marrakesch, dubiose Hilfe die sich als F\u00fchrer entpuppte und uns zu<\/p>\n<p><a href=\"https:\/\/reisen.dipas.ch\/?page_id=5097\" class=\"more-link\">Continue reading<span class=\"screen-reader-text\">Marokko 2022, 2. Tag Marrakesch<\/span><\/a><\/p>\n","protected":false},"author":1,"featured_media":0,"parent":0,"menu_order":0,"comment_status":"closed","ping_status":"closed","template":"","meta":{"ngg_post_thumbnail":0,"footnotes":""},"class_list":["post-5097","page","type-page","status-publish","hentry"],"_links":{"self":[{"href":"https:\/\/reisen.dipas.ch\/index.php?rest_route=\/wp\/v2\/pages\/5097","targetHints":{"allow":["GET"]}}],"collection":[{"href":"https:\/\/reisen.dipas.ch\/index.php?rest_route=\/wp\/v2\/pages"}],"about":[{"href":"https:\/\/reisen.dipas.ch\/index.php?rest_route=\/wp\/v2\/types\/page"}],"author":[{"embeddable":true,"href":"https:\/\/reisen.dipas.ch\/index.php?rest_route=\/wp\/v2\/users\/1"}],"replies":[{"embeddable":true,"href":"https:\/\/reisen.dipas.ch\/index.php?rest_route=%2Fwp%2Fv2%2Fcomments&post=5097"}],"version-history":[{"count":3,"href":"https:\/\/reisen.dipas.ch\/index.php?rest_route=\/wp\/v2\/pages\/5097\/revisions"}],"predecessor-version":[{"id":5168,"href":"https:\/\/reisen.dipas.ch\/index.php?rest_route=\/wp\/v2\/pages\/5097\/revisions\/5168"}],"wp:attachment":[{"href":"https:\/\/reisen.dipas.ch\/index.php?rest_route=%2Fwp%2Fv2%2Fmedia&parent=5097"}],"curies":[{"name":"wp","href":"https:\/\/api.w.org\/{rel}","templated":true}]}}