{"id":5080,"date":"2022-03-15T00:06:24","date_gmt":"2022-03-14T23:06:24","guid":{"rendered":"https:\/\/reisen.dipas.ch\/?page_id=5080"},"modified":"2022-03-15T00:06:24","modified_gmt":"2022-03-14T23:06:24","slug":"rom-2022-4-tag","status":"publish","type":"page","link":"https:\/\/reisen.dipas.ch\/?page_id=5080","title":{"rendered":"Rom 2022, 4. Tag"},"content":{"rendered":"\n<p>Das vatikanische Museum im Eilgang besucht. Das ganze ist unendlich gross, weitl\u00e4ufig und beherbergt so viel Geschichte, dass dies nicht in ein paar Stunden aufgenommen, erfasst werden kann. Dann die R\u00e4ume des Pius VI und weiter zur sixtinischen Kapelle. Danach den Petersdom und Petersplatz erkundet. Ein wenig &#8218;L\u00e4dele&#8216;, also Shopping.<\/p>\n","protected":false},"excerpt":{"rendered":"<p>Das vatikanische Museum im Eilgang besucht. Das ganze ist unendlich gross, weitl\u00e4ufig und beherbergt so viel Geschichte, dass dies nicht in ein paar Stunden aufgenommen,<\/p>\n<p><a href=\"https:\/\/reisen.dipas.ch\/?page_id=5080\" class=\"more-link\">Continue reading<span class=\"screen-reader-text\">Rom 2022, 4. Tag<\/span><\/a><\/p>\n","protected":false},"author":1,"featured_media":0,"parent":0,"menu_order":0,"comment_status":"closed","ping_status":"closed","template":"","meta":{"ngg_post_thumbnail":0,"footnotes":""},"class_list":["post-5080","page","type-page","status-publish","hentry"],"_links":{"self":[{"href":"https:\/\/reisen.dipas.ch\/index.php?rest_route=\/wp\/v2\/pages\/5080","targetHints":{"allow":["GET"]}}],"collection":[{"href":"https:\/\/reisen.dipas.ch\/index.php?rest_route=\/wp\/v2\/pages"}],"about":[{"href":"https:\/\/reisen.dipas.ch\/index.php?rest_route=\/wp\/v2\/types\/page"}],"author":[{"embeddable":true,"href":"https:\/\/reisen.dipas.ch\/index.php?rest_route=\/wp\/v2\/users\/1"}],"replies":[{"embeddable":true,"href":"https:\/\/reisen.dipas.ch\/index.php?rest_route=%2Fwp%2Fv2%2Fcomments&post=5080"}],"version-history":[{"count":1,"href":"https:\/\/reisen.dipas.ch\/index.php?rest_route=\/wp\/v2\/pages\/5080\/revisions"}],"predecessor-version":[{"id":5081,"href":"https:\/\/reisen.dipas.ch\/index.php?rest_route=\/wp\/v2\/pages\/5080\/revisions\/5081"}],"wp:attachment":[{"href":"https:\/\/reisen.dipas.ch\/index.php?rest_route=%2Fwp%2Fv2%2Fmedia&parent=5080"}],"curies":[{"name":"wp","href":"https:\/\/api.w.org\/{rel}","templated":true}]}}