{"id":4833,"date":"2021-09-22T13:37:53","date_gmt":"2021-09-22T12:37:53","guid":{"rendered":"https:\/\/reisen.dipas.ch\/?page_id=4833"},"modified":"2021-09-22T13:49:03","modified_gmt":"2021-09-22T12:49:03","slug":"island-8-august-2021","status":"publish","type":"page","link":"https:\/\/reisen.dipas.ch\/?page_id=4833","title":{"rendered":"Island, Sonntag 08.08.2021"},"content":{"rendered":"\n<p>Von der L\u00fcneburger Heide weiter \u00fcber L\u00fcbeck (Marzipan!) nach D\u00e4nemark.<\/p>\n\n\n\n<p><a href=\"https:\/\/reisen.dipas.ch\/?page_id=4821\">Zur\u00fcck zu Island 2021 07.08.2021<\/a><\/p>\n\n\n\n<figure class=\"wp-block-image size-large is-style-default\"><img loading=\"lazy\" decoding=\"async\" width=\"839\" height=\"1120\" src=\"https:\/\/reisen.dipas.ch\/wp-content\/uploads\/2021\/09\/IMG_20210808_102626-839x1120.jpg\" alt=\"\" class=\"wp-image-4834\" srcset=\"https:\/\/reisen.dipas.ch\/wp-content\/uploads\/2021\/09\/IMG_20210808_102626-839x1120.jpg 839w, https:\/\/reisen.dipas.ch\/wp-content\/uploads\/2021\/09\/IMG_20210808_102626-393x525.jpg 393w, https:\/\/reisen.dipas.ch\/wp-content\/uploads\/2021\/09\/IMG_20210808_102626-768x1026.jpg 768w, https:\/\/reisen.dipas.ch\/wp-content\/uploads\/2021\/09\/IMG_20210808_102626-1150x1536.jpg 1150w, https:\/\/reisen.dipas.ch\/wp-content\/uploads\/2021\/09\/IMG_20210808_102626.jpg 1258w\" sizes=\"auto, (max-width: 839px) 100vw, 839px\" \/><\/figure>\n\n\n\n<figure class=\"wp-block-image size-large is-style-default\"><img loading=\"lazy\" decoding=\"async\" width=\"1680\" height=\"756\" src=\"https:\/\/reisen.dipas.ch\/wp-content\/uploads\/2021\/09\/IMG_20210808_103207.jpg\" alt=\"\" class=\"wp-image-4835\" srcset=\"https:\/\/reisen.dipas.ch\/wp-content\/uploads\/2021\/09\/IMG_20210808_103207.jpg 1680w, https:\/\/reisen.dipas.ch\/wp-content\/uploads\/2021\/09\/IMG_20210808_103207-700x315.jpg 700w, https:\/\/reisen.dipas.ch\/wp-content\/uploads\/2021\/09\/IMG_20210808_103207-768x346.jpg 768w, https:\/\/reisen.dipas.ch\/wp-content\/uploads\/2021\/09\/IMG_20210808_103207-1536x691.jpg 1536w\" sizes=\"auto, (max-width: 1680px) 100vw, 1680px\" \/><\/figure>\n\n\n\n<figure class=\"wp-block-image size-large is-style-default\"><img loading=\"lazy\" decoding=\"async\" width=\"1680\" height=\"756\" src=\"https:\/\/reisen.dipas.ch\/wp-content\/uploads\/2021\/09\/IMG_20210808_103807.jpg\" alt=\"\" class=\"wp-image-4836\" srcset=\"https:\/\/reisen.dipas.ch\/wp-content\/uploads\/2021\/09\/IMG_20210808_103807.jpg 1680w, https:\/\/reisen.dipas.ch\/wp-content\/uploads\/2021\/09\/IMG_20210808_103807-700x315.jpg 700w, https:\/\/reisen.dipas.ch\/wp-content\/uploads\/2021\/09\/IMG_20210808_103807-768x346.jpg 768w, https:\/\/reisen.dipas.ch\/wp-content\/uploads\/2021\/09\/IMG_20210808_103807-1536x691.jpg 1536w\" sizes=\"auto, (max-width: 1680px) 100vw, 1680px\" \/><\/figure>\n\n\n\n<figure class=\"wp-block-image size-large is-style-default\"><img loading=\"lazy\" decoding=\"async\" width=\"659\" height=\"1120\" src=\"https:\/\/reisen.dipas.ch\/wp-content\/uploads\/2021\/09\/IMG_20210808_104309-659x1120.jpg\" alt=\"\" class=\"wp-image-4837\" srcset=\"https:\/\/reisen.dipas.ch\/wp-content\/uploads\/2021\/09\/IMG_20210808_104309-659x1120.jpg 659w, https:\/\/reisen.dipas.ch\/wp-content\/uploads\/2021\/09\/IMG_20210808_104309-309x525.jpg 309w, https:\/\/reisen.dipas.ch\/wp-content\/uploads\/2021\/09\/IMG_20210808_104309-768x1306.jpg 768w, https:\/\/reisen.dipas.ch\/wp-content\/uploads\/2021\/09\/IMG_20210808_104309-903x1536.jpg 903w, https:\/\/reisen.dipas.ch\/wp-content\/uploads\/2021\/09\/IMG_20210808_104309.jpg 988w\" sizes=\"auto, (max-width: 659px) 100vw, 659px\" \/><\/figure>\n\n\n\n<figure class=\"wp-block-image size-large is-style-default\"><img loading=\"lazy\" decoding=\"async\" width=\"1680\" height=\"756\" src=\"https:\/\/reisen.dipas.ch\/wp-content\/uploads\/2021\/09\/IMG_20210808_104456.jpg\" alt=\"\" class=\"wp-image-4838\" srcset=\"https:\/\/reisen.dipas.ch\/wp-content\/uploads\/2021\/09\/IMG_20210808_104456.jpg 1680w, https:\/\/reisen.dipas.ch\/wp-content\/uploads\/2021\/09\/IMG_20210808_104456-700x315.jpg 700w, https:\/\/reisen.dipas.ch\/wp-content\/uploads\/2021\/09\/IMG_20210808_104456-768x346.jpg 768w, https:\/\/reisen.dipas.ch\/wp-content\/uploads\/2021\/09\/IMG_20210808_104456-1536x691.jpg 1536w\" sizes=\"auto, (max-width: 1680px) 100vw, 1680px\" \/><\/figure>\n\n\n\n<figure class=\"wp-block-image size-large is-style-default\"><img loading=\"lazy\" decoding=\"async\" width=\"659\" height=\"1120\" src=\"https:\/\/reisen.dipas.ch\/wp-content\/uploads\/2021\/09\/IMG_20210808_105013-659x1120.jpg\" alt=\"\" class=\"wp-image-4839\" srcset=\"https:\/\/reisen.dipas.ch\/wp-content\/uploads\/2021\/09\/IMG_20210808_105013-659x1120.jpg 659w, https:\/\/reisen.dipas.ch\/wp-content\/uploads\/2021\/09\/IMG_20210808_105013-309x525.jpg 309w, https:\/\/reisen.dipas.ch\/wp-content\/uploads\/2021\/09\/IMG_20210808_105013-768x1306.jpg 768w, https:\/\/reisen.dipas.ch\/wp-content\/uploads\/2021\/09\/IMG_20210808_105013-903x1536.jpg 903w, https:\/\/reisen.dipas.ch\/wp-content\/uploads\/2021\/09\/IMG_20210808_105013.jpg 988w\" sizes=\"auto, (max-width: 659px) 100vw, 659px\" \/><\/figure>\n\n\n\n<figure class=\"wp-block-image size-large is-style-default\"><img loading=\"lazy\" decoding=\"async\" width=\"1680\" height=\"756\" src=\"https:\/\/reisen.dipas.ch\/wp-content\/uploads\/2021\/09\/IMG_20210808_105559_2.jpg\" alt=\"\" class=\"wp-image-4840\" srcset=\"https:\/\/reisen.dipas.ch\/wp-content\/uploads\/2021\/09\/IMG_20210808_105559_2.jpg 1680w, https:\/\/reisen.dipas.ch\/wp-content\/uploads\/2021\/09\/IMG_20210808_105559_2-700x315.jpg 700w, https:\/\/reisen.dipas.ch\/wp-content\/uploads\/2021\/09\/IMG_20210808_105559_2-768x346.jpg 768w, https:\/\/reisen.dipas.ch\/wp-content\/uploads\/2021\/09\/IMG_20210808_105559_2-1536x691.jpg 1536w\" sizes=\"auto, (max-width: 1680px) 100vw, 1680px\" \/><\/figure>\n\n\n\n<figure class=\"wp-block-image size-large is-style-default\"><img loading=\"lazy\" decoding=\"async\" width=\"1680\" height=\"756\" src=\"https:\/\/reisen.dipas.ch\/wp-content\/uploads\/2021\/09\/IMG_20210808_110255_1.jpg\" alt=\"\" class=\"wp-image-4841\" srcset=\"https:\/\/reisen.dipas.ch\/wp-content\/uploads\/2021\/09\/IMG_20210808_110255_1.jpg 1680w, https:\/\/reisen.dipas.ch\/wp-content\/uploads\/2021\/09\/IMG_20210808_110255_1-700x315.jpg 700w, https:\/\/reisen.dipas.ch\/wp-content\/uploads\/2021\/09\/IMG_20210808_110255_1-768x346.jpg 768w, https:\/\/reisen.dipas.ch\/wp-content\/uploads\/2021\/09\/IMG_20210808_110255_1-1536x691.jpg 1536w\" sizes=\"auto, (max-width: 1680px) 100vw, 1680px\" \/><\/figure>\n\n\n\n<figure class=\"wp-block-image size-large is-style-default\"><img loading=\"lazy\" decoding=\"async\" width=\"659\" height=\"1120\" src=\"https:\/\/reisen.dipas.ch\/wp-content\/uploads\/2021\/09\/IMG_20210808_112213-659x1120.jpg\" alt=\"\" class=\"wp-image-4842\" srcset=\"https:\/\/reisen.dipas.ch\/wp-content\/uploads\/2021\/09\/IMG_20210808_112213-659x1120.jpg 659w, https:\/\/reisen.dipas.ch\/wp-content\/uploads\/2021\/09\/IMG_20210808_112213-309x525.jpg 309w, https:\/\/reisen.dipas.ch\/wp-content\/uploads\/2021\/09\/IMG_20210808_112213-768x1306.jpg 768w, https:\/\/reisen.dipas.ch\/wp-content\/uploads\/2021\/09\/IMG_20210808_112213-903x1536.jpg 903w, https:\/\/reisen.dipas.ch\/wp-content\/uploads\/2021\/09\/IMG_20210808_112213.jpg 988w\" sizes=\"auto, (max-width: 659px) 100vw, 659px\" \/><\/figure>\n\n\n\n<figure class=\"wp-block-image size-large is-style-default\"><img loading=\"lazy\" decoding=\"async\" width=\"1680\" height=\"756\" src=\"https:\/\/reisen.dipas.ch\/wp-content\/uploads\/2021\/09\/IMG_20210808_113339.jpg\" alt=\"\" class=\"wp-image-4843\" srcset=\"https:\/\/reisen.dipas.ch\/wp-content\/uploads\/2021\/09\/IMG_20210808_113339.jpg 1680w, https:\/\/reisen.dipas.ch\/wp-content\/uploads\/2021\/09\/IMG_20210808_113339-700x315.jpg 700w, https:\/\/reisen.dipas.ch\/wp-content\/uploads\/2021\/09\/IMG_20210808_113339-768x346.jpg 768w, https:\/\/reisen.dipas.ch\/wp-content\/uploads\/2021\/09\/IMG_20210808_113339-1536x691.jpg 1536w\" sizes=\"auto, (max-width: 1680px) 100vw, 1680px\" \/><\/figure>\n\n\n\n<figure class=\"wp-block-image size-large is-style-default\"><img loading=\"lazy\" decoding=\"async\" width=\"1680\" height=\"756\" src=\"https:\/\/reisen.dipas.ch\/wp-content\/uploads\/2021\/09\/IMG_20210808_120522_2.jpg\" alt=\"\" class=\"wp-image-4845\" srcset=\"https:\/\/reisen.dipas.ch\/wp-content\/uploads\/2021\/09\/IMG_20210808_120522_2.jpg 1680w, https:\/\/reisen.dipas.ch\/wp-content\/uploads\/2021\/09\/IMG_20210808_120522_2-700x315.jpg 700w, https:\/\/reisen.dipas.ch\/wp-content\/uploads\/2021\/09\/IMG_20210808_120522_2-768x346.jpg 768w, https:\/\/reisen.dipas.ch\/wp-content\/uploads\/2021\/09\/IMG_20210808_120522_2-1536x691.jpg 1536w\" sizes=\"auto, (max-width: 1680px) 100vw, 1680px\" \/><\/figure>\n\n\n\n<figure class=\"wp-block-image size-large is-style-default\"><img loading=\"lazy\" decoding=\"async\" width=\"658\" height=\"1120\" src=\"https:\/\/reisen.dipas.ch\/wp-content\/uploads\/2021\/09\/IMG_20210808_120602_2-658x1120.jpg\" alt=\"\" class=\"wp-image-4846\" srcset=\"https:\/\/reisen.dipas.ch\/wp-content\/uploads\/2021\/09\/IMG_20210808_120602_2-658x1120.jpg 658w, https:\/\/reisen.dipas.ch\/wp-content\/uploads\/2021\/09\/IMG_20210808_120602_2-308x525.jpg 308w, https:\/\/reisen.dipas.ch\/wp-content\/uploads\/2021\/09\/IMG_20210808_120602_2-768x1307.jpg 768w, https:\/\/reisen.dipas.ch\/wp-content\/uploads\/2021\/09\/IMG_20210808_120602_2-902x1536.jpg 902w, https:\/\/reisen.dipas.ch\/wp-content\/uploads\/2021\/09\/IMG_20210808_120602_2.jpg 987w\" sizes=\"auto, (max-width: 658px) 100vw, 658px\" \/><\/figure>\n\n\n\n<figure class=\"wp-block-image size-large is-style-default\"><img loading=\"lazy\" decoding=\"async\" width=\"1680\" height=\"756\" src=\"https:\/\/reisen.dipas.ch\/wp-content\/uploads\/2021\/09\/IMG_20210808_125348.jpg\" alt=\"\" class=\"wp-image-4847\" srcset=\"https:\/\/reisen.dipas.ch\/wp-content\/uploads\/2021\/09\/IMG_20210808_125348.jpg 1680w, https:\/\/reisen.dipas.ch\/wp-content\/uploads\/2021\/09\/IMG_20210808_125348-700x315.jpg 700w, https:\/\/reisen.dipas.ch\/wp-content\/uploads\/2021\/09\/IMG_20210808_125348-768x346.jpg 768w, https:\/\/reisen.dipas.ch\/wp-content\/uploads\/2021\/09\/IMG_20210808_125348-1536x691.jpg 1536w\" sizes=\"auto, (max-width: 1680px) 100vw, 1680px\" \/><\/figure>\n\n\n\n<figure class=\"wp-block-image size-large is-style-default\"><img loading=\"lazy\" decoding=\"async\" width=\"599\" height=\"1120\" src=\"https:\/\/reisen.dipas.ch\/wp-content\/uploads\/2021\/09\/IMG_20210808_151014-599x1120.jpg\" alt=\"\" class=\"wp-image-4848\" srcset=\"https:\/\/reisen.dipas.ch\/wp-content\/uploads\/2021\/09\/IMG_20210808_151014-599x1120.jpg 599w, https:\/\/reisen.dipas.ch\/wp-content\/uploads\/2021\/09\/IMG_20210808_151014-281x525.jpg 281w, https:\/\/reisen.dipas.ch\/wp-content\/uploads\/2021\/09\/IMG_20210808_151014-768x1437.jpg 768w, https:\/\/reisen.dipas.ch\/wp-content\/uploads\/2021\/09\/IMG_20210808_151014-821x1536.jpg 821w, https:\/\/reisen.dipas.ch\/wp-content\/uploads\/2021\/09\/IMG_20210808_151014.jpg 898w\" sizes=\"auto, (max-width: 599px) 100vw, 599px\" \/><\/figure>\n\n\n\n<figure class=\"wp-block-image size-large is-style-default\"><img loading=\"lazy\" decoding=\"async\" width=\"658\" height=\"1120\" src=\"https:\/\/reisen.dipas.ch\/wp-content\/uploads\/2021\/09\/IMG_20210808_151556-658x1120.jpg\" alt=\"\" class=\"wp-image-4850\" srcset=\"https:\/\/reisen.dipas.ch\/wp-content\/uploads\/2021\/09\/IMG_20210808_151556-658x1120.jpg 658w, https:\/\/reisen.dipas.ch\/wp-content\/uploads\/2021\/09\/IMG_20210808_151556-308x525.jpg 308w, https:\/\/reisen.dipas.ch\/wp-content\/uploads\/2021\/09\/IMG_20210808_151556-768x1307.jpg 768w, https:\/\/reisen.dipas.ch\/wp-content\/uploads\/2021\/09\/IMG_20210808_151556-902x1536.jpg 902w, https:\/\/reisen.dipas.ch\/wp-content\/uploads\/2021\/09\/IMG_20210808_151556.jpg 987w\" sizes=\"auto, (max-width: 658px) 100vw, 658px\" \/><\/figure>\n\n\n\n<figure class=\"wp-block-image size-large is-style-default\"><img loading=\"lazy\" decoding=\"async\" width=\"1680\" height=\"756\" src=\"https:\/\/reisen.dipas.ch\/wp-content\/uploads\/2021\/09\/IMG_20210808_153635.jpg\" alt=\"\" class=\"wp-image-4851\" srcset=\"https:\/\/reisen.dipas.ch\/wp-content\/uploads\/2021\/09\/IMG_20210808_153635.jpg 1680w, https:\/\/reisen.dipas.ch\/wp-content\/uploads\/2021\/09\/IMG_20210808_153635-700x315.jpg 700w, https:\/\/reisen.dipas.ch\/wp-content\/uploads\/2021\/09\/IMG_20210808_153635-768x346.jpg 768w, https:\/\/reisen.dipas.ch\/wp-content\/uploads\/2021\/09\/IMG_20210808_153635-1536x691.jpg 1536w\" sizes=\"auto, (max-width: 1680px) 100vw, 1680px\" \/><\/figure>\n\n\n\n<figure class=\"wp-block-image size-large is-style-default\"><img loading=\"lazy\" decoding=\"async\" width=\"1680\" height=\"756\" src=\"https:\/\/reisen.dipas.ch\/wp-content\/uploads\/2021\/09\/IMG_20210808_153801.jpg\" alt=\"\" class=\"wp-image-4852\" srcset=\"https:\/\/reisen.dipas.ch\/wp-content\/uploads\/2021\/09\/IMG_20210808_153801.jpg 1680w, https:\/\/reisen.dipas.ch\/wp-content\/uploads\/2021\/09\/IMG_20210808_153801-700x315.jpg 700w, https:\/\/reisen.dipas.ch\/wp-content\/uploads\/2021\/09\/IMG_20210808_153801-768x346.jpg 768w, https:\/\/reisen.dipas.ch\/wp-content\/uploads\/2021\/09\/IMG_20210808_153801-1536x691.jpg 1536w\" sizes=\"auto, (max-width: 1680px) 100vw, 1680px\" \/><\/figure>\n\n\n\n<figure class=\"wp-block-image size-large is-style-default\"><img loading=\"lazy\" decoding=\"async\" width=\"761\" height=\"1120\" src=\"https:\/\/reisen.dipas.ch\/wp-content\/uploads\/2021\/09\/IMG_20210808_154003-761x1120.jpg\" alt=\"\" class=\"wp-image-4854\" srcset=\"https:\/\/reisen.dipas.ch\/wp-content\/uploads\/2021\/09\/IMG_20210808_154003-761x1120.jpg 761w, https:\/\/reisen.dipas.ch\/wp-content\/uploads\/2021\/09\/IMG_20210808_154003-357x525.jpg 357w, https:\/\/reisen.dipas.ch\/wp-content\/uploads\/2021\/09\/IMG_20210808_154003-768x1131.jpg 768w, https:\/\/reisen.dipas.ch\/wp-content\/uploads\/2021\/09\/IMG_20210808_154003-1043x1536.jpg 1043w, https:\/\/reisen.dipas.ch\/wp-content\/uploads\/2021\/09\/IMG_20210808_154003.jpg 1141w\" sizes=\"auto, (max-width: 761px) 100vw, 761px\" \/><\/figure>\n\n\n\n<figure class=\"wp-block-image size-large is-style-default\"><img loading=\"lazy\" decoding=\"async\" width=\"504\" height=\"1120\" src=\"https:\/\/reisen.dipas.ch\/wp-content\/uploads\/2021\/09\/IMG_20210808_155235-504x1120.jpg\" alt=\"\" class=\"wp-image-4856\" srcset=\"https:\/\/reisen.dipas.ch\/wp-content\/uploads\/2021\/09\/IMG_20210808_155235-504x1120.jpg 504w, https:\/\/reisen.dipas.ch\/wp-content\/uploads\/2021\/09\/IMG_20210808_155235-236x525.jpg 236w, https:\/\/reisen.dipas.ch\/wp-content\/uploads\/2021\/09\/IMG_20210808_155235-691x1536.jpg 691w, https:\/\/reisen.dipas.ch\/wp-content\/uploads\/2021\/09\/IMG_20210808_155235.jpg 756w\" sizes=\"auto, (max-width: 504px) 100vw, 504px\" \/><\/figure>\n\n\n\n<figure class=\"wp-block-image size-large is-style-default\"><img loading=\"lazy\" decoding=\"async\" width=\"504\" height=\"1120\" src=\"https:\/\/reisen.dipas.ch\/wp-content\/uploads\/2021\/09\/IMG_20210808_155527-504x1120.jpg\" alt=\"\" class=\"wp-image-4857\" srcset=\"https:\/\/reisen.dipas.ch\/wp-content\/uploads\/2021\/09\/IMG_20210808_155527-504x1120.jpg 504w, https:\/\/reisen.dipas.ch\/wp-content\/uploads\/2021\/09\/IMG_20210808_155527-236x525.jpg 236w, https:\/\/reisen.dipas.ch\/wp-content\/uploads\/2021\/09\/IMG_20210808_155527-691x1536.jpg 691w, https:\/\/reisen.dipas.ch\/wp-content\/uploads\/2021\/09\/IMG_20210808_155527.jpg 756w\" sizes=\"auto, (max-width: 504px) 100vw, 504px\" \/><\/figure>\n\n\n\n<figure class=\"wp-block-image size-large is-style-default\"><img loading=\"lazy\" decoding=\"async\" width=\"504\" height=\"1120\" src=\"https:\/\/reisen.dipas.ch\/wp-content\/uploads\/2021\/09\/IMG_20210808_155646-504x1120.jpg\" alt=\"\" class=\"wp-image-4858\" srcset=\"https:\/\/reisen.dipas.ch\/wp-content\/uploads\/2021\/09\/IMG_20210808_155646-504x1120.jpg 504w, https:\/\/reisen.dipas.ch\/wp-content\/uploads\/2021\/09\/IMG_20210808_155646-236x525.jpg 236w, https:\/\/reisen.dipas.ch\/wp-content\/uploads\/2021\/09\/IMG_20210808_155646-691x1536.jpg 691w, https:\/\/reisen.dipas.ch\/wp-content\/uploads\/2021\/09\/IMG_20210808_155646.jpg 756w\" sizes=\"auto, (max-width: 504px) 100vw, 504px\" \/><\/figure>\n\n\n\n<figure class=\"wp-block-image size-large is-style-default\"><img loading=\"lazy\" decoding=\"async\" width=\"1680\" height=\"756\" src=\"https:\/\/reisen.dipas.ch\/wp-content\/uploads\/2021\/09\/IMG_20210808_160213.jpg\" alt=\"\" class=\"wp-image-4859\" srcset=\"https:\/\/reisen.dipas.ch\/wp-content\/uploads\/2021\/09\/IMG_20210808_160213.jpg 1680w, https:\/\/reisen.dipas.ch\/wp-content\/uploads\/2021\/09\/IMG_20210808_160213-700x315.jpg 700w, https:\/\/reisen.dipas.ch\/wp-content\/uploads\/2021\/09\/IMG_20210808_160213-768x346.jpg 768w, https:\/\/reisen.dipas.ch\/wp-content\/uploads\/2021\/09\/IMG_20210808_160213-1536x691.jpg 1536w\" sizes=\"auto, (max-width: 1680px) 100vw, 1680px\" \/><\/figure>\n\n\n\n<figure class=\"wp-block-image size-large is-style-default\"><img loading=\"lazy\" decoding=\"async\" width=\"1680\" height=\"756\" src=\"https:\/\/reisen.dipas.ch\/wp-content\/uploads\/2021\/09\/IMG_20210808_161912.jpg\" alt=\"\" class=\"wp-image-4860\" srcset=\"https:\/\/reisen.dipas.ch\/wp-content\/uploads\/2021\/09\/IMG_20210808_161912.jpg 1680w, https:\/\/reisen.dipas.ch\/wp-content\/uploads\/2021\/09\/IMG_20210808_161912-700x315.jpg 700w, https:\/\/reisen.dipas.ch\/wp-content\/uploads\/2021\/09\/IMG_20210808_161912-768x346.jpg 768w, https:\/\/reisen.dipas.ch\/wp-content\/uploads\/2021\/09\/IMG_20210808_161912-1536x691.jpg 1536w\" sizes=\"auto, (max-width: 1680px) 100vw, 1680px\" \/><\/figure>\n\n\n\n<figure class=\"wp-block-image size-large is-style-default\"><img loading=\"lazy\" decoding=\"async\" width=\"504\" height=\"1120\" src=\"https:\/\/reisen.dipas.ch\/wp-content\/uploads\/2021\/09\/IMG_20210808_162015-504x1120.jpg\" alt=\"\" class=\"wp-image-4861\" srcset=\"https:\/\/reisen.dipas.ch\/wp-content\/uploads\/2021\/09\/IMG_20210808_162015-504x1120.jpg 504w, https:\/\/reisen.dipas.ch\/wp-content\/uploads\/2021\/09\/IMG_20210808_162015-236x525.jpg 236w, https:\/\/reisen.dipas.ch\/wp-content\/uploads\/2021\/09\/IMG_20210808_162015-691x1536.jpg 691w, https:\/\/reisen.dipas.ch\/wp-content\/uploads\/2021\/09\/IMG_20210808_162015.jpg 756w\" sizes=\"auto, (max-width: 504px) 100vw, 504px\" \/><\/figure>\n\n\n\n<figure class=\"wp-block-image size-large is-style-default\"><img loading=\"lazy\" decoding=\"async\" width=\"1680\" height=\"756\" src=\"https:\/\/reisen.dipas.ch\/wp-content\/uploads\/2021\/09\/IMG_20210808_162329.jpg\" alt=\"\" class=\"wp-image-4862\" srcset=\"https:\/\/reisen.dipas.ch\/wp-content\/uploads\/2021\/09\/IMG_20210808_162329.jpg 1680w, https:\/\/reisen.dipas.ch\/wp-content\/uploads\/2021\/09\/IMG_20210808_162329-700x315.jpg 700w, https:\/\/reisen.dipas.ch\/wp-content\/uploads\/2021\/09\/IMG_20210808_162329-768x346.jpg 768w, https:\/\/reisen.dipas.ch\/wp-content\/uploads\/2021\/09\/IMG_20210808_162329-1536x691.jpg 1536w\" sizes=\"auto, (max-width: 1680px) 100vw, 1680px\" \/><\/figure>\n\n\n\n<figure class=\"wp-block-image size-large is-style-default\"><img loading=\"lazy\" decoding=\"async\" width=\"1680\" height=\"756\" src=\"https:\/\/reisen.dipas.ch\/wp-content\/uploads\/2021\/09\/IMG_20210808_163038.jpg\" alt=\"\" class=\"wp-image-4863\" srcset=\"https:\/\/reisen.dipas.ch\/wp-content\/uploads\/2021\/09\/IMG_20210808_163038.jpg 1680w, https:\/\/reisen.dipas.ch\/wp-content\/uploads\/2021\/09\/IMG_20210808_163038-700x315.jpg 700w, https:\/\/reisen.dipas.ch\/wp-content\/uploads\/2021\/09\/IMG_20210808_163038-768x346.jpg 768w, https:\/\/reisen.dipas.ch\/wp-content\/uploads\/2021\/09\/IMG_20210808_163038-1536x691.jpg 1536w\" sizes=\"auto, (max-width: 1680px) 100vw, 1680px\" \/><\/figure>\n\n\n\n<figure class=\"wp-block-image size-large is-style-default\"><img loading=\"lazy\" decoding=\"async\" width=\"1680\" height=\"756\" src=\"https:\/\/reisen.dipas.ch\/wp-content\/uploads\/2021\/09\/IMG_20210808_163559.jpg\" alt=\"\" class=\"wp-image-4864\" srcset=\"https:\/\/reisen.dipas.ch\/wp-content\/uploads\/2021\/09\/IMG_20210808_163559.jpg 1680w, https:\/\/reisen.dipas.ch\/wp-content\/uploads\/2021\/09\/IMG_20210808_163559-700x315.jpg 700w, https:\/\/reisen.dipas.ch\/wp-content\/uploads\/2021\/09\/IMG_20210808_163559-768x346.jpg 768w, https:\/\/reisen.dipas.ch\/wp-content\/uploads\/2021\/09\/IMG_20210808_163559-1536x691.jpg 1536w\" sizes=\"auto, (max-width: 1680px) 100vw, 1680px\" \/><\/figure>\n\n\n\n<p><a href=\"https:\/\/reisen.dipas.ch\/?page_id=4872\">Weiter zu Island 2021 09.08.2021<\/a><\/p>\n","protected":false},"excerpt":{"rendered":"<p>Von der L\u00fcneburger Heide weiter \u00fcber L\u00fcbeck (Marzipan!) nach D\u00e4nemark. Zur\u00fcck zu Island 2021 07.08.2021 Weiter zu Island 2021 09.08.2021<\/p>\n","protected":false},"author":1,"featured_media":0,"parent":4817,"menu_order":2,"comment_status":"closed","ping_status":"closed","template":"","meta":{"ngg_post_thumbnail":0,"footnotes":""},"class_list":["post-4833","page","type-page","status-publish","hentry"],"_links":{"self":[{"href":"https:\/\/reisen.dipas.ch\/index.php?rest_route=\/wp\/v2\/pages\/4833","targetHints":{"allow":["GET"]}}],"collection":[{"href":"https:\/\/reisen.dipas.ch\/index.php?rest_route=\/wp\/v2\/pages"}],"about":[{"href":"https:\/\/reisen.dipas.ch\/index.php?rest_route=\/wp\/v2\/types\/page"}],"author":[{"embeddable":true,"href":"https:\/\/reisen.dipas.ch\/index.php?rest_route=\/wp\/v2\/users\/1"}],"replies":[{"embeddable":true,"href":"https:\/\/reisen.dipas.ch\/index.php?rest_route=%2Fwp%2Fv2%2Fcomments&post=4833"}],"version-history":[{"count":4,"href":"https:\/\/reisen.dipas.ch\/index.php?rest_route=\/wp\/v2\/pages\/4833\/revisions"}],"predecessor-version":[{"id":4874,"href":"https:\/\/reisen.dipas.ch\/index.php?rest_route=\/wp\/v2\/pages\/4833\/revisions\/4874"}],"up":[{"embeddable":true,"href":"https:\/\/reisen.dipas.ch\/index.php?rest_route=\/wp\/v2\/pages\/4817"}],"wp:attachment":[{"href":"https:\/\/reisen.dipas.ch\/index.php?rest_route=%2Fwp%2Fv2%2Fmedia&parent=4833"}],"curies":[{"name":"wp","href":"https:\/\/api.w.org\/{rel}","templated":true}]}}