{"id":4817,"date":"2021-09-12T23:18:53","date_gmt":"2021-09-12T22:18:53","guid":{"rendered":"https:\/\/reisen.dipas.ch\/?page_id=4817"},"modified":"2023-04-24T21:25:20","modified_gmt":"2023-04-24T20:25:20","slug":"island-2021","status":"publish","type":"page","link":"https:\/\/reisen.dipas.ch\/?page_id=4817","title":{"rendered":"Island 2021"},"content":{"rendered":"\n<p>F\u00fcnfw\u00f6chige Reise mit dem eigenen Toyota Land Cruiser von Basel nach Island und Erkundungen quer \u00fcber die ganze Insel.<br><br>Vom 7. August bis 12. September 2021.<\/p>\n\n\n<div class=\"map_wrapper\" id=\"map_wrapper_5012\">\n<div class=\"map_box\" style=\"max-width:2000px\">\n<div class=\"map_aspect_ratio\" style=\"padding-top:56%\" data-padding-top=\"56%\" data-padding-top-mobile=\"\">\n<div class=\"map_container\">\n<div class=\"map_render map_loading\" id=\"map_5012\"><\/div>\n<\/div>\n<\/div>\n<\/div>\n<\/div>\n\n\n\n<p>07.08.21, <a href=\"https:\/\/reisen.dipas.ch\/?page_id=4821\">1. Tag<\/a> Fahrt von Basel in die L\u00fcneburger Heide.<br>08.08.21, <a href=\"https:\/\/reisen.dipas.ch\/?page_id=4833\">2. Tag<\/a> Wanderung auf die h\u00f6chste Erhebung in der L\u00fcneburger Heide, weiter nach L\u00fcbeck und nach D\u00e4nemark.<br>09.08.21, <a href=\"https:\/\/reisen.dipas.ch\/?page_id=4872\">3. Tag<\/a> PCR Test in D\u00e4nemark, weiter zum bekannten Leuchtturm von Lemvik und weiter bis Hirtshals.<br>10.08.21, <a href=\"https:\/\/reisen.dipas.ch\/?page_id=4875\">4. Tag<\/a> F\u00e4hrtfahrt Richtung Island.<br>11.08.21, <a href=\"https:\/\/reisen.dipas.ch\/?page_id=4877\">5. Tag<\/a> Zwischenstopp auf den Far\u00f6er Inseln in Torshavn.<br>12.08.21, <a href=\"https:\/\/reisen.dipas.ch\/?page_id=4879\">6. Tag<\/a> Ankunft auf Island in Seydirfj\u00f6rdur, Einkaufen, einige Gespr\u00e4che, dann entlang der Nordostk\u00fcste. Beobachtung der Basst\u00f6lpel.<br>13.08.21, <a href=\"https:\/\/reisen.dipas.ch\/?page_id=4881\">7. Tag<\/a> Weiter an der Nordostk\u00fcste Richtung Asbyrgi bis Myvatn (genauer Reykjahlid).<br>14.08.21, <a href=\"https:\/\/reisen.dipas.ch\/?page_id=4883\">8. Tag<\/a> Myvatn, geothermische und vulkanische Sehensw\u00fcrdigkeiten.<br>15.08.21, <a href=\"https:\/\/reisen.dipas.ch\/?page_id=4885\">9. Tag<\/a> Myvatn, Umgebung und grosse Wasserf\u00e4lle am Detti<br>16.08.21, <a href=\"https:\/\/reisen.dipas.ch\/?page_id=4887\">10. Tag<\/a> Von Akureyri ins Hochland nach Laugafell (F821) eine sehr sch\u00f6ne Strecke und die einzige Unterkunft im Hochland mit Thermalbad (40\u00b0C).<br>17.08.21, <a href=\"https:\/\/reisen.dipas.ch\/?page_id=4889\">11. Tag<\/a> Von Laugafell weiter \u00fcber das Hochland (F752, F26 und F208) bis Vik i Myrdal. Abends Susanne und Frank am Black Beach getroffen.<br>18.08.21, <a href=\"https:\/\/reisen.dipas.ch\/?page_id=4891\">12. Tag<\/a> Von Vik Richtung Westen, Myrdalsj\u00f6kurvegur 1. Wanderung, danach zum Skogafoss und 18 km Wanderung entlang dem Skoga Flusses.<br>19.08.21, <a href=\"https:\/\/reisen.dipas.ch\/?page_id=4893\">13. Tag<\/a> F\u00fchrung Sandsteinh\u00f6hle, Geysire, Vulkansee Kerid<br>20.08.21, <a href=\"https:\/\/reisen.dipas.ch\/?page_id=4895\">14. Tag<\/a> Tektonische Platten Europa\/Amerika<br>21.08.21, <a href=\"https:\/\/reisen.dipas.ch\/?page_id=4897\">15. Tag<\/a> <br>22.08.21, <a href=\"https:\/\/reisen.dipas.ch\/?page_id=4899\">16. Tag<\/a> Gegend s\u00fcdwestlich des Flughafens Keflavik.<br>23.08.21, <a href=\"https:\/\/reisen.dipas.ch\/?page_id=4901\">17. Tag<\/a> Reykjavik<br>24.08.21, <a href=\"https:\/\/reisen.dipas.ch\/?page_id=4903\">18. Tag<\/a><br>25.08.21, <a href=\"https:\/\/reisen.dipas.ch\/?page_id=4905\">19. Tag<\/a> Snaefelsness, K\u00fcsten, Robben<br>26.08.21, <a href=\"https:\/\/reisen.dipas.ch\/?page_id=4907\">20. Tag<\/a> Snaefelsness bis Isarfj\u00f6rdur, unterwegs Beobachtung eines Wals von der Strasse aus.<br>27.08.21, <a href=\"https:\/\/reisen.dipas.ch\/?page_id=4909\">21. Tag<\/a> F\u00e4hre nach Hesdeyri (Hornstrandir NP) Wanderung 1. Tag<br>28.08.21, <a href=\"https:\/\/reisen.dipas.ch\/?page_id=4911\">22. Tag<\/a> Wanderung 2. Tag <br>29.08.21, <a href=\"https:\/\/reisen.dipas.ch\/?page_id=4913\">22. Tag<\/a> Wanderung 3. Tag &#8211; zum Hornbjark<br>30.08.21, <a href=\"https:\/\/reisen.dipas.ch\/?page_id=4915\">23. Tag<\/a> Wanderung 4. Tag &#8211; F\u00e4hre zur\u00fcck nach Isarfj\u00f6rdur<br>31.08.21, <a href=\"https:\/\/reisen.dipas.ch\/?page_id=4917\">24. Tag<\/a> Westfjorde Patreksfj\u00f6rdur<br>01.09.21, <a href=\"https:\/\/reisen.dipas.ch\/?page_id=4919\">25. Tag<\/a> Westfjorde <br>02.09.21, <a href=\"https:\/\/reisen.dipas.ch\/?page_id=4921\">26. Tag<\/a> Von den Westfjorden wegen Wetter nach Akureyri<br>03.09.21,<a href=\"https:\/\/reisen.dipas.ch\/?page_id=4923\"> 27. Tag<\/a> Von Akureyri weiter nach Rykjahlid und \u00fcber die F88 und F910 nach Dreki (Askja), Kurze Wanderung Askja, nachts Beobachtung der Nordlichter (Aura Borealis).<br>04.09.21, <a href=\"https:\/\/reisen.dipas.ch\/?page_id=4925\">28. Tag<\/a> Weiterfahrt an den grossen Stausee und s\u00fcdwestlich von Egilsstadir in Richtung der grossen Gletscher.<br>05.09.21, <a href=\"https:\/\/reisen.dipas.ch\/?page_id=4927\">29. Tag<\/a> Gletschergegend Gletscher, Gletscherseen, Robben u.a.<br>06.09.21, <a href=\"https:\/\/reisen.dipas.ch\/?page_id=4932\">30. Tag<\/a> Gletschergegend Schlucht in der N\u00e4he der Unterkunft <br>07.09.21, <a href=\"https:\/\/reisen.dipas.ch\/?page_id=4934\">31. Tag<\/a> Gletschergegend sch\u00f6ne Wanderung oberhalb Gletscher<br>08.09.21, <a href=\"https:\/\/reisen.dipas.ch\/?page_id=4936\">32. Tag<\/a> Vom S\u00fcdosten entlang der K\u00fcste bis Egilsstadir, Fahrzeug einigermassen waschen, etwas Essen und dann zur F\u00e4hre. Mit etwas Chaos beim Laden der F\u00e4hre, versp\u00e4tete Abfahrt.<br>09.09.21, <a href=\"https:\/\/reisen.dipas.ch\/?page_id=4938\">33. Tag<\/a> Zwischenhalt auf den Far\u00f6er Inseln. Wiederum Chaos beim Laden der F\u00e4hre mit LKW Anh\u00e4nger und den Fahrzeugen ab den Far\u00f6er, versp\u00e4tete Abfahrt.<br>10.09.21, <a href=\"https:\/\/reisen.dipas.ch\/?page_id=4940\">34. Tag<\/a> Unterwegs auf der Nordsee, ruhige See. Einige Basst\u00f6lpel und wie immer M\u00f6ven.<br>11.09.21, <a href=\"https:\/\/reisen.dipas.ch\/?page_id=4942\">35. Tag<\/a> Ankunft in D\u00e4nemark, Hirtshals. Fahrt bis zur L\u00fcneburger Heide.<br>12.09.21, <a href=\"https:\/\/reisen.dipas.ch\/?page_id=4944\">36. Tag<\/a> Fahrt von der L\u00fcneburger Heide bis Basel.<\/p>\n","protected":false},"excerpt":{"rendered":"<p>F\u00fcnfw\u00f6chige Reise mit dem eigenen Toyota Land Cruiser von Basel nach Island und Erkundungen quer \u00fcber die ganze Insel. Vom 7. August bis 12. September<\/p>\n<p><a href=\"https:\/\/reisen.dipas.ch\/?page_id=4817\" class=\"more-link\">Continue reading<span class=\"screen-reader-text\">Island 2021<\/span><\/a><\/p>\n","protected":false},"author":1,"featured_media":0,"parent":0,"menu_order":0,"comment_status":"closed","ping_status":"closed","template":"","meta":{"ngg_post_thumbnail":0,"footnotes":""},"class_list":["post-4817","page","type-page","status-publish","hentry"],"_links":{"self":[{"href":"https:\/\/reisen.dipas.ch\/index.php?rest_route=\/wp\/v2\/pages\/4817","targetHints":{"allow":["GET"]}}],"collection":[{"href":"https:\/\/reisen.dipas.ch\/index.php?rest_route=\/wp\/v2\/pages"}],"about":[{"href":"https:\/\/reisen.dipas.ch\/index.php?rest_route=\/wp\/v2\/types\/page"}],"author":[{"embeddable":true,"href":"https:\/\/reisen.dipas.ch\/index.php?rest_route=\/wp\/v2\/users\/1"}],"replies":[{"embeddable":true,"href":"https:\/\/reisen.dipas.ch\/index.php?rest_route=%2Fwp%2Fv2%2Fcomments&post=4817"}],"version-history":[{"count":11,"href":"https:\/\/reisen.dipas.ch\/index.php?rest_route=\/wp\/v2\/pages\/4817\/revisions"}],"predecessor-version":[{"id":5198,"href":"https:\/\/reisen.dipas.ch\/index.php?rest_route=\/wp\/v2\/pages\/4817\/revisions\/5198"}],"wp:attachment":[{"href":"https:\/\/reisen.dipas.ch\/index.php?rest_route=%2Fwp%2Fv2%2Fmedia&parent=4817"}],"curies":[{"name":"wp","href":"https:\/\/api.w.org\/{rel}","templated":true}]}}