{"id":3412,"date":"2021-01-23T15:47:27","date_gmt":"2021-01-23T14:47:27","guid":{"rendered":"http:\/\/reisen.dipas.ch\/?page_id=3412"},"modified":"2021-02-04T13:25:29","modified_gmt":"2021-02-04T12:25:29","slug":"ferner-osten","status":"publish","type":"page","link":"https:\/\/reisen.dipas.ch\/?page_id=3412","title":{"rendered":"Ferner Osten"},"content":{"rendered":"\n<p class=\"has-white-color has-text-color\" style=\"font-size:26px\">1.9.1 Russland \/ Mongolei \/ Stan L\u00e4nder \/ Seidenstrasse<\/p>\n\n\n\n<p>Das ist ein riesiges Gebiet das sich \u00fcber einige L\u00e4nder zieht und verstreut sehr interessante Sehensw\u00fcrdigkeiten, Naturschauspiele bietet, so dass es kaum in einer einzigen Reise enden wird. \ud83d\ude09<br><br>Zur Inspiration dient meine Reise nach Kasachstan von 2013 aber auch die k\u00fcrzlich entdeckten Videos Expleurasia19 von Ilyas Demiriz. Danke f\u00fcr die wunderbaren Videos! Hier ist je eines von Kasachstan und Kirgistan:<\/p>\n\n\n\n<p>Er besuchte, wie ich damals, den Jessiksee, das Charyn Canyon und Altyn Emel.<\/p>\n\n\n\n<figure class=\"wp-block-embed is-type-video is-provider-youtube wp-block-embed-youtube wp-embed-aspect-16-9 wp-has-aspect-ratio\"><div class=\"wp-block-embed__wrapper\">\n<iframe loading=\"lazy\" title=\"Kasachstan | Overlanding im S\u00fcdosten N\u00b020 #expleurasia19\" width=\"880\" height=\"495\" src=\"https:\/\/www.youtube.com\/embed\/KhRk7F7oZgY?feature=oembed\" frameborder=\"0\" allow=\"accelerometer; autoplay; clipboard-write; encrypted-media; gyroscope; picture-in-picture; web-share\" referrerpolicy=\"strict-origin-when-cross-origin\" allowfullscreen><\/iframe>\n<\/div><\/figure>\n\n\n\n<p>In Kirgistan findi ich bei seiner Jessyk-Kul See Rundfahrt den Besuch des Skazka (The fairytail canyon) sehr interessant. Eine den farbigen Bergen von Peru \u00e4hnelnden geologischen Formation.<br><br>Was ich gerne auch erleben will, sind die Naturgebiete des Altyn-Arashan, Moldo-Ashuu und weiteren. Sch\u00f6ne T\u00e4ler mit sattem Gr\u00fcn, Wanderm\u00f6glichkeiten und einfachen Unterk\u00fcnften.<\/p>\n\n\n\n<figure class=\"wp-block-embed is-type-video is-provider-youtube wp-block-embed-youtube wp-embed-aspect-16-9 wp-has-aspect-ratio\"><div class=\"wp-block-embed__wrapper\">\n<iframe loading=\"lazy\" title=\"Kirgisistan | Trip durch den Nordosten N\u00b021 #expleurasia19\" width=\"880\" height=\"495\" src=\"https:\/\/www.youtube.com\/embed\/YT12DNWO2uE?feature=oembed\" frameborder=\"0\" allow=\"accelerometer; autoplay; clipboard-write; encrypted-media; gyroscope; picture-in-picture; web-share\" referrerpolicy=\"strict-origin-when-cross-origin\" allowfullscreen><\/iframe>\n<\/div><\/figure>\n\n\n\n<p>Zur\u00fcck zu <a href=\"https:\/\/reisen.dipas.ch\/?page_id=3356\">Reisen mit eigenem Fahrzeug<\/a><\/p>\n","protected":false},"excerpt":{"rendered":"<p>1.9.1 Russland \/ Mongolei \/ Stan L\u00e4nder \/ Seidenstrasse Das ist ein riesiges Gebiet das sich \u00fcber einige L\u00e4nder zieht und verstreut sehr interessante Sehensw\u00fcrdigkeiten,<\/p>\n<p><a href=\"https:\/\/reisen.dipas.ch\/?page_id=3412\" class=\"more-link\">Continue reading<span class=\"screen-reader-text\">Ferner Osten<\/span><\/a><\/p>\n","protected":false},"author":1,"featured_media":0,"parent":3356,"menu_order":0,"comment_status":"closed","ping_status":"closed","template":"","meta":{"ngg_post_thumbnail":0,"footnotes":""},"class_list":["post-3412","page","type-page","status-publish","hentry"],"_links":{"self":[{"href":"https:\/\/reisen.dipas.ch\/index.php?rest_route=\/wp\/v2\/pages\/3412","targetHints":{"allow":["GET"]}}],"collection":[{"href":"https:\/\/reisen.dipas.ch\/index.php?rest_route=\/wp\/v2\/pages"}],"about":[{"href":"https:\/\/reisen.dipas.ch\/index.php?rest_route=\/wp\/v2\/types\/page"}],"author":[{"embeddable":true,"href":"https:\/\/reisen.dipas.ch\/index.php?rest_route=\/wp\/v2\/users\/1"}],"replies":[{"embeddable":true,"href":"https:\/\/reisen.dipas.ch\/index.php?rest_route=%2Fwp%2Fv2%2Fcomments&post=3412"}],"version-history":[{"count":7,"href":"https:\/\/reisen.dipas.ch\/index.php?rest_route=\/wp\/v2\/pages\/3412\/revisions"}],"predecessor-version":[{"id":3919,"href":"https:\/\/reisen.dipas.ch\/index.php?rest_route=\/wp\/v2\/pages\/3412\/revisions\/3919"}],"up":[{"embeddable":true,"href":"https:\/\/reisen.dipas.ch\/index.php?rest_route=\/wp\/v2\/pages\/3356"}],"wp:attachment":[{"href":"https:\/\/reisen.dipas.ch\/index.php?rest_route=%2Fwp%2Fv2%2Fmedia&parent=3412"}],"curies":[{"name":"wp","href":"https:\/\/api.w.org\/{rel}","templated":true}]}}