{"id":3398,"date":"2021-01-23T15:39:30","date_gmt":"2021-01-23T14:39:30","guid":{"rendered":"http:\/\/reisen.dipas.ch\/?page_id=3398"},"modified":"2021-02-07T16:30:39","modified_gmt":"2021-02-07T15:30:39","slug":"balkan","status":"publish","type":"page","link":"https:\/\/reisen.dipas.ch\/?page_id=3398","title":{"rendered":"Balkan"},"content":{"rendered":"\n<p class=\"has-white-color has-text-color\" style=\"font-size:26px\">1.4.1  Slowenien \/ Kroatien<\/p>\n\n\n\n<p><\/p>\n\n\n\n<p class=\"has-white-color has-text-color\" style=\"font-size:26px\">1.4.2 Albanien \/ Nordmakedonien<\/p>\n\n\n\n<p>Albanien hat sehr kurvige Strassen und auch noch einige Schotterstrassen, die teilweise nur mit 4&#215;4 zu befahren sind. Die Natur ist typischerweise im Fr\u00fchjahr in sattem Gr\u00fcn und mit vielen Bl\u00fcten und Ger\u00fcchen zu erleben. Einige Bergwanderungen ev. als Trekking d\u00fcrften sicher den Winterblues vertreiben.<\/p>\n\n\n\n<figure class=\"wp-block-embed is-type-video is-provider-youtube wp-block-embed-youtube wp-embed-aspect-16-9 wp-has-aspect-ratio\"><div class=\"wp-block-embed__wrapper\">\nhttps:\/\/www.youtube.com\/watch?v=17FBVcYUOa8\n<\/div><\/figure>\n\n\n\n<p>In Albanien sind neben der K\u00fcstenstrecke vor allem die Bergregionen im Nordwesten (Alpen) und  zu Nordmakedonien interessant. Der grosse Orid- und der Prespasee im Grenzgebiet <\/p>\n\n\n\n<p>In Nordmazedonien ist Kratovo, des Mavrovo Nationalparks, Skopje und, wie oben schon erw\u00e4hnt die Grenzseen ein Besuch wert.<\/p>\n\n\n\n<p class=\"has-white-color has-text-color\" style=\"font-size:26px\">1.4.3 Bulgarien<\/p>\n\n\n\n<p>Bulgarien hat sehr sch\u00f6ne W\u00e4lder, Berge und Seen, oder <a href=\"https:\/\/de.qaz.wiki\/wiki\/List_of_rock_formations_in_Bulgaria\">verschiedene Felsformationen<\/a> und&#8230;<\/p>\n\n\n\n<figure class=\"wp-block-embed is-type-video is-provider-youtube wp-block-embed-youtube wp-embed-aspect-16-9 wp-has-aspect-ratio\"><div class=\"wp-block-embed__wrapper\">\n<iframe loading=\"lazy\" title=\"\u0411\u044a\u043b\u0433\u0430\u0440\u0438\u044f \u043e\u0442\u0432\u0438\u0441\u043e\u043a\u043e - \u0411\u0435\u043b\u043e\u0433\u0440\u0430\u0434\u0447\u0438\u043a\" width=\"880\" height=\"495\" src=\"https:\/\/www.youtube.com\/embed\/4U1hksIvYtk?feature=oembed\" frameborder=\"0\" allow=\"accelerometer; autoplay; clipboard-write; encrypted-media; gyroscope; picture-in-picture; web-share\" referrerpolicy=\"strict-origin-when-cross-origin\" allowfullscreen><\/iframe>\n<\/div><\/figure>\n\n\n\n<p><br>Viele <a href=\"https:\/\/de.qaz.wiki\/wiki\/List_of_caves_in_Bulgaria\">H\u00f6hlen<\/a>. Die Magura H\u00f6hle im nordwestlichen Bulgarien.<\/p>\n\n\n\n<figure class=\"wp-block-embed is-type-video is-provider-youtube wp-block-embed-youtube wp-embed-aspect-16-9 wp-has-aspect-ratio\"><div class=\"wp-block-embed__wrapper\">\n<iframe loading=\"lazy\" title=\"Caves in Bulgaria - Magura cave Belogradchik \/ H\u00f6hlen in Bulgarien - Magura H\u00f6hle\" width=\"880\" height=\"495\" src=\"https:\/\/www.youtube.com\/embed\/MZiUqU164Uo?feature=oembed\" frameborder=\"0\" allow=\"accelerometer; autoplay; clipboard-write; encrypted-media; gyroscope; picture-in-picture; web-share\" referrerpolicy=\"strict-origin-when-cross-origin\" allowfullscreen><\/iframe>\n<\/div><\/figure>\n\n\n\n<p><\/p>\n\n\n\n<p>Zur\u00fcck zu <a href=\"https:\/\/reisen.dipas.ch\/?page_id=3356\">Reisen mit eigenem Fahrzeug<\/a><\/p>\n","protected":false},"excerpt":{"rendered":"<p>1.4.1 Slowenien \/ Kroatien 1.4.2 Albanien \/ Nordmakedonien Albanien hat sehr kurvige Strassen und auch noch einige Schotterstrassen, die teilweise nur mit 4&#215;4 zu befahren<\/p>\n<p><a href=\"https:\/\/reisen.dipas.ch\/?page_id=3398\" class=\"more-link\">Continue reading<span class=\"screen-reader-text\">Balkan<\/span><\/a><\/p>\n","protected":false},"author":1,"featured_media":0,"parent":3356,"menu_order":0,"comment_status":"closed","ping_status":"closed","template":"","meta":{"ngg_post_thumbnail":0,"footnotes":""},"class_list":["post-3398","page","type-page","status-publish","hentry"],"_links":{"self":[{"href":"https:\/\/reisen.dipas.ch\/index.php?rest_route=\/wp\/v2\/pages\/3398","targetHints":{"allow":["GET"]}}],"collection":[{"href":"https:\/\/reisen.dipas.ch\/index.php?rest_route=\/wp\/v2\/pages"}],"about":[{"href":"https:\/\/reisen.dipas.ch\/index.php?rest_route=\/wp\/v2\/types\/page"}],"author":[{"embeddable":true,"href":"https:\/\/reisen.dipas.ch\/index.php?rest_route=\/wp\/v2\/users\/1"}],"replies":[{"embeddable":true,"href":"https:\/\/reisen.dipas.ch\/index.php?rest_route=%2Fwp%2Fv2%2Fcomments&post=3398"}],"version-history":[{"count":8,"href":"https:\/\/reisen.dipas.ch\/index.php?rest_route=\/wp\/v2\/pages\/3398\/revisions"}],"predecessor-version":[{"id":3969,"href":"https:\/\/reisen.dipas.ch\/index.php?rest_route=\/wp\/v2\/pages\/3398\/revisions\/3969"}],"up":[{"embeddable":true,"href":"https:\/\/reisen.dipas.ch\/index.php?rest_route=\/wp\/v2\/pages\/3356"}],"wp:attachment":[{"href":"https:\/\/reisen.dipas.ch\/index.php?rest_route=%2Fwp%2Fv2%2Fmedia&parent=3398"}],"curies":[{"name":"wp","href":"https:\/\/api.w.org\/{rel}","templated":true}]}}