{"id":3371,"date":"2021-01-22T23:38:26","date_gmt":"2021-01-22T22:38:26","guid":{"rendered":"http:\/\/reisen.dipas.ch\/?page_id=3371"},"modified":"2021-01-23T16:08:03","modified_gmt":"2021-01-23T15:08:03","slug":"england-schottland-irland","status":"publish","type":"page","link":"https:\/\/reisen.dipas.ch\/?page_id=3371","title":{"rendered":"England \/ Schottland \/ Irland"},"content":{"rendered":"\n<p class=\"has-white-color has-text-color\" style=\"font-size:26px\"><strong>1.2.1 Schottland <\/strong><\/p>\n\n\n\n<p>Schweiz &#8211; Amsterdam &#8211; F\u00e4hre New Castle upon Tyne &#8211; Edinburgh &#8211; Aberdeen &#8211; Inverness &#8211; Portree &#8211; Loch Lomond &#8211; New Castle upon Tyne &#8211; Amsterdam &#8211; Schweiz<br><br><strong>Distanz<\/strong><br>etwas 4300 km (davon 1\/4 mit der F\u00e4hre)<br><br><strong>Dauer<\/strong><br>2.5 bis 4 Wochen<br><br><strong>Unterkunft<\/strong><br>Dachzelt am Offroader, Zelt oder \u00f6rtliche Unterkunft auf Wanderungen\/Exkursionen. Ab und an feste Unterkunft mit Bad (einem herrlichen Schloss oder Landsitz?)<\/p>\n\n\n\n<figure class=\"wp-block-embed is-type-video is-provider-youtube wp-block-embed-youtube wp-embed-aspect-16-9 wp-has-aspect-ratio\"><div class=\"wp-block-embed__wrapper\">\n<iframe loading=\"lazy\" title=\"Hiking to the Old Man of Storr\" width=\"880\" height=\"495\" src=\"https:\/\/www.youtube.com\/embed\/cpapqaCOfo4?feature=oembed\" frameborder=\"0\" allow=\"accelerometer; autoplay; clipboard-write; encrypted-media; gyroscope; picture-in-picture; web-share\" referrerpolicy=\"strict-origin-when-cross-origin\" allowfullscreen><\/iframe>\n<\/div><\/figure>\n\n\n\n<p class=\"has-white-color has-text-color\" style=\"font-size:26px\"><strong>1.2.2 Irland<\/strong><\/p>\n\n\n\n<p>Schweiz &#8211; Calais &#8211; F\u00e4hre Dover &#8211; Fishguard &#8211; F\u00e4hre Cork &#8211; Limerick &#8211; Galway &#8211; Dublin &#8211; F\u00e4hre Holyhead &#8211; Dover &#8211; F\u00e4hre Calais &#8211; Schweiz<br><br><strong>Distanz<\/strong><br>etwa 3800 km (davon 1\/4 mit der F\u00e4hre)<br><br><strong>Dauer<\/strong><br>2.5 bis 3 Wochen<br><br><strong>Unterkunft<\/strong><br>as usual&#8230; \ud83d\ude09<\/p>\n\n\n\n<p class=\"has-white-color has-text-color\" style=\"font-size:26px\"><strong>1.2.3. S\u00fcdengland<\/strong><\/p>\n\n\n\n<p>\u00c4hnlich 2017 mit einigen Orten die ich gerne nochmals im Fr\u00fchjahr erleben m\u00f6chte (z.B. Lost Gardens of Helligan), aber auch andere die ich noch nicht gesehen habe, oder die Zeit damals dazu nicht reichte. Siehe <a href=\"https:\/\/reisen.dipas.ch\/?page_id=21\">hier<\/a>.<br><br><strong>Distanz<\/strong><br>etwa 3000 km (davon 10% mit der F\u00e4hre)<br><br><strong>Dauer<\/strong><br>2 bis 3 Wochen<br><br><strong>Unterkunft<\/strong><br>as usual&#8230; \ud83d\ude09<\/p>\n\n\n\n<p>zur\u00fcck nach <a href=\"https:\/\/reisen.dipas.ch\/?page_id=3356\">Reisen mit eigenem Fahrzeug<\/a><\/p>\n","protected":false},"excerpt":{"rendered":"<p>1.2.1 Schottland Schweiz &#8211; Amsterdam &#8211; F\u00e4hre New Castle upon Tyne &#8211; Edinburgh &#8211; Aberdeen &#8211; Inverness &#8211; Portree &#8211; Loch Lomond &#8211; New Castle<\/p>\n<p><a href=\"https:\/\/reisen.dipas.ch\/?page_id=3371\" class=\"more-link\">Continue reading<span class=\"screen-reader-text\">England \/ Schottland \/ Irland<\/span><\/a><\/p>\n","protected":false},"author":1,"featured_media":0,"parent":3356,"menu_order":0,"comment_status":"closed","ping_status":"closed","template":"","meta":{"ngg_post_thumbnail":0,"footnotes":""},"class_list":["post-3371","page","type-page","status-publish","hentry"],"_links":{"self":[{"href":"https:\/\/reisen.dipas.ch\/index.php?rest_route=\/wp\/v2\/pages\/3371","targetHints":{"allow":["GET"]}}],"collection":[{"href":"https:\/\/reisen.dipas.ch\/index.php?rest_route=\/wp\/v2\/pages"}],"about":[{"href":"https:\/\/reisen.dipas.ch\/index.php?rest_route=\/wp\/v2\/types\/page"}],"author":[{"embeddable":true,"href":"https:\/\/reisen.dipas.ch\/index.php?rest_route=\/wp\/v2\/users\/1"}],"replies":[{"embeddable":true,"href":"https:\/\/reisen.dipas.ch\/index.php?rest_route=%2Fwp%2Fv2%2Fcomments&post=3371"}],"version-history":[{"count":2,"href":"https:\/\/reisen.dipas.ch\/index.php?rest_route=\/wp\/v2\/pages\/3371\/revisions"}],"predecessor-version":[{"id":3391,"href":"https:\/\/reisen.dipas.ch\/index.php?rest_route=\/wp\/v2\/pages\/3371\/revisions\/3391"}],"up":[{"embeddable":true,"href":"https:\/\/reisen.dipas.ch\/index.php?rest_route=\/wp\/v2\/pages\/3356"}],"wp:attachment":[{"href":"https:\/\/reisen.dipas.ch\/index.php?rest_route=%2Fwp%2Fv2%2Fmedia&parent=3371"}],"curies":[{"name":"wp","href":"https:\/\/api.w.org\/{rel}","templated":true}]}}