{"id":3361,"date":"2021-01-22T22:57:06","date_gmt":"2021-01-22T21:57:06","guid":{"rendered":"http:\/\/reisen.dipas.ch\/?page_id=3361"},"modified":"2021-01-23T16:12:24","modified_gmt":"2021-01-23T15:12:24","slug":"reisen-mit-eigenem-fahrzeug","status":"publish","type":"page","link":"https:\/\/reisen.dipas.ch\/?page_id=3361","title":{"rendered":"Nordeuropa"},"content":{"rendered":"\n<p class=\"has-white-color has-text-color\" style=\"font-size:26px\"><strong>1.1.1. S\u00fcdnorwegen\/S\u00fcdschweden<\/strong><\/p>\n\n\n\n<p>Schweiz &#8211; D\u00e4nemark &#8211; F\u00e4hre Norwegen &#8211; Stavanger &#8211; Fels im Hardangervida &#8211; Wanderungen &#8211; weiter Hamar (Elch, Wanderungen) &#8211; Schweden &#8211; grosser See  &#8211; Trollh\u00e4ttan (Elch Wanderungen) &#8211; SAAB &#8211; G\u00f6teborg &#8211; Bronzezeitliche Steingravuren &#8211; Sch\u00e4reninseln &#8211; Richtung Malm\u00f6 &#8211; \u00d6hresund Br\u00fccke &#8211; L\u00fcbeck &#8211; Schweiz.<br><br><strong>Distanz<\/strong><br>etwa 4300km<br><br><strong>Dauer<\/strong><br>3 bis 4 Wochen<br><br><strong>Unterkunft<\/strong><br>Dachzelt am Offroader, Zelt und H\u00fctten, ab und an eine feste Unterkunft mit Bad<br><br><strong>Essen<\/strong><br>Meist K\u00fcche\/Feldk\u00fcche beim Offroader, Wanderungen, ab und an ein Restaurant (Norwegen teuer, Schweden moderat)<\/p>\n\n\n\n<div class=\"wp-block-columns is-layout-flex wp-container-core-columns-is-layout-9d6595d7 wp-block-columns-is-layout-flex\">\n<div class=\"wp-block-column is-layout-flow wp-block-column-is-layout-flow\" style=\"flex-basis:100%\">\n<figure class=\"wp-block-embed is-type-video is-provider-youtube wp-block-embed-youtube wp-embed-aspect-16-9 wp-has-aspect-ratio\"><div class=\"wp-block-embed__wrapper\">\n<iframe loading=\"lazy\" title=\"L\u00e5tefossen, twice waterfall in Norway\" width=\"880\" height=\"495\" src=\"https:\/\/www.youtube.com\/embed\/_Z-d33wnxv0?feature=oembed\" frameborder=\"0\" allow=\"accelerometer; autoplay; clipboard-write; encrypted-media; gyroscope; picture-in-picture; web-share\" referrerpolicy=\"strict-origin-when-cross-origin\" allowfullscreen><\/iframe>\n<\/div><figcaption>Am Latefossen war ich 2016 bereits, f\u00fchrte aber trotz starkem Regern wenig Wasser.<\/figcaption><\/figure>\n\n\n\n<figure class=\"wp-block-embed is-type-video is-provider-youtube wp-block-embed-youtube wp-embed-aspect-16-9 wp-has-aspect-ratio\"><div class=\"wp-block-embed__wrapper\">\n<iframe loading=\"lazy\" title=\"DJI - Trolltunga, Preikestolen and Kjeragbolten 2017 - Drone Video\" width=\"880\" height=\"495\" src=\"https:\/\/www.youtube.com\/embed\/PqyPW-Bdd4E?feature=oembed\" frameborder=\"0\" allow=\"accelerometer; autoplay; clipboard-write; encrypted-media; gyroscope; picture-in-picture; web-share\" referrerpolicy=\"strict-origin-when-cross-origin\" allowfullscreen><\/iframe>\n<\/div><figcaption>Wunderbare Natur, wohl nicht aus dem Blickwinkel, aber dies real zu erleben wird ein unvergessliches Vergn\u00fcgen sein.<\/figcaption><\/figure>\n<\/div>\n<\/div>\n\n\n\n<figure class=\"wp-block-embed is-type-video is-provider-youtube wp-block-embed-youtube wp-embed-aspect-16-9 wp-has-aspect-ratio\"><div class=\"wp-block-embed__wrapper\">\n<iframe loading=\"lazy\" title=\"Langfoss - Langfossen\" width=\"880\" height=\"495\" src=\"https:\/\/www.youtube.com\/embed\/lEBXId76qyQ?feature=oembed\" frameborder=\"0\" allow=\"accelerometer; autoplay; clipboard-write; encrypted-media; gyroscope; picture-in-picture; web-share\" referrerpolicy=\"strict-origin-when-cross-origin\" allowfullscreen><\/iframe>\n<\/div><figcaption>Ein imposanter Wasserfall. Mit  etwas \u00fcber 600m H\u00f6he einer der h\u00f6heren Wasserf\u00e4lle Europas.<\/figcaption><\/figure>\n\n\n\n<div class=\"wp-block-columns is-layout-flex wp-container-core-columns-is-layout-9d6595d7 wp-block-columns-is-layout-flex\">\n<div class=\"wp-block-column is-layout-flow wp-block-column-is-layout-flow\" style=\"flex-basis:100%\">\n<figure class=\"wp-block-embed is-type-video is-provider-youtube wp-block-embed-youtube wp-embed-aspect-16-9 wp-has-aspect-ratio\"><div class=\"wp-block-embed__wrapper\">\n<iframe loading=\"lazy\" title=\"Solo hiking Hardangervidda Norway\" width=\"880\" height=\"495\" src=\"https:\/\/www.youtube.com\/embed\/c7-GhVrFxRM?feature=oembed\" frameborder=\"0\" allow=\"accelerometer; autoplay; clipboard-write; encrypted-media; gyroscope; picture-in-picture; web-share\" referrerpolicy=\"strict-origin-when-cross-origin\" allowfullscreen><\/iframe>\n<\/div><figcaption>Im Hardanger Vidda k\u00f6nnen sehr ausgedehnte, mehrt\u00e4tige Wanderungen unternommen werden.<\/figcaption><\/figure>\n<\/div>\n<\/div>\n\n\n\n<div class=\"wp-block-columns is-layout-flex wp-container-core-columns-is-layout-9d6595d7 wp-block-columns-is-layout-flex\">\n<div class=\"wp-block-column is-layout-flow wp-block-column-is-layout-flow\" style=\"flex-basis:100%\">\n<figure class=\"wp-block-embed is-type-video is-provider-youtube wp-block-embed-youtube wp-embed-aspect-16-9 wp-has-aspect-ratio\"><div class=\"wp-block-embed__wrapper\">\n<iframe loading=\"lazy\" title=\"Elche in Norwegen\" width=\"880\" height=\"495\" src=\"https:\/\/www.youtube.com\/embed\/Brk139MKRCc?feature=oembed\" frameborder=\"0\" allow=\"accelerometer; autoplay; clipboard-write; encrypted-media; gyroscope; picture-in-picture; web-share\" referrerpolicy=\"strict-origin-when-cross-origin\" allowfullscreen><\/iframe>\n<\/div><figcaption>In der Gegend s\u00fcdlich von Lillehammer ist die gr\u00f6sste Population Elche  in Norwegen anzutreffen.<\/figcaption><\/figure>\n\n\n\n<p class=\"has-white-color has-text-color\" style=\"font-size:26px\"><strong>1.1.2. Nordkap<\/strong><\/p>\n\n\n\n<p>Schweiz &#8211; Schweden &#8211; Stockholm &#8211; Lulea &#8211; Nordkap &#8211; Hammerfest &#8211;  Troms\u00f6 &#8211; Lofoten &#8211; Trondheim &#8211; Oslo &#8211; F\u00e4hre D\u00e4nemark &#8211; Schweiz<br><br><strong>Distanz<\/strong><br>etwa 7600 km<br><br><strong>Dauer<\/strong><br>3 bis 4 Wochen<br><br><strong>Unterkunft<\/strong><br>Dachzelt am Offroader, Zelt und H\u00fctten, ab und an eine feste Unterkunft mit Bad<br><br><strong>Essen<\/strong><br>Meist K\u00fcche\/Feldk\u00fcche beim Offroader, auf Wanderungen, ab und an mal ein Restaurant (Norwegen teuer, Schweden moderat)<\/p>\n\n\n\n<div class=\"wp-block-columns is-layout-flex wp-container-core-columns-is-layout-9d6595d7 wp-block-columns-is-layout-flex\">\n<div class=\"wp-block-column is-layout-flow wp-block-column-is-layout-flow\" style=\"flex-basis:100%\">\n<figure class=\"wp-block-embed is-type-video is-provider-youtube wp-block-embed-youtube wp-embed-aspect-16-9 wp-has-aspect-ratio\"><div class=\"wp-block-embed__wrapper\">\n<iframe loading=\"lazy\" title=\"POSTCARD FROM NORWAY\" width=\"880\" height=\"495\" src=\"https:\/\/www.youtube.com\/embed\/atg7kxXJBN0?feature=oembed\" frameborder=\"0\" allow=\"accelerometer; autoplay; clipboard-write; encrypted-media; gyroscope; picture-in-picture; web-share\" referrerpolicy=\"strict-origin-when-cross-origin\" allowfullscreen><\/iframe>\n<\/div><\/figure>\n<\/div>\n<\/div>\n\n\n\n<p class=\"has-white-color has-text-color\" style=\"font-size:26px\"><strong>1.1.3. Mittelschweden<\/strong><\/p>\n\n\n\n<p>Schweiz &#8211; Stockholm- \u00d6stersund &#8211; Karstad &#8211; \u00d6rebro &#8211; G\u00f6teborg &#8211; Schweiz <br><br><strong>Distanz<\/strong><br>etwa 4700 km<br><br><strong>Dauer<\/strong><br>2 bis 4 Woche<br><br><strong>Unterkunft<\/strong><br>Dachzelt auf Offroader, Zelt und H\u00fctten, zwischendurch feste Unterkunft mit Bad<br><br><strong>Essen<\/strong><br>K\u00fcche\/Feldk\u00fcche beim Offroader oder bei den Wanderungen, ab und zu mal ein Restaurant (moderat, nicht so teuer wie Norwegen oder Island)<br><br><strong>Kosten<\/strong><br>Pro Tag mit 55-65\u20ac rechnen. Strassengeb\u00fchren, Kraftstoff, Lebensmittel und einfache Unterk\u00fcnfte aber auch Eintritte eingerechnet. H\u00e4ufigere Restaurantbesuche, spez. Eink\u00e4ufe und Unterk\u00fcnfte mit mehr Komfort erh\u00f6hen die Kosten merklich.<\/p>\n\n\n\n<div class=\"wp-block-columns is-layout-flex wp-container-core-columns-is-layout-9d6595d7 wp-block-columns-is-layout-flex\">\n<div class=\"wp-block-column is-layout-flow wp-block-column-is-layout-flow\" style=\"flex-basis:100%\">\n<figure class=\"wp-block-embed is-type-video is-provider-youtube wp-block-embed-youtube wp-embed-aspect-16-9 wp-has-aspect-ratio\"><div class=\"wp-block-embed__wrapper\">\n<iframe loading=\"lazy\" title=\"Schweden - Im Reich der Elche\" width=\"880\" height=\"495\" src=\"https:\/\/www.youtube.com\/embed\/ESuLZV2z148?feature=oembed\" frameborder=\"0\" allow=\"accelerometer; autoplay; clipboard-write; encrypted-media; gyroscope; picture-in-picture; web-share\" referrerpolicy=\"strict-origin-when-cross-origin\" allowfullscreen><\/iframe>\n<\/div><\/figure>\n<\/div>\n<\/div>\n\n\n\n<p class=\"has-white-color has-text-color\" style=\"font-size:26px\"><strong>1.1.4 Mittelnorwegen<\/strong><\/p>\n\n\n\n<p>Schweiz &#8211; D\u00e4nemark &#8211; Hirtshals &#8211; F\u00e4hre Norwegen &#8211; Bergen &#8211; Jotunheimen Nationalpark &#8211; Wanderungen &#8211; Trollstigen &#8211; Trondheim &#8211; weitere Nationalparks &#8211; Lillehammer &#8211; Oslo &#8211; F\u00e4hre D\u00e4nemark &#8211; Schweiz<br><br>Die Anfahrt bis Hirtshals ist etwas lange, aber was dann in Norwegen folgt ist Natur, spannende K\u00fcsten, Fjorde, Seen und immer wieder mal besondere Orte. Neben Besichtigungen, St\u00e4dtebesuche, Wanderungen kommen auch hier Tierbeobachtungen. Hartgesottene k\u00f6nnen hie und da ein erfrischendes Bad nehmen.<br>Ob im Dachzelt, dem Zelt oder den H\u00fctten auf Wanderung\/Trekking k\u00f6nnen auch immer mal feste Unterk\u00fcnfte angesteuert werden &#8211; so eine gute Dusche tut gut. \ud83d\ude09<br><br><strong>Distanz<\/strong><br>etwa 5200 km (inkl. F\u00e4hre)<br><br><strong>Dauer<\/strong><br>3 bis 4 Wochen<br><br><strong>Unterkunft<\/strong><br>Dachzelt am Offroader, Zelt oder H\u00fctten auf Wanderungen, auch immer wieder mal feste Unterk\u00fcnfte mit Bad<br><br><strong>Essen<\/strong><br>Kochen im\/beim Offroader, mit Feldk\u00fcche beim Wandern, und an einigen Orten auch Restaurant (teuer!)<\/p>\n\n\n\n<figure class=\"wp-block-embed is-type-video is-provider-youtube wp-block-embed-youtube wp-embed-aspect-16-9 wp-has-aspect-ratio\"><div class=\"wp-block-embed__wrapper\">\n<iframe loading=\"lazy\" title=\"Trollstigen Norway famous serpetine mountain road, Der Trollstigen in Norwegen\" width=\"880\" height=\"495\" src=\"https:\/\/www.youtube.com\/embed\/7e83KACnF9o?feature=oembed\" frameborder=\"0\" allow=\"accelerometer; autoplay; clipboard-write; encrypted-media; gyroscope; picture-in-picture; web-share\" referrerpolicy=\"strict-origin-when-cross-origin\" allowfullscreen><\/iframe>\n<\/div><\/figure>\n\n\n\n<p><\/p>\n\n\n\n<p class=\"has-white-color has-text-color\" style=\"font-size:26px\"><strong>1.1.5. Island<\/strong><\/p>\n\n\n\n<p>Schweiz &#8211; D\u00e4nemark &#8211; Hirtshals &#8211; Island &#8211; Sey\u00f0isfj\u00f6r\u00f0ur &#8211; Akureyri &#8211; Reykjav\u00edk &#8211; V\u00edk \u00ed M\u00fdrdal &#8211; Wanderungen &#8211; Sey\u00f0isfj\u00f6r\u00f0ur &#8211; Hirtshals &#8211; Schweiz<br><br>Die Fahrt nach Hirtshals (DK) ist lang, daf\u00fcr ist die F\u00e4hrtfahrt nach Island je nach Wetter entspannt, Zeit zum Lesen, Diskutieren, Schlafen. Auf Island sind neben den Offroadfahrten, Wanderungen und Besichtigungen auch Tierbeobachtungen und anderes zu geniessen.<br>Es sind keine Badeferien? Ehm, nein. Oder doch? Ah, ja die heissen Quellen mit herrlichen Badem\u00f6glichkeiten ausser Reykjavik.<br><br><strong>Distanz<\/strong><br>etwa 7200 km (davon mehr als die H\u00e4lfte mit der F\u00e4hre)<br><br><strong>Dauer<\/strong><br>4 Wochen<br><br><strong>Unterkunft<\/strong><br>Dachzelt am Offroader, Zelt oder H\u00fctten auf Wanderungen, in Akureyri oder Reykjavik oder mal unterwegs feste Unterkunft mit Bad<br><br><strong>Essen<\/strong><br>Kochen im\/beim Offroader, mit Feldk\u00fcche beim Wandern, und sicher auch mal Restaurant (teuer!)<br><\/p>\n<\/div>\n<\/div>\n\n\n\n<figure class=\"wp-block-embed is-type-video is-provider-youtube wp-block-embed-youtube wp-embed-aspect-16-9 wp-has-aspect-ratio\"><div class=\"wp-block-embed__wrapper\">\n<iframe loading=\"lazy\" title=\"\u00cdSLAND | A 4K Drone in Iceland\" width=\"880\" height=\"495\" src=\"https:\/\/www.youtube.com\/embed\/dvrFO8bE80Q?feature=oembed\" frameborder=\"0\" allow=\"accelerometer; autoplay; clipboard-write; encrypted-media; gyroscope; picture-in-picture; web-share\" referrerpolicy=\"strict-origin-when-cross-origin\" allowfullscreen><\/iframe>\n<\/div><\/figure>\n\n\n\n<p>Zur\u00fcck zu <a href=\"https:\/\/reisen.dipas.ch\/?page_id=3356\">Reisen mit eigenem Fahrzeug<\/a><\/p>\n","protected":false},"excerpt":{"rendered":"<p>1.1.1. S\u00fcdnorwegen\/S\u00fcdschweden Schweiz &#8211; D\u00e4nemark &#8211; F\u00e4hre Norwegen &#8211; Stavanger &#8211; Fels im Hardangervida &#8211; Wanderungen &#8211; weiter Hamar (Elch, Wanderungen) &#8211; Schweden &#8211; grosser<\/p>\n<p><a href=\"https:\/\/reisen.dipas.ch\/?page_id=3361\" class=\"more-link\">Continue reading<span class=\"screen-reader-text\">Nordeuropa<\/span><\/a><\/p>\n","protected":false},"author":1,"featured_media":0,"parent":3356,"menu_order":0,"comment_status":"closed","ping_status":"closed","template":"","meta":{"ngg_post_thumbnail":0,"footnotes":""},"class_list":["post-3361","page","type-page","status-publish","hentry"],"_links":{"self":[{"href":"https:\/\/reisen.dipas.ch\/index.php?rest_route=\/wp\/v2\/pages\/3361","targetHints":{"allow":["GET"]}}],"collection":[{"href":"https:\/\/reisen.dipas.ch\/index.php?rest_route=\/wp\/v2\/pages"}],"about":[{"href":"https:\/\/reisen.dipas.ch\/index.php?rest_route=\/wp\/v2\/types\/page"}],"author":[{"embeddable":true,"href":"https:\/\/reisen.dipas.ch\/index.php?rest_route=\/wp\/v2\/users\/1"}],"replies":[{"embeddable":true,"href":"https:\/\/reisen.dipas.ch\/index.php?rest_route=%2Fwp%2Fv2%2Fcomments&post=3361"}],"version-history":[{"count":12,"href":"https:\/\/reisen.dipas.ch\/index.php?rest_route=\/wp\/v2\/pages\/3361\/revisions"}],"predecessor-version":[{"id":3441,"href":"https:\/\/reisen.dipas.ch\/index.php?rest_route=\/wp\/v2\/pages\/3361\/revisions\/3441"}],"up":[{"embeddable":true,"href":"https:\/\/reisen.dipas.ch\/index.php?rest_route=\/wp\/v2\/pages\/3356"}],"wp:attachment":[{"href":"https:\/\/reisen.dipas.ch\/index.php?rest_route=%2Fwp%2Fv2%2Fmedia&parent=3361"}],"curies":[{"name":"wp","href":"https:\/\/api.w.org\/{rel}","templated":true}]}}