{"id":3356,"date":"2021-01-22T22:16:11","date_gmt":"2021-01-22T21:16:11","guid":{"rendered":"http:\/\/reisen.dipas.ch\/?page_id=3356"},"modified":"2021-02-07T20:42:01","modified_gmt":"2021-02-07T19:42:01","slug":"reisen-mit-eigenem-fahrzeug","status":"publish","type":"page","link":"https:\/\/reisen.dipas.ch\/?page_id=3356","title":{"rendered":"Reisen mit eigenem Fahrzeug"},"content":{"rendered":"\n<p>Mit welchem Fahrzeug ich unterwegs bin, siehst Du <a href=\"https:\/\/reisen.dipas.ch\/?page_id=3281\">hier<\/a>.<\/p>\n\n\n\n<p>In den einzelnen Regionen\/L\u00e4ndern\/Kontinenten habe ich Ideen aufgef\u00fchrt, Reisen in der Bucket List. <br>Jene Eintr\u00e4ge die mit einem * versehen sind, enthalten bereits Beitr\u00e4ge\/Ideen und manchmal Videos aus YouTube zur Info oder Einstimmung.<br>Schau Dir die Videos an, auch wenn die Musik manchmal nicht passend sein mag, gibt es einen Eindruck dessen was man dort erleben, geniessen kann.<\/p>\n\n\n\n<p style=\"font-size:30px\"><strong><a href=\"https:\/\/reisen.dipas.ch\/?page_id=3361\">1.1 Nordeuropa<\/a><\/strong> *<\/p>\n\n\n\n<p style=\"font-size:30px\"><strong><a href=\"https:\/\/reisen.dipas.ch\/?page_id=3371\">1.2 England \/ Schottland \/ Irland<\/a><\/strong> *<\/p>\n\n\n\n<p style=\"font-size:30px\"><a href=\"https:\/\/reisen.dipas.ch\/?page_id=3387\"><strong>1.3 Osteuropa<\/strong> (inkl. Kaukasus)<\/a> *<\/p>\n\n\n\n<p style=\"font-size:30px\"><strong><a href=\"https:\/\/reisen.dipas.ch\/?page_id=3398\">1.4 Balkan<\/a><\/strong> *<\/p>\n\n\n\n<p style=\"font-size:30px\"><strong>1.5 West-\/Mitteleuropa<\/strong><\/p>\n\n\n\n<p style=\"font-size:30px\"><strong><a href=\"https:\/\/reisen.dipas.ch\/?page_id=3402\">1.6 S\u00fcdeuropa<\/a><\/strong><\/p>\n\n\n\n<p style=\"font-size:30px\"><strong><a href=\"https:\/\/reisen.dipas.ch\/?page_id=3406\">1.7 Nordafrika<\/a><\/strong><\/p>\n\n\n\n<p style=\"font-size:30px\"><strong><a href=\"https:\/\/reisen.dipas.ch\/?page_id=3410\">1.8  Vorderer Orient<\/a><\/strong><\/p>\n\n\n\n<p style=\"font-size:30px\"><strong><a href=\"https:\/\/reisen.dipas.ch\/?page_id=3412\">1.9 Ferner Osten<\/a><\/strong> *<\/p>\n\n\n\n<p style=\"font-size:30px\"><a href=\"https:\/\/reisen.dipas.ch\/?page_id=3414\"><strong>1.10 Amerika<\/strong>s<\/a><\/p>\n\n\n\n<p style=\"font-size:30px\"><strong><a href=\"https:\/\/reisen.dipas.ch\/?page_id=3417\">1.11 S\u00fcdliches Afrika<\/a><\/strong><\/p>\n\n\n\n<p style=\"font-size:30px\"><strong><a href=\"https:\/\/reisen.dipas.ch\/?page_id=3419\">1.12 Ostafrika<\/a><\/strong><\/p>\n\n\n\n<p>Zur\u00fcck zu <a href=\"https:\/\/reisen.dipas.ch\/?page_id=3195\">Reiseideen<\/a><\/p>\n","protected":false},"excerpt":{"rendered":"<p>Mit welchem Fahrzeug ich unterwegs bin, siehst Du hier. In den einzelnen Regionen\/L\u00e4ndern\/Kontinenten habe ich Ideen aufgef\u00fchrt, Reisen in der Bucket List. Jene Eintr\u00e4ge die<\/p>\n<p><a href=\"https:\/\/reisen.dipas.ch\/?page_id=3356\" class=\"more-link\">Continue reading<span class=\"screen-reader-text\">Reisen mit eigenem Fahrzeug<\/span><\/a><\/p>\n","protected":false},"author":1,"featured_media":0,"parent":3195,"menu_order":0,"comment_status":"closed","ping_status":"closed","template":"","meta":{"ngg_post_thumbnail":0,"footnotes":""},"class_list":["post-3356","page","type-page","status-publish","hentry"],"_links":{"self":[{"href":"https:\/\/reisen.dipas.ch\/index.php?rest_route=\/wp\/v2\/pages\/3356","targetHints":{"allow":["GET"]}}],"collection":[{"href":"https:\/\/reisen.dipas.ch\/index.php?rest_route=\/wp\/v2\/pages"}],"about":[{"href":"https:\/\/reisen.dipas.ch\/index.php?rest_route=\/wp\/v2\/types\/page"}],"author":[{"embeddable":true,"href":"https:\/\/reisen.dipas.ch\/index.php?rest_route=\/wp\/v2\/users\/1"}],"replies":[{"embeddable":true,"href":"https:\/\/reisen.dipas.ch\/index.php?rest_route=%2Fwp%2Fv2%2Fcomments&post=3356"}],"version-history":[{"count":13,"href":"https:\/\/reisen.dipas.ch\/index.php?rest_route=\/wp\/v2\/pages\/3356\/revisions"}],"predecessor-version":[{"id":3975,"href":"https:\/\/reisen.dipas.ch\/index.php?rest_route=\/wp\/v2\/pages\/3356\/revisions\/3975"}],"up":[{"embeddable":true,"href":"https:\/\/reisen.dipas.ch\/index.php?rest_route=\/wp\/v2\/pages\/3195"}],"wp:attachment":[{"href":"https:\/\/reisen.dipas.ch\/index.php?rest_route=%2Fwp%2Fv2%2Fmedia&parent=3356"}],"curies":[{"name":"wp","href":"https:\/\/api.w.org\/{rel}","templated":true}]}}