{"id":3281,"date":"2021-01-17T12:37:53","date_gmt":"2021-01-17T11:37:53","guid":{"rendered":"http:\/\/reisen.dipas.ch\/?page_id=3281"},"modified":"2023-04-24T22:20:28","modified_gmt":"2023-04-24T21:20:28","slug":"mein-fahrzeug","status":"publish","type":"page","link":"https:\/\/reisen.dipas.ch\/?page_id=3281","title":{"rendered":"Die Fahrzeuge"},"content":{"rendered":"\n<p class=\"has-white-color has-text-color\" style=\"font-size:20px\"><strong>Das Buschtaxi (Land Cruiser HZJ78)<\/strong><\/p>\n\n\n\n<p>Seit 2016 besitze ich einen Toyota Land Cruiser HZj78 von 2001, in der Schweiz als Typ 400 benannt. Dieser Toyota ist geeignet um Weitreisen, schwierige Strecken und autarkes Leben zu erleben und zu meistern. Ein richtiger Offroader eben. Auch Camper-Reisen sind damit selbstverst\u00e4ndlich m\u00f6glich. Vielleicht nicht ganz so komfortable wie in einem typischen Camper, daf\u00fcr ist das Fahrzeug schmal, relativ wendig und auch nicht so lang. <br><br>Ich habe das Fahrzeug selbst ausgebaut, mache Services selbst und war bis kurz vor der Islandreise 2021 an der Fertigstellung einiger Installationen besch\u00e4ftigt.<br><br>Es ist allgemein bekannt, dass der Toyota Land Cruiser HZJ78 ein schwaches Getriebe (R151) hat und dies immer wieder zu Problemen f\u00fchren kann (gebrochene Zahnr\u00e4der, ausgebrochene Lagerschale u.a.), insbesondere wenn das Fahrzeug dauerhaft schwer ist oder oft Anh\u00e4nger gezogen werden. Das neue Getriebe (H150) wurde im Fr\u00fchjahr 2021 ausgetauscht. Wieder mal eine gr\u00f6ssere Arbeit in Eigenregie.<\/p>\n\n\n\n<figure class=\"wp-block-image size-large is-style-default\"><img loading=\"lazy\" decoding=\"async\" width=\"1680\" height=\"1120\" src=\"https:\/\/reisen.dipas.ch\/wp-content\/uploads\/2021\/02\/LC78_Schrattenfluh-1680x1120.jpg\" alt=\"\" class=\"wp-image-3923\" srcset=\"https:\/\/reisen.dipas.ch\/wp-content\/uploads\/2021\/02\/LC78_Schrattenfluh.jpg 1680w, https:\/\/reisen.dipas.ch\/wp-content\/uploads\/2021\/02\/LC78_Schrattenfluh-700x467.jpg 700w, https:\/\/reisen.dipas.ch\/wp-content\/uploads\/2021\/02\/LC78_Schrattenfluh-168x112.jpg 168w, https:\/\/reisen.dipas.ch\/wp-content\/uploads\/2021\/02\/LC78_Schrattenfluh-768x512.jpg 768w, https:\/\/reisen.dipas.ch\/wp-content\/uploads\/2021\/02\/LC78_Schrattenfluh-1536x1024.jpg 1536w\" sizes=\"auto, (max-width: 1680px) 100vw, 1680px\" \/><figcaption class=\"wp-element-caption\">Fr\u00fchjahr 2020 unterhalb der Schrattenfluh.<\/figcaption><\/figure>\n\n\n\n<figure class=\"wp-block-image size-large is-style-default\"><img loading=\"lazy\" decoding=\"async\" width=\"1680\" height=\"1120\" src=\"https:\/\/reisen.dipas.ch\/wp-content\/uploads\/2021\/02\/LC78_ObMurtensee-1680x1120.jpg\" alt=\"\" class=\"wp-image-3925\" srcset=\"https:\/\/reisen.dipas.ch\/wp-content\/uploads\/2021\/02\/LC78_ObMurtensee.jpg 1680w, https:\/\/reisen.dipas.ch\/wp-content\/uploads\/2021\/02\/LC78_ObMurtensee-700x467.jpg 700w, https:\/\/reisen.dipas.ch\/wp-content\/uploads\/2021\/02\/LC78_ObMurtensee-168x112.jpg 168w, https:\/\/reisen.dipas.ch\/wp-content\/uploads\/2021\/02\/LC78_ObMurtensee-768x512.jpg 768w, https:\/\/reisen.dipas.ch\/wp-content\/uploads\/2021\/02\/LC78_ObMurtensee-1536x1024.jpg 1536w\" sizes=\"auto, (max-width: 1680px) 100vw, 1680px\" \/><figcaption class=\"wp-element-caption\">Fr\u00fchst\u00fcck  oberhalb des Murtensess.<\/figcaption><\/figure>\n\n\n\n<p>Bei Gelegenheit wird hier der Ausbau und die Technik n\u00e4her beschrieben.<\/p>\n\n\n\n<p class=\"has-white-color has-text-color\" style=\"font-size:20px\"><strong>Der Mercedes Sprinter 319 4&#215;4<\/strong><\/p>\n\n\n\n<p>Der Sprinter ist eine Neuanschaffung in 2022. Leider dauerte es \u00fcber ein Jahr bis das Fahrzeug ausgeliefert wurde. So verz\u00f6gerten sich die ersten Ausbauten um viele Monate, was eine erste Testreise im Sp\u00e4tsommer 2023 verunm\u00f6glicht.<br><br>Das Fahrzeug ist nicht der begehrte 4&#215;4 mit 6 Zylinder 3 Liter Motor, Reduktionsgetriebe und Differentialsperren. Es ist der aktuelle 2 Liter 4 Zylinder Motor und Torque On Demand Antrieb, also einer variablen Kraftverteilung von bis zu 50:50 HA\/VA.<br><br>2023 M\u00e4rz\/April\/Mai Isolation und Fenster- und Flares- (Querschl\u00e4fer) einbau.<br>2023 Juni-August Einbau der Elektrik, Wasser usw.<br>Im Weiteren folgen dann die Wand- und Deckenverkleidung und letztlich der M\u00f6belbau.<\/p>\n\n\n\n<p><\/p>\n\n\n\n<p>Zur\u00fcck zu <a href=\"https:\/\/reisen.dipas.ch\/?page_id=3356\">Reisen mit eigenen Fahrzeug<\/a>.<\/p>\n","protected":false},"excerpt":{"rendered":"<p>Das Buschtaxi (Land Cruiser HZJ78) Seit 2016 besitze ich einen Toyota Land Cruiser HZj78 von 2001, in der Schweiz als Typ 400 benannt. Dieser Toyota<\/p>\n<p><a href=\"https:\/\/reisen.dipas.ch\/?page_id=3281\" class=\"more-link\">Continue reading<span class=\"screen-reader-text\">Die Fahrzeuge<\/span><\/a><\/p>\n","protected":false},"author":1,"featured_media":0,"parent":0,"menu_order":0,"comment_status":"closed","ping_status":"closed","template":"","meta":{"ngg_post_thumbnail":0,"footnotes":""},"class_list":["post-3281","page","type-page","status-publish","hentry"],"_links":{"self":[{"href":"https:\/\/reisen.dipas.ch\/index.php?rest_route=\/wp\/v2\/pages\/3281","targetHints":{"allow":["GET"]}}],"collection":[{"href":"https:\/\/reisen.dipas.ch\/index.php?rest_route=\/wp\/v2\/pages"}],"about":[{"href":"https:\/\/reisen.dipas.ch\/index.php?rest_route=\/wp\/v2\/types\/page"}],"author":[{"embeddable":true,"href":"https:\/\/reisen.dipas.ch\/index.php?rest_route=\/wp\/v2\/users\/1"}],"replies":[{"embeddable":true,"href":"https:\/\/reisen.dipas.ch\/index.php?rest_route=%2Fwp%2Fv2%2Fcomments&post=3281"}],"version-history":[{"count":6,"href":"https:\/\/reisen.dipas.ch\/index.php?rest_route=\/wp\/v2\/pages\/3281\/revisions"}],"predecessor-version":[{"id":5212,"href":"https:\/\/reisen.dipas.ch\/index.php?rest_route=\/wp\/v2\/pages\/3281\/revisions\/5212"}],"wp:attachment":[{"href":"https:\/\/reisen.dipas.ch\/index.php?rest_route=%2Fwp%2Fv2%2Fmedia&parent=3281"}],"curies":[{"name":"wp","href":"https:\/\/api.w.org\/{rel}","templated":true}]}}