{"id":3195,"date":"2021-01-17T00:15:06","date_gmt":"2021-01-16T23:15:06","guid":{"rendered":"http:\/\/reisen.dipas.ch\/?page_id=3195"},"modified":"2021-02-07T20:41:08","modified_gmt":"2021-02-07T19:41:08","slug":"reiseideen","status":"publish","type":"page","link":"https:\/\/reisen.dipas.ch\/?page_id=3195","title":{"rendered":"Reiseideen"},"content":{"rendered":"\n<p>Im Folgenden beschreibe ich Reisen in ungeordneter Reihenfolge die ich in absehbarer Zeit gerne mit netter  Begleitung oder auch mal alleine unternehmen m\u00f6chte. Einige Reisen sind Langzeit-\/Weitreisen, die einige Monate oder Jahre in Anspruch nehmen, diese sind, soweit noch m\u00f6glich mit dem eigenen Fahrzeug gedacht. <br>Sehr gerne m\u00f6chte ich zeitnah Offroadtouren unternehmen um nicht g\u00e4ngige, abgelegenere Ziele zu erleben, die durch Reiseanbieter nicht oder nur sehr begrenzt oder nicht in der angedachten Form angeboten werden.<br><br>Ich bin auch immer offen f\u00fcr andere Ideen, spontane Entscheidungen vor oder w\u00e4hrend den Reisen. <br>Bereise auch gerne nochmals mir bekannte L\u00e4nder, Regionen &#8211; intensiver, anders.<br><br>Ob mit Flug, Fahrzeugen (eigen oder gemietet), Bahn, Schiff oder welchem Verkehrsmittel auch immer. Touren, Ausfl\u00fcge mit Fahrrad (keine Leistungstouren) und sowieso zu Fuss ob als leichte Wanderung oder mehrt\u00e4tiges Trekking, \u00fcber Stock und Stein, mit dem Rucksack und Zelt oder in H\u00fctten, Kanu\/Kajak oder mal mit SUP.  <\/p>\n\n\n\n<p class=\"has-white-color has-text-color\" style=\"font-size:30px\"><a href=\"https:\/\/reisen.dipas.ch\/?page_id=3356\">R<strong>eisen mit eigenem Fahrzeug<\/strong><\/a><\/p>\n\n\n\n<p class=\"has-white-color has-text-color\" style=\"font-size:30px\"><strong><a href=\"https:\/\/reisen.dipas.ch\/?page_id=3422\">Flug- &amp; Kombi- &amp; Gruppenreisen<\/a><\/strong><\/p>\n\n\n\n<p class=\"has-white-color has-text-color\" style=\"font-size:30px\"><strong><a href=\"https:\/\/reisen.dipas.ch\/?page_id=3424\">St\u00e4dte- &amp; Kulturreisen<\/a><\/strong><\/p>\n","protected":false},"excerpt":{"rendered":"<p>Im Folgenden beschreibe ich Reisen in ungeordneter Reihenfolge die ich in absehbarer Zeit gerne mit netter Begleitung oder auch mal alleine unternehmen m\u00f6chte. Einige Reisen<\/p>\n<p><a href=\"https:\/\/reisen.dipas.ch\/?page_id=3195\" class=\"more-link\">Continue reading<span class=\"screen-reader-text\">Reiseideen<\/span><\/a><\/p>\n","protected":false},"author":1,"featured_media":0,"parent":0,"menu_order":0,"comment_status":"closed","ping_status":"closed","template":"","meta":{"ngg_post_thumbnail":0,"footnotes":""},"class_list":["post-3195","page","type-page","status-publish","hentry"],"_links":{"self":[{"href":"https:\/\/reisen.dipas.ch\/index.php?rest_route=\/wp\/v2\/pages\/3195","targetHints":{"allow":["GET"]}}],"collection":[{"href":"https:\/\/reisen.dipas.ch\/index.php?rest_route=\/wp\/v2\/pages"}],"about":[{"href":"https:\/\/reisen.dipas.ch\/index.php?rest_route=\/wp\/v2\/types\/page"}],"author":[{"embeddable":true,"href":"https:\/\/reisen.dipas.ch\/index.php?rest_route=\/wp\/v2\/users\/1"}],"replies":[{"embeddable":true,"href":"https:\/\/reisen.dipas.ch\/index.php?rest_route=%2Fwp%2Fv2%2Fcomments&post=3195"}],"version-history":[{"count":19,"href":"https:\/\/reisen.dipas.ch\/index.php?rest_route=\/wp\/v2\/pages\/3195\/revisions"}],"predecessor-version":[{"id":3974,"href":"https:\/\/reisen.dipas.ch\/index.php?rest_route=\/wp\/v2\/pages\/3195\/revisions\/3974"}],"wp:attachment":[{"href":"https:\/\/reisen.dipas.ch\/index.php?rest_route=%2Fwp%2Fv2%2Fmedia&parent=3195"}],"curies":[{"name":"wp","href":"https:\/\/api.w.org\/{rel}","templated":true}]}}