{"id":2632,"date":"2021-01-05T23:11:17","date_gmt":"2021-01-05T22:11:17","guid":{"rendered":"http:\/\/reisen.dipas.ch\/?page_id=2632"},"modified":"2023-04-24T21:07:59","modified_gmt":"2023-04-24T20:07:59","slug":"malta-2006","status":"publish","type":"page","link":"https:\/\/reisen.dipas.ch\/?page_id=2632","title":{"rendered":"Malta 2006"},"content":{"rendered":"\n<p>All Inclusive. Oje, ein Mal und nicht mehr wieder!<br>Um einzelne Steinhaufen auf der Insel besichtigen zu d\u00fcrfen, musste immer irgendetwas bezahlt werden. Valletta und einige alte St\u00e4dtchen sind sehenswert. Das Meer war f\u00fcr Juni zu kalt (7. Juni 2006 &#8211; 14. Juni 2006).<\/p>\n\n\n\n<p><\/p>\n","protected":false},"excerpt":{"rendered":"<p>All Inclusive. Oje, ein Mal und nicht mehr wieder!Um einzelne Steinhaufen auf der Insel besichtigen zu d\u00fcrfen, musste immer irgendetwas bezahlt werden. Valletta und einige<\/p>\n<p><a href=\"https:\/\/reisen.dipas.ch\/?page_id=2632\" class=\"more-link\">Continue reading<span class=\"screen-reader-text\">Malta 2006<\/span><\/a><\/p>\n","protected":false},"author":1,"featured_media":0,"parent":0,"menu_order":0,"comment_status":"closed","ping_status":"closed","template":"","meta":{"ngg_post_thumbnail":0,"footnotes":""},"class_list":["post-2632","page","type-page","status-publish","hentry"],"_links":{"self":[{"href":"https:\/\/reisen.dipas.ch\/index.php?rest_route=\/wp\/v2\/pages\/2632","targetHints":{"allow":["GET"]}}],"collection":[{"href":"https:\/\/reisen.dipas.ch\/index.php?rest_route=\/wp\/v2\/pages"}],"about":[{"href":"https:\/\/reisen.dipas.ch\/index.php?rest_route=\/wp\/v2\/types\/page"}],"author":[{"embeddable":true,"href":"https:\/\/reisen.dipas.ch\/index.php?rest_route=\/wp\/v2\/users\/1"}],"replies":[{"embeddable":true,"href":"https:\/\/reisen.dipas.ch\/index.php?rest_route=%2Fwp%2Fv2%2Fcomments&post=2632"}],"version-history":[{"count":3,"href":"https:\/\/reisen.dipas.ch\/index.php?rest_route=\/wp\/v2\/pages\/2632\/revisions"}],"predecessor-version":[{"id":5192,"href":"https:\/\/reisen.dipas.ch\/index.php?rest_route=\/wp\/v2\/pages\/2632\/revisions\/5192"}],"wp:attachment":[{"href":"https:\/\/reisen.dipas.ch\/index.php?rest_route=%2Fwp%2Fv2%2Fmedia&parent=2632"}],"curies":[{"name":"wp","href":"https:\/\/api.w.org\/{rel}","templated":true}]}}