{"id":2628,"date":"2021-01-05T23:07:15","date_gmt":"2021-01-05T22:07:15","guid":{"rendered":"http:\/\/reisen.dipas.ch\/?page_id=2628"},"modified":"2021-01-05T23:28:03","modified_gmt":"2021-01-05T22:28:03","slug":"usa-westen-1992","status":"publish","type":"page","link":"https:\/\/reisen.dipas.ch\/?page_id=2628","title":{"rendered":"USA Westen 1992"},"content":{"rendered":"\n<p>Alleine bzw. Teilstrecken mit einer K\u00f6lnerin und einem Belgier ab San Francisco nach Los Angeles \u00fcber Las Vegas und Lake Tahoe zur\u00fcck nach San Francisco.<\/p>\n\n\n\n<p><\/p>\n\n\n\n<div class=\"map_wrapper\" id=\"map_wrapper_2643\">\n<div class=\"map_box\" style=\"max-width:2200px\">\n<div class=\"map_aspect_ratio\" style=\"padding-top:56%\" data-padding-top=\"56%\" data-padding-top-mobile=\"\">\n<div class=\"map_container\">\n<div class=\"map_render map_loading\" id=\"map_2643\"><\/div>\n<\/div>\n<\/div>\n<\/div>\n<\/div>\n","protected":false},"excerpt":{"rendered":"<p>Alleine bzw. Teilstrecken mit einer K\u00f6lnerin und einem Belgier ab San Francisco nach Los Angeles \u00fcber Las Vegas und Lake Tahoe zur\u00fcck nach San Francisco.<\/p>\n","protected":false},"author":1,"featured_media":0,"parent":0,"menu_order":0,"comment_status":"closed","ping_status":"closed","template":"","meta":{"ngg_post_thumbnail":0,"footnotes":""},"class_list":["post-2628","page","type-page","status-publish","hentry"],"_links":{"self":[{"href":"https:\/\/reisen.dipas.ch\/index.php?rest_route=\/wp\/v2\/pages\/2628","targetHints":{"allow":["GET"]}}],"collection":[{"href":"https:\/\/reisen.dipas.ch\/index.php?rest_route=\/wp\/v2\/pages"}],"about":[{"href":"https:\/\/reisen.dipas.ch\/index.php?rest_route=\/wp\/v2\/types\/page"}],"author":[{"embeddable":true,"href":"https:\/\/reisen.dipas.ch\/index.php?rest_route=\/wp\/v2\/users\/1"}],"replies":[{"embeddable":true,"href":"https:\/\/reisen.dipas.ch\/index.php?rest_route=%2Fwp%2Fv2%2Fcomments&post=2628"}],"version-history":[{"count":2,"href":"https:\/\/reisen.dipas.ch\/index.php?rest_route=\/wp\/v2\/pages\/2628\/revisions"}],"predecessor-version":[{"id":2644,"href":"https:\/\/reisen.dipas.ch\/index.php?rest_route=\/wp\/v2\/pages\/2628\/revisions\/2644"}],"wp:attachment":[{"href":"https:\/\/reisen.dipas.ch\/index.php?rest_route=%2Fwp%2Fv2%2Fmedia&parent=2628"}],"curies":[{"name":"wp","href":"https:\/\/api.w.org\/{rel}","templated":true}]}}