{"id":2581,"date":"2021-01-05T21:44:22","date_gmt":"2021-01-05T20:44:22","guid":{"rendered":"http:\/\/reisen.dipas.ch\/?page_id=2581"},"modified":"2021-01-05T21:44:22","modified_gmt":"2021-01-05T20:44:22","slug":"rumaenien-2014-14-tag-budapest-bis-neusiedler-see","status":"publish","type":"page","link":"https:\/\/reisen.dipas.ch\/?page_id=2581","title":{"rendered":"Rum\u00e4nien 2014, 14. Tag Budapest, bis Neusiedler See"},"content":{"rendered":"\n<p><a href=\"https:\/\/reisen.dipas.ch\/?page_id=2577\">Zur\u00fcck zum 13. Tag<\/a><\/p>\n\n\n\n<p><\/p>\n\n\n\n<p><a href=\"https:\/\/reisen.dipas.ch\/?page_id=2233\">Zur\u00fcck zu Rum\u00e4nien 2014<\/a><\/p>\n","protected":false},"excerpt":{"rendered":"<p>Zur\u00fcck zum 13. Tag Zur\u00fcck zu Rum\u00e4nien 2014<\/p>\n","protected":false},"author":1,"featured_media":0,"parent":2233,"menu_order":0,"comment_status":"closed","ping_status":"closed","template":"","meta":{"ngg_post_thumbnail":0,"footnotes":""},"class_list":["post-2581","page","type-page","status-publish","hentry"],"_links":{"self":[{"href":"https:\/\/reisen.dipas.ch\/index.php?rest_route=\/wp\/v2\/pages\/2581","targetHints":{"allow":["GET"]}}],"collection":[{"href":"https:\/\/reisen.dipas.ch\/index.php?rest_route=\/wp\/v2\/pages"}],"about":[{"href":"https:\/\/reisen.dipas.ch\/index.php?rest_route=\/wp\/v2\/types\/page"}],"author":[{"embeddable":true,"href":"https:\/\/reisen.dipas.ch\/index.php?rest_route=\/wp\/v2\/users\/1"}],"replies":[{"embeddable":true,"href":"https:\/\/reisen.dipas.ch\/index.php?rest_route=%2Fwp%2Fv2%2Fcomments&post=2581"}],"version-history":[{"count":1,"href":"https:\/\/reisen.dipas.ch\/index.php?rest_route=\/wp\/v2\/pages\/2581\/revisions"}],"predecessor-version":[{"id":2582,"href":"https:\/\/reisen.dipas.ch\/index.php?rest_route=\/wp\/v2\/pages\/2581\/revisions\/2582"}],"up":[{"embeddable":true,"href":"https:\/\/reisen.dipas.ch\/index.php?rest_route=\/wp\/v2\/pages\/2233"}],"wp:attachment":[{"href":"https:\/\/reisen.dipas.ch\/index.php?rest_route=%2Fwp%2Fv2%2Fmedia&parent=2581"}],"curies":[{"name":"wp","href":"https:\/\/api.w.org\/{rel}","templated":true}]}}