{"id":2532,"date":"2021-01-05T21:16:26","date_gmt":"2021-01-05T20:16:26","guid":{"rendered":"http:\/\/reisen.dipas.ch\/?page_id=2532"},"modified":"2021-01-05T21:20:12","modified_gmt":"2021-01-05T20:20:12","slug":"rumaenien-2014-2-tag-nach-timisoara","status":"publish","type":"page","link":"https:\/\/reisen.dipas.ch\/?page_id=2532","title":{"rendered":"Rum\u00e4nien 2014 2. Tag Nach Timi\u0219oara"},"content":{"rendered":"\n<p><a href=\"https:\/\/reisen.dipas.ch\/?page_id=2233\">Zur\u00fcck zu Rum\u00e4nien 2014<\/a><\/p>\n\n\n\n<p>Nach der \u00dcbernachtung auf dem Zeltplatz am Neusiedler See geht es weiter Richtung Rum\u00e4nien. Im Verlaufe des Nachmittags erreichte ich Timi\u0219oara. Dort fahre ich ein wenig in der Stadt umher, bevor ich Corinna auf dem Flugplatz abhole und sie mir die Stadt zeigt.<\/p>\n\n\n\n<p><a href=\"https:\/\/reisen.dipas.ch\/?page_id=2535\">Weiter zum 3. Tag<\/a><\/p>\n","protected":false},"excerpt":{"rendered":"<p>Zur\u00fcck zu Rum\u00e4nien 2014 Nach der \u00dcbernachtung auf dem Zeltplatz am Neusiedler See geht es weiter Richtung Rum\u00e4nien. Im Verlaufe des Nachmittags erreichte ich Timi\u0219oara.<\/p>\n<p><a href=\"https:\/\/reisen.dipas.ch\/?page_id=2532\" class=\"more-link\">Continue reading<span class=\"screen-reader-text\">Rum\u00e4nien 2014 2. Tag Nach Timi\u0219oara<\/span><\/a><\/p>\n","protected":false},"author":1,"featured_media":0,"parent":2233,"menu_order":0,"comment_status":"closed","ping_status":"closed","template":"","meta":{"ngg_post_thumbnail":0,"footnotes":""},"class_list":["post-2532","page","type-page","status-publish","hentry"],"_links":{"self":[{"href":"https:\/\/reisen.dipas.ch\/index.php?rest_route=\/wp\/v2\/pages\/2532","targetHints":{"allow":["GET"]}}],"collection":[{"href":"https:\/\/reisen.dipas.ch\/index.php?rest_route=\/wp\/v2\/pages"}],"about":[{"href":"https:\/\/reisen.dipas.ch\/index.php?rest_route=\/wp\/v2\/types\/page"}],"author":[{"embeddable":true,"href":"https:\/\/reisen.dipas.ch\/index.php?rest_route=\/wp\/v2\/users\/1"}],"replies":[{"embeddable":true,"href":"https:\/\/reisen.dipas.ch\/index.php?rest_route=%2Fwp%2Fv2%2Fcomments&post=2532"}],"version-history":[{"count":2,"href":"https:\/\/reisen.dipas.ch\/index.php?rest_route=\/wp\/v2\/pages\/2532\/revisions"}],"predecessor-version":[{"id":2537,"href":"https:\/\/reisen.dipas.ch\/index.php?rest_route=\/wp\/v2\/pages\/2532\/revisions\/2537"}],"up":[{"embeddable":true,"href":"https:\/\/reisen.dipas.ch\/index.php?rest_route=\/wp\/v2\/pages\/2233"}],"wp:attachment":[{"href":"https:\/\/reisen.dipas.ch\/index.php?rest_route=%2Fwp%2Fv2%2Fmedia&parent=2532"}],"curies":[{"name":"wp","href":"https:\/\/api.w.org\/{rel}","templated":true}]}}