{"id":2445,"date":"2021-01-03T18:27:40","date_gmt":"2021-01-03T17:27:40","guid":{"rendered":"http:\/\/reisen.dipas.ch\/?page_id=2445"},"modified":"2021-01-06T22:07:53","modified_gmt":"2021-01-06T21:07:53","slug":"kasachstan-2013-7-tag-wanderung-kolsay-lakes","status":"publish","type":"page","link":"https:\/\/reisen.dipas.ch\/?page_id=2445","title":{"rendered":"Kasachstan 2013 7. Tag Wanderung Kolsay Lakes"},"content":{"rendered":"\n<p><a href=\"https:\/\/reisen.dipas.ch\/?page_id=2442\">Zur\u00fcck zum 6. Tag<\/a><\/p>\n\n\n\n<p>Von dem \u00e4lteren Paar, das weder Russisch noch Englisch konnte, erhielten wir zwei Plastikbeh\u00e4lter voll mit Esswaren auf die Wanderung. Wir konnten gerade mal das aus einer Box essen. Das war schlicht zu viel. Die Aufmerksamkeit der Gastfamilie war trotz Sprachbarriere herzlich und ich war ob der schlichten Lebensweise und deren Freude \u00fcber den Besuch einer Kasachin und einem Europ\u00e4er aus Shveytsariya erstaunt und gleichermassen erfreut.<\/p>\n\n\n\n<p>Den Kayndi See konnten wir mit dem Mietwagen nicht erreichen und die Zeit f\u00fcr eine Wanderung war zu knapp. Da braucht es definitiv einen 4&#215;4 mit gen\u00fcgend Bodenfreiheit. \ud83d\ude42<\/p>\n\n\n\n<figure class=\"wp-block-image size-full\"><img loading=\"lazy\" decoding=\"async\" width=\"1280\" height=\"852\" src=\"https:\/\/reisen.dipas.ch\/wp-content\/uploads\/2021\/01\/Kasachstan_2013-82.jpg\" alt=\"\" class=\"wp-image-2348\" srcset=\"https:\/\/reisen.dipas.ch\/wp-content\/uploads\/2021\/01\/Kasachstan_2013-82.jpg 1280w, https:\/\/reisen.dipas.ch\/wp-content\/uploads\/2021\/01\/Kasachstan_2013-82-700x466.jpg 700w, https:\/\/reisen.dipas.ch\/wp-content\/uploads\/2021\/01\/Kasachstan_2013-82-168x112.jpg 168w, https:\/\/reisen.dipas.ch\/wp-content\/uploads\/2021\/01\/Kasachstan_2013-82-768x511.jpg 768w\" sizes=\"auto, (max-width: 1280px) 100vw, 1280px\" \/><figcaption>Mit dem Mietwagen bis an das Ende der Strasse, beim 1. Kolsay See.<\/figcaption><\/figure>\n\n\n\n<figure class=\"wp-block-image size-full\"><img loading=\"lazy\" decoding=\"async\" width=\"852\" height=\"1280\" src=\"https:\/\/reisen.dipas.ch\/wp-content\/uploads\/2021\/01\/Kasachstan_2013-83.jpg\" alt=\"\" class=\"wp-image-2349\" srcset=\"https:\/\/reisen.dipas.ch\/wp-content\/uploads\/2021\/01\/Kasachstan_2013-83.jpg 852w, https:\/\/reisen.dipas.ch\/wp-content\/uploads\/2021\/01\/Kasachstan_2013-83-349x525.jpg 349w, https:\/\/reisen.dipas.ch\/wp-content\/uploads\/2021\/01\/Kasachstan_2013-83-746x1120.jpg 746w, https:\/\/reisen.dipas.ch\/wp-content\/uploads\/2021\/01\/Kasachstan_2013-83-768x1154.jpg 768w\" sizes=\"auto, (max-width: 852px) 100vw, 852px\" \/><figcaption>Zuerst probierten wir von der linken Seite am See vorbei zu wandern. Das ging aber nicht, weil im ersten Drittel der Weg nicht mehr weiter ging, also umkehren und von der rechten Seite am See vorbei.<\/figcaption><\/figure>\n\n\n\n<figure class=\"wp-block-image size-full\"><img loading=\"lazy\" decoding=\"async\" width=\"1280\" height=\"852\" src=\"https:\/\/reisen.dipas.ch\/wp-content\/uploads\/2021\/01\/Kasachstan_2013-85.jpg\" alt=\"\" class=\"wp-image-2351\" srcset=\"https:\/\/reisen.dipas.ch\/wp-content\/uploads\/2021\/01\/Kasachstan_2013-85.jpg 1280w, https:\/\/reisen.dipas.ch\/wp-content\/uploads\/2021\/01\/Kasachstan_2013-85-700x466.jpg 700w, https:\/\/reisen.dipas.ch\/wp-content\/uploads\/2021\/01\/Kasachstan_2013-85-168x112.jpg 168w, https:\/\/reisen.dipas.ch\/wp-content\/uploads\/2021\/01\/Kasachstan_2013-85-768x511.jpg 768w\" sizes=\"auto, (max-width: 1280px) 100vw, 1280px\" \/><figcaption>Ja, das gef\u00e4llt mir. Sch\u00f6nstes Wetter, nicht zu heiss, ein sch\u00f6ner See, W\u00e4lder und eine gute Wanderbegleitung. Wir beobachteten V\u00f6gel die wir nicht kannten. Dumm nur dass ich keinen Feldstecher dabei hatte.<\/figcaption><\/figure>\n\n\n\n<figure class=\"wp-block-image size-full\"><img loading=\"lazy\" decoding=\"async\" width=\"1280\" height=\"852\" src=\"https:\/\/reisen.dipas.ch\/wp-content\/uploads\/2021\/01\/Kasachstan_2013-86.jpg\" alt=\"\" class=\"wp-image-2352\" srcset=\"https:\/\/reisen.dipas.ch\/wp-content\/uploads\/2021\/01\/Kasachstan_2013-86.jpg 1280w, https:\/\/reisen.dipas.ch\/wp-content\/uploads\/2021\/01\/Kasachstan_2013-86-700x466.jpg 700w, https:\/\/reisen.dipas.ch\/wp-content\/uploads\/2021\/01\/Kasachstan_2013-86-168x112.jpg 168w, https:\/\/reisen.dipas.ch\/wp-content\/uploads\/2021\/01\/Kasachstan_2013-86-768x511.jpg 768w\" sizes=\"auto, (max-width: 1280px) 100vw, 1280px\" \/><figcaption>Der 2. Kolsay See vermittelt ein ganz anderes Bild. Dennoch ist es sehr sch\u00f6n. Die B\u00e4umen wachsen hier weit \u00fcber 2000 Meter H\u00f6he \u00fcber Meer. Es bl\u00fchen noch einige Tulpen. Apropos Tulpen, die kommen weder aus Holland, noch aus der T\u00fcrkei, nein die originalen Tulpen kommen aus der Region um Bishkek.<\/figcaption><\/figure>\n\n\n\n<figure class=\"wp-block-image size-full\"><img loading=\"lazy\" decoding=\"async\" width=\"1280\" height=\"852\" src=\"https:\/\/reisen.dipas.ch\/wp-content\/uploads\/2021\/01\/Kasachstan_2013-87.jpg\" alt=\"\" class=\"wp-image-2353\" srcset=\"https:\/\/reisen.dipas.ch\/wp-content\/uploads\/2021\/01\/Kasachstan_2013-87.jpg 1280w, https:\/\/reisen.dipas.ch\/wp-content\/uploads\/2021\/01\/Kasachstan_2013-87-700x466.jpg 700w, https:\/\/reisen.dipas.ch\/wp-content\/uploads\/2021\/01\/Kasachstan_2013-87-168x112.jpg 168w, https:\/\/reisen.dipas.ch\/wp-content\/uploads\/2021\/01\/Kasachstan_2013-87-768x511.jpg 768w\" sizes=\"auto, (max-width: 1280px) 100vw, 1280px\" \/><figcaption>Ich bin versucht zu sagen, dass es ja fast wie in den Schweizer Alpen aussieht. Eben nicht! Vieles ist anders hier.<\/figcaption><\/figure>\n\n\n\n<figure class=\"wp-block-image size-full\"><img loading=\"lazy\" decoding=\"async\" width=\"1280\" height=\"852\" src=\"https:\/\/reisen.dipas.ch\/wp-content\/uploads\/2021\/01\/Kasachstan_2013-88.jpg\" alt=\"\" class=\"wp-image-2354\" srcset=\"https:\/\/reisen.dipas.ch\/wp-content\/uploads\/2021\/01\/Kasachstan_2013-88.jpg 1280w, https:\/\/reisen.dipas.ch\/wp-content\/uploads\/2021\/01\/Kasachstan_2013-88-700x466.jpg 700w, https:\/\/reisen.dipas.ch\/wp-content\/uploads\/2021\/01\/Kasachstan_2013-88-168x112.jpg 168w, https:\/\/reisen.dipas.ch\/wp-content\/uploads\/2021\/01\/Kasachstan_2013-88-768x511.jpg 768w\" sizes=\"auto, (max-width: 1280px) 100vw, 1280px\" \/><figcaption>Ja! Eine originale Tulpe. Keine holl\u00e4ndische Zuchtform sondern ganz nat\u00fcrlich.<\/figcaption><\/figure>\n\n\n\n<figure class=\"wp-block-image size-full\"><img loading=\"lazy\" decoding=\"async\" width=\"1280\" height=\"852\" src=\"https:\/\/reisen.dipas.ch\/wp-content\/uploads\/2021\/01\/Kasachstan_2013-89.jpg\" alt=\"\" class=\"wp-image-2355\" srcset=\"https:\/\/reisen.dipas.ch\/wp-content\/uploads\/2021\/01\/Kasachstan_2013-89.jpg 1280w, https:\/\/reisen.dipas.ch\/wp-content\/uploads\/2021\/01\/Kasachstan_2013-89-700x466.jpg 700w, https:\/\/reisen.dipas.ch\/wp-content\/uploads\/2021\/01\/Kasachstan_2013-89-168x112.jpg 168w, https:\/\/reisen.dipas.ch\/wp-content\/uploads\/2021\/01\/Kasachstan_2013-89-768x511.jpg 768w\" sizes=\"auto, (max-width: 1280px) 100vw, 1280px\" \/><figcaption>Auf dem R\u00fcckweg nochmals diese dichte Tannenw\u00e4lder bestaunt. Es riecht auch gut!<\/figcaption><\/figure>\n\n\n\n<figure class=\"wp-block-image size-full\"><img loading=\"lazy\" decoding=\"async\" width=\"1280\" height=\"852\" src=\"https:\/\/reisen.dipas.ch\/wp-content\/uploads\/2021\/01\/Kasachstan_2013-90.jpg\" alt=\"\" class=\"wp-image-2356\" srcset=\"https:\/\/reisen.dipas.ch\/wp-content\/uploads\/2021\/01\/Kasachstan_2013-90.jpg 1280w, https:\/\/reisen.dipas.ch\/wp-content\/uploads\/2021\/01\/Kasachstan_2013-90-700x466.jpg 700w, https:\/\/reisen.dipas.ch\/wp-content\/uploads\/2021\/01\/Kasachstan_2013-90-168x112.jpg 168w, https:\/\/reisen.dipas.ch\/wp-content\/uploads\/2021\/01\/Kasachstan_2013-90-768x511.jpg 768w\" sizes=\"auto, (max-width: 1280px) 100vw, 1280px\" \/><figcaption>Zur\u00fcck in Saty. Ein kleiner, und obschon hier mehrere Unterk\u00fcnfte f\u00fcr Touristen sind, \u00fcberschaubarer Ort. Fast nur Einheimischen die einem begegnen.<\/figcaption><\/figure>\n\n\n\n<p><a href=\"https:\/\/reisen.dipas.ch\/?page_id=2464\">Weiter zum 8. Tag<\/a><\/p>\n","protected":false},"excerpt":{"rendered":"<p>Zur\u00fcck zum 6. Tag Von dem \u00e4lteren Paar, das weder Russisch noch Englisch konnte, erhielten wir zwei Plastikbeh\u00e4lter voll mit Esswaren auf die Wanderung. Wir<\/p>\n<p><a href=\"https:\/\/reisen.dipas.ch\/?page_id=2445\" class=\"more-link\">Continue reading<span class=\"screen-reader-text\">Kasachstan 2013 7. Tag Wanderung Kolsay Lakes<\/span><\/a><\/p>\n","protected":false},"author":1,"featured_media":0,"parent":2245,"menu_order":0,"comment_status":"closed","ping_status":"closed","template":"","meta":{"ngg_post_thumbnail":0,"footnotes":""},"class_list":["post-2445","page","type-page","status-publish","hentry"],"_links":{"self":[{"href":"https:\/\/reisen.dipas.ch\/index.php?rest_route=\/wp\/v2\/pages\/2445","targetHints":{"allow":["GET"]}}],"collection":[{"href":"https:\/\/reisen.dipas.ch\/index.php?rest_route=\/wp\/v2\/pages"}],"about":[{"href":"https:\/\/reisen.dipas.ch\/index.php?rest_route=\/wp\/v2\/types\/page"}],"author":[{"embeddable":true,"href":"https:\/\/reisen.dipas.ch\/index.php?rest_route=\/wp\/v2\/users\/1"}],"replies":[{"embeddable":true,"href":"https:\/\/reisen.dipas.ch\/index.php?rest_route=%2Fwp%2Fv2%2Fcomments&post=2445"}],"version-history":[{"count":4,"href":"https:\/\/reisen.dipas.ch\/index.php?rest_route=\/wp\/v2\/pages\/2445\/revisions"}],"predecessor-version":[{"id":2694,"href":"https:\/\/reisen.dipas.ch\/index.php?rest_route=\/wp\/v2\/pages\/2445\/revisions\/2694"}],"up":[{"embeddable":true,"href":"https:\/\/reisen.dipas.ch\/index.php?rest_route=\/wp\/v2\/pages\/2245"}],"wp:attachment":[{"href":"https:\/\/reisen.dipas.ch\/index.php?rest_route=%2Fwp%2Fv2%2Fmedia&parent=2445"}],"curies":[{"name":"wp","href":"https:\/\/api.w.org\/{rel}","templated":true}]}}