{"id":2442,"date":"2021-01-02T23:58:54","date_gmt":"2021-01-02T22:58:54","guid":{"rendered":"http:\/\/reisen.dipas.ch\/?page_id=2442"},"modified":"2021-01-06T22:07:24","modified_gmt":"2021-01-06T21:07:24","slug":"kasachstan-2013-6-tag-fahrt-nach-saty","status":"publish","type":"page","link":"https:\/\/reisen.dipas.ch\/?page_id=2442","title":{"rendered":"Kasachstan 2013 6. Tag Fahrt nach Saty"},"content":{"rendered":"\n<p><a href=\"https:\/\/reisen.dipas.ch\/?page_id=2439\">Zur\u00fcck zum 5. Tag<\/a><\/p>\n\n\n\n<p>Die Fahrt nach Saty dauerte einige Stunden. Dies war nicht der Distanz sondern dem Strassenzustand und nat\u00fcrlich auch gelegentlichen Stopps, meistens um zu Fotografieren oder auch mal ein kurzes St\u00fcck marschieren.<\/p>\n\n\n\n<figure class=\"wp-block-image size-full\"><img loading=\"lazy\" decoding=\"async\" width=\"1280\" height=\"852\" src=\"https:\/\/reisen.dipas.ch\/wp-content\/uploads\/2021\/01\/Kasachstan_2013-68.jpg\" alt=\"\" class=\"wp-image-2334\" srcset=\"https:\/\/reisen.dipas.ch\/wp-content\/uploads\/2021\/01\/Kasachstan_2013-68.jpg 1280w, https:\/\/reisen.dipas.ch\/wp-content\/uploads\/2021\/01\/Kasachstan_2013-68-700x466.jpg 700w, https:\/\/reisen.dipas.ch\/wp-content\/uploads\/2021\/01\/Kasachstan_2013-68-168x112.jpg 168w, https:\/\/reisen.dipas.ch\/wp-content\/uploads\/2021\/01\/Kasachstan_2013-68-768x511.jpg 768w\" sizes=\"auto, (max-width: 1280px) 100vw, 1280px\" \/><figcaption>Von der Stadtautobahn Richtung S\u00fcdwesten blickend. Beeindruckend wie nahe hier Berge erscheinen. Ich erlebe das in unseren Alpen nicht gleich stark. Aber ja, diese Berge sind auch h\u00f6her.<\/figcaption><\/figure>\n\n\n\n<figure class=\"wp-block-image size-full\"><img loading=\"lazy\" decoding=\"async\" width=\"1280\" height=\"852\" src=\"https:\/\/reisen.dipas.ch\/wp-content\/uploads\/2021\/01\/Kasachstan_2013-70.jpg\" alt=\"\" class=\"wp-image-2336\" srcset=\"https:\/\/reisen.dipas.ch\/wp-content\/uploads\/2021\/01\/Kasachstan_2013-70.jpg 1280w, https:\/\/reisen.dipas.ch\/wp-content\/uploads\/2021\/01\/Kasachstan_2013-70-700x466.jpg 700w, https:\/\/reisen.dipas.ch\/wp-content\/uploads\/2021\/01\/Kasachstan_2013-70-168x112.jpg 168w, https:\/\/reisen.dipas.ch\/wp-content\/uploads\/2021\/01\/Kasachstan_2013-70-768x511.jpg 768w\" sizes=\"auto, (max-width: 1280px) 100vw, 1280px\" \/><figcaption>Mitten unterwegs steigt die Strasse recht stark an und die Lastwagen, meist chinesischer oder russischer Bauart, k\u00e4mpfen sich dort hoch.<\/figcaption><\/figure>\n\n\n\n<figure class=\"wp-block-image size-full\"><img loading=\"lazy\" decoding=\"async\" width=\"1280\" height=\"852\" src=\"https:\/\/reisen.dipas.ch\/wp-content\/uploads\/2021\/01\/Kasachstan_2013-71.jpg\" alt=\"\" class=\"wp-image-2337\" srcset=\"https:\/\/reisen.dipas.ch\/wp-content\/uploads\/2021\/01\/Kasachstan_2013-71.jpg 1280w, https:\/\/reisen.dipas.ch\/wp-content\/uploads\/2021\/01\/Kasachstan_2013-71-700x466.jpg 700w, https:\/\/reisen.dipas.ch\/wp-content\/uploads\/2021\/01\/Kasachstan_2013-71-168x112.jpg 168w, https:\/\/reisen.dipas.ch\/wp-content\/uploads\/2021\/01\/Kasachstan_2013-71-768x511.jpg 768w\" sizes=\"auto, (max-width: 1280px) 100vw, 1280px\" \/><figcaption>An diesem Strassenrand entdecke ich verschiedene Pflanzen die ich sonst noch nie gesehen habe.<\/figcaption><\/figure>\n\n\n\n<figure class=\"wp-block-image size-full\"><img loading=\"lazy\" decoding=\"async\" width=\"1280\" height=\"852\" src=\"https:\/\/reisen.dipas.ch\/wp-content\/uploads\/2021\/01\/Kasachstan_2013-72.jpg\" alt=\"\" class=\"wp-image-2338\" srcset=\"https:\/\/reisen.dipas.ch\/wp-content\/uploads\/2021\/01\/Kasachstan_2013-72.jpg 1280w, https:\/\/reisen.dipas.ch\/wp-content\/uploads\/2021\/01\/Kasachstan_2013-72-700x466.jpg 700w, https:\/\/reisen.dipas.ch\/wp-content\/uploads\/2021\/01\/Kasachstan_2013-72-168x112.jpg 168w, https:\/\/reisen.dipas.ch\/wp-content\/uploads\/2021\/01\/Kasachstan_2013-72-768x511.jpg 768w\" sizes=\"auto, (max-width: 1280px) 100vw, 1280px\" \/><figcaption>Ah doch, eine Allium. \ud83d\ude09<\/figcaption><\/figure>\n\n\n\n<figure class=\"wp-block-image size-full\"><img loading=\"lazy\" decoding=\"async\" width=\"1280\" height=\"852\" src=\"https:\/\/reisen.dipas.ch\/wp-content\/uploads\/2021\/01\/Kasachstan_2013-73.jpg\" alt=\"\" class=\"wp-image-2339\" srcset=\"https:\/\/reisen.dipas.ch\/wp-content\/uploads\/2021\/01\/Kasachstan_2013-73.jpg 1280w, https:\/\/reisen.dipas.ch\/wp-content\/uploads\/2021\/01\/Kasachstan_2013-73-700x466.jpg 700w, https:\/\/reisen.dipas.ch\/wp-content\/uploads\/2021\/01\/Kasachstan_2013-73-168x112.jpg 168w, https:\/\/reisen.dipas.ch\/wp-content\/uploads\/2021\/01\/Kasachstan_2013-73-768x511.jpg 768w\" sizes=\"auto, (max-width: 1280px) 100vw, 1280px\" \/><figcaption>Die Strasse ist eine Fernstrasse, aber der vermeintlich gute Zustand entpuppt sich als gef\u00e4hrlich. Es gibt immer wieder sehr kurze und tiefe Bodenwellen, die bei h\u00f6herer Geschwindigkeit nur schwer kontrolliert \u00fcberquert werden k\u00f6nnen. Mit der Zeit sehe ich die Farbunterschiede vor und nach der Bodenwelle und kann entsprechend reagieren, damit die Fahrt nicht zu gef\u00e4hrlich wird. Saule verh\u00e4lt sich v\u00f6llig cool und meint dass ich wohl andernorts solche Strassen befahren h\u00e4tte. <\/figcaption><\/figure>\n\n\n\n<figure class=\"wp-block-image size-full\"><img loading=\"lazy\" decoding=\"async\" width=\"1280\" height=\"852\" src=\"https:\/\/reisen.dipas.ch\/wp-content\/uploads\/2021\/01\/Kasachstan_2013-74.jpg\" alt=\"\" class=\"wp-image-2340\" srcset=\"https:\/\/reisen.dipas.ch\/wp-content\/uploads\/2021\/01\/Kasachstan_2013-74.jpg 1280w, https:\/\/reisen.dipas.ch\/wp-content\/uploads\/2021\/01\/Kasachstan_2013-74-700x466.jpg 700w, https:\/\/reisen.dipas.ch\/wp-content\/uploads\/2021\/01\/Kasachstan_2013-74-168x112.jpg 168w, https:\/\/reisen.dipas.ch\/wp-content\/uploads\/2021\/01\/Kasachstan_2013-74-768x511.jpg 768w\" sizes=\"auto, (max-width: 1280px) 100vw, 1280px\" \/><figcaption>Nach dem &#8218;kleinen&#8216; Gebirge folgt eine riesige Ebene in der fast nur etwas Grad w\u00e4chst.<\/figcaption><\/figure>\n\n\n\n<figure class=\"wp-block-image size-full\"><img loading=\"lazy\" decoding=\"async\" width=\"1280\" height=\"852\" src=\"https:\/\/reisen.dipas.ch\/wp-content\/uploads\/2021\/01\/Kasachstan_2013-76.jpg\" alt=\"\" class=\"wp-image-2342\" srcset=\"https:\/\/reisen.dipas.ch\/wp-content\/uploads\/2021\/01\/Kasachstan_2013-76.jpg 1280w, https:\/\/reisen.dipas.ch\/wp-content\/uploads\/2021\/01\/Kasachstan_2013-76-700x466.jpg 700w, https:\/\/reisen.dipas.ch\/wp-content\/uploads\/2021\/01\/Kasachstan_2013-76-168x112.jpg 168w, https:\/\/reisen.dipas.ch\/wp-content\/uploads\/2021\/01\/Kasachstan_2013-76-768x511.jpg 768w\" sizes=\"auto, (max-width: 1280px) 100vw, 1280px\" \/><figcaption>Wenigstens ist nicht alles in kyrillisch angeschrieben. Wir fahren zuerst links Richtung Chundga.<\/figcaption><\/figure>\n\n\n\n<figure class=\"wp-block-image size-full\"><img loading=\"lazy\" decoding=\"async\" width=\"1280\" height=\"852\" src=\"https:\/\/reisen.dipas.ch\/wp-content\/uploads\/2021\/01\/Kasachstan_2013-77.jpg\" alt=\"\" class=\"wp-image-2343\" srcset=\"https:\/\/reisen.dipas.ch\/wp-content\/uploads\/2021\/01\/Kasachstan_2013-77.jpg 1280w, https:\/\/reisen.dipas.ch\/wp-content\/uploads\/2021\/01\/Kasachstan_2013-77-700x466.jpg 700w, https:\/\/reisen.dipas.ch\/wp-content\/uploads\/2021\/01\/Kasachstan_2013-77-168x112.jpg 168w, https:\/\/reisen.dipas.ch\/wp-content\/uploads\/2021\/01\/Kasachstan_2013-77-768x511.jpg 768w\" sizes=\"auto, (max-width: 1280px) 100vw, 1280px\" \/><figcaption>Am unteren Sharyn-Fluss bei Tashkarasu wachsen viele Weidenarten. Einige Esel die, wie die Pferde frei umherlaufen k\u00f6nnen.<\/figcaption><\/figure>\n\n\n\n<figure class=\"wp-block-image size-full\"><img loading=\"lazy\" decoding=\"async\" width=\"1280\" height=\"852\" src=\"https:\/\/reisen.dipas.ch\/wp-content\/uploads\/2021\/01\/Kasachstan_2013-78.jpg\" alt=\"\" class=\"wp-image-2344\" srcset=\"https:\/\/reisen.dipas.ch\/wp-content\/uploads\/2021\/01\/Kasachstan_2013-78.jpg 1280w, https:\/\/reisen.dipas.ch\/wp-content\/uploads\/2021\/01\/Kasachstan_2013-78-700x466.jpg 700w, https:\/\/reisen.dipas.ch\/wp-content\/uploads\/2021\/01\/Kasachstan_2013-78-168x112.jpg 168w, https:\/\/reisen.dipas.ch\/wp-content\/uploads\/2021\/01\/Kasachstan_2013-78-768x511.jpg 768w\" sizes=\"auto, (max-width: 1280px) 100vw, 1280px\" \/><figcaption>Auf der Weiterfahrt Richtung Saty begegnen wir Tieren, die man eher in Nordafrika oder der saudischen Halbinsel erwarten w\u00fcrde. Aber ja, wir sind an der alten Seidenstrasse und die V\u00f6lker nutzen die Tiere heute immer noch.<\/figcaption><\/figure>\n\n\n\n<figure class=\"wp-block-image size-full\"><img loading=\"lazy\" decoding=\"async\" width=\"1280\" height=\"852\" src=\"https:\/\/reisen.dipas.ch\/wp-content\/uploads\/2021\/01\/Kasachstan_2013-80.jpg\" alt=\"\" class=\"wp-image-2346\" srcset=\"https:\/\/reisen.dipas.ch\/wp-content\/uploads\/2021\/01\/Kasachstan_2013-80.jpg 1280w, https:\/\/reisen.dipas.ch\/wp-content\/uploads\/2021\/01\/Kasachstan_2013-80-700x466.jpg 700w, https:\/\/reisen.dipas.ch\/wp-content\/uploads\/2021\/01\/Kasachstan_2013-80-168x112.jpg 168w, https:\/\/reisen.dipas.ch\/wp-content\/uploads\/2021\/01\/Kasachstan_2013-80-768x511.jpg 768w\" sizes=\"auto, (max-width: 1280px) 100vw, 1280px\" \/><figcaption>Gr\u00e4ber aus dem fr\u00fchen Mittelalter. Kuppelgr\u00e4ber (nein, nicht die griechischen) sind typisch f\u00fcr muslimische Gemeinschaften in den Weiten des Landes.<\/figcaption><\/figure>\n\n\n\n<figure class=\"wp-block-image size-full\"><img loading=\"lazy\" decoding=\"async\" width=\"1280\" height=\"852\" src=\"https:\/\/reisen.dipas.ch\/wp-content\/uploads\/2021\/01\/Kasachstan_2013-81.jpg\" alt=\"\" class=\"wp-image-2347\" srcset=\"https:\/\/reisen.dipas.ch\/wp-content\/uploads\/2021\/01\/Kasachstan_2013-81.jpg 1280w, https:\/\/reisen.dipas.ch\/wp-content\/uploads\/2021\/01\/Kasachstan_2013-81-700x466.jpg 700w, https:\/\/reisen.dipas.ch\/wp-content\/uploads\/2021\/01\/Kasachstan_2013-81-168x112.jpg 168w, https:\/\/reisen.dipas.ch\/wp-content\/uploads\/2021\/01\/Kasachstan_2013-81-768x511.jpg 768w\" sizes=\"auto, (max-width: 1280px) 100vw, 1280px\" \/><figcaption>Die Erosion ist gut erkennbar und erinnert mich an das Gebiet des Grand Canyon. Aber das ist nur das Gebiet um Sharyn Canyon.<\/figcaption><\/figure>\n\n\n\n<p><a href=\"https:\/\/reisen.dipas.ch\/?page_id=2445\">Weiter zum 7. Tag<\/a><\/p>\n","protected":false},"excerpt":{"rendered":"<p>Zur\u00fcck zum 5. Tag Die Fahrt nach Saty dauerte einige Stunden. Dies war nicht der Distanz sondern dem Strassenzustand und nat\u00fcrlich auch gelegentlichen Stopps, meistens<\/p>\n<p><a href=\"https:\/\/reisen.dipas.ch\/?page_id=2442\" class=\"more-link\">Continue reading<span class=\"screen-reader-text\">Kasachstan 2013 6. Tag Fahrt nach Saty<\/span><\/a><\/p>\n","protected":false},"author":1,"featured_media":0,"parent":2245,"menu_order":0,"comment_status":"closed","ping_status":"closed","template":"","meta":{"ngg_post_thumbnail":0,"footnotes":""},"class_list":["post-2442","page","type-page","status-publish","hentry"],"_links":{"self":[{"href":"https:\/\/reisen.dipas.ch\/index.php?rest_route=\/wp\/v2\/pages\/2442","targetHints":{"allow":["GET"]}}],"collection":[{"href":"https:\/\/reisen.dipas.ch\/index.php?rest_route=\/wp\/v2\/pages"}],"about":[{"href":"https:\/\/reisen.dipas.ch\/index.php?rest_route=\/wp\/v2\/types\/page"}],"author":[{"embeddable":true,"href":"https:\/\/reisen.dipas.ch\/index.php?rest_route=\/wp\/v2\/users\/1"}],"replies":[{"embeddable":true,"href":"https:\/\/reisen.dipas.ch\/index.php?rest_route=%2Fwp%2Fv2%2Fcomments&post=2442"}],"version-history":[{"count":3,"href":"https:\/\/reisen.dipas.ch\/index.php?rest_route=\/wp\/v2\/pages\/2442\/revisions"}],"predecessor-version":[{"id":2693,"href":"https:\/\/reisen.dipas.ch\/index.php?rest_route=\/wp\/v2\/pages\/2442\/revisions\/2693"}],"up":[{"embeddable":true,"href":"https:\/\/reisen.dipas.ch\/index.php?rest_route=\/wp\/v2\/pages\/2245"}],"wp:attachment":[{"href":"https:\/\/reisen.dipas.ch\/index.php?rest_route=%2Fwp%2Fv2%2Fmedia&parent=2442"}],"curies":[{"name":"wp","href":"https:\/\/api.w.org\/{rel}","templated":true}]}}