{"id":2434,"date":"2021-01-02T22:44:15","date_gmt":"2021-01-02T21:44:15","guid":{"rendered":"http:\/\/reisen.dipas.ch\/?page_id=2434"},"modified":"2021-01-06T22:06:15","modified_gmt":"2021-01-06T21:06:15","slug":"kasachstan-2013-4-tag","status":"publish","type":"page","link":"https:\/\/reisen.dipas.ch\/?page_id=2434","title":{"rendered":"Kasachstan 2013 4. Tag Turgen und Jessik"},"content":{"rendered":"\n<p><a href=\"https:\/\/reisen.dipas.ch\/?page_id=2432\">Zur\u00fcck zum 3. Tag<\/a><\/p>\n\n\n\n<p>Heute geht es zum Wasserfall bei Turgen und dem Jessik-See.<\/p>\n\n\n\n<figure class=\"wp-block-image size-full\"><img loading=\"lazy\" decoding=\"async\" width=\"1280\" height=\"852\" src=\"https:\/\/reisen.dipas.ch\/wp-content\/uploads\/2021\/01\/Kasachstan_2013-40.jpg\" alt=\"\" class=\"wp-image-2306\" srcset=\"https:\/\/reisen.dipas.ch\/wp-content\/uploads\/2021\/01\/Kasachstan_2013-40.jpg 1280w, https:\/\/reisen.dipas.ch\/wp-content\/uploads\/2021\/01\/Kasachstan_2013-40-700x466.jpg 700w, https:\/\/reisen.dipas.ch\/wp-content\/uploads\/2021\/01\/Kasachstan_2013-40-168x112.jpg 168w, https:\/\/reisen.dipas.ch\/wp-content\/uploads\/2021\/01\/Kasachstan_2013-40-768x511.jpg 768w\" sizes=\"auto, (max-width: 1280px) 100vw, 1280px\" \/><figcaption>Da und dort bereits sch\u00f6ne Blumen, obschon es teilweise noch recht kalt ist.<\/figcaption><\/figure>\n\n\n\n<figure class=\"wp-block-image size-full\"><img loading=\"lazy\" decoding=\"async\" width=\"1280\" height=\"852\" src=\"https:\/\/reisen.dipas.ch\/wp-content\/uploads\/2021\/01\/Kasachstan_2013-41.jpg\" alt=\"\" class=\"wp-image-2307\" srcset=\"https:\/\/reisen.dipas.ch\/wp-content\/uploads\/2021\/01\/Kasachstan_2013-41.jpg 1280w, https:\/\/reisen.dipas.ch\/wp-content\/uploads\/2021\/01\/Kasachstan_2013-41-700x466.jpg 700w, https:\/\/reisen.dipas.ch\/wp-content\/uploads\/2021\/01\/Kasachstan_2013-41-168x112.jpg 168w, https:\/\/reisen.dipas.ch\/wp-content\/uploads\/2021\/01\/Kasachstan_2013-41-768x511.jpg 768w\" sizes=\"auto, (max-width: 1280px) 100vw, 1280px\" \/><\/figure>\n\n\n\n<figure class=\"wp-block-image size-full\"><img loading=\"lazy\" decoding=\"async\" width=\"1280\" height=\"852\" src=\"https:\/\/reisen.dipas.ch\/wp-content\/uploads\/2021\/01\/Kasachstan_2013-42.jpg\" alt=\"\" class=\"wp-image-2308\" srcset=\"https:\/\/reisen.dipas.ch\/wp-content\/uploads\/2021\/01\/Kasachstan_2013-42.jpg 1280w, https:\/\/reisen.dipas.ch\/wp-content\/uploads\/2021\/01\/Kasachstan_2013-42-700x466.jpg 700w, https:\/\/reisen.dipas.ch\/wp-content\/uploads\/2021\/01\/Kasachstan_2013-42-168x112.jpg 168w, https:\/\/reisen.dipas.ch\/wp-content\/uploads\/2021\/01\/Kasachstan_2013-42-768x511.jpg 768w\" sizes=\"auto, (max-width: 1280px) 100vw, 1280px\" \/><\/figure>\n\n\n\n<figure class=\"wp-block-image size-full\"><img loading=\"lazy\" decoding=\"async\" width=\"1280\" height=\"852\" src=\"https:\/\/reisen.dipas.ch\/wp-content\/uploads\/2021\/01\/Kasachstan_2013-43.jpg\" alt=\"\" class=\"wp-image-2309\" srcset=\"https:\/\/reisen.dipas.ch\/wp-content\/uploads\/2021\/01\/Kasachstan_2013-43.jpg 1280w, https:\/\/reisen.dipas.ch\/wp-content\/uploads\/2021\/01\/Kasachstan_2013-43-700x466.jpg 700w, https:\/\/reisen.dipas.ch\/wp-content\/uploads\/2021\/01\/Kasachstan_2013-43-168x112.jpg 168w, https:\/\/reisen.dipas.ch\/wp-content\/uploads\/2021\/01\/Kasachstan_2013-43-768x511.jpg 768w\" sizes=\"auto, (max-width: 1280px) 100vw, 1280px\" \/><figcaption>Herrliches Gr\u00fcn. Klares Wasser.<\/figcaption><\/figure>\n\n\n\n<figure class=\"wp-block-image size-full\"><img loading=\"lazy\" decoding=\"async\" width=\"1280\" height=\"852\" src=\"https:\/\/reisen.dipas.ch\/wp-content\/uploads\/2021\/01\/Kasachstan_2013-44.jpg\" alt=\"\" class=\"wp-image-2310\" srcset=\"https:\/\/reisen.dipas.ch\/wp-content\/uploads\/2021\/01\/Kasachstan_2013-44.jpg 1280w, https:\/\/reisen.dipas.ch\/wp-content\/uploads\/2021\/01\/Kasachstan_2013-44-700x466.jpg 700w, https:\/\/reisen.dipas.ch\/wp-content\/uploads\/2021\/01\/Kasachstan_2013-44-168x112.jpg 168w, https:\/\/reisen.dipas.ch\/wp-content\/uploads\/2021\/01\/Kasachstan_2013-44-768x511.jpg 768w\" sizes=\"auto, (max-width: 1280px) 100vw, 1280px\" \/><figcaption>Die Flanken der Bergh\u00e4nge sind steil manchmal etwas bewaldet aber meist nur mit B\u00fcschen oder niedrigen Pflanzen bewachsen.<\/figcaption><\/figure>\n\n\n\n<figure class=\"wp-block-image size-full\"><img loading=\"lazy\" decoding=\"async\" width=\"1280\" height=\"852\" src=\"https:\/\/reisen.dipas.ch\/wp-content\/uploads\/2021\/01\/Kasachstan_2013-45.jpg\" alt=\"\" class=\"wp-image-2311\" srcset=\"https:\/\/reisen.dipas.ch\/wp-content\/uploads\/2021\/01\/Kasachstan_2013-45.jpg 1280w, https:\/\/reisen.dipas.ch\/wp-content\/uploads\/2021\/01\/Kasachstan_2013-45-700x466.jpg 700w, https:\/\/reisen.dipas.ch\/wp-content\/uploads\/2021\/01\/Kasachstan_2013-45-168x112.jpg 168w, https:\/\/reisen.dipas.ch\/wp-content\/uploads\/2021\/01\/Kasachstan_2013-45-768x511.jpg 768w\" sizes=\"auto, (max-width: 1280px) 100vw, 1280px\" \/><figcaption>Die Strassen in der Stadt und Stadtn\u00e4he sind akzeptabel bis sehr gut. Die Autobahn ist sehr gut. Die Hauptstrassen weisen je nach Region aber bereits einige und in kleinen D\u00f6rfern gar viele Sch\u00e4den auf. Nebenstrassen k\u00f6nnen noch viel st\u00e4rker besch\u00e4digt oder gar fast unfahrbar werden, mit modernen Fahrzeugen wie unserem Mietwagen. Schotterstrassen hingegen sind meist sehr gut befahrbar.<\/figcaption><\/figure>\n\n\n\n<figure class=\"wp-block-image size-full\"><img loading=\"lazy\" decoding=\"async\" width=\"1280\" height=\"852\" src=\"https:\/\/reisen.dipas.ch\/wp-content\/uploads\/2021\/01\/Kasachstan_2013-46.jpg\" alt=\"\" class=\"wp-image-2312\" srcset=\"https:\/\/reisen.dipas.ch\/wp-content\/uploads\/2021\/01\/Kasachstan_2013-46.jpg 1280w, https:\/\/reisen.dipas.ch\/wp-content\/uploads\/2021\/01\/Kasachstan_2013-46-700x466.jpg 700w, https:\/\/reisen.dipas.ch\/wp-content\/uploads\/2021\/01\/Kasachstan_2013-46-168x112.jpg 168w, https:\/\/reisen.dipas.ch\/wp-content\/uploads\/2021\/01\/Kasachstan_2013-46-768x511.jpg 768w\" sizes=\"auto, (max-width: 1280px) 100vw, 1280px\" \/><figcaption>Sehr sch\u00f6ne Primula.<\/figcaption><\/figure>\n\n\n\n<figure class=\"wp-block-image size-full\"><img loading=\"lazy\" decoding=\"async\" width=\"1280\" height=\"852\" src=\"https:\/\/reisen.dipas.ch\/wp-content\/uploads\/2021\/01\/Kasachstan_2013-47.jpg\" alt=\"\" class=\"wp-image-2313\" srcset=\"https:\/\/reisen.dipas.ch\/wp-content\/uploads\/2021\/01\/Kasachstan_2013-47.jpg 1280w, https:\/\/reisen.dipas.ch\/wp-content\/uploads\/2021\/01\/Kasachstan_2013-47-700x466.jpg 700w, https:\/\/reisen.dipas.ch\/wp-content\/uploads\/2021\/01\/Kasachstan_2013-47-168x112.jpg 168w, https:\/\/reisen.dipas.ch\/wp-content\/uploads\/2021\/01\/Kasachstan_2013-47-768x511.jpg 768w\" sizes=\"auto, (max-width: 1280px) 100vw, 1280px\" \/><figcaption>Ganz feine, duftende Bl\u00fcten.<\/figcaption><\/figure>\n\n\n\n<figure class=\"wp-block-image size-full\"><img loading=\"lazy\" decoding=\"async\" width=\"852\" height=\"1280\" src=\"https:\/\/reisen.dipas.ch\/wp-content\/uploads\/2021\/01\/Kasachstan_2013-48.jpg\" alt=\"\" class=\"wp-image-2314\" srcset=\"https:\/\/reisen.dipas.ch\/wp-content\/uploads\/2021\/01\/Kasachstan_2013-48.jpg 852w, https:\/\/reisen.dipas.ch\/wp-content\/uploads\/2021\/01\/Kasachstan_2013-48-349x525.jpg 349w, https:\/\/reisen.dipas.ch\/wp-content\/uploads\/2021\/01\/Kasachstan_2013-48-746x1120.jpg 746w, https:\/\/reisen.dipas.ch\/wp-content\/uploads\/2021\/01\/Kasachstan_2013-48-768x1154.jpg 768w\" sizes=\"auto, (max-width: 852px) 100vw, 852px\" \/><figcaption>Saule macht noch ein Foto von der wohlduftenden Pflanze.<\/figcaption><\/figure>\n\n\n\n<figure class=\"wp-block-image size-full\"><img loading=\"lazy\" decoding=\"async\" width=\"852\" height=\"1280\" src=\"https:\/\/reisen.dipas.ch\/wp-content\/uploads\/2021\/01\/Kasachstan_2013-49.jpg\" alt=\"\" class=\"wp-image-2315\" srcset=\"https:\/\/reisen.dipas.ch\/wp-content\/uploads\/2021\/01\/Kasachstan_2013-49.jpg 852w, https:\/\/reisen.dipas.ch\/wp-content\/uploads\/2021\/01\/Kasachstan_2013-49-349x525.jpg 349w, https:\/\/reisen.dipas.ch\/wp-content\/uploads\/2021\/01\/Kasachstan_2013-49-746x1120.jpg 746w, https:\/\/reisen.dipas.ch\/wp-content\/uploads\/2021\/01\/Kasachstan_2013-49-768x1154.jpg 768w\" sizes=\"auto, (max-width: 852px) 100vw, 852px\" \/><\/figure>\n\n\n\n<figure class=\"wp-block-image size-full\"><img loading=\"lazy\" decoding=\"async\" width=\"852\" height=\"1280\" src=\"https:\/\/reisen.dipas.ch\/wp-content\/uploads\/2021\/01\/Kasachstan_2013-50.jpg\" alt=\"\" class=\"wp-image-2316\" srcset=\"https:\/\/reisen.dipas.ch\/wp-content\/uploads\/2021\/01\/Kasachstan_2013-50.jpg 852w, https:\/\/reisen.dipas.ch\/wp-content\/uploads\/2021\/01\/Kasachstan_2013-50-349x525.jpg 349w, https:\/\/reisen.dipas.ch\/wp-content\/uploads\/2021\/01\/Kasachstan_2013-50-746x1120.jpg 746w, https:\/\/reisen.dipas.ch\/wp-content\/uploads\/2021\/01\/Kasachstan_2013-50-768x1154.jpg 768w\" sizes=\"auto, (max-width: 852px) 100vw, 852px\" \/><figcaption>Diese Pflanze ist endemisch.<\/figcaption><\/figure>\n\n\n\n<figure class=\"wp-block-image size-full\"><img loading=\"lazy\" decoding=\"async\" width=\"1280\" height=\"852\" src=\"https:\/\/reisen.dipas.ch\/wp-content\/uploads\/2021\/01\/Kasachstan_2013-51.jpg\" alt=\"\" class=\"wp-image-2317\" srcset=\"https:\/\/reisen.dipas.ch\/wp-content\/uploads\/2021\/01\/Kasachstan_2013-51.jpg 1280w, https:\/\/reisen.dipas.ch\/wp-content\/uploads\/2021\/01\/Kasachstan_2013-51-700x466.jpg 700w, https:\/\/reisen.dipas.ch\/wp-content\/uploads\/2021\/01\/Kasachstan_2013-51-168x112.jpg 168w, https:\/\/reisen.dipas.ch\/wp-content\/uploads\/2021\/01\/Kasachstan_2013-51-768x511.jpg 768w\" sizes=\"auto, (max-width: 1280px) 100vw, 1280px\" \/><figcaption>Ab etwa 2000 Meter hat es immer noch Schnee.<\/figcaption><\/figure>\n\n\n\n<figure class=\"wp-block-image size-full\"><img loading=\"lazy\" decoding=\"async\" width=\"852\" height=\"1280\" src=\"https:\/\/reisen.dipas.ch\/wp-content\/uploads\/2021\/01\/Kasachstan_2013-52.jpg\" alt=\"\" class=\"wp-image-2318\" srcset=\"https:\/\/reisen.dipas.ch\/wp-content\/uploads\/2021\/01\/Kasachstan_2013-52.jpg 852w, https:\/\/reisen.dipas.ch\/wp-content\/uploads\/2021\/01\/Kasachstan_2013-52-349x525.jpg 349w, https:\/\/reisen.dipas.ch\/wp-content\/uploads\/2021\/01\/Kasachstan_2013-52-746x1120.jpg 746w, https:\/\/reisen.dipas.ch\/wp-content\/uploads\/2021\/01\/Kasachstan_2013-52-768x1154.jpg 768w\" sizes=\"auto, (max-width: 852px) 100vw, 852px\" \/><figcaption>Eine sehr \u00e4hnliche Pflanze kommt bei uns an B\u00e4chen und Fl\u00fcssen vor.<\/figcaption><\/figure>\n\n\n\n<figure class=\"wp-block-image size-full is-resized\"><img loading=\"lazy\" decoding=\"async\" src=\"https:\/\/reisen.dipas.ch\/wp-content\/uploads\/2021\/01\/Kasachstan_2013-53.jpg\" alt=\"\" class=\"wp-image-2319\" width=\"639\" height=\"960\" srcset=\"https:\/\/reisen.dipas.ch\/wp-content\/uploads\/2021\/01\/Kasachstan_2013-53.jpg 852w, https:\/\/reisen.dipas.ch\/wp-content\/uploads\/2021\/01\/Kasachstan_2013-53-349x525.jpg 349w, https:\/\/reisen.dipas.ch\/wp-content\/uploads\/2021\/01\/Kasachstan_2013-53-746x1120.jpg 746w, https:\/\/reisen.dipas.ch\/wp-content\/uploads\/2021\/01\/Kasachstan_2013-53-768x1154.jpg 768w\" sizes=\"auto, (max-width: 639px) 100vw, 639px\" \/><figcaption>Aha, der Wasserfall von Turgen. F\u00fcr uns wasserfallverw\u00f6hnten Europ\u00e4er nicht spektakul\u00e4r.<\/figcaption><\/figure>\n\n\n\n<figure class=\"wp-block-image size-full\"><img loading=\"lazy\" decoding=\"async\" width=\"852\" height=\"1280\" src=\"https:\/\/reisen.dipas.ch\/wp-content\/uploads\/2021\/01\/Kasachstan_2013-55.jpg\" alt=\"\" class=\"wp-image-2321\" srcset=\"https:\/\/reisen.dipas.ch\/wp-content\/uploads\/2021\/01\/Kasachstan_2013-55.jpg 852w, https:\/\/reisen.dipas.ch\/wp-content\/uploads\/2021\/01\/Kasachstan_2013-55-349x525.jpg 349w, https:\/\/reisen.dipas.ch\/wp-content\/uploads\/2021\/01\/Kasachstan_2013-55-746x1120.jpg 746w, https:\/\/reisen.dipas.ch\/wp-content\/uploads\/2021\/01\/Kasachstan_2013-55-768x1154.jpg 768w\" sizes=\"auto, (max-width: 852px) 100vw, 852px\" \/><figcaption>Ja, die kenne ich doch auch. <\/figcaption><\/figure>\n\n\n\n<figure class=\"wp-block-image size-full\"><img loading=\"lazy\" decoding=\"async\" width=\"1280\" height=\"852\" src=\"https:\/\/reisen.dipas.ch\/wp-content\/uploads\/2021\/01\/Kasachstan_2013-56.jpg\" alt=\"\" class=\"wp-image-2322\" srcset=\"https:\/\/reisen.dipas.ch\/wp-content\/uploads\/2021\/01\/Kasachstan_2013-56.jpg 1280w, https:\/\/reisen.dipas.ch\/wp-content\/uploads\/2021\/01\/Kasachstan_2013-56-700x466.jpg 700w, https:\/\/reisen.dipas.ch\/wp-content\/uploads\/2021\/01\/Kasachstan_2013-56-168x112.jpg 168w, https:\/\/reisen.dipas.ch\/wp-content\/uploads\/2021\/01\/Kasachstan_2013-56-768x511.jpg 768w\" sizes=\"auto, (max-width: 1280px) 100vw, 1280px\" \/><figcaption>Der See von Jessik.<\/figcaption><\/figure>\n\n\n\n<figure class=\"wp-block-image size-full\"><img loading=\"lazy\" decoding=\"async\" width=\"1280\" height=\"852\" src=\"https:\/\/reisen.dipas.ch\/wp-content\/uploads\/2021\/01\/Kasachstan_2013-57.jpg\" alt=\"\" class=\"wp-image-2323\" srcset=\"https:\/\/reisen.dipas.ch\/wp-content\/uploads\/2021\/01\/Kasachstan_2013-57.jpg 1280w, https:\/\/reisen.dipas.ch\/wp-content\/uploads\/2021\/01\/Kasachstan_2013-57-700x466.jpg 700w, https:\/\/reisen.dipas.ch\/wp-content\/uploads\/2021\/01\/Kasachstan_2013-57-168x112.jpg 168w, https:\/\/reisen.dipas.ch\/wp-content\/uploads\/2021\/01\/Kasachstan_2013-57-768x511.jpg 768w\" sizes=\"auto, (max-width: 1280px) 100vw, 1280px\" \/><figcaption>Sehr gut zu sehen, wieviel Ger\u00f6ll der Fluss in den See eintr\u00e4gt. <\/figcaption><\/figure>\n\n\n\n<figure class=\"wp-block-image size-full\"><img loading=\"lazy\" decoding=\"async\" width=\"1280\" height=\"852\" src=\"https:\/\/reisen.dipas.ch\/wp-content\/uploads\/2021\/01\/Kasachstan_2013-58.jpg\" alt=\"\" class=\"wp-image-2324\" srcset=\"https:\/\/reisen.dipas.ch\/wp-content\/uploads\/2021\/01\/Kasachstan_2013-58.jpg 1280w, https:\/\/reisen.dipas.ch\/wp-content\/uploads\/2021\/01\/Kasachstan_2013-58-700x466.jpg 700w, https:\/\/reisen.dipas.ch\/wp-content\/uploads\/2021\/01\/Kasachstan_2013-58-168x112.jpg 168w, https:\/\/reisen.dipas.ch\/wp-content\/uploads\/2021\/01\/Kasachstan_2013-58-768x511.jpg 768w\" sizes=\"auto, (max-width: 1280px) 100vw, 1280px\" \/><figcaption>Sicht aus dem Jessik Tal in Richtung Norden.<\/figcaption><\/figure>\n\n\n\n<p><a href=\"https:\/\/reisen.dipas.ch\/?page_id=2439\">Weiter zum 5. Tag<\/a><\/p>\n","protected":false},"excerpt":{"rendered":"<p>Zur\u00fcck zum 3. Tag Heute geht es zum Wasserfall bei Turgen und dem Jessik-See. Weiter zum 5. Tag<\/p>\n","protected":false},"author":1,"featured_media":0,"parent":2245,"menu_order":0,"comment_status":"closed","ping_status":"closed","template":"","meta":{"ngg_post_thumbnail":0,"footnotes":""},"class_list":["post-2434","page","type-page","status-publish","hentry"],"_links":{"self":[{"href":"https:\/\/reisen.dipas.ch\/index.php?rest_route=\/wp\/v2\/pages\/2434","targetHints":{"allow":["GET"]}}],"collection":[{"href":"https:\/\/reisen.dipas.ch\/index.php?rest_route=\/wp\/v2\/pages"}],"about":[{"href":"https:\/\/reisen.dipas.ch\/index.php?rest_route=\/wp\/v2\/types\/page"}],"author":[{"embeddable":true,"href":"https:\/\/reisen.dipas.ch\/index.php?rest_route=\/wp\/v2\/users\/1"}],"replies":[{"embeddable":true,"href":"https:\/\/reisen.dipas.ch\/index.php?rest_route=%2Fwp%2Fv2%2Fcomments&post=2434"}],"version-history":[{"count":6,"href":"https:\/\/reisen.dipas.ch\/index.php?rest_route=\/wp\/v2\/pages\/2434\/revisions"}],"predecessor-version":[{"id":2691,"href":"https:\/\/reisen.dipas.ch\/index.php?rest_route=\/wp\/v2\/pages\/2434\/revisions\/2691"}],"up":[{"embeddable":true,"href":"https:\/\/reisen.dipas.ch\/index.php?rest_route=\/wp\/v2\/pages\/2245"}],"wp:attachment":[{"href":"https:\/\/reisen.dipas.ch\/index.php?rest_route=%2Fwp%2Fv2%2Fmedia&parent=2434"}],"curies":[{"name":"wp","href":"https:\/\/api.w.org\/{rel}","templated":true}]}}