{"id":2432,"date":"2021-01-02T22:41:20","date_gmt":"2021-01-02T21:41:20","guid":{"rendered":"http:\/\/reisen.dipas.ch\/?page_id=2432"},"modified":"2021-01-06T22:05:15","modified_gmt":"2021-01-06T21:05:15","slug":"kasachstan-2013-3-tag","status":"publish","type":"page","link":"https:\/\/reisen.dipas.ch\/?page_id=2432","title":{"rendered":"Kasachstan 2013 3. Tag Medeo und Shymbulak"},"content":{"rendered":"\n<p><a href=\"https:\/\/reisen.dipas.ch\/?page_id=2428\">Zur\u00fcck zum 2. Tag<\/a><\/p>\n\n\n\n<p>Am dritten Tag mussten wir uns sehr gedulden bis wir das Mietfahrzeug entgegen nehmen konnten. Wir unternahmen unsere erste Ausfahrt auf den Medeo Damm, dem Skiort Shymbulak und dem Sportzentrum mit der Eissportanlage Medeo.<\/p>\n\n\n\n<figure class=\"wp-block-image size-full\"><img loading=\"lazy\" decoding=\"async\" width=\"1280\" height=\"852\" src=\"https:\/\/reisen.dipas.ch\/wp-content\/uploads\/2021\/01\/Kasachstan_2013-26.jpg\" alt=\"\" class=\"wp-image-2292\" srcset=\"https:\/\/reisen.dipas.ch\/wp-content\/uploads\/2021\/01\/Kasachstan_2013-26.jpg 1280w, https:\/\/reisen.dipas.ch\/wp-content\/uploads\/2021\/01\/Kasachstan_2013-26-700x466.jpg 700w, https:\/\/reisen.dipas.ch\/wp-content\/uploads\/2021\/01\/Kasachstan_2013-26-168x112.jpg 168w, https:\/\/reisen.dipas.ch\/wp-content\/uploads\/2021\/01\/Kasachstan_2013-26-768x511.jpg 768w\" sizes=\"auto, (max-width: 1280px) 100vw, 1280px\" \/><figcaption>Eis das nat\u00fcrlich anders heisst und doch von Nestl\u00e9 stammt. Die Bahn l\u00e4uft. Es sind fast keine Leute darin unterwegs.<\/figcaption><\/figure>\n\n\n\n<figure class=\"wp-block-image size-full\"><img loading=\"lazy\" decoding=\"async\" width=\"1280\" height=\"852\" src=\"https:\/\/reisen.dipas.ch\/wp-content\/uploads\/2021\/01\/Kasachstan_2013-27.jpg\" alt=\"\" class=\"wp-image-2293\" srcset=\"https:\/\/reisen.dipas.ch\/wp-content\/uploads\/2021\/01\/Kasachstan_2013-27.jpg 1280w, https:\/\/reisen.dipas.ch\/wp-content\/uploads\/2021\/01\/Kasachstan_2013-27-700x466.jpg 700w, https:\/\/reisen.dipas.ch\/wp-content\/uploads\/2021\/01\/Kasachstan_2013-27-168x112.jpg 168w, https:\/\/reisen.dipas.ch\/wp-content\/uploads\/2021\/01\/Kasachstan_2013-27-768x511.jpg 768w\" sizes=\"auto, (max-width: 1280px) 100vw, 1280px\" \/><figcaption>Mal nicht die Schweizer (Garaventa), sondern die \u00d6sterreicher (Doppelmayr) .<\/figcaption><\/figure>\n\n\n\n<figure class=\"wp-block-image size-full\"><img loading=\"lazy\" decoding=\"async\" width=\"1280\" height=\"852\" src=\"https:\/\/reisen.dipas.ch\/wp-content\/uploads\/2021\/01\/Kasachstan_2013-28.jpg\" alt=\"\" class=\"wp-image-2294\" srcset=\"https:\/\/reisen.dipas.ch\/wp-content\/uploads\/2021\/01\/Kasachstan_2013-28.jpg 1280w, https:\/\/reisen.dipas.ch\/wp-content\/uploads\/2021\/01\/Kasachstan_2013-28-700x466.jpg 700w, https:\/\/reisen.dipas.ch\/wp-content\/uploads\/2021\/01\/Kasachstan_2013-28-168x112.jpg 168w, https:\/\/reisen.dipas.ch\/wp-content\/uploads\/2021\/01\/Kasachstan_2013-28-768x511.jpg 768w\" sizes=\"auto, (max-width: 1280px) 100vw, 1280px\" \/><figcaption>Hier wurden zu Sovjetzeiten die Eiskunstl\u00e4ufer getrimmt und auch internationale Wettk\u00e4mpfe ausgetragen.<\/figcaption><\/figure>\n\n\n\n<figure class=\"wp-block-image size-full\"><img loading=\"lazy\" decoding=\"async\" width=\"1280\" height=\"852\" src=\"https:\/\/reisen.dipas.ch\/wp-content\/uploads\/2021\/01\/Kasachstan_2013-29.jpg\" alt=\"\" class=\"wp-image-2295\" srcset=\"https:\/\/reisen.dipas.ch\/wp-content\/uploads\/2021\/01\/Kasachstan_2013-29.jpg 1280w, https:\/\/reisen.dipas.ch\/wp-content\/uploads\/2021\/01\/Kasachstan_2013-29-700x466.jpg 700w, https:\/\/reisen.dipas.ch\/wp-content\/uploads\/2021\/01\/Kasachstan_2013-29-168x112.jpg 168w, https:\/\/reisen.dipas.ch\/wp-content\/uploads\/2021\/01\/Kasachstan_2013-29-768x511.jpg 768w\" sizes=\"auto, (max-width: 1280px) 100vw, 1280px\" \/><figcaption>Es sieht alles etwas ausgedient aus. Aber es scheint alles zu funktionieren und im Winter tummelt sich hier die Bev\u00f6lkerung von Almaty und Umgebung.<\/figcaption><\/figure>\n\n\n\n<figure class=\"wp-block-image size-full\"><img loading=\"lazy\" decoding=\"async\" width=\"852\" height=\"1280\" src=\"https:\/\/reisen.dipas.ch\/wp-content\/uploads\/2021\/01\/Kasachstan_2013-30.jpg\" alt=\"\" class=\"wp-image-2296\" srcset=\"https:\/\/reisen.dipas.ch\/wp-content\/uploads\/2021\/01\/Kasachstan_2013-30.jpg 852w, https:\/\/reisen.dipas.ch\/wp-content\/uploads\/2021\/01\/Kasachstan_2013-30-349x525.jpg 349w, https:\/\/reisen.dipas.ch\/wp-content\/uploads\/2021\/01\/Kasachstan_2013-30-746x1120.jpg 746w, https:\/\/reisen.dipas.ch\/wp-content\/uploads\/2021\/01\/Kasachstan_2013-30-768x1154.jpg 768w\" sizes=\"auto, (max-width: 852px) 100vw, 852px\" \/><\/figure>\n\n\n\n<figure class=\"wp-block-image size-full\"><img loading=\"lazy\" decoding=\"async\" width=\"1280\" height=\"852\" src=\"https:\/\/reisen.dipas.ch\/wp-content\/uploads\/2021\/01\/Kasachstan_2013-31.jpg\" alt=\"\" class=\"wp-image-2297\" srcset=\"https:\/\/reisen.dipas.ch\/wp-content\/uploads\/2021\/01\/Kasachstan_2013-31.jpg 1280w, https:\/\/reisen.dipas.ch\/wp-content\/uploads\/2021\/01\/Kasachstan_2013-31-700x466.jpg 700w, https:\/\/reisen.dipas.ch\/wp-content\/uploads\/2021\/01\/Kasachstan_2013-31-168x112.jpg 168w, https:\/\/reisen.dipas.ch\/wp-content\/uploads\/2021\/01\/Kasachstan_2013-31-768x511.jpg 768w\" sizes=\"auto, (max-width: 1280px) 100vw, 1280px\" \/><\/figure>\n\n\n\n<figure class=\"wp-block-image size-full\"><img loading=\"lazy\" decoding=\"async\" width=\"1280\" height=\"852\" src=\"https:\/\/reisen.dipas.ch\/wp-content\/uploads\/2021\/01\/Kasachstan_2013-33.jpg\" alt=\"\" class=\"wp-image-2299\" srcset=\"https:\/\/reisen.dipas.ch\/wp-content\/uploads\/2021\/01\/Kasachstan_2013-33.jpg 1280w, https:\/\/reisen.dipas.ch\/wp-content\/uploads\/2021\/01\/Kasachstan_2013-33-700x466.jpg 700w, https:\/\/reisen.dipas.ch\/wp-content\/uploads\/2021\/01\/Kasachstan_2013-33-168x112.jpg 168w, https:\/\/reisen.dipas.ch\/wp-content\/uploads\/2021\/01\/Kasachstan_2013-33-768x511.jpg 768w\" sizes=\"auto, (max-width: 1280px) 100vw, 1280px\" \/><figcaption>Mal eine Aufnahme des Mitwagens. Ein Kia mit Riss in der Windschutzscheibe. Die Unterseite wird w\u00e4hrend dieser Ferien noch stark in Anspruch genommen werden. Z &#8211; Steht f\u00fcr Astana bzw. Nursultan, der Hauptstadt. Die Autonummern von Almaty haben ein f\u00fchrendes A.<\/figcaption><\/figure>\n\n\n\n<figure class=\"wp-block-image size-full\"><img loading=\"lazy\" decoding=\"async\" width=\"1280\" height=\"852\" src=\"https:\/\/reisen.dipas.ch\/wp-content\/uploads\/2021\/01\/Kasachstan_2013-34.jpg\" alt=\"\" class=\"wp-image-2300\" srcset=\"https:\/\/reisen.dipas.ch\/wp-content\/uploads\/2021\/01\/Kasachstan_2013-34.jpg 1280w, https:\/\/reisen.dipas.ch\/wp-content\/uploads\/2021\/01\/Kasachstan_2013-34-700x466.jpg 700w, https:\/\/reisen.dipas.ch\/wp-content\/uploads\/2021\/01\/Kasachstan_2013-34-168x112.jpg 168w, https:\/\/reisen.dipas.ch\/wp-content\/uploads\/2021\/01\/Kasachstan_2013-34-768x511.jpg 768w\" sizes=\"auto, (max-width: 1280px) 100vw, 1280px\" \/><figcaption>Sicht \u00fcber den Damm nach Shymbulak.<\/figcaption><\/figure>\n\n\n\n<figure class=\"wp-block-image size-full\"><img loading=\"lazy\" decoding=\"async\" width=\"1280\" height=\"852\" src=\"https:\/\/reisen.dipas.ch\/wp-content\/uploads\/2021\/01\/Kasachstan_2013-35.jpg\" alt=\"\" class=\"wp-image-2301\" srcset=\"https:\/\/reisen.dipas.ch\/wp-content\/uploads\/2021\/01\/Kasachstan_2013-35.jpg 1280w, https:\/\/reisen.dipas.ch\/wp-content\/uploads\/2021\/01\/Kasachstan_2013-35-700x466.jpg 700w, https:\/\/reisen.dipas.ch\/wp-content\/uploads\/2021\/01\/Kasachstan_2013-35-168x112.jpg 168w, https:\/\/reisen.dipas.ch\/wp-content\/uploads\/2021\/01\/Kasachstan_2013-35-768x511.jpg 768w\" sizes=\"auto, (max-width: 1280px) 100vw, 1280px\" \/><figcaption>Sieht nicht viel anders aus als in Europa. \ud83d\ude09<\/figcaption><\/figure>\n\n\n\n<figure class=\"wp-block-image size-full\"><img loading=\"lazy\" decoding=\"async\" width=\"1280\" height=\"852\" src=\"https:\/\/reisen.dipas.ch\/wp-content\/uploads\/2021\/01\/Kasachstan_2013-36.jpg\" alt=\"\" class=\"wp-image-2302\" srcset=\"https:\/\/reisen.dipas.ch\/wp-content\/uploads\/2021\/01\/Kasachstan_2013-36.jpg 1280w, https:\/\/reisen.dipas.ch\/wp-content\/uploads\/2021\/01\/Kasachstan_2013-36-700x466.jpg 700w, https:\/\/reisen.dipas.ch\/wp-content\/uploads\/2021\/01\/Kasachstan_2013-36-168x112.jpg 168w, https:\/\/reisen.dipas.ch\/wp-content\/uploads\/2021\/01\/Kasachstan_2013-36-768x511.jpg 768w\" sizes=\"auto, (max-width: 1280px) 100vw, 1280px\" \/><figcaption>Auch solche H\u00e4user findet man in Europa, USA, Kanada usw. Es ist recht steil hier.<\/figcaption><\/figure>\n\n\n\n<figure class=\"wp-block-image size-full\"><img loading=\"lazy\" decoding=\"async\" width=\"1280\" height=\"852\" src=\"https:\/\/reisen.dipas.ch\/wp-content\/uploads\/2021\/01\/Kasachstan_2013-37.jpg\" alt=\"\" class=\"wp-image-2303\" srcset=\"https:\/\/reisen.dipas.ch\/wp-content\/uploads\/2021\/01\/Kasachstan_2013-37.jpg 1280w, https:\/\/reisen.dipas.ch\/wp-content\/uploads\/2021\/01\/Kasachstan_2013-37-700x466.jpg 700w, https:\/\/reisen.dipas.ch\/wp-content\/uploads\/2021\/01\/Kasachstan_2013-37-168x112.jpg 168w, https:\/\/reisen.dipas.ch\/wp-content\/uploads\/2021\/01\/Kasachstan_2013-37-768x511.jpg 768w\" sizes=\"auto, (max-width: 1280px) 100vw, 1280px\" \/><\/figure>\n\n\n\n<figure class=\"wp-block-image size-full\"><img loading=\"lazy\" decoding=\"async\" width=\"1280\" height=\"852\" src=\"https:\/\/reisen.dipas.ch\/wp-content\/uploads\/2021\/01\/Kasachstan_2013-38.jpg\" alt=\"\" class=\"wp-image-2304\" srcset=\"https:\/\/reisen.dipas.ch\/wp-content\/uploads\/2021\/01\/Kasachstan_2013-38.jpg 1280w, https:\/\/reisen.dipas.ch\/wp-content\/uploads\/2021\/01\/Kasachstan_2013-38-700x466.jpg 700w, https:\/\/reisen.dipas.ch\/wp-content\/uploads\/2021\/01\/Kasachstan_2013-38-168x112.jpg 168w, https:\/\/reisen.dipas.ch\/wp-content\/uploads\/2021\/01\/Kasachstan_2013-38-768x511.jpg 768w\" sizes=\"auto, (max-width: 1280px) 100vw, 1280px\" \/><figcaption>Die Seilbahn von Medeo nach Shymbulak. Im Hintergrund wurde der abgebrannte Wald abgeholzt.<\/figcaption><\/figure>\n\n\n\n<figure class=\"wp-block-image size-full\"><img loading=\"lazy\" decoding=\"async\" width=\"1280\" height=\"852\" src=\"https:\/\/reisen.dipas.ch\/wp-content\/uploads\/2021\/01\/Kasachstan_2013-39.jpg\" alt=\"\" class=\"wp-image-2305\" srcset=\"https:\/\/reisen.dipas.ch\/wp-content\/uploads\/2021\/01\/Kasachstan_2013-39.jpg 1280w, https:\/\/reisen.dipas.ch\/wp-content\/uploads\/2021\/01\/Kasachstan_2013-39-700x466.jpg 700w, https:\/\/reisen.dipas.ch\/wp-content\/uploads\/2021\/01\/Kasachstan_2013-39-168x112.jpg 168w, https:\/\/reisen.dipas.ch\/wp-content\/uploads\/2021\/01\/Kasachstan_2013-39-768x511.jpg 768w\" sizes=\"auto, (max-width: 1280px) 100vw, 1280px\" \/><figcaption>Sicht vom Damm zur Eissportanlage.<\/figcaption><\/figure>\n\n\n\n<p><a href=\"https:\/\/reisen.dipas.ch\/?page_id=2434\">Weiter zum 4. Tag<\/a><\/p>\n","protected":false},"excerpt":{"rendered":"<p>Zur\u00fcck zum 2. Tag Am dritten Tag mussten wir uns sehr gedulden bis wir das Mietfahrzeug entgegen nehmen konnten. Wir unternahmen unsere erste Ausfahrt auf<\/p>\n<p><a href=\"https:\/\/reisen.dipas.ch\/?page_id=2432\" class=\"more-link\">Continue reading<span class=\"screen-reader-text\">Kasachstan 2013 3. Tag Medeo und Shymbulak<\/span><\/a><\/p>\n","protected":false},"author":1,"featured_media":0,"parent":2245,"menu_order":0,"comment_status":"closed","ping_status":"closed","template":"","meta":{"ngg_post_thumbnail":0,"footnotes":""},"class_list":["post-2432","page","type-page","status-publish","hentry"],"_links":{"self":[{"href":"https:\/\/reisen.dipas.ch\/index.php?rest_route=\/wp\/v2\/pages\/2432","targetHints":{"allow":["GET"]}}],"collection":[{"href":"https:\/\/reisen.dipas.ch\/index.php?rest_route=\/wp\/v2\/pages"}],"about":[{"href":"https:\/\/reisen.dipas.ch\/index.php?rest_route=\/wp\/v2\/types\/page"}],"author":[{"embeddable":true,"href":"https:\/\/reisen.dipas.ch\/index.php?rest_route=\/wp\/v2\/users\/1"}],"replies":[{"embeddable":true,"href":"https:\/\/reisen.dipas.ch\/index.php?rest_route=%2Fwp%2Fv2%2Fcomments&post=2432"}],"version-history":[{"count":6,"href":"https:\/\/reisen.dipas.ch\/index.php?rest_route=\/wp\/v2\/pages\/2432\/revisions"}],"predecessor-version":[{"id":2690,"href":"https:\/\/reisen.dipas.ch\/index.php?rest_route=\/wp\/v2\/pages\/2432\/revisions\/2690"}],"up":[{"embeddable":true,"href":"https:\/\/reisen.dipas.ch\/index.php?rest_route=\/wp\/v2\/pages\/2245"}],"wp:attachment":[{"href":"https:\/\/reisen.dipas.ch\/index.php?rest_route=%2Fwp%2Fv2%2Fmedia&parent=2432"}],"curies":[{"name":"wp","href":"https:\/\/api.w.org\/{rel}","templated":true}]}}