{"id":2428,"date":"2021-01-02T01:01:43","date_gmt":"2021-01-02T00:01:43","guid":{"rendered":"http:\/\/reisen.dipas.ch\/?page_id=2428"},"modified":"2021-01-06T22:04:32","modified_gmt":"2021-01-06T21:04:32","slug":"kasachstan-2013-almaty-2-tag","status":"publish","type":"page","link":"https:\/\/reisen.dipas.ch\/?page_id=2428","title":{"rendered":"Kasachstan 2013 2. Tag Almaty &#8211; Kok Tobe"},"content":{"rendered":"\n<p><a href=\"https:\/\/reisen.dipas.ch\/?page_id=2432\">Zur\u00fcck zum 1. Tag<\/a><\/p>\n\n\n\n<p>Der 1. Mai war zu Sovjetzeiten der Tag der Arbeit, den wir kennen. In Kasachstan ist dies der Tag der V\u00f6lker. Kasachstan ist ein Vielv\u00f6lkerstaat.<\/p>\n\n\n\n<figure class=\"wp-block-image size-full\"><img loading=\"lazy\" decoding=\"async\" width=\"1280\" height=\"852\" src=\"https:\/\/reisen.dipas.ch\/wp-content\/uploads\/2021\/01\/Kasachstan_2013-9.jpg\" alt=\"\" class=\"wp-image-2275\" srcset=\"https:\/\/reisen.dipas.ch\/wp-content\/uploads\/2021\/01\/Kasachstan_2013-9.jpg 1280w, https:\/\/reisen.dipas.ch\/wp-content\/uploads\/2021\/01\/Kasachstan_2013-9-700x466.jpg 700w, https:\/\/reisen.dipas.ch\/wp-content\/uploads\/2021\/01\/Kasachstan_2013-9-168x112.jpg 168w, https:\/\/reisen.dipas.ch\/wp-content\/uploads\/2021\/01\/Kasachstan_2013-9-768x511.jpg 768w\" sizes=\"auto, (max-width: 1280px) 100vw, 1280px\" \/><figcaption>Aus verschiedenen L\u00e4nder Vorder- und Zentralasiens wurden T\u00e4nze und Lieder vorgetragen. F\u00fcr mich als Europ\u00e4er ein einmaliges Spektakel, obschon sich die Lokalbev\u00f6lkerung nur bedingt daf\u00fcr interessiert.<\/figcaption><\/figure>\n\n\n\n<figure class=\"wp-block-image size-full\"><img loading=\"lazy\" decoding=\"async\" width=\"1280\" height=\"852\" src=\"https:\/\/reisen.dipas.ch\/wp-content\/uploads\/2021\/01\/Kasachstan_2013-10.jpg\" alt=\"\" class=\"wp-image-2276\" srcset=\"https:\/\/reisen.dipas.ch\/wp-content\/uploads\/2021\/01\/Kasachstan_2013-10.jpg 1280w, https:\/\/reisen.dipas.ch\/wp-content\/uploads\/2021\/01\/Kasachstan_2013-10-700x466.jpg 700w, https:\/\/reisen.dipas.ch\/wp-content\/uploads\/2021\/01\/Kasachstan_2013-10-168x112.jpg 168w, https:\/\/reisen.dipas.ch\/wp-content\/uploads\/2021\/01\/Kasachstan_2013-10-768x511.jpg 768w\" sizes=\"auto, (max-width: 1280px) 100vw, 1280px\" \/><figcaption>Noch eine andere Volksgruppe. Oftmals mit sch\u00f6nen, traditionellen Bekleidungen.<\/figcaption><\/figure>\n\n\n\n<figure class=\"wp-block-video\"><video controls src=\"https:\/\/reisen.dipas.ch\/wp-content\/uploads\/2021\/01\/IMG_0691.mov\"><\/video><figcaption>Eine bekannte kasachische S\u00e4ngerin und viele der Darsteller dieses Anlasses.<\/figcaption><\/figure>\n\n\n\n<figure class=\"wp-block-image size-full\"><img loading=\"lazy\" decoding=\"async\" width=\"852\" height=\"1280\" src=\"https:\/\/reisen.dipas.ch\/wp-content\/uploads\/2021\/01\/Kasachstan_2013-12.jpg\" alt=\"\" class=\"wp-image-2278\" srcset=\"https:\/\/reisen.dipas.ch\/wp-content\/uploads\/2021\/01\/Kasachstan_2013-12.jpg 852w, https:\/\/reisen.dipas.ch\/wp-content\/uploads\/2021\/01\/Kasachstan_2013-12-349x525.jpg 349w, https:\/\/reisen.dipas.ch\/wp-content\/uploads\/2021\/01\/Kasachstan_2013-12-746x1120.jpg 746w, https:\/\/reisen.dipas.ch\/wp-content\/uploads\/2021\/01\/Kasachstan_2013-12-768x1154.jpg 768w\" sizes=\"auto, (max-width: 852px) 100vw, 852px\" \/><figcaption>Immer wieder mal ein &#8218;business center&#8216; hier mit europ\u00e4ischen Verbindungen.<\/figcaption><\/figure>\n\n\n\n<figure class=\"wp-block-image size-full\"><img loading=\"lazy\" decoding=\"async\" width=\"1280\" height=\"852\" src=\"https:\/\/reisen.dipas.ch\/wp-content\/uploads\/2021\/01\/Kasachstan_2013-13.jpg\" alt=\"\" class=\"wp-image-2279\" srcset=\"https:\/\/reisen.dipas.ch\/wp-content\/uploads\/2021\/01\/Kasachstan_2013-13.jpg 1280w, https:\/\/reisen.dipas.ch\/wp-content\/uploads\/2021\/01\/Kasachstan_2013-13-700x466.jpg 700w, https:\/\/reisen.dipas.ch\/wp-content\/uploads\/2021\/01\/Kasachstan_2013-13-168x112.jpg 168w, https:\/\/reisen.dipas.ch\/wp-content\/uploads\/2021\/01\/Kasachstan_2013-13-768x511.jpg 768w\" sizes=\"auto, (max-width: 1280px) 100vw, 1280px\" \/><figcaption>Nun geht es mit der doch sehr veralteten Seilbahn, aus der Sovjetzeit, hoch auf den Hausberg von Almaty, Kok Tobe.<\/figcaption><\/figure>\n\n\n\n<figure class=\"wp-block-image size-full\"><img loading=\"lazy\" decoding=\"async\" width=\"852\" height=\"1280\" src=\"https:\/\/reisen.dipas.ch\/wp-content\/uploads\/2021\/01\/Kasachstan_2013-14.jpg\" alt=\"\" class=\"wp-image-2280\" srcset=\"https:\/\/reisen.dipas.ch\/wp-content\/uploads\/2021\/01\/Kasachstan_2013-14.jpg 852w, https:\/\/reisen.dipas.ch\/wp-content\/uploads\/2021\/01\/Kasachstan_2013-14-349x525.jpg 349w, https:\/\/reisen.dipas.ch\/wp-content\/uploads\/2021\/01\/Kasachstan_2013-14-746x1120.jpg 746w, https:\/\/reisen.dipas.ch\/wp-content\/uploads\/2021\/01\/Kasachstan_2013-14-768x1154.jpg 768w\" sizes=\"auto, (max-width: 852px) 100vw, 852px\" \/><figcaption>Die ganze Anlage funktioniert soweit gut, ist jedoch f\u00fcr uns Europ\u00e4er gew\u00f6hnungsbed\u00fcrftig, da bei uns eine derartige Anlage l\u00e4ngst die Betriebserlaubnis entzogen worden w\u00e4re. Sch\u00f6n so eine Bahn erleben zu d\u00fcrfen.<\/figcaption><\/figure>\n\n\n\n<figure class=\"wp-block-image size-full\"><img loading=\"lazy\" decoding=\"async\" width=\"1280\" height=\"852\" src=\"https:\/\/reisen.dipas.ch\/wp-content\/uploads\/2021\/01\/Kasachstan_2013-15.jpg\" alt=\"\" class=\"wp-image-2281\" srcset=\"https:\/\/reisen.dipas.ch\/wp-content\/uploads\/2021\/01\/Kasachstan_2013-15.jpg 1280w, https:\/\/reisen.dipas.ch\/wp-content\/uploads\/2021\/01\/Kasachstan_2013-15-700x466.jpg 700w, https:\/\/reisen.dipas.ch\/wp-content\/uploads\/2021\/01\/Kasachstan_2013-15-168x112.jpg 168w, https:\/\/reisen.dipas.ch\/wp-content\/uploads\/2021\/01\/Kasachstan_2013-15-768x511.jpg 768w\" sizes=\"auto, (max-width: 1280px) 100vw, 1280px\" \/><figcaption>Die modernen Hochh\u00e4user sind oftmals mit einer Kuppel versehen. Ich konnte nicht rausfinden wozu diese dienen. Ich denke jedoch, dass es sich dabei um Wassertanks handelt.<\/figcaption><\/figure>\n\n\n\n<figure class=\"wp-block-image size-full\"><img loading=\"lazy\" decoding=\"async\" width=\"1280\" height=\"852\" src=\"https:\/\/reisen.dipas.ch\/wp-content\/uploads\/2021\/01\/Kasachstan_2013-16.jpg\" alt=\"\" class=\"wp-image-2282\" srcset=\"https:\/\/reisen.dipas.ch\/wp-content\/uploads\/2021\/01\/Kasachstan_2013-16.jpg 1280w, https:\/\/reisen.dipas.ch\/wp-content\/uploads\/2021\/01\/Kasachstan_2013-16-700x466.jpg 700w, https:\/\/reisen.dipas.ch\/wp-content\/uploads\/2021\/01\/Kasachstan_2013-16-168x112.jpg 168w, https:\/\/reisen.dipas.ch\/wp-content\/uploads\/2021\/01\/Kasachstan_2013-16-768x511.jpg 768w\" sizes=\"auto, (max-width: 1280px) 100vw, 1280px\" \/><figcaption>Sicht in Richtung Nordwesten. In der Mitte zwischen den Hochh\u00e4usern ist die Zentralmoschee.<\/figcaption><\/figure>\n\n\n\n<figure class=\"wp-block-image size-full\"><img loading=\"lazy\" decoding=\"async\" width=\"1280\" height=\"852\" src=\"https:\/\/reisen.dipas.ch\/wp-content\/uploads\/2021\/01\/Kasachstan_2013-17.jpg\" alt=\"\" class=\"wp-image-2283\" srcset=\"https:\/\/reisen.dipas.ch\/wp-content\/uploads\/2021\/01\/Kasachstan_2013-17.jpg 1280w, https:\/\/reisen.dipas.ch\/wp-content\/uploads\/2021\/01\/Kasachstan_2013-17-700x466.jpg 700w, https:\/\/reisen.dipas.ch\/wp-content\/uploads\/2021\/01\/Kasachstan_2013-17-168x112.jpg 168w, https:\/\/reisen.dipas.ch\/wp-content\/uploads\/2021\/01\/Kasachstan_2013-17-768x511.jpg 768w\" sizes=\"auto, (max-width: 1280px) 100vw, 1280px\" \/><figcaption>Blick aus der Gondel in Richtung S\u00fcdwesten. Die Berge, Alatau sind 4000-5000m hoch.<\/figcaption><\/figure>\n\n\n\n<figure class=\"wp-block-image size-full\"><img loading=\"lazy\" decoding=\"async\" width=\"852\" height=\"1280\" src=\"https:\/\/reisen.dipas.ch\/wp-content\/uploads\/2021\/01\/Kasachstan_2013-18.jpg\" alt=\"\" class=\"wp-image-2284\" srcset=\"https:\/\/reisen.dipas.ch\/wp-content\/uploads\/2021\/01\/Kasachstan_2013-18.jpg 852w, https:\/\/reisen.dipas.ch\/wp-content\/uploads\/2021\/01\/Kasachstan_2013-18-349x525.jpg 349w, https:\/\/reisen.dipas.ch\/wp-content\/uploads\/2021\/01\/Kasachstan_2013-18-746x1120.jpg 746w, https:\/\/reisen.dipas.ch\/wp-content\/uploads\/2021\/01\/Kasachstan_2013-18-768x1154.jpg 768w\" sizes=\"auto, (max-width: 852px) 100vw, 852px\" \/><figcaption>Die Kabinen sehen den Scooter auf dem Jahrmarkt \u00e4hnlich.<\/figcaption><\/figure>\n\n\n\n<figure class=\"wp-block-image size-full\"><img loading=\"lazy\" decoding=\"async\" width=\"1280\" height=\"852\" src=\"https:\/\/reisen.dipas.ch\/wp-content\/uploads\/2021\/01\/Kasachstan_2013-19.jpg\" alt=\"\" class=\"wp-image-2285\" srcset=\"https:\/\/reisen.dipas.ch\/wp-content\/uploads\/2021\/01\/Kasachstan_2013-19.jpg 1280w, https:\/\/reisen.dipas.ch\/wp-content\/uploads\/2021\/01\/Kasachstan_2013-19-700x466.jpg 700w, https:\/\/reisen.dipas.ch\/wp-content\/uploads\/2021\/01\/Kasachstan_2013-19-168x112.jpg 168w, https:\/\/reisen.dipas.ch\/wp-content\/uploads\/2021\/01\/Kasachstan_2013-19-768x511.jpg 768w\" sizes=\"auto, (max-width: 1280px) 100vw, 1280px\" \/><figcaption>Der Innenausbau besteht aus massivem Holz. Die Verglasung ist klassisch eingeklemmt mit Gummi und aussen ist eine vernietete Blechverkleidung angebracht. Die Stangen sind aus Aluminium und die anderen Teile zum Teil aus Stahl oder vernickeltem Stahl.<\/figcaption><\/figure>\n\n\n\n<figure class=\"wp-block-image size-full\"><img loading=\"lazy\" decoding=\"async\" width=\"1280\" height=\"852\" src=\"https:\/\/reisen.dipas.ch\/wp-content\/uploads\/2021\/01\/Kasachstan_2013-20.jpg\" alt=\"\" class=\"wp-image-2286\" srcset=\"https:\/\/reisen.dipas.ch\/wp-content\/uploads\/2021\/01\/Kasachstan_2013-20.jpg 1280w, https:\/\/reisen.dipas.ch\/wp-content\/uploads\/2021\/01\/Kasachstan_2013-20-700x466.jpg 700w, https:\/\/reisen.dipas.ch\/wp-content\/uploads\/2021\/01\/Kasachstan_2013-20-168x112.jpg 168w, https:\/\/reisen.dipas.ch\/wp-content\/uploads\/2021\/01\/Kasachstan_2013-20-768x511.jpg 768w\" sizes=\"auto, (max-width: 1280px) 100vw, 1280px\" \/><figcaption>Die Stadtautobahn und nochmals einen sch\u00f6nen Blick auf die noch gezuckerten Berge.<\/figcaption><\/figure>\n\n\n\n<figure class=\"wp-block-image size-full\"><img loading=\"lazy\" decoding=\"async\" width=\"852\" height=\"1280\" src=\"https:\/\/reisen.dipas.ch\/wp-content\/uploads\/2021\/01\/Kasachstan_2013-21.jpg\" alt=\"\" class=\"wp-image-2287\" srcset=\"https:\/\/reisen.dipas.ch\/wp-content\/uploads\/2021\/01\/Kasachstan_2013-21.jpg 852w, https:\/\/reisen.dipas.ch\/wp-content\/uploads\/2021\/01\/Kasachstan_2013-21-349x525.jpg 349w, https:\/\/reisen.dipas.ch\/wp-content\/uploads\/2021\/01\/Kasachstan_2013-21-746x1120.jpg 746w, https:\/\/reisen.dipas.ch\/wp-content\/uploads\/2021\/01\/Kasachstan_2013-21-768x1154.jpg 768w\" sizes=\"auto, (max-width: 852px) 100vw, 852px\" \/><figcaption>&#8218;Unsere&#8216; Kabine. Wir sind heil angekommen! \ud83d\ude42<\/figcaption><\/figure>\n\n\n\n<figure class=\"wp-block-image size-full\"><img loading=\"lazy\" decoding=\"async\" width=\"852\" height=\"1280\" src=\"https:\/\/reisen.dipas.ch\/wp-content\/uploads\/2021\/01\/Kasachstan_2013-22.jpg\" alt=\"\" class=\"wp-image-2288\" srcset=\"https:\/\/reisen.dipas.ch\/wp-content\/uploads\/2021\/01\/Kasachstan_2013-22.jpg 852w, https:\/\/reisen.dipas.ch\/wp-content\/uploads\/2021\/01\/Kasachstan_2013-22-349x525.jpg 349w, https:\/\/reisen.dipas.ch\/wp-content\/uploads\/2021\/01\/Kasachstan_2013-22-746x1120.jpg 746w, https:\/\/reisen.dipas.ch\/wp-content\/uploads\/2021\/01\/Kasachstan_2013-22-768x1154.jpg 768w\" sizes=\"auto, (max-width: 852px) 100vw, 852px\" \/><figcaption>Kok Tobe ist alles m\u00f6gliche. Ein H\u00fcgel mit Fernsehturm, erinnert an St. Chrischona bei Basel, Aktivit\u00e4ten f\u00fcr Kinder und Jugendliche, Treff f\u00fcr \u00e4ltere Personen mit Rundwegen, Restaurant und vielen Sitzb\u00e4nken die zum Verweilen einladen. Es ist, wie mir Saule sagt, auch der Treffpunkt f\u00fcr Verliebte, k\u00f6nnen sie doch auf einer Bank H\u00e4nde halten, Schmusen und noch eine Weile \u00fcber den Rundweg schlendern. Hier gibt es &#8218;The Beatles&#8216;. Wusste gar nicht dass die Kasachen Pop der 60er Jahre h\u00f6ren. <\/figcaption><\/figure>\n\n\n\n<figure class=\"wp-block-image size-full\"><img loading=\"lazy\" decoding=\"async\" width=\"852\" height=\"1280\" src=\"https:\/\/reisen.dipas.ch\/wp-content\/uploads\/2021\/01\/Kasachstan_2013-23.jpg\" alt=\"\" class=\"wp-image-2289\" srcset=\"https:\/\/reisen.dipas.ch\/wp-content\/uploads\/2021\/01\/Kasachstan_2013-23.jpg 852w, https:\/\/reisen.dipas.ch\/wp-content\/uploads\/2021\/01\/Kasachstan_2013-23-349x525.jpg 349w, https:\/\/reisen.dipas.ch\/wp-content\/uploads\/2021\/01\/Kasachstan_2013-23-746x1120.jpg 746w, https:\/\/reisen.dipas.ch\/wp-content\/uploads\/2021\/01\/Kasachstan_2013-23-768x1154.jpg 768w\" sizes=\"auto, (max-width: 852px) 100vw, 852px\" \/><figcaption>Nochmals einen Blick auf die Stadtautobahn (Al-Farabi Avenue).<\/figcaption><\/figure>\n\n\n\n<figure class=\"wp-block-image size-full\"><img loading=\"lazy\" decoding=\"async\" width=\"1280\" height=\"852\" src=\"https:\/\/reisen.dipas.ch\/wp-content\/uploads\/2021\/01\/Kasachstan_2013-25.jpg\" alt=\"\" class=\"wp-image-2291\" srcset=\"https:\/\/reisen.dipas.ch\/wp-content\/uploads\/2021\/01\/Kasachstan_2013-25.jpg 1280w, https:\/\/reisen.dipas.ch\/wp-content\/uploads\/2021\/01\/Kasachstan_2013-25-700x466.jpg 700w, https:\/\/reisen.dipas.ch\/wp-content\/uploads\/2021\/01\/Kasachstan_2013-25-168x112.jpg 168w, https:\/\/reisen.dipas.ch\/wp-content\/uploads\/2021\/01\/Kasachstan_2013-25-768x511.jpg 768w\" sizes=\"auto, (max-width: 1280px) 100vw, 1280px\" \/><figcaption>Auch wir verweilten auf Kok Tobe bis das Tageslicht entschwand. So konnten wir die riesige Stadt in ihrem eigenen Licht festhalten.<\/figcaption><\/figure>\n\n\n\n<p><a href=\"https:\/\/reisen.dipas.ch\/?page_id=2432\">Weiter zum 3. Tag<\/a><\/p>\n","protected":false},"excerpt":{"rendered":"<p>Zur\u00fcck zum 1. Tag Der 1. Mai war zu Sovjetzeiten der Tag der Arbeit, den wir kennen. In Kasachstan ist dies der Tag der V\u00f6lker.<\/p>\n<p><a href=\"https:\/\/reisen.dipas.ch\/?page_id=2428\" class=\"more-link\">Continue reading<span class=\"screen-reader-text\">Kasachstan 2013 2. Tag Almaty &#8211; Kok Tobe<\/span><\/a><\/p>\n","protected":false},"author":1,"featured_media":0,"parent":2245,"menu_order":0,"comment_status":"closed","ping_status":"closed","template":"","meta":{"ngg_post_thumbnail":0,"footnotes":""},"class_list":["post-2428","page","type-page","status-publish","hentry"],"_links":{"self":[{"href":"https:\/\/reisen.dipas.ch\/index.php?rest_route=\/wp\/v2\/pages\/2428","targetHints":{"allow":["GET"]}}],"collection":[{"href":"https:\/\/reisen.dipas.ch\/index.php?rest_route=\/wp\/v2\/pages"}],"about":[{"href":"https:\/\/reisen.dipas.ch\/index.php?rest_route=\/wp\/v2\/types\/page"}],"author":[{"embeddable":true,"href":"https:\/\/reisen.dipas.ch\/index.php?rest_route=\/wp\/v2\/users\/1"}],"replies":[{"embeddable":true,"href":"https:\/\/reisen.dipas.ch\/index.php?rest_route=%2Fwp%2Fv2%2Fcomments&post=2428"}],"version-history":[{"count":8,"href":"https:\/\/reisen.dipas.ch\/index.php?rest_route=\/wp\/v2\/pages\/2428\/revisions"}],"predecessor-version":[{"id":2689,"href":"https:\/\/reisen.dipas.ch\/index.php?rest_route=\/wp\/v2\/pages\/2428\/revisions\/2689"}],"up":[{"embeddable":true,"href":"https:\/\/reisen.dipas.ch\/index.php?rest_route=\/wp\/v2\/pages\/2245"}],"wp:attachment":[{"href":"https:\/\/reisen.dipas.ch\/index.php?rest_route=%2Fwp%2Fv2%2Fmedia&parent=2428"}],"curies":[{"name":"wp","href":"https:\/\/api.w.org\/{rel}","templated":true}]}}